{"id":44325,"date":"2022-10-21T15:20:58","date_gmt":"2022-10-21T13:20:58","guid":{"rendered":"https:\/\/new.invest-in-albania.org\/turizmi-dentar\/"},"modified":"2023-07-10T23:12:41","modified_gmt":"2023-07-10T21:12:41","slug":"turizmi-dentar","status":"publish","type":"page","link":"https:\/\/invest-in-albania.org\/sq\/turizmi-dentar\/","title":{"rendered":"Turizmi Dentar"},"content":{"rendered":"\n<p>Dh\u00ebmb\u00ebt e sh\u00ebndetsh\u00ebm jan\u00eb nj\u00eb nga investimet m\u00eb t\u00eb mira dhe \u00e7do p\u00ebrpjekje ja vlen, edhe n\u00ebse duhet nj\u00eb udh\u00ebtim jasht\u00eb vendit. Ja vlen edhe m\u00eb tep\u00ebr n\u00ebse trajtimi dentar jasht\u00eb vendit shkon deri n\u00eb 80% m\u00eb lir\u00eb se n\u00eb vendet ku njer\u00ebzit jetojn\u00eb. Kushdo q\u00eb k\u00ebrkon t\u00eb shkurtoj\u00eb shpenzimet dentare, por pa e c\u00ebnuar cil\u00ebsin\u00eb, e di se kursimi mund t\u00eb jet\u00eb i konsideruesh\u00ebm kur zgjedhin nj\u00eb klinik\u00eb jasht\u00eb vendit. P\u00ebrve\u00e7 k\u00ebsaj, agjencit\u00eb e turizmit dentar e b\u00ebjn\u00eb edhe m\u00eb t\u00eb leht\u00eb uljen e kostove n\u00eb lidhje me fluturimet, transfertat, akomodimin, ushqimin dhe sh\u00ebrbime t\u00eb tjera duke ofruar paketa t\u00eb leverdisshme p\u00ebr nj\u00eb gam\u00eb t\u00eb plot\u00eb sh\u00ebrbimesh dentare dhe mjek\u00ebsore t\u00eb cil\u00ebsis\u00eb s\u00eb lart\u00eb. T\u00eb gjitha k\u00ebto t\u00eb kombinuara me paketa udh\u00ebtimi t\u00eb personalizuara p\u00ebr nevojat e pacientit.<\/p>\n\n\n\n<p><strong>Turizmi dentar u jep mund\u00ebsin\u00eb pacient\u00ebve q\u00eb me nj\u00eb gur t\u00eb vrasin dy zogj. Nga nj\u00ebra an\u00eb ulin kostot e procedurave t\u00eb kripura dentare. Nga ana tjet\u00ebr e shfryt\u00ebzojn\u00eb koh\u00ebn mes vizitave dentare p\u00ebr t\u00eb udh\u00ebtuar dhe eksploruar destinacione t\u00eb reja.<\/strong><\/p>\n\n\n\n<p>Vlera e tregut global t\u00eb turizmit dentar n\u00eb vitin 2022 vler\u00ebsohet n\u00eb 6.7 miliard\u00eb dollar\u00eb. Kjo \u00ebsht\u00eb nj\u00eb shif\u00ebr goxha e konsiderueshme, por vler\u00ebsimi b\u00ebhet edhe m\u00eb marramend\u00ebs p\u00ebr vitin 2032. N\u00eb rreth dhjet\u00eb vjet, vlera e tregut global pritet t\u00eb rritet n\u00eb 23.4 miliard\u00eb dollar\u00eb. Arsyeja pas k\u00ebtyre shifrave \u00ebsht\u00eb rritja e vazhdueshme e \u00e7mimeve t\u00eb kujdesit sh\u00ebndet\u00ebsor n\u00eb vendet ku sh\u00ebrbimi dentar nuk \u00ebsht\u00eb gjithmon\u00eb falas. Njer\u00ebzit q\u00eb jetojn\u00eb n\u00eb k\u00ebto sheteshpesh duhet t\u00eb marrin vendime t\u00eb v\u00ebshtira p\u00ebr t\u00eb ulur kostot e kujdesit rutin\u00eb sh\u00ebndet\u00ebsor. N\u00eb rastin e kujdesit dentar, n\u00ebse problemet neglizhohen, mund t\u00eb \u00e7ojn\u00eb n\u00eb fatura edhe m\u00eb t\u00eb shtrenjta.<\/p>\n\n\n\n<p>Si rezultat, turizmi dentar \u00ebsht\u00eb b\u00ebr\u00eb shum\u00eb popullor n\u00eb shtete t\u00eb caktuara q\u00eb ofrojn\u00eb sh\u00ebrbime t\u00eb p\u00ebrballueshme pa kompromentuar cil\u00ebsin\u00eb. Megjithat\u00eb, aksesueshm\u00ebria varet nga vendi ku ndodhet pacienti. Njer\u00ebzit nga Shtetet e Bashkuara dhe Kanadaja shpesh udh\u00ebtojn\u00eb p\u00ebr n\u00eb Meksik\u00eb ose fluturojn\u00eb p\u00ebr n\u00eb Kosta Rika, banor\u00ebt e Lindjes s\u00eb Mesme shkojn\u00eb n\u00eb Indi dhe Tajland\u00eb, nd\u00ebrsa britanik\u00ebt dhe italian\u00ebt preferojn\u00eb Hungarin\u00eb ose Shqip\u00ebrin\u00eb p\u00ebr nj\u00eb atmosfer\u00eb m\u00eb mesdhetare.<\/p>\n\n\n\n<p>\u00c7do vit, mij\u00ebra njer\u00ebz udh\u00ebtojn\u00eb jasht\u00eb vendeve t\u00eb tyre p\u00ebr t&#8217;iu n\u00ebnshtruar nj\u00eb operacioni dentar. Sh\u00ebrbimet e p\u00ebrgjithshme p\u00ebrfshijn\u00eb kirurgji orale, stomatologji estetike, stomatologji restauruese, trajtim periodontal, stomatologji parandaluese, pediatrike, protetike, etj.<\/p>\n\n\n\n<p>Trajtimet m\u00eb t\u00eb k\u00ebrkuara p\u00ebrfshijn\u00eb kurorat dentare, urat dhe protezat e pjesshme, fasetat, implantet, modelimin e gingivave, zbardhjen e dh\u00ebmb\u00ebve, inlays dhe onlays qeramike, trajtimin e kanalit t\u00eb rr\u00ebnj\u00ebs, mbushjet, kirurgjin\u00eb orale, trajtimet ortodontike, etj.<\/p>\n\n\n\n<h2 class=\"wp-block-heading\">Pse turizmi dentar<\/h2>\n\n\n\n<h3 class=\"wp-block-heading\">Sh\u00ebrbim me cil\u00ebsi t\u00eb lart\u00eb<\/h3>\n\n\n\n<p>Edhe pse i etiketuar si nj\u00eb opsion i lir\u00eb n\u00eb krahasim me at\u00eb q\u00eb mund t\u00eb ofrojn\u00eb vendet e tjera, turizmi dentar u jep pacient\u00ebve akses n\u00eb sh\u00ebrbime profesionale, pajisje, teknologji, dhe klinika moderne.<\/p>\n\n\n\n<h3 class=\"wp-block-heading\">Kostot e reduktuara<\/h3>\n\n\n\n<h3 class=\"wp-block-heading\">Sh\u00ebrbime t\u00eb p\u00ebrshtatshme<\/h3>\n\n\n\n<p>Sh\u00ebrbimet e ofruara jan\u00eb m\u00eb t\u00eb lira dhe k\u00ebrkojn\u00eb m\u00eb pak koh\u00eb sesa n\u00eb vendin nga vin\u00eb pacient\u00ebt. Procedurat m\u00eb t\u00eb r\u00ebnd\u00ebsishme mund t\u00eb kryhen n\u00eb dy vizita t\u00eb shkurtra, nd\u00ebrsa n\u00eb vendin e vet pacienti duhet t\u00eb marr\u00eb leje nga puna ose detyrimet e tjera p\u00ebr vizita t\u00eb shumta t\u00eb shtrira n\u00eb peruidha t\u00eb gjata kohore<\/p>\n\n\n\n<h3 class=\"wp-block-heading\">Nuk ka pritje<\/h3>\n\n\n\n<p>P\u00ebr m\u00eb tep\u00ebr, nuk ka koh\u00eb pritjeje. Dentist\u00ebt punojn\u00eb sipas orarit t\u00eb pacientit dhe jo anasjelltas.<\/p>\n\n\n\n<h3 class=\"wp-block-heading\">T\u00eb vizitosh nj\u00eb vend t\u00eb ri<\/h3>\n\n\n\n<p>Kombinimi i sh\u00ebrbimeve dentare dhe udh\u00ebtimeve e b\u00ebn t\u00eb gjith\u00eb procesin m\u00eb emocionues. Disa nga shtetet m\u00eb t\u00eb njohura p\u00ebr turizmin dentar n\u00eb bot\u00eb jan\u00eb gjithashtu destinacione t\u00eb shk\u00eblqyera turistike. Tajlanda, Kosta Rika, Spanja, Meksika, Republika \u00c7eke, Shqip\u00ebria dhe Filipinet jan\u00eb jan\u00eb pushimet e end\u00ebrrave p\u00ebr shum\u00eb njer\u00ebz.<\/p>\n\n\n\n<h2 class=\"wp-block-heading\">Pse t\u00eb zgjidhni turizmin dentar n\u00eb Shqip\u00ebri?<\/h2>\n\n\n\n<p>Shqip\u00ebria \u00ebsht\u00eb nj\u00eb nga shtetet ku po lul\u00ebzon turizmi mjek\u00ebsor. <a href=\"https:\/\/nobident.com\/\" data-type=\"URL\" data-id=\"https:\/\/nobident.com\/\" rel=\"noopener\">Turizmi dentar <\/a>ishte dega e par\u00eb e turizmit mjek\u00ebsor. Vendi ka fituar v\u00ebmendje pasi destinacionet e tjera n\u00eb rajon, si Kroacia, kan\u00eb filluar t\u00eb ofrojn\u00eb tarifa m\u00eb t\u00eb larta. P\u00ebr m\u00eb tep\u00ebr, shqiptar\u00ebt q\u00eb jetojn\u00eb jasht\u00eb p\u00ebrfaq\u00ebsojn\u00eb nj\u00eb pjes\u00eb t\u00eb konsiderueshme t\u00eb njer\u00ebzve q\u00eb vijn\u00eb n\u00eb Shqip\u00ebri p\u00ebr procedurat dentare. Me kalimin e viteve, fjala e goj\u00ebs dhe turizmi profesional dentar kan\u00eb krijuar nj\u00eb ofert\u00eb t\u00eb fort\u00eb q\u00eb u sh\u00ebrben pacient\u00ebve nd\u00ebrkomb\u00ebtar\u00eb nga vendet e Europ\u00ebs, ve\u00e7an\u00ebrisht nga Italia dhe Anglia.<\/p>\n\n\n\n<p>P\u00ebrsa i p\u00ebrket cil\u00ebsis\u00eb, stomatolog\u00ebt n\u00eb Shqip\u00ebri jan\u00eb shum\u00eb t\u00eb kualifikuar dhe profesionist\u00eb. Fakulteti i Stomatologhis\u00eb n\u00eb Shqip\u00ebri ka t\u00ebrhequr gjithmon\u00eb student\u00ebt m\u00eb t\u00eb mir\u00eb nga mbar\u00eb vendi. P\u00ebrve\u00e7 k\u00ebsaj, shum\u00eb prej tyre kan\u00eb p\u00ebrfunduar studimet jasht\u00eb vendit ose kan\u00eb ndjekur kurse dhe trajnime t\u00eb vazhdueshme jasht\u00eb. P\u00ebr m\u00eb tep\u00ebr, komunikimi nuk \u00ebsht\u00eb problem. N\u00eb klinikat dentare shqiptare anglishtja dhe italishtja jan\u00eb gjuh\u00eb t\u00eb p\u00ebrdorura masivisht.<\/p>\n\n\n\n<p>E vendosur n\u00eb rajonin e Mesdheut, Shqip\u00ebria ka shum\u00eb p\u00ebr t\u00eb ofruar p\u00ebr cdo lloj turisti. Ka qindra kilometra vij\u00eb bregdetare dhe mij\u00ebra kilometra shtigje ecjeje n\u00eb t\u00eb gjith\u00eb vendin. Kuzhina dhe vera e shijshme, trash\u00ebgimia kulturore, qytetet e m\u00ebdha, fshatrat e vegj\u00ebl dhe t\u00eb qet\u00eb dhe shum\u00eb vende historike jan\u00eb pjes\u00eb e nj\u00eb pakete q\u00eb mund t&#8217;ju b\u00ebjn\u00eb p\u00ebr vete.<\/p>\n","protected":false},"excerpt":{"rendered":"<p>Dh\u00ebmb\u00ebt e sh\u00ebndetsh\u00ebm jan\u00eb nj\u00eb nga investimet m\u00eb t\u00eb mira dhe \u00e7do p\u00ebrpjekje ja vlen, edhe n\u00ebse duhet nj\u00eb udh\u00ebtim jasht\u00eb vendit. Ja vlen edhe m\u00eb tep\u00ebr n\u00ebse trajtimi dentar jasht\u00eb vendit shkon deri n\u00eb 80% m\u00eb lir\u00eb se n\u00eb vendet ku njer\u00ebzit jetojn\u00eb. Kushdo q\u00eb k\u00ebrkon t\u00eb shkurtoj\u00eb shpenzimet dentare, por pa e c\u00ebnuar [&hellip;]<\/p>\n","protected":false},"author":2,"featured_media":0,"parent":0,"menu_order":1,"comment_status":"closed","ping_status":"closed","template":"","meta":{"_uag_custom_page_level_css":"","_genesis_hide_title":false,"_genesis_hide_breadcrumbs":false,"_genesis_hide_singular_image":false,"_genesis_hide_footer_widgets":false,"_genesis_custom_body_class":"","_genesis_custom_post_class":"","_genesis_layout":"","_themeisle_gutenberg_block_has_review":false,"footnotes":""},"featured_image_src":null,"featured_image_src_square":null,"uagb_featured_image_src":{"full":false,"thumbnail":false,"medium":false,"medium_large":false,"large":false,"1536x1536":false,"2048x2048":false,"single-featured-image":false,"blog-featured-image":false,"home-featured":false,"gb-block-post-grid-landscape":false,"gb-block-post-grid-square":false},"uagb_author_info":{"display_name":"Vjollca Shehu","author_link":"https:\/\/invest-in-albania.org\/sq\/author\/iia\/"},"uagb_comment_info":0,"uagb_excerpt":"Dh\u00ebmb\u00ebt e sh\u00ebndetsh\u00ebm jan\u00eb nj\u00eb nga investimet m\u00eb t\u00eb mira dhe \u00e7do p\u00ebrpjekje ja vlen, edhe n\u00ebse duhet nj\u00eb udh\u00ebtim jasht\u00eb vendit. Ja vlen edhe m\u00eb tep\u00ebr n\u00ebse trajtimi dentar jasht\u00eb vendit shkon deri n\u00eb 80% m\u00eb lir\u00eb se n\u00eb vendet ku njer\u00ebzit jetojn\u00eb. Kushdo q\u00eb k\u00ebrkon t\u00eb shkurtoj\u00eb shpenzimet dentare, por pa e c\u00ebnuar&hellip;","_links":{"self":[{"href":"https:\/\/invest-in-albania.org\/sq\/wp-json\/wp\/v2\/pages\/44325"}],"collection":[{"href":"https:\/\/invest-in-albania.org\/sq\/wp-json\/wp\/v2\/pages"}],"about":[{"href":"https:\/\/invest-in-albania.org\/sq\/wp-json\/wp\/v2\/types\/page"}],"author":[{"embeddable":true,"href":"https:\/\/invest-in-albania.org\/sq\/wp-json\/wp\/v2\/users\/2"}],"replies":[{"embeddable":true,"href":"https:\/\/invest-in-albania.org\/sq\/wp-json\/wp\/v2\/comments?post=44325"}],"version-history":[{"count":0,"href":"https:\/\/invest-in-albania.org\/sq\/wp-json\/wp\/v2\/pages\/44325\/revisions"}],"wp:attachment":[{"href":"https:\/\/invest-in-albania.org\/sq\/wp-json\/wp\/v2\/media?parent=44325"}],"curies":[{"name":"wp","href":"https:\/\/api.w.org\/{rel}","templated":true}]}}