{"id":60183,"date":"2024-04-06T18:31:27","date_gmt":"2024-04-06T16:31:27","guid":{"rendered":"https:\/\/invest-in-albania.org\/?page_id=60183"},"modified":"2024-04-06T18:31:32","modified_gmt":"2024-04-06T16:31:32","slug":"outsourcing-per-le-startup","status":"publish","type":"page","link":"https:\/\/invest-in-albania.org\/it\/outsourcing-per-le-startup\/","title":{"rendered":"Outsourcing per le startup"},"content":{"rendered":"<div class=\"wp-block-image\">\n<figure class=\"alignright\"><img loading=\"lazy\" decoding=\"async\" width=\"1024\" height=\"682\" src=\"http:\/\/new.invest-in-albania.org\/wp-content\/uploads\/seo-outsource-1024x682.jpg\" alt=\"\" class=\"wp-image-40816\" srcset=\"https:\/\/invest-in-albania.org\/wp-content\/uploads\/seo-outsource-1024x682.jpg 1024w, https:\/\/invest-in-albania.org\/wp-content\/uploads\/seo-outsource-300x200.jpg 300w, https:\/\/invest-in-albania.org\/wp-content\/uploads\/seo-outsource-768x512.jpg 768w, https:\/\/invest-in-albania.org\/wp-content\/uploads\/seo-outsource-580x387.jpg 580w, https:\/\/invest-in-albania.org\/wp-content\/uploads\/seo-outsource-860x573.jpg 860w, https:\/\/invest-in-albania.org\/wp-content\/uploads\/seo-outsource-1160x773.jpg 1160w, https:\/\/invest-in-albania.org\/wp-content\/uploads\/seo-outsource.jpg 1280w\" sizes=\"(max-width: 1024px) 100vw, 1024px\" \/><\/figure><\/div>\n\n\n<p>Una startup \u00e8 solitamente una piccola azienda o impresa nelle prime fasi di sviluppo. Di solito sono fondate da 1-3 co-fondatori che si concentrano sulla capitalizzazione di una certa domanda di mercato sviluppando un prodotto, un servizio o una piattaforma.<\/p>\n\n\n\n<p>Le statistiche dicono che il 90% delle nuove imprese fallisce. Quando si apre una nuova azienda o attivit\u00e0, i fondatori devono fare attenzione a come gestire il budget. Investire in un servizio che non d\u00e0 profitti \u00e8 una ricetta per la chiusura. Ecco allora che l&#8217;outsourcing viene in aiuto di quelle aziende che vogliono esternalizzare il proprio personale amministrativo o i propri servizi.<\/p>\n\n\n\n<p>Infatti, le startup che ricorrono all&#8217;outsourcing nei primi passi della loro impresa, riducono il 60% dei costi, aumentando cos\u00ec le possibilit\u00e0 di continuit\u00e0 e di maggiore produttivit\u00e0. Queste sono le due ragioni principali per cui le piccole imprese ricorrono all&#8217;outsourcing.<\/p>\n\n\n\n<p>Ogni azienda ha i suoi punti di forza e di debolezza. Per avere successo a lungo termine, le startup dovrebbero concentrarsi sulle loro debolezze o &#8220;lacune&#8221;, cercando di migliorarle e l&#8217;outsourcing potrebbe essere un&#8217;ottima opzione.<\/p>\n\n\n\n<p>Ecco i tre settori principali in cui le nuove imprese dovrebbero investire nell&#8217;outsourcing:<\/p>\n\n\n\n<p>Personale o servizi amministrativi<\/p>\n\n\n\n<p>Paghe e contabilit\u00e0<\/p>\n\n\n\n<p>Servizi IT<\/p>\n\n\n\n<p><strong>Servizi amministrativi<\/strong><\/p>\n\n\n\n<p>Le startup possono esternalizzare il personale o i servizi amministrativi. In termini di personale, potrebbero ritenere necessaria la presenza di personale aggiuntivo oltre al team interno. Il personale qualificato pu\u00f2 venire in aiuto, soprattutto per quanto riguarda le mansioni amministrative.<\/p>\n\n\n\n<p>L&#8217;esternalizzazione delle mansioni amministrative trasferisce ai lavoratori esterni le responsabilit\u00e0 di prendere appunti e rispondere alle e-mail o al telefono. Anche la programmazione degli orari di lavoro dei dipendenti e delle riunioni pu\u00f2 essere esternalizzata, il che \u00e8 particolarmente vantaggioso quando non c&#8217;\u00e8 un dipartimento delle risorse umane.<\/p>\n\n\n\n<p><strong>Paghe e contabilit\u00e0<\/strong><\/p>\n\n\n\n<p>Le piccole imprese sono pi\u00f9 inclini a pagare multe all&#8217;inizio, a causa degli errori che potrebbero commettere nel processo di elaborazione delle informazioni sui salari o per aver violato la legge non avendo sufficienti conoscenze. Questo \u00e8 un grosso rischio, quindi per evitarlo l&#8217;outsourcing delle buste paga o dei contabili protegge l&#8217;azienda e il suo personale, perch\u00e9 fornisce l&#8217;accuratezza necessaria per prevenire le sanzioni legali e pagare il team di conseguenza e in tempo.<\/p>\n\n\n\n<p><strong>Servizi IT<\/strong><\/p>\n\n\n\n<p>Arrivare sul mercato il pi\u00f9 rapidamente possibile \u00e8 necessario per le aziende che vogliono rimanere rilevanti, perch\u00e9 le tecnologie si evolvono costantemente e introducono i consumatori a nuovi servizi e prodotti. Se una startup impiega troppo tempo a rilasciare un prodotto, questo potrebbe essere obsoleto o le aziende concorrenti potrebbero averlo gi\u00e0 rilasciato sul mercato.<\/p>\n\n\n\n<p>I team IT in outsourcing lavorano con le startup per costruire i prodotti da zero. L&#8217;outsourcing dello sviluppo del software garantisce che i prodotti siano funzionali ed efficienti. Ci\u00f2 che distingue i fornitori di servizi IT in outsourcing \u00e8 l&#8217;enfasi che pongono sulla tecnologia all&#8217;avanguardia che supporta la fornitura di prodotti di alta qualit\u00e0.<\/p>\n\n\n\n<p>L&#8217;outsourcing a fornitori di tecnologia \u00e8 uno dei modi migliori per mantenere la competitivit\u00e0 di una piccola impresa fino a quando non acquisisce maggiore fiducia e aumenta la fedelt\u00e0 dei clienti. Gli outsourcer IT non solo dispongono degli strumenti necessari, ma possiedono anche le informazioni pi\u00f9 recenti sul mercato che aiutano le nuove aziende a tenersi aggiornate sulle ultime innovazioni e tecnologie, contribuendo al successo e alla longevit\u00e0 dell&#8217;impresa.<\/p>\n","protected":false},"excerpt":{"rendered":"<p>Una startup \u00e8 solitamente una piccola azienda o impresa nelle prime fasi di sviluppo. Di solito sono fondate da 1-3 co-fondatori che si concentrano sulla capitalizzazione di una certa domanda di mercato sviluppando un prodotto, un servizio o una piattaforma. Le statistiche dicono che il 90% delle nuove imprese fallisce. Quando si apre una nuova [&hellip;]<\/p>\n","protected":false},"author":2,"featured_media":40819,"parent":0,"menu_order":61,"comment_status":"closed","ping_status":"closed","template":"","meta":{"_uag_custom_page_level_css":"","_genesis_hide_title":false,"_genesis_hide_breadcrumbs":false,"_genesis_hide_singular_image":false,"_genesis_hide_footer_widgets":false,"_genesis_custom_body_class":"","_genesis_custom_post_class":"","_genesis_layout":"","_themeisle_gutenberg_block_has_review":false,"footnotes":""},"featured_image_src":"https:\/\/invest-in-albania.org\/wp-content\/uploads\/seo-outsource.jpg","featured_image_src_square":"https:\/\/invest-in-albania.org\/wp-content\/uploads\/seo-outsource.jpg","uagb_featured_image_src":{"full":["https:\/\/invest-in-albania.org\/wp-content\/uploads\/seo-outsource.jpg",1280,853,false],"thumbnail":["https:\/\/invest-in-albania.org\/wp-content\/uploads\/seo-outsource-280x195.jpg",280,195,true],"medium":["https:\/\/invest-in-albania.org\/wp-content\/uploads\/seo-outsource-300x200.jpg",300,200,true],"medium_large":["https:\/\/invest-in-albania.org\/wp-content\/uploads\/seo-outsource-768x512.jpg",768,512,true],"large":["https:\/\/invest-in-albania.org\/wp-content\/uploads\/seo-outsource-1024x682.jpg",1024,682,true],"1536x1536":["https:\/\/invest-in-albania.org\/wp-content\/uploads\/seo-outsource.jpg",1280,853,false],"2048x2048":["https:\/\/invest-in-albania.org\/wp-content\/uploads\/seo-outsource.jpg",1280,853,false],"single-featured-image":["https:\/\/invest-in-albania.org\/wp-content\/uploads\/seo-outsource.jpg",578,385,false],"blog-featured-image":["https:\/\/invest-in-albania.org\/wp-content\/uploads\/seo-outsource.jpg",435,290,false],"home-featured":["https:\/\/invest-in-albania.org\/wp-content\/uploads\/seo-outsource.jpg",380,253,false],"gb-block-post-grid-landscape":["https:\/\/invest-in-albania.org\/wp-content\/uploads\/seo-outsource.jpg",600,400,false],"gb-block-post-grid-square":["https:\/\/invest-in-albania.org\/wp-content\/uploads\/seo-outsource.jpg",600,400,false]},"uagb_author_info":{"display_name":"Vjollca Shehu","author_link":"https:\/\/invest-in-albania.org\/it\/author\/iia\/"},"uagb_comment_info":0,"uagb_excerpt":"Una startup \u00e8 solitamente una piccola azienda o impresa nelle prime fasi di sviluppo. Di solito sono fondate da 1-3 co-fondatori che si concentrano sulla capitalizzazione di una certa domanda di mercato sviluppando un prodotto, un servizio o una piattaforma. Le statistiche dicono che il 90% delle nuove imprese fallisce. Quando si apre una nuova&hellip;","_links":{"self":[{"href":"https:\/\/invest-in-albania.org\/it\/wp-json\/wp\/v2\/pages\/60183"}],"collection":[{"href":"https:\/\/invest-in-albania.org\/it\/wp-json\/wp\/v2\/pages"}],"about":[{"href":"https:\/\/invest-in-albania.org\/it\/wp-json\/wp\/v2\/types\/page"}],"author":[{"embeddable":true,"href":"https:\/\/invest-in-albania.org\/it\/wp-json\/wp\/v2\/users\/2"}],"replies":[{"embeddable":true,"href":"https:\/\/invest-in-albania.org\/it\/wp-json\/wp\/v2\/comments?post=60183"}],"version-history":[{"count":1,"href":"https:\/\/invest-in-albania.org\/it\/wp-json\/wp\/v2\/pages\/60183\/revisions"}],"predecessor-version":[{"id":60184,"href":"https:\/\/invest-in-albania.org\/it\/wp-json\/wp\/v2\/pages\/60183\/revisions\/60184"}],"wp:featuredmedia":[{"embeddable":true,"href":"https:\/\/invest-in-albania.org\/it\/wp-json\/wp\/v2\/media\/40819"}],"wp:attachment":[{"href":"https:\/\/invest-in-albania.org\/it\/wp-json\/wp\/v2\/media?parent=60183"}],"curies":[{"name":"wp","href":"https:\/\/api.w.org\/{rel}","templated":true}]}}