{"id":60179,"date":"2024-04-06T18:26:08","date_gmt":"2024-04-06T16:26:08","guid":{"rendered":"https:\/\/invest-in-albania.org\/?page_id=60179"},"modified":"2024-04-06T18:26:15","modified_gmt":"2024-04-06T16:26:15","slug":"vantaggi-delloutsourcing-per-le-piccole-e-medie-imprese","status":"publish","type":"page","link":"https:\/\/invest-in-albania.org\/it\/vantaggi-delloutsourcing-per-le-piccole-e-medie-imprese\/","title":{"rendered":"Vantaggi dell&#8217;outsourcing per le piccole e medie imprese"},"content":{"rendered":"<p><img loading=\"lazy\" decoding=\"async\" class=\"alignright size-large wp-image-40836\" src=\"http:\/\/new.invest-in-albania.org\/wp-content\/uploads\/calculator-1024x682.jpg\" alt=\"\" width=\"1024\" height=\"682\" srcset=\"https:\/\/invest-in-albania.org\/wp-content\/uploads\/calculator-1024x682.jpg 1024w, https:\/\/invest-in-albania.org\/wp-content\/uploads\/calculator-300x200.jpg 300w, https:\/\/invest-in-albania.org\/wp-content\/uploads\/calculator-768x512.jpg 768w, https:\/\/invest-in-albania.org\/wp-content\/uploads\/calculator-580x387.jpg 580w, https:\/\/invest-in-albania.org\/wp-content\/uploads\/calculator-860x573.jpg 860w, https:\/\/invest-in-albania.org\/wp-content\/uploads\/calculator-1160x773.jpg 1160w, https:\/\/invest-in-albania.org\/wp-content\/uploads\/calculator.jpg 1280w\" sizes=\"(max-width: 1024px) 100vw, 1024px\" \/><br \/>\nLe startup sono spesso lanciate da persone che non hanno mai gestito un&#8217;azienda prima d&#8217;ora. Pertanto, passare da una startup a un&#8217;azienda in crescita non sar\u00e0 un gioco da ragazzi. Un piccolo team di due o tre persone non pu\u00f2 gestire tutte le funzioni aziendali. Pensate a uno sviluppatore di software che deve occuparsi del calcolo delle imposte. Non \u00e8 un lavoro da sogno e le tasse sono piuttosto demotivanti.<br \/>\n Per questo motivo, le piccole e medie imprese devono cercare ogni opzione conveniente che le aiuti a risparmiare molte ore di lavoro e a portare a termine compiti noiosi. Per molti, l&#8217;outsourcing \u00e8 l&#8217;opzione migliore.<\/p>\n<p>A chi si chiede se le piccole imprese possono permettersi di esternalizzare funzioni come la contabilit\u00e0, la finanza, le risorse umane o lo sviluppo di software, la risposta \u00e8 s\u00ec. Innanzitutto, il tempo \u00e8 il bene pi\u00f9 prezioso per una piccola impresa. In secondo luogo, ogni funzione che pu\u00f2 essere esternalizzata coster\u00e0 meno di quella gestita dal team interno. Per le piccole e medie imprese ogni ora e centesimo risparmiato \u00e8 un&#8217;ora e centesimo guadagnato.<\/p>\n<p>L&#8217;outsourcing si basa sul principio di lavorare in modo pi\u00f9 intelligente, non pi\u00f9 difficile, che \u00e8 l&#8217;approccio migliore per le imprese che mirano alla crescita e alla generazione di profitti.<\/p>\n<p>Efficienza dei costi<\/p>\n<p>Questa \u00e8 la prima e l&#8217;ultima cosa che si dice dell&#8217;outsourcing. Anche se le tendenze recenti confermano che la riduzione dei costi non \u00e8 la ragione principale per cui le aziende decidono di esternalizzare le loro funzioni, \u00e8 importante per le piccole imprese.<\/p>\n<p>L&#8217;esternalizzazione consente di ridurre i processi che comportano ingenti spese sia in termini di tempo che di denaro, come il reclutamento, l&#8217;amministrazione dei benefit, la formazione, la conservazione dei talenti, i piani pensionistici, la richiesta di congedi per malattia e di ferie annuali, l&#8217;elevato tasso di turnover dei dipendenti e altri grattacapi legati al personale.<\/p>\n<p>Il partner di outsourcing aiuter\u00e0 a evitare tutti questi problemi, oltre a compiti aggiuntivi relativi a spazi per uffici, attrezzature, tecnologia, ecc.<\/p>\n<p>Accesso a talenti e nuove prospettive<\/p>\n<p>Tutti sanno che i nuovi dipendenti hanno bisogno di tempo per adattarsi e capire come funzionano i processi in un nuovo posto di lavoro. Questo tempo rappresenta una spesa aggiuntiva per l&#8217;azienda e per ogni dipendente di talento ci sono centinaia di reclutatori di altre aziende che cercano di attirarlo. Questo accade quando c&#8217;\u00e8 una carenza di talenti nel mercato locale o nazionale. Per le aziende che esternalizzano, questo non \u00e8 un problema.<\/p>\n<p>L&#8217;outsourcing permette di collaborare con aziende situate in diverse parti del mondo. Un altro vantaggio \u00e8 che possono fornire suggerimenti preziosi. Queste aziende lavorano con numerosi clienti. Sulla base della loro esperienza e senza rivelare informazioni riservate, possono suggerire quale pu\u00f2 essere il prossimo passo verso il successo. Inoltre, mentre il team interno ha una strategia e degli obiettivi definiti, l&#8217;azienda fornitrice pu\u00f2 apportare una nuova prospettiva per raggiungerli.<\/p>\n<p>Collaborate con dei professionisti<\/p>\n<p>Le aziende tendono a esternalizzare quelle funzioni che non sono vitali per la strategia di crescita aziendale, ma che sono necessarie per non incasinare le cose. Le aziende di outsourcing si assicurano che ogni servizio sia fornito in tempo e nel rispetto dei requisiti legali. Eseguono i necessari aggiornamenti delle politiche quando si tratta di funzioni relative alle risorse umane, alla contabilit\u00e0, alla legge, ecc. Inoltre, queste aziende hanno accesso ai dati riservati dei clienti venditori. Si assicurano di evitare l&#8217;uso improprio di informazioni riservate.<\/p>\n<p>Dove trovare un partner di outsourcing?<br \/>\n L&#8217;outsourcing \u00e8 un settore globale, quindi trovare il partner giusto pu\u00f2 sembrare un&#8217;impresa ardua. Si pu\u00f2 optare per destinazioni tradizionali con decenni di esperienza nel BPO o per nuove destinazioni emergenti che offrono molti vantaggi come il basso costo della manodopera, la forza lavoro multilingue e l&#8217;ottima posizione. Avete mai sentito parlare di outsourcing in Albania?<\/p>\n","protected":false},"excerpt":{"rendered":"<p>Le startup sono spesso lanciate da persone che non hanno mai gestito un&#8217;azienda prima d&#8217;ora. Pertanto, passare da una startup a un&#8217;azienda in crescita non sar\u00e0 un gioco da ragazzi. Un piccolo team di due o tre persone non pu\u00f2 gestire tutte le funzioni aziendali. Pensate a uno sviluppatore di software che deve occuparsi del [&hellip;]<\/p>\n","protected":false},"author":2,"featured_media":40839,"parent":0,"menu_order":60,"comment_status":"closed","ping_status":"closed","template":"","meta":{"_uag_custom_page_level_css":"","_genesis_hide_title":false,"_genesis_hide_breadcrumbs":false,"_genesis_hide_singular_image":false,"_genesis_hide_footer_widgets":false,"_genesis_custom_body_class":"","_genesis_custom_post_class":"","_genesis_layout":"","_themeisle_gutenberg_block_has_review":false,"footnotes":""},"featured_image_src":"https:\/\/invest-in-albania.org\/wp-content\/uploads\/calculator.jpg","featured_image_src_square":"https:\/\/invest-in-albania.org\/wp-content\/uploads\/calculator.jpg","uagb_featured_image_src":{"full":["https:\/\/invest-in-albania.org\/wp-content\/uploads\/calculator.jpg",1280,853,false],"thumbnail":["https:\/\/invest-in-albania.org\/wp-content\/uploads\/calculator-280x195.jpg",280,195,true],"medium":["https:\/\/invest-in-albania.org\/wp-content\/uploads\/calculator-300x200.jpg",300,200,true],"medium_large":["https:\/\/invest-in-albania.org\/wp-content\/uploads\/calculator-768x512.jpg",768,512,true],"large":["https:\/\/invest-in-albania.org\/wp-content\/uploads\/calculator-1024x682.jpg",1024,682,true],"1536x1536":["https:\/\/invest-in-albania.org\/wp-content\/uploads\/calculator.jpg",1280,853,false],"2048x2048":["https:\/\/invest-in-albania.org\/wp-content\/uploads\/calculator.jpg",1280,853,false],"single-featured-image":["https:\/\/invest-in-albania.org\/wp-content\/uploads\/calculator.jpg",578,385,false],"blog-featured-image":["https:\/\/invest-in-albania.org\/wp-content\/uploads\/calculator.jpg",435,290,false],"home-featured":["https:\/\/invest-in-albania.org\/wp-content\/uploads\/calculator.jpg",380,253,false],"gb-block-post-grid-landscape":["https:\/\/invest-in-albania.org\/wp-content\/uploads\/calculator.jpg",600,400,false],"gb-block-post-grid-square":["https:\/\/invest-in-albania.org\/wp-content\/uploads\/calculator.jpg",600,400,false]},"uagb_author_info":{"display_name":"Vjollca Shehu","author_link":"https:\/\/invest-in-albania.org\/it\/author\/iia\/"},"uagb_comment_info":0,"uagb_excerpt":"Le startup sono spesso lanciate da persone che non hanno mai gestito un&#8217;azienda prima d&#8217;ora. Pertanto, passare da una startup a un&#8217;azienda in crescita non sar\u00e0 un gioco da ragazzi. Un piccolo team di due o tre persone non pu\u00f2 gestire tutte le funzioni aziendali. Pensate a uno sviluppatore di software che deve occuparsi del&hellip;","_links":{"self":[{"href":"https:\/\/invest-in-albania.org\/it\/wp-json\/wp\/v2\/pages\/60179"}],"collection":[{"href":"https:\/\/invest-in-albania.org\/it\/wp-json\/wp\/v2\/pages"}],"about":[{"href":"https:\/\/invest-in-albania.org\/it\/wp-json\/wp\/v2\/types\/page"}],"author":[{"embeddable":true,"href":"https:\/\/invest-in-albania.org\/it\/wp-json\/wp\/v2\/users\/2"}],"replies":[{"embeddable":true,"href":"https:\/\/invest-in-albania.org\/it\/wp-json\/wp\/v2\/comments?post=60179"}],"version-history":[{"count":1,"href":"https:\/\/invest-in-albania.org\/it\/wp-json\/wp\/v2\/pages\/60179\/revisions"}],"predecessor-version":[{"id":60180,"href":"https:\/\/invest-in-albania.org\/it\/wp-json\/wp\/v2\/pages\/60179\/revisions\/60180"}],"wp:featuredmedia":[{"embeddable":true,"href":"https:\/\/invest-in-albania.org\/it\/wp-json\/wp\/v2\/media\/40839"}],"wp:attachment":[{"href":"https:\/\/invest-in-albania.org\/it\/wp-json\/wp\/v2\/media?parent=60179"}],"curies":[{"name":"wp","href":"https:\/\/api.w.org\/{rel}","templated":true}]}}