{"id":60166,"date":"2024-04-06T18:18:37","date_gmt":"2024-04-06T16:18:37","guid":{"rendered":"https:\/\/invest-in-albania.org\/?page_id=60166"},"modified":"2024-04-06T18:18:42","modified_gmt":"2024-04-06T16:18:42","slug":"loutsourcing-e-la-strategia-giusta-per-colmare-le-lacune-di-talento","status":"publish","type":"page","link":"https:\/\/invest-in-albania.org\/it\/loutsourcing-e-la-strategia-giusta-per-colmare-le-lacune-di-talento\/","title":{"rendered":"L&#8217;outsourcing \u00e8 la strategia giusta per colmare le lacune di talento?"},"content":{"rendered":"\n<p>In un momento in cui i migliori talenti sono il bene pi\u00f9 prezioso nel mercato del lavoro, i responsabili delle assunzioni si sentono scoraggiati dal crescente tasso di carenza di talenti. Secondo un&#8217;indagine condotta da ManpowerGroup su un totale di 40.000 datori di lavoro intervistati in tutto il mondo, il 45% ha difficolt\u00e0 a coprire i posti di lavoro. I mestieri qualificati, i rappresentanti di vendita, gli ingegneri, i tecnici, gli esperti di informatica, la contabilit\u00e0 e la finanza, il supporto agli uffici, i professionisti e la produzione sono i lavori pi\u00f9 difficili da coprire, secondo l&#8217;indagine.<\/p>\n\n\n\n<p>Le grandi e medie imprese sono quelle che faticano ad attrarre le competenze di cui hanno pi\u00f9 bisogno.<\/p>\n\n\n\n<p>Perch\u00e9 questo accade?<\/p>\n\n\n\n<p>Ci sono alcune ragioni principali che portano alla carenza di talenti, tra cui la mancanza di competenze hard\/soft e di esperienze precedenti, la mancanza di candidati, le aspettative di retribuzioni e benefit pi\u00f9 elevati.<br>Tutti questi fattori continueranno a sfidare le aziende e i manager a trovare e mantenere dipendenti di talento.<br>La verit\u00e0 \u00e8 che i giorni in cui pi\u00f9 di 100 candidati si candidavano per la stessa posizione sono ormai lontani. Sembra che il tavolo si sia ribaltato e gli esperti di acquisizione dei talenti si sforzano di attrarre i migliori talenti che il denaro pu\u00f2 comprare. Tuttavia, questo modo non garantisce che rimangano a lungo.<\/p>\n\n\n\n<p>Ci sono molte altre cose, oltre alla busta paga, che convincono le persone a rimanere o lasciare un&#8217;azienda, quindi nulla \u00e8 garantito.<br>Le diverse aziende applicano varie strategie per affrontare questo problema. Alcune si concentrano sulle pratiche di reclutamento, mentre altre optano per un&#8217;opzione pi\u00f9 flessibile come l&#8217;outsourcing. Quest&#8217;ultima \u00e8 considerata una soluzione ottimale che comporta molti altri vantaggi. I dipendenti altamente qualificati sono necessari per ruoli vitali. Se questi ruoli rimangono vacanti per un periodo di tempo considerevole, l&#8217;azienda pu\u00f2 risentirne in diversi modi.<\/p>\n\n\n\n<p>Fornitori esperti in tutto il mondo forniscono i talenti necessari. Esistono paesi di outsourcing tradizionali ed emergenti. Essi soddisfano non solo le aspettative di talento dei venditori, ma anche molti altri elementi come l&#8217;affinit\u00e0 culturale, le considerazioni sul fuso orario, le questioni di sicurezza e molto altro ancora.<\/p>\n\n\n\n<p>Quali vantaggi offre l&#8217;outsourcing?<\/p>\n\n\n\n<p>In termini di acquisizione di talenti, l&#8217;outsourcing come strategia permette a ogni azienda di esplorare un ampio bacino di talenti a seconda del settore in cui \u00e8 richiesto. Ci sono regioni come l&#8217;Europa dell&#8217;Est che offrono allo stesso tempo grandi opzioni per l&#8217;outsourcing di IT e software e per la sicurezza. Polonia, Bulgaria e Albania sono oggetto di attenzione da parte dei principali fornitori di servizi di outsourcing.<\/p>\n\n\n\n<p>Pertanto, un&#8217;azienda specifica pu\u00f2 facilmente espandere i propri talenti a costi ridotti e mantenere una forte cultura aziendale mentre cresce. La cultura organizzativa \u00e8 importante perch\u00e9 definisce l&#8217;identit\u00e0 di un&#8217;azienda sia per i dipendenti che per i clienti. Inoltre, \u00e8 fondamentale mantenere un team interno forte. L&#8217;outsourcing offre un aiuto non solo per trovare le persone giuste per ruoli vitali o temporanei, ma anche per concentrarsi sulle persone come risorsa principale per un&#8217;azienda di successo e in crescita.<\/p>\n","protected":false},"excerpt":{"rendered":"<p>In un momento in cui i migliori talenti sono il bene pi\u00f9 prezioso nel mercato del lavoro, i responsabili delle assunzioni si sentono scoraggiati dal crescente tasso di carenza di talenti. Secondo un&#8217;indagine condotta da ManpowerGroup su un totale di 40.000 datori di lavoro intervistati in tutto il mondo, il 45% ha difficolt\u00e0 a coprire [&hellip;]<\/p>\n","protected":false},"author":2,"featured_media":0,"parent":0,"menu_order":57,"comment_status":"closed","ping_status":"closed","template":"","meta":{"_uag_custom_page_level_css":"","_genesis_hide_title":false,"_genesis_hide_breadcrumbs":false,"_genesis_hide_singular_image":false,"_genesis_hide_footer_widgets":false,"_genesis_custom_body_class":"","_genesis_custom_post_class":"","_genesis_layout":"","_themeisle_gutenberg_block_has_review":false,"footnotes":""},"featured_image_src":null,"featured_image_src_square":null,"uagb_featured_image_src":{"full":false,"thumbnail":false,"medium":false,"medium_large":false,"large":false,"1536x1536":false,"2048x2048":false,"single-featured-image":false,"blog-featured-image":false,"home-featured":false,"gb-block-post-grid-landscape":false,"gb-block-post-grid-square":false},"uagb_author_info":{"display_name":"Vjollca Shehu","author_link":"https:\/\/invest-in-albania.org\/it\/author\/iia\/"},"uagb_comment_info":0,"uagb_excerpt":"In un momento in cui i migliori talenti sono il bene pi\u00f9 prezioso nel mercato del lavoro, i responsabili delle assunzioni si sentono scoraggiati dal crescente tasso di carenza di talenti. Secondo un&#8217;indagine condotta da ManpowerGroup su un totale di 40.000 datori di lavoro intervistati in tutto il mondo, il 45% ha difficolt\u00e0 a coprire&hellip;","_links":{"self":[{"href":"https:\/\/invest-in-albania.org\/it\/wp-json\/wp\/v2\/pages\/60166"}],"collection":[{"href":"https:\/\/invest-in-albania.org\/it\/wp-json\/wp\/v2\/pages"}],"about":[{"href":"https:\/\/invest-in-albania.org\/it\/wp-json\/wp\/v2\/types\/page"}],"author":[{"embeddable":true,"href":"https:\/\/invest-in-albania.org\/it\/wp-json\/wp\/v2\/users\/2"}],"replies":[{"embeddable":true,"href":"https:\/\/invest-in-albania.org\/it\/wp-json\/wp\/v2\/comments?post=60166"}],"version-history":[{"count":1,"href":"https:\/\/invest-in-albania.org\/it\/wp-json\/wp\/v2\/pages\/60166\/revisions"}],"predecessor-version":[{"id":60167,"href":"https:\/\/invest-in-albania.org\/it\/wp-json\/wp\/v2\/pages\/60166\/revisions\/60167"}],"wp:attachment":[{"href":"https:\/\/invest-in-albania.org\/it\/wp-json\/wp\/v2\/media?parent=60166"}],"curies":[{"name":"wp","href":"https:\/\/api.w.org\/{rel}","templated":true}]}}