{"id":60156,"date":"2024-04-06T17:01:20","date_gmt":"2024-04-06T15:01:20","guid":{"rendered":"https:\/\/invest-in-albania.org\/?page_id=60156"},"modified":"2024-04-06T17:01:25","modified_gmt":"2024-04-06T15:01:25","slug":"il-grande-ruolo-dei-dati-e-perche-esternalizzarli","status":"publish","type":"page","link":"https:\/\/invest-in-albania.org\/it\/il-grande-ruolo-dei-dati-e-perche-esternalizzarli\/","title":{"rendered":"Il grande ruolo dei dati e perch\u00e9 esternalizzarli?"},"content":{"rendered":"<p><img loading=\"lazy\" decoding=\"async\" class=\"wp-image-40639 size-cmsmasters-project-thumb alignleft\" src=\"http:\/\/new.invest-in-albania.org\/wp-content\/uploads\/data-580x420.png\" alt=\"\" width=\"580\" height=\"420\" \/><\/p>\n<p>Tradurre i piccoli\/grandi dati in informazioni utili \u00e8 allo stesso tempo vitale e lento. Eppure i dati sono ovunque e guidano il mercato e la crescita delle aziende. I dati vengono utilizzati in diversi settori. Ci\u00f2 che facciamo, le decisioni che prendiamo come consumatori sono tradotte in dati. Questi vengono analizzati e utilizzati per prendere una decisione che avr\u00e0 un impatto sulle nostre scelte. I big data sono come un piccolo elemento che fa muovere le azioni e le decisioni.<\/p>\n<p>L&#8217;analisi dei dati offre approfondimenti e informazioni significative e irrilevanti, ma un&#8217;analisi corretta e sistematica aiuta a fare mosse intelligenti al momento giusto.<\/p>\n<p>L&#8217;analisi dei dati \u00e8 alla base di ogni decisione aziendale. Avete i dati, ma finch\u00e9 non riuscite a elaborarli, vi perdete i vantaggi.<br \/>\nIn genere le aziende scelgono delle opzioni. Creano un dipartimento di analisi dei dati o esternalizzano le funzioni relative ai dati. L&#8217;outsourcing consente alle aziende di acquisire tutti i dati e di capire quali possono essere tradotti in decisioni di valore.<\/p>\n<p>Il settore dell&#8217;outsourcing si occupa molto di dati. Tuttavia, \u00e8 necessario non confondere l&#8217;inserimento dei dati, che \u00e8 uno dei lavori pi\u00f9 esternalizzati, con l&#8217;analisi dei dati.<\/p>\n<p>Che cos&#8217;\u00e8 l&#8217;inserimento dati?<br \/>\nI servizi di inserimento dati si dividono in due categorie: online e offline.<br \/>\nL&#8217;inserimento dati offline consiste nel trasferire informazioni da un supporto a un altro. Questo processo \u00e8 noto anche come trascrizione. Gli addetti ai lavori di inserimento dati sono responsabili dell&#8217;aggiornamento e della gestione dei dati senza errori.<\/p>\n<p>Questo compito si applica a diversi settori che richiedono una gestione accurata dei dati, come quello contabile, legale, del commercio elettronico, ecc. Data l&#8217;importanza e la natura noiosa dell&#8217;inserimento dei dati, la maggior parte delle aziende decide di esternalizzare questa funzione. Il processo richiede la conoscenza di una lingua straniera e conoscenze informatiche di base. L&#8217;inserimento dei dati \u00e8 uno dei servizi pi\u00f9 comuni offerti dai BPO in tutto il mondo. Per chi \u00e8 interessato a destinazioni nearshore o offshore dove esternalizzare le funzioni di inserimento dati, l&#8217;Albania \u00e8 un&#8217;ottima opzione. Oltre ai vantaggi legati alla facilit\u00e0 di fare business e alla forza lavoro qualificata, l&#8217;Albania ha un quadro giuridico armonizzato con l&#8217;Unione Europea.<\/p>\n<p>Analisi dei dati<br \/>\nUna corretta gestione dell&#8217;analisi dei dati aiuta le aziende a rimanere agili in mercati in rapida evoluzione, a generare maggiori profitti e a mantenere ottimi rapporti con i clienti. I dati raccolti non solo consentono di comprendere le tendenze esterne, come il marketing, ma aiutano anche a scoprire elementi interni, come le prestazioni dei dipendenti.<br \/>\nD&#8217;altra parte, la tecnologia aiuta a memorizzare e gestire meglio i dati senza la necessit\u00e0 di investire in infrastrutture. La tecnologia rende l&#8217;estrazione dei dati un processo semplice e consente di risparmiare tempo.<br \/>\nL&#8217;obiettivo principale dell&#8217;analisi dei dati \u00e8 assicurarsi che un determinato prodotto sia in linea con le esigenze dei clienti e dei possibili mercati in cui l&#8217;azienda intende espandersi.<\/p>\n<p>Perch\u00e9 esternalizzare l&#8217;analisi dei dati?<br \/>\nQuando un&#8217;azienda decide di gestire internamente i processi di analisi dei dati, pu\u00f2 comportare un costo maggiore per l&#8217;azienda. La creazione di un team che si occupa di data mining \u00e8 costosa in termini di denaro e tempo. L&#8217;azienda avr\u00e0 bisogno di un certo numero di esperti e della tecnologia necessaria per eseguire i processi pi\u00f9 velocemente e ottenere risultati migliori. \u00c8 comune che i nuovi dipendenti richiedano una formazione iniziale e sul posto di lavoro, a seconda del tipo di settore in cui opera l&#8217;azienda.<\/p>\n<p>Queste e molte altre ragioni, come il tasso di turnover dei dipendenti e l&#8217;accesso a un pool di talenti pi\u00f9 ampio, spiegano perch\u00e9 molte aziende decidono di esternalizzare le funzioni di analisi dei dati ad altre societ\u00e0 nearshore o offshore.<\/p>\n","protected":false},"excerpt":{"rendered":"<p>Tradurre i piccoli\/grandi dati in informazioni utili \u00e8 allo stesso tempo vitale e lento. Eppure i dati sono ovunque e guidano il mercato e la crescita delle aziende. I dati vengono utilizzati in diversi settori. Ci\u00f2 che facciamo, le decisioni che prendiamo come consumatori sono tradotte in dati. Questi vengono analizzati e utilizzati per prendere [&hellip;]<\/p>\n","protected":false},"author":2,"featured_media":40642,"parent":0,"menu_order":55,"comment_status":"closed","ping_status":"closed","template":"","meta":{"_uag_custom_page_level_css":"","_genesis_hide_title":false,"_genesis_hide_breadcrumbs":false,"_genesis_hide_singular_image":false,"_genesis_hide_footer_widgets":false,"_genesis_custom_body_class":"","_genesis_custom_post_class":"","_genesis_layout":"","_themeisle_gutenberg_block_has_review":false,"footnotes":""},"featured_image_src":"https:\/\/invest-in-albania.org\/wp-content\/uploads\/data.png","featured_image_src_square":"https:\/\/invest-in-albania.org\/wp-content\/uploads\/data.png","uagb_featured_image_src":{"full":["https:\/\/invest-in-albania.org\/wp-content\/uploads\/data.png",1280,977,false],"thumbnail":["https:\/\/invest-in-albania.org\/wp-content\/uploads\/data-280x195.png",280,195,true],"medium":["https:\/\/invest-in-albania.org\/wp-content\/uploads\/data-300x229.png",300,229,true],"medium_large":["https:\/\/invest-in-albania.org\/wp-content\/uploads\/data-768x586.png",768,586,true],"large":["https:\/\/invest-in-albania.org\/wp-content\/uploads\/data-1024x782.png",1024,782,true],"1536x1536":["https:\/\/invest-in-albania.org\/wp-content\/uploads\/data.png",1280,977,false],"2048x2048":["https:\/\/invest-in-albania.org\/wp-content\/uploads\/data.png",1280,977,false],"single-featured-image":["https:\/\/invest-in-albania.org\/wp-content\/uploads\/data.png",504,385,false],"blog-featured-image":["https:\/\/invest-in-albania.org\/wp-content\/uploads\/data.png",380,290,false],"home-featured":["https:\/\/invest-in-albania.org\/wp-content\/uploads\/data.png",380,290,false],"gb-block-post-grid-landscape":["https:\/\/invest-in-albania.org\/wp-content\/uploads\/data.png",524,400,false],"gb-block-post-grid-square":["https:\/\/invest-in-albania.org\/wp-content\/uploads\/data.png",600,458,false]},"uagb_author_info":{"display_name":"Vjollca Shehu","author_link":"https:\/\/invest-in-albania.org\/it\/author\/iia\/"},"uagb_comment_info":0,"uagb_excerpt":"Tradurre i piccoli\/grandi dati in informazioni utili \u00e8 allo stesso tempo vitale e lento. Eppure i dati sono ovunque e guidano il mercato e la crescita delle aziende. I dati vengono utilizzati in diversi settori. Ci\u00f2 che facciamo, le decisioni che prendiamo come consumatori sono tradotte in dati. Questi vengono analizzati e utilizzati per prendere&hellip;","_links":{"self":[{"href":"https:\/\/invest-in-albania.org\/it\/wp-json\/wp\/v2\/pages\/60156"}],"collection":[{"href":"https:\/\/invest-in-albania.org\/it\/wp-json\/wp\/v2\/pages"}],"about":[{"href":"https:\/\/invest-in-albania.org\/it\/wp-json\/wp\/v2\/types\/page"}],"author":[{"embeddable":true,"href":"https:\/\/invest-in-albania.org\/it\/wp-json\/wp\/v2\/users\/2"}],"replies":[{"embeddable":true,"href":"https:\/\/invest-in-albania.org\/it\/wp-json\/wp\/v2\/comments?post=60156"}],"version-history":[{"count":1,"href":"https:\/\/invest-in-albania.org\/it\/wp-json\/wp\/v2\/pages\/60156\/revisions"}],"predecessor-version":[{"id":60157,"href":"https:\/\/invest-in-albania.org\/it\/wp-json\/wp\/v2\/pages\/60156\/revisions\/60157"}],"wp:featuredmedia":[{"embeddable":true,"href":"https:\/\/invest-in-albania.org\/it\/wp-json\/wp\/v2\/media\/40642"}],"wp:attachment":[{"href":"https:\/\/invest-in-albania.org\/it\/wp-json\/wp\/v2\/media?parent=60156"}],"curies":[{"name":"wp","href":"https:\/\/api.w.org\/{rel}","templated":true}]}}