{"id":60143,"date":"2024-04-06T16:53:05","date_gmt":"2024-04-06T14:53:05","guid":{"rendered":"https:\/\/invest-in-albania.org\/?page_id=60143"},"modified":"2024-04-06T16:53:27","modified_gmt":"2024-04-06T14:53:27","slug":"60143-2","status":"publish","type":"page","link":"https:\/\/invest-in-albania.org\/it\/60143-2\/","title":{"rendered":"Vorteile des Outsourcing in eine andere Zeitzone"},"content":{"rendered":"<p><img loading=\"lazy\" decoding=\"async\" class=\"wp-image-40654 size-cmsmasters-square-thumb alignleft\" src=\"http:\/\/new.invest-in-albania.org\/wp-content\/uploads\/sun-34983_1280-360x360.png\" alt=\"\" width=\"360\" height=\"360\" srcset=\"https:\/\/invest-in-albania.org\/wp-content\/uploads\/sun-34983_1280-360x360.png 360w, https:\/\/invest-in-albania.org\/wp-content\/uploads\/sun-34983_1280-70x70.png 70w, https:\/\/invest-in-albania.org\/wp-content\/uploads\/sun-34983_1280-250x250.png 250w\" sizes=\"(max-width: 360px) 100vw, 360px\" \/><br \/>\nIm November 2018 twitterte Elon Musk: &#8220;Es gibt viel einfachere Orte, um zu arbeiten, aber niemand hat jemals die Welt mit 40 Stunden pro Woche ver\u00e4ndert.&#8221; Nun, der Mann hat vor, Menschen in den M\u00e4rz zu schicken, daher k\u00f6nnen seine Erwartungen an harte Arbeit anders sein als bei anderen Unternehmen mit weniger ehrgeizigen Pl\u00e4nen.<\/p>\n<p>Es gibt jedoch unz\u00e4hlige Unternehmen, die trotz der offiziellen Arbeitszeiten Funktionen aus\u00fcben, die eine 24\/7-Verf\u00fcgbarkeit erfordern, um sowohl auf dem lokalen als auch auf dem globalen Markt wettbewerbsf\u00e4hig zu bleiben.<br \/>\nSie k\u00f6nnen entweder die hohen Kosten f\u00fcr den Betrieb bestimmter Abteilungen intern bew\u00e4ltigen oder diese Funktionen an einen Partner in einer anderen Zeitzone auslagern.<br \/>\nTechnische Entwicklungen, Cloud Computing, Automatisierung und vieles mehr erm\u00f6glichen es den Unternehmen, die physischen Grenzen zu umgehen. Daher k\u00f6nnen sie die Vorteile von Outsourcing-L\u00f6sungen nutzen.<\/p>\n<p>Die Unterschiede in den Zeitzonen k\u00f6nnen f\u00fcr viele Unternehmen von Vorteil sein.<\/p>\n<p>Ein gutes Zeitmanagement ist in jedem Unternehmen eine gro\u00dfe Herausforderung. Daher entscheiden sich viele Unternehmen, bestimmte Funktionen an Partnerunternehmen in anderen Zeitzonen auszulagern. Dies f\u00fchrt zu einer angemessenen Nutzung der Zeit und einer schnelleren Lieferung. Das bedeutet, dass in einem bestimmten Unternehmen jemand anderes arbeitet, wenn das interne Team nicht im Einsatz ist. Das klingt gut und kann f\u00fcr das Unternehmen profitabler sein.<br \/>\nDiese Strategie ist optimal f\u00fcr Funktionen, die keine st\u00e4ndige Abstimmung mit dem Verk\u00e4ufer erfordern.<\/p>\n<p>Kosteneinsparung und Wachstum<br \/>\nWenn ein Unternehmen beschlie\u00dft, seinen Kundendienst an ein Unternehmen auszulagern, das in einer anderen Zeitzone t\u00e4tig ist, stellt es sicher, dass der Kundenstamm rund um die Uhr betreut wird. Das Verhalten der Kunden \u00e4ndert sich st\u00e4ndig. Denken Sie an die Millennials. Ein Millennial ist eine andere Art von Kunde. Sie sind sehr sachkundig, gut informiert, technikaffin und ein riesiger Markt f\u00fcr jedes Unternehmen, insbesondere f\u00fcr Kopfh\u00f6rer. Um sie anzuziehen und zufrieden zu halten, ist ein gro\u00dfartiger Multikanal-Kommunikationsservice erforderlich.<\/p>\n<p>Ein interner Kundendienst kann im Vergleich zu den von einem Outsourcing-Partner angebotenen Dienstleistungen sehr teuer sein. Andererseits k\u00f6nnen sich dadurch M\u00f6glichkeiten zur Expansion in neue M\u00e4rkte ergeben.<\/p>\n<p>Unz\u00e4hlige Unternehmen haben in den letzten Jahrzehnten ihren Kundendienst in L\u00e4nder wie Indien, die Philippinen oder China ausgelagert. F\u00fcr diejenigen, die nach anderen Optionen suchen, zeichnet sich jedoch in Osteuropa ein alternativer Markt ab. Die Region bietet technische Talente, junge, mehrsprachige Arbeitskr\u00e4fte, geringere Risiken und eine gute Vereinbarkeit von Beruf und Privatleben. Es wird erwartet, dass sich L\u00e4nder wie Polen, Bulgarien, Rum\u00e4nien, Albanien und viele andere in naher Zukunft zu Top-Zielen f\u00fcr die Outsourcing-Branche entwickeln werden.<\/p>\n","protected":false},"excerpt":{"rendered":"<p>Im November 2018 twitterte Elon Musk: &#8220;Es gibt viel einfachere Orte, um zu arbeiten, aber niemand hat jemals die Welt mit 40 Stunden pro Woche ver\u00e4ndert.&#8221; Nun, der Mann hat vor, Menschen in den M\u00e4rz zu schicken, daher k\u00f6nnen seine Erwartungen an harte Arbeit anders sein als bei anderen Unternehmen mit weniger ehrgeizigen Pl\u00e4nen. Es [&hellip;]<\/p>\n","protected":false},"author":2,"featured_media":40657,"parent":0,"menu_order":53,"comment_status":"closed","ping_status":"closed","template":"","meta":{"_uag_custom_page_level_css":"","_genesis_hide_title":false,"_genesis_hide_breadcrumbs":false,"_genesis_hide_singular_image":false,"_genesis_hide_footer_widgets":false,"_genesis_custom_body_class":"","_genesis_custom_post_class":"","_genesis_layout":"","_themeisle_gutenberg_block_has_review":false,"footnotes":""},"featured_image_src":"https:\/\/invest-in-albania.org\/wp-content\/uploads\/sun-34983_1280.png","featured_image_src_square":"https:\/\/invest-in-albania.org\/wp-content\/uploads\/sun-34983_1280.png","uagb_featured_image_src":{"full":["https:\/\/invest-in-albania.org\/wp-content\/uploads\/sun-34983_1280.png",1280,1088,false],"thumbnail":["https:\/\/invest-in-albania.org\/wp-content\/uploads\/sun-34983_1280-280x195.png",280,195,true],"medium":["https:\/\/invest-in-albania.org\/wp-content\/uploads\/sun-34983_1280-300x255.png",300,255,true],"medium_large":["https:\/\/invest-in-albania.org\/wp-content\/uploads\/sun-34983_1280-768x653.png",768,653,true],"large":["https:\/\/invest-in-albania.org\/wp-content\/uploads\/sun-34983_1280-1024x870.png",1024,870,true],"1536x1536":["https:\/\/invest-in-albania.org\/wp-content\/uploads\/sun-34983_1280.png",1280,1088,false],"2048x2048":["https:\/\/invest-in-albania.org\/wp-content\/uploads\/sun-34983_1280.png",1280,1088,false],"single-featured-image":["https:\/\/invest-in-albania.org\/wp-content\/uploads\/sun-34983_1280.png",453,385,false],"blog-featured-image":["https:\/\/invest-in-albania.org\/wp-content\/uploads\/sun-34983_1280.png",341,290,false],"home-featured":["https:\/\/invest-in-albania.org\/wp-content\/uploads\/sun-34983_1280.png",380,323,false],"gb-block-post-grid-landscape":["https:\/\/invest-in-albania.org\/wp-content\/uploads\/sun-34983_1280.png",471,400,false],"gb-block-post-grid-square":["https:\/\/invest-in-albania.org\/wp-content\/uploads\/sun-34983_1280.png",600,510,false]},"uagb_author_info":{"display_name":"Vjollca Shehu","author_link":"https:\/\/invest-in-albania.org\/it\/author\/iia\/"},"uagb_comment_info":0,"uagb_excerpt":"Im November 2018 twitterte Elon Musk: &#8220;Es gibt viel einfachere Orte, um zu arbeiten, aber niemand hat jemals die Welt mit 40 Stunden pro Woche ver\u00e4ndert.&#8221; Nun, der Mann hat vor, Menschen in den M\u00e4rz zu schicken, daher k\u00f6nnen seine Erwartungen an harte Arbeit anders sein als bei anderen Unternehmen mit weniger ehrgeizigen Pl\u00e4nen. Es&hellip;","_links":{"self":[{"href":"https:\/\/invest-in-albania.org\/it\/wp-json\/wp\/v2\/pages\/60143"}],"collection":[{"href":"https:\/\/invest-in-albania.org\/it\/wp-json\/wp\/v2\/pages"}],"about":[{"href":"https:\/\/invest-in-albania.org\/it\/wp-json\/wp\/v2\/types\/page"}],"author":[{"embeddable":true,"href":"https:\/\/invest-in-albania.org\/it\/wp-json\/wp\/v2\/users\/2"}],"replies":[{"embeddable":true,"href":"https:\/\/invest-in-albania.org\/it\/wp-json\/wp\/v2\/comments?post=60143"}],"version-history":[{"count":2,"href":"https:\/\/invest-in-albania.org\/it\/wp-json\/wp\/v2\/pages\/60143\/revisions"}],"predecessor-version":[{"id":60146,"href":"https:\/\/invest-in-albania.org\/it\/wp-json\/wp\/v2\/pages\/60143\/revisions\/60146"}],"wp:featuredmedia":[{"embeddable":true,"href":"https:\/\/invest-in-albania.org\/it\/wp-json\/wp\/v2\/media\/40657"}],"wp:attachment":[{"href":"https:\/\/invest-in-albania.org\/it\/wp-json\/wp\/v2\/media?parent=60143"}],"curies":[{"name":"wp","href":"https:\/\/api.w.org\/{rel}","templated":true}]}}