{"id":60138,"date":"2024-04-06T16:50:01","date_gmt":"2024-04-06T14:50:01","guid":{"rendered":"https:\/\/invest-in-albania.org\/?page_id=60138"},"modified":"2024-04-06T16:50:10","modified_gmt":"2024-04-06T14:50:10","slug":"come-affrontare-lappetito-per-i-servizi-software","status":"publish","type":"page","link":"https:\/\/invest-in-albania.org\/it\/come-affrontare-lappetito-per-i-servizi-software\/","title":{"rendered":"Come affrontare l&#8217;appetito per i servizi software?"},"content":{"rendered":"\n<p>Leggiamo continuamente degli ultimi nuovi prodotti rilasciati da startup o da grandi aziende, soprattutto nei Paesi occidentali. Cosa succederebbe se ogni nuovo prodotto fosse corredato da una mappa con le ubicazioni di ogni risorsa che ha fornito o continua a fornire i servizi dell&#8217;azienda? Sarebbero dislocate in tutto il mondo. Al giorno d&#8217;oggi, l&#8217;outsourcing \u00e8 un&#8217;industria globale che avvantaggia sia i venditori che i prestatori d&#8217;opera. Anche grandi aziende come Google o Apple decidono di esternalizzare in qualche misura le proprie funzioni. Uno dei mercati pi\u00f9 importanti e in rapida crescita nel settore dell&#8217;outsourcing \u00e8 quello dello sviluppo di software.<\/p>\n\n\n\n<p>Le organizzazioni che operano in diversi settori devono adattarsi alle agili tendenze del mercato. L&#8217;integrazione del software \u00e8 un must per la gestione e la crescita di un&#8217;organizzazione. Il software \u00e8 l&#8217;elemento che permette di integrare le diverse parti di un&#8217;azienda in modo da raggiungere gli obiettivi finali riducendo i costi.<\/p>\n\n\n\n<p>Esistono diversi tipi di software di cui un&#8217;azienda pu\u00f2 avere bisogno. Decidere di svilupparlo internamente non \u00e8 un&#8217;opzione conveniente per molte piccole e medie imprese che vogliono stare al passo con il mercato.<\/p>\n\n\n\n<p>Di quali tipi di software hanno bisogno le aziende?<br>Software di sicurezza<br>Software di contabilit\u00e0<br>CRM, software di gestione delle relazioni con i clienti<br>Automazione dei servizi professionali (PSA)<br>Pianificazione delle risorse aziendali (ERP)<br>Software di assistenza clienti<br>Software di gestione dei compiti<br>Software specifici per l&#8217;industria<\/p>\n\n\n\n<p>L&#8217;IT e lo sviluppo di software sono un&#8217;attivit\u00e0 globale enorme, che vale trilioni di dollari; pertanto, per quanto un&#8217;azienda si sforzi, queste funzioni avranno un costo considerevole se gestite internamente. I software non sono troppo costosi, ma il costo della loro gestione come funzioni interne pu\u00f2 essere troppo elevato.<\/p>\n\n\n\n<p>Questo \u00e8 il motivo per cui l&#8217;Europa dell&#8217;Est sta vivendo un boom come destinazione di outsourcing per i servizi IT e software. La regione \u00e8 nota per la disponibilit\u00e0 di talenti e per altri fattori che la rendono attraente per i principali BPO che intendono espandere le proprie attivit\u00e0 in una nuova destinazione.<br>Paesi come la Bulgaria, la Romania e l&#8217;Albania prestano particolare attenzione alle infrastrutture IT e all&#8217;istruzione. Tutti questi Paesi hanno migliaia di studenti che seguono programmi di studio nel settore IT e molti altri esperti certificati.<\/p>\n\n\n\n<p>I Paesi dell&#8217;Europa dell&#8217;Est sono la destinazione sia per le aziende che hanno bisogno di un partner per gestire i loro servizi software, sia per le grandi aziende di outsourcing alla ricerca di nuove destinazioni allettanti e redditizie per il settore.<\/p>\n","protected":false},"excerpt":{"rendered":"<p>Leggiamo continuamente degli ultimi nuovi prodotti rilasciati da startup o da grandi aziende, soprattutto nei Paesi occidentali. Cosa succederebbe se ogni nuovo prodotto fosse corredato da una mappa con le ubicazioni di ogni risorsa che ha fornito o continua a fornire i servizi dell&#8217;azienda? Sarebbero dislocate in tutto il mondo. Al giorno d&#8217;oggi, l&#8217;outsourcing \u00e8 [&hellip;]<\/p>\n","protected":false},"author":2,"featured_media":0,"parent":0,"menu_order":52,"comment_status":"closed","ping_status":"closed","template":"","meta":{"_uag_custom_page_level_css":"","_genesis_hide_title":false,"_genesis_hide_breadcrumbs":false,"_genesis_hide_singular_image":false,"_genesis_hide_footer_widgets":false,"_genesis_custom_body_class":"","_genesis_custom_post_class":"","_genesis_layout":"","_themeisle_gutenberg_block_has_review":false,"footnotes":""},"featured_image_src":null,"featured_image_src_square":null,"uagb_featured_image_src":{"full":false,"thumbnail":false,"medium":false,"medium_large":false,"large":false,"1536x1536":false,"2048x2048":false,"single-featured-image":false,"blog-featured-image":false,"home-featured":false,"gb-block-post-grid-landscape":false,"gb-block-post-grid-square":false},"uagb_author_info":{"display_name":"Vjollca Shehu","author_link":"https:\/\/invest-in-albania.org\/it\/author\/iia\/"},"uagb_comment_info":0,"uagb_excerpt":"Leggiamo continuamente degli ultimi nuovi prodotti rilasciati da startup o da grandi aziende, soprattutto nei Paesi occidentali. Cosa succederebbe se ogni nuovo prodotto fosse corredato da una mappa con le ubicazioni di ogni risorsa che ha fornito o continua a fornire i servizi dell&#8217;azienda? Sarebbero dislocate in tutto il mondo. Al giorno d&#8217;oggi, l&#8217;outsourcing \u00e8&hellip;","_links":{"self":[{"href":"https:\/\/invest-in-albania.org\/it\/wp-json\/wp\/v2\/pages\/60138"}],"collection":[{"href":"https:\/\/invest-in-albania.org\/it\/wp-json\/wp\/v2\/pages"}],"about":[{"href":"https:\/\/invest-in-albania.org\/it\/wp-json\/wp\/v2\/types\/page"}],"author":[{"embeddable":true,"href":"https:\/\/invest-in-albania.org\/it\/wp-json\/wp\/v2\/users\/2"}],"replies":[{"embeddable":true,"href":"https:\/\/invest-in-albania.org\/it\/wp-json\/wp\/v2\/comments?post=60138"}],"version-history":[{"count":1,"href":"https:\/\/invest-in-albania.org\/it\/wp-json\/wp\/v2\/pages\/60138\/revisions"}],"predecessor-version":[{"id":60139,"href":"https:\/\/invest-in-albania.org\/it\/wp-json\/wp\/v2\/pages\/60138\/revisions\/60139"}],"wp:attachment":[{"href":"https:\/\/invest-in-albania.org\/it\/wp-json\/wp\/v2\/media?parent=60138"}],"curies":[{"name":"wp","href":"https:\/\/api.w.org\/{rel}","templated":true}]}}