{"id":60132,"date":"2024-04-06T16:47:11","date_gmt":"2024-04-06T14:47:11","guid":{"rendered":"https:\/\/invest-in-albania.org\/?page_id=60132"},"modified":"2024-04-06T16:47:19","modified_gmt":"2024-04-06T14:47:19","slug":"in-che-modo-le-bpo-favoriscono-la-crescita-economica","status":"publish","type":"page","link":"https:\/\/invest-in-albania.org\/it\/in-che-modo-le-bpo-favoriscono-la-crescita-economica\/","title":{"rendered":"In che modo le BPO favoriscono la crescita economica?"},"content":{"rendered":"<p><img loading=\"lazy\" decoding=\"async\" class=\"size-large wp-image-41828 aligncenter\" src=\"http:\/\/new.invest-in-albania.org\/wp-content\/uploads\/analytics-1024x418.jpg\" alt=\"\" width=\"1024\" height=\"418\" srcset=\"https:\/\/invest-in-albania.org\/wp-content\/uploads\/analytics-1024x418.jpg 1024w, https:\/\/invest-in-albania.org\/wp-content\/uploads\/analytics-300x122.jpg 300w, https:\/\/invest-in-albania.org\/wp-content\/uploads\/analytics-768x313.jpg 768w, https:\/\/invest-in-albania.org\/wp-content\/uploads\/analytics-580x237.jpg 580w, https:\/\/invest-in-albania.org\/wp-content\/uploads\/analytics-860x351.jpg 860w, https:\/\/invest-in-albania.org\/wp-content\/uploads\/analytics-1160x473.jpg 1160w, https:\/\/invest-in-albania.org\/wp-content\/uploads\/analytics.jpg 1280w\" sizes=\"(max-width: 1024px) 100vw, 1024px\" \/><\/p>\n<p>Si dicono tante cose sull&#8217;industria del Business Process Outsourcing (BPO). La cosa certa \u00e8 che si tratta di uno dei settori in pi\u00f9 rapida crescita a livello mondiale e che i Paesi in via di sviluppo sono un ambiente perfetto per questo settore. Un&#8217;industria BPO fiorente \u00e8 una situazione vantaggiosa per tutte le parti coinvolte.<\/p>\n<p>Molti Paesi stanno sfruttando l&#8217;industria del BPO per alimentare la propria crescita interna.<\/p>\n<p>Come ci riescono?<\/p>\n<p>Prendiamo l&#8217;esempio dell&#8217;Albania. L&#8217;agricoltura \u00e8 stata il settore dominante dell&#8217;economia albanese per molti anni e continua a essere un settore significativo in termini di PIL e di contributo all&#8217;occupazione. Il capitale umano coinvolto nel settore \u00e8 da decenni impegnato nella produzione degli stessi beni destinati all&#8217;esportazione. Parlando di esportazioni, una bilancia commerciale positiva (BOT) \u00e8 molto importante, ma un&#8217;altra cosa che conta davvero \u00e8 ci\u00f2 che un Paese esporta.<br \/>\nTorniamo all&#8217;Albania. Circa 15 anni fa, alcune imprese del Paese hanno iniziato a esportare servizi. Lo hanno fatto in un periodo in cui la domanda di servizi sul mercato interno era scarsa o nulla. Queste imprese hanno notato il potenziale della forza lavoro giovane e istruita e hanno deciso di investire per sfruttare questo potenziale nell&#8217;esportazione di servizi per soddisfare le esigenze dei mercati occidentali.<\/p>\n<p>Il settore ha iniziato a espandersi e la differenziazione iniziale nelle esportazioni di servizi ha richiesto nuove esperienze di apprendimento e di lavoro. Le persone hanno iniziato ad apprendere o a padroneggiare le competenze che fino a quel momento non erano in grado di utilizzare. Quello che si imparava piantando fragole nell&#8217;Albania centrale era diverso da quello che si imparava con le ricerche di mercato e l&#8217;analisi dei dati.<\/p>\n<p>Nel 2011, l&#8217;Economist ha sottolineato il ruolo dei servizi per le economie povere e in via di sviluppo. L&#8217;articolo sottolineava come Paesi come l&#8217;India avessero infranto la convenzione storica agricoltura-produzione-servizi senza sviluppare un settore manifatturiero di peso. Il Paese ha puntato direttamente sui servizi ed \u00e8 diventato la destinazione BPO preferita al mondo.<br \/>\nPaesi come l&#8217;Albania sono passati attraverso convenzioni storiche, ma hanno acquisito esperienza nel commercio di attivit\u00e0 a basso e alto valore verso i mercati sviluppati. Se da un lato il settore contribuisce a fornire opportunit\u00e0 di lavoro a categorie specifiche come gli studenti o i neolaureati, dall&#8217;altro i servizi a valore aggiunto possono ulteriormente migliorare il settore in futuro, trasformandolo in una potenza economica.<\/p>\n","protected":false},"excerpt":{"rendered":"<p>Si dicono tante cose sull&#8217;industria del Business Process Outsourcing (BPO). La cosa certa \u00e8 che si tratta di uno dei settori in pi\u00f9 rapida crescita a livello mondiale e che i Paesi in via di sviluppo sono un ambiente perfetto per questo settore. Un&#8217;industria BPO fiorente \u00e8 una situazione vantaggiosa per tutte le parti coinvolte. [&hellip;]<\/p>\n","protected":false},"author":2,"featured_media":41831,"parent":0,"menu_order":51,"comment_status":"closed","ping_status":"closed","template":"","meta":{"_uag_custom_page_level_css":"","_genesis_hide_title":false,"_genesis_hide_breadcrumbs":false,"_genesis_hide_singular_image":false,"_genesis_hide_footer_widgets":false,"_genesis_custom_body_class":"","_genesis_custom_post_class":"","_genesis_layout":"","_themeisle_gutenberg_block_has_review":false,"footnotes":""},"featured_image_src":"https:\/\/invest-in-albania.org\/wp-content\/uploads\/analytics.jpg","featured_image_src_square":"https:\/\/invest-in-albania.org\/wp-content\/uploads\/analytics.jpg","uagb_featured_image_src":{"full":["https:\/\/invest-in-albania.org\/wp-content\/uploads\/analytics.jpg",1280,522,false],"thumbnail":["https:\/\/invest-in-albania.org\/wp-content\/uploads\/analytics-280x195.jpg",280,195,true],"medium":["https:\/\/invest-in-albania.org\/wp-content\/uploads\/analytics-300x122.jpg",300,122,true],"medium_large":["https:\/\/invest-in-albania.org\/wp-content\/uploads\/analytics-768x313.jpg",768,313,true],"large":["https:\/\/invest-in-albania.org\/wp-content\/uploads\/analytics-1024x418.jpg",1024,418,true],"1536x1536":["https:\/\/invest-in-albania.org\/wp-content\/uploads\/analytics.jpg",1280,522,false],"2048x2048":["https:\/\/invest-in-albania.org\/wp-content\/uploads\/analytics.jpg",1280,522,false],"single-featured-image":["https:\/\/invest-in-albania.org\/wp-content\/uploads\/analytics.jpg",944,385,false],"blog-featured-image":["https:\/\/invest-in-albania.org\/wp-content\/uploads\/analytics.jpg",680,277,false],"home-featured":["https:\/\/invest-in-albania.org\/wp-content\/uploads\/analytics.jpg",380,155,false],"gb-block-post-grid-landscape":["https:\/\/invest-in-albania.org\/wp-content\/uploads\/analytics.jpg",600,245,false],"gb-block-post-grid-square":["https:\/\/invest-in-albania.org\/wp-content\/uploads\/analytics.jpg",600,245,false]},"uagb_author_info":{"display_name":"Vjollca Shehu","author_link":"https:\/\/invest-in-albania.org\/it\/author\/iia\/"},"uagb_comment_info":0,"uagb_excerpt":"Si dicono tante cose sull&#8217;industria del Business Process Outsourcing (BPO). La cosa certa \u00e8 che si tratta di uno dei settori in pi\u00f9 rapida crescita a livello mondiale e che i Paesi in via di sviluppo sono un ambiente perfetto per questo settore. Un&#8217;industria BPO fiorente \u00e8 una situazione vantaggiosa per tutte le parti coinvolte.&hellip;","_links":{"self":[{"href":"https:\/\/invest-in-albania.org\/it\/wp-json\/wp\/v2\/pages\/60132"}],"collection":[{"href":"https:\/\/invest-in-albania.org\/it\/wp-json\/wp\/v2\/pages"}],"about":[{"href":"https:\/\/invest-in-albania.org\/it\/wp-json\/wp\/v2\/types\/page"}],"author":[{"embeddable":true,"href":"https:\/\/invest-in-albania.org\/it\/wp-json\/wp\/v2\/users\/2"}],"replies":[{"embeddable":true,"href":"https:\/\/invest-in-albania.org\/it\/wp-json\/wp\/v2\/comments?post=60132"}],"version-history":[{"count":1,"href":"https:\/\/invest-in-albania.org\/it\/wp-json\/wp\/v2\/pages\/60132\/revisions"}],"predecessor-version":[{"id":60134,"href":"https:\/\/invest-in-albania.org\/it\/wp-json\/wp\/v2\/pages\/60132\/revisions\/60134"}],"wp:featuredmedia":[{"embeddable":true,"href":"https:\/\/invest-in-albania.org\/it\/wp-json\/wp\/v2\/media\/41831"}],"wp:attachment":[{"href":"https:\/\/invest-in-albania.org\/it\/wp-json\/wp\/v2\/media?parent=60132"}],"curies":[{"name":"wp","href":"https:\/\/api.w.org\/{rel}","templated":true}]}}