{"id":60128,"date":"2024-04-06T16:43:34","date_gmt":"2024-04-06T14:43:34","guid":{"rendered":"https:\/\/invest-in-albania.org\/?page_id=60128"},"modified":"2024-04-06T16:43:39","modified_gmt":"2024-04-06T14:43:39","slug":"limportanza-delloutsourcing-per-lindustria-dei-viaggi-e-del-tempo-libero","status":"publish","type":"page","link":"https:\/\/invest-in-albania.org\/it\/limportanza-delloutsourcing-per-lindustria-dei-viaggi-e-del-tempo-libero\/","title":{"rendered":"L&#8217;importanza dell&#8217;outsourcing per l&#8217;industria dei viaggi e del tempo libero"},"content":{"rendered":"<img loading=\"lazy\" decoding=\"async\" class=\"alignleft wp-image-40633 size-cmsmasters-blog-masonry-thumb\" src=\"http:\/\/new.invest-in-albania.org\/wp-content\/uploads\/room-service-580x440.png\" alt=\"\" width=\"580\" height=\"440\" srcset=\"https:\/\/invest-in-albania.org\/wp-content\/uploads\/room-service-580x440.png 580w, https:\/\/invest-in-albania.org\/wp-content\/uploads\/room-service-1160x880.png 1160w\" sizes=\"(max-width: 580px) 100vw, 580px\" \/>\n\n<p>La rapidit\u00e0 con cui la tecnologia sta cambiando il servizio clienti pu\u00f2 essere facilmente spiegata con i nuovi termini emergenti come uberizzazione. Quest&#8217;ultima ha significati diversi per persone diverse. Aiuta le persone a ottenere servizi su richiesta attraverso gli smartphone, sulla base di dati in tempo reale. Il fenomeno ha interessato il settore dei viaggi e dell&#8217;ospitalit\u00e0 nello stesso modo in cui ha interessato i tassisti.<\/p>\n\n\n\n<p>Attualmente, la pi\u00f9 grande rete di ospitalit\u00e0 al mondo \u00e8 Airbnb, che non possiede una sola struttura. Alcuni suggeriscono una soluzione Uber anche per i viaggi in aereo. A prescindere da ci\u00f2 che accadr\u00e0 in futuro, tutte queste tendenze non sono ci\u00f2 che l&#8217;industria dei viaggi e dell&#8217;ospitalit\u00e0 vuole leggere nei titoli dei giornali.<\/p>\n\n\n\n<p>L&#8217;industria dei viaggi e del tempo libero sta crescendo grazie alla ripresa economica, alla crescita della classe media, soprattutto nella regione asiatica, alla riduzione dei rischi in molte altre regioni che si traduce nell&#8217;abolizione dei regimi di visto. In questo modo si rende disponibile un maggior numero di destinazioni di viaggio. Da parte loro, le aziende del settore dei viaggi e dell&#8217;ospitalit\u00e0 investono in nuove tecnologie e innovazioni che le aiutano ad attrarre pi\u00f9 clienti attraverso diversi canali.<\/p>\n\n\n\n<p>Tuttavia, il settore deve ancora affrontare diverse sfide. Uber e Airbnb hanno cambiato le abitudini e i comportamenti dei clienti, mentre il settore dipende ancora dalle prenotazioni online. Per superare le sfide e la concorrenza, le aziende di viaggio applicano nuovi modelli di business. Tuttavia, la sfida pi\u00f9 grande \u00e8 rappresentata dal viaggiatore moderno. Il viaggiatore tipico visita 30 &#8211; 160 siti web quando pianifica un viaggio, guide, hotel, Airbnb, compagnie aeree, siti di recensioni. Cosa conta davvero per le persone che state cercando di attirare? Pensate al tipo di esperienza che volete offrire alle persone.<\/p>\n\n\n\n<p>Le aziende di tutto il mondo cercano di creare quel modello di business basato su una connessione digitale che garantisca una maggiore soddisfazione dei clienti mantenendo i costi equilibrati. \u00c8 per questo che i grandi nomi dell&#8217;industria dei viaggi decidono di esternalizzare. I loro partner non solo aiutano a mantenere un ottimo rapporto con i clienti, ma anche a entrare in nuovi mercati potenziali.<\/p>\n\n\n\n<p>L&#8217;industria dei viaggi \u00e8 attiva 24 ore su 24, 7 giorni su 7, non si riposa. Per questo ha bisogno di un servizio clienti 24&#215;7 in circa sei lingue straniere. Per i grandi nomi del settore aereo e dell&#8217;ospitalit\u00e0 \u00e8 difficile avere tutto questo personale qualificato sempre nello stesso posto. L&#8217;outsourcing completa il settore con l&#8217;accesso alla forza lavoro multilingue qualificata in diverse fasce orarie.<\/p>\n\n\n\n<p>Il mercato migliore per l&#8217;espansione di un BPO che gestisce operazioni di viaggio e di ospitalit\u00e0 sarebbe un Paese con una forza lavoro multilingue e ben istruita come l&#8217;Albania. Nel Paese operano attualmente grandi nomi dell&#8217;industria del BPO, che traggono grande vantaggio dalla forza lavoro qualificata.<br>Inoltre, le BPO aiutano a risolvere un problema importante, quello delle frodi online. Le BPO offrono le risorse per prevenire le frodi online. Diverse indagini confermano l&#8217;enorme quantit\u00e0 di denaro che le compagnie aeree perdono ogni anno a causa di frodi non rilevate.<br>Il rilevamento delle frodi richiede un sistema di revisione manuale lungo e dispendioso in termini di tempo. Le BPO si occupano dell&#8217;intero processo, mentre le aziende si concentrano sui risultati di business.<br>Le BPO che operano nel settore dei viaggi e dell&#8217;ospitalit\u00e0 sono esperte in ogni anello del processo.<\/p>\n","protected":false},"excerpt":{"rendered":"<p>La rapidit\u00e0 con cui la tecnologia sta cambiando il servizio clienti pu\u00f2 essere facilmente spiegata con i nuovi termini emergenti come uberizzazione. Quest&#8217;ultima ha significati diversi per persone diverse. Aiuta le persone a ottenere servizi su richiesta attraverso gli smartphone, sulla base di dati in tempo reale. Il fenomeno ha interessato il settore dei viaggi [&hellip;]<\/p>\n","protected":false},"author":2,"featured_media":40636,"parent":0,"menu_order":50,"comment_status":"closed","ping_status":"closed","template":"","meta":{"_uag_custom_page_level_css":"","_genesis_hide_title":false,"_genesis_hide_breadcrumbs":false,"_genesis_hide_singular_image":false,"_genesis_hide_footer_widgets":false,"_genesis_custom_body_class":"","_genesis_custom_post_class":"","_genesis_layout":"","_themeisle_gutenberg_block_has_review":false,"footnotes":""},"featured_image_src":"https:\/\/invest-in-albania.org\/wp-content\/uploads\/room-service.png","featured_image_src_square":"https:\/\/invest-in-albania.org\/wp-content\/uploads\/room-service.png","uagb_featured_image_src":{"full":["https:\/\/invest-in-albania.org\/wp-content\/uploads\/room-service.png",1280,1258,false],"thumbnail":["https:\/\/invest-in-albania.org\/wp-content\/uploads\/room-service-280x195.png",280,195,true],"medium":["https:\/\/invest-in-albania.org\/wp-content\/uploads\/room-service-300x295.png",300,295,true],"medium_large":["https:\/\/invest-in-albania.org\/wp-content\/uploads\/room-service-768x755.png",768,755,true],"large":["https:\/\/invest-in-albania.org\/wp-content\/uploads\/room-service-1024x1006.png",1024,1006,true],"1536x1536":["https:\/\/invest-in-albania.org\/wp-content\/uploads\/room-service.png",1280,1258,false],"2048x2048":["https:\/\/invest-in-albania.org\/wp-content\/uploads\/room-service.png",1280,1258,false],"single-featured-image":["https:\/\/invest-in-albania.org\/wp-content\/uploads\/room-service.png",392,385,false],"blog-featured-image":["https:\/\/invest-in-albania.org\/wp-content\/uploads\/room-service.png",295,290,false],"home-featured":["https:\/\/invest-in-albania.org\/wp-content\/uploads\/room-service.png",380,373,false],"gb-block-post-grid-landscape":["https:\/\/invest-in-albania.org\/wp-content\/uploads\/room-service.png",407,400,false],"gb-block-post-grid-square":["https:\/\/invest-in-albania.org\/wp-content\/uploads\/room-service.png",600,590,false]},"uagb_author_info":{"display_name":"Vjollca Shehu","author_link":"https:\/\/invest-in-albania.org\/it\/author\/iia\/"},"uagb_comment_info":0,"uagb_excerpt":"La rapidit\u00e0 con cui la tecnologia sta cambiando il servizio clienti pu\u00f2 essere facilmente spiegata con i nuovi termini emergenti come uberizzazione. Quest&#8217;ultima ha significati diversi per persone diverse. Aiuta le persone a ottenere servizi su richiesta attraverso gli smartphone, sulla base di dati in tempo reale. Il fenomeno ha interessato il settore dei viaggi&hellip;","_links":{"self":[{"href":"https:\/\/invest-in-albania.org\/it\/wp-json\/wp\/v2\/pages\/60128"}],"collection":[{"href":"https:\/\/invest-in-albania.org\/it\/wp-json\/wp\/v2\/pages"}],"about":[{"href":"https:\/\/invest-in-albania.org\/it\/wp-json\/wp\/v2\/types\/page"}],"author":[{"embeddable":true,"href":"https:\/\/invest-in-albania.org\/it\/wp-json\/wp\/v2\/users\/2"}],"replies":[{"embeddable":true,"href":"https:\/\/invest-in-albania.org\/it\/wp-json\/wp\/v2\/comments?post=60128"}],"version-history":[{"count":1,"href":"https:\/\/invest-in-albania.org\/it\/wp-json\/wp\/v2\/pages\/60128\/revisions"}],"predecessor-version":[{"id":60129,"href":"https:\/\/invest-in-albania.org\/it\/wp-json\/wp\/v2\/pages\/60128\/revisions\/60129"}],"wp:featuredmedia":[{"embeddable":true,"href":"https:\/\/invest-in-albania.org\/it\/wp-json\/wp\/v2\/media\/40636"}],"wp:attachment":[{"href":"https:\/\/invest-in-albania.org\/it\/wp-json\/wp\/v2\/media?parent=60128"}],"curies":[{"name":"wp","href":"https:\/\/api.w.org\/{rel}","templated":true}]}}