{"id":60122,"date":"2024-04-06T16:40:50","date_gmt":"2024-04-06T14:40:50","guid":{"rendered":"https:\/\/invest-in-albania.org\/?page_id=60122"},"modified":"2024-04-06T16:40:56","modified_gmt":"2024-04-06T14:40:56","slug":"tirana-sta-diventando-attraente-per-le-bpo","status":"publish","type":"page","link":"https:\/\/invest-in-albania.org\/it\/tirana-sta-diventando-attraente-per-le-bpo\/","title":{"rendered":"Tirana sta diventando attraente per le BPO?"},"content":{"rendered":"\n<p>Il settore del Business Process Outsourcing (BPO) in Albania, con centri di outsourcing esistenti e nuovi, ha generato centinaia di nuovi posti di lavoro nel corso del 2018. Si prevedono ulteriori posti di lavoro, visto l&#8217;ingresso nel mercato albanese di importanti centri di delivery come Fusion e Comdata. Questi centri e quelli esistenti comprendono diverse unit\u00e0 come call center, finanza e contabilit\u00e0, risorse umane, IT, ecc.) Gestiscono operazioni per numerose aziende situate in Europa e altrove.<\/p>\n\n\n\n<p>Attualmente, il settore BPO albanese serve i seguenti settori;<br>Energia<br>automobilistico<br>Media e intrattenimento<br>Servizi bancari, assicurativi e finanziari<br>Distribuzione, vendita al dettaglio e commercio elettronico<br>Viaggi e tempo libero<br>Governo e settore pubblico<br>Telecomunicazioni<br>Sanit\u00e0 e farmaceutica<br>Hi-Tech<\/p>\n\n\n\n<p>Il numero di centri di erogazione di servizi in Albania, e in particolare a Tirana, \u00e8 destinato a crescere.<br>Ci sono diversi fattori che influenzano un&#8217;azienda a scegliere l&#8217;Albania come prossimo Paese in cui stabilire i propri centri di outsourcing.<\/p>\n\n\n\n<p>I fattori pi\u00f9 importanti sono:<br>La disponibilit\u00e0 di manodopera, competenze e conoscenze<br>Costi efficienti<br>Forza lavoro multilingue<br>Incentivi fiscali<\/p>\n\n\n\n<p>Disponibilit\u00e0 di spazi per uffici<br>La regione di Tirana ha un livello di benessere pi\u00f9 elevato, quindi gli edifici hanno una qualit\u00e0 migliore e questo si riflette sui prezzi di affitto e di vendita. Nell&#8217;ultimo anno sono stati avviati nuovi progetti a uso misto in diverse aree della capitale albanese.<br>Gli edifici costruiti di recente rientrano nella categoria di sviluppo a uso misto. Si tratta di uno stile urbano che fonde in un unico edificio abitazioni, attivit\u00e0 commerciali e altri tipi di istituzioni. Il parco uffici \u00e8 destinato a crescere nei prossimi anni.<br>Ci sono molti edifici commerciali a Tirana, altri sono ancora in costruzione e i progetti pi\u00f9 ambiziosi non sono ancora iniziati. L&#8217;affitto o il prezzo degli spazi per uffici dipende dalla loro posizione e dal tipo di edificio in cui si trovano. I piani urbanistici prevedono il trasferimento di tutte le istituzioni pubbliche e del settore privato nell&#8217;area del Nuovo Boulevard.<br>Attualmente si possono trovare grandi spazi per uffici a prezzi accessibili in diverse aree della capitale e anche vicino a strutture importanti come l&#8217;aeroporto.<br>Ci sono molti centri di outsourcing che hanno iniziato la loro attivit\u00e0 a Tirana e si sono espansi in altre grandi citt\u00e0 albanesi. Tuttavia, la capitale \u00e8 il mercato migliore per ogni azienda di outsourcing che intenda espandere la propria attivit\u00e0 nell&#8217;Europa sudorientale.<\/p>\n","protected":false},"excerpt":{"rendered":"<p>Il settore del Business Process Outsourcing (BPO) in Albania, con centri di outsourcing esistenti e nuovi, ha generato centinaia di nuovi posti di lavoro nel corso del 2018. Si prevedono ulteriori posti di lavoro, visto l&#8217;ingresso nel mercato albanese di importanti centri di delivery come Fusion e Comdata. Questi centri e quelli esistenti comprendono diverse [&hellip;]<\/p>\n","protected":false},"author":2,"featured_media":32104,"parent":0,"menu_order":49,"comment_status":"closed","ping_status":"closed","template":"","meta":{"_uag_custom_page_level_css":"","_genesis_hide_title":false,"_genesis_hide_breadcrumbs":false,"_genesis_hide_singular_image":false,"_genesis_hide_footer_widgets":false,"_genesis_custom_body_class":"","_genesis_custom_post_class":"","_genesis_layout":"","_themeisle_gutenberg_block_has_review":false,"footnotes":""},"featured_image_src":"https:\/\/invest-in-albania.org\/wp-content\/uploads\/tirana-clock-tower.jpg","featured_image_src_square":"https:\/\/invest-in-albania.org\/wp-content\/uploads\/tirana-clock-tower.jpg","uagb_featured_image_src":{"full":["https:\/\/invest-in-albania.org\/wp-content\/uploads\/tirana-clock-tower.jpg",1920,1280,false],"thumbnail":["https:\/\/invest-in-albania.org\/wp-content\/uploads\/tirana-clock-tower-280x195.jpg",280,195,true],"medium":["https:\/\/invest-in-albania.org\/wp-content\/uploads\/tirana-clock-tower-300x200.jpg",300,200,true],"medium_large":["https:\/\/invest-in-albania.org\/wp-content\/uploads\/tirana-clock-tower-768x512.jpg",768,512,true],"large":["https:\/\/invest-in-albania.org\/wp-content\/uploads\/tirana-clock-tower-1024x683.jpg",1024,683,true],"1536x1536":["https:\/\/invest-in-albania.org\/wp-content\/uploads\/tirana-clock-tower.jpg",1536,1024,false],"2048x2048":["https:\/\/invest-in-albania.org\/wp-content\/uploads\/tirana-clock-tower.jpg",1920,1280,false],"single-featured-image":["https:\/\/invest-in-albania.org\/wp-content\/uploads\/tirana-clock-tower.jpg",578,385,false],"blog-featured-image":["https:\/\/invest-in-albania.org\/wp-content\/uploads\/tirana-clock-tower.jpg",435,290,false],"home-featured":["https:\/\/invest-in-albania.org\/wp-content\/uploads\/tirana-clock-tower.jpg",380,253,false],"gb-block-post-grid-landscape":["https:\/\/invest-in-albania.org\/wp-content\/uploads\/tirana-clock-tower.jpg",600,400,false],"gb-block-post-grid-square":["https:\/\/invest-in-albania.org\/wp-content\/uploads\/tirana-clock-tower.jpg",600,400,false]},"uagb_author_info":{"display_name":"Vjollca Shehu","author_link":"https:\/\/invest-in-albania.org\/it\/author\/iia\/"},"uagb_comment_info":0,"uagb_excerpt":"Il settore del Business Process Outsourcing (BPO) in Albania, con centri di outsourcing esistenti e nuovi, ha generato centinaia di nuovi posti di lavoro nel corso del 2018. Si prevedono ulteriori posti di lavoro, visto l&#8217;ingresso nel mercato albanese di importanti centri di delivery come Fusion e Comdata. Questi centri e quelli esistenti comprendono diverse&hellip;","_links":{"self":[{"href":"https:\/\/invest-in-albania.org\/it\/wp-json\/wp\/v2\/pages\/60122"}],"collection":[{"href":"https:\/\/invest-in-albania.org\/it\/wp-json\/wp\/v2\/pages"}],"about":[{"href":"https:\/\/invest-in-albania.org\/it\/wp-json\/wp\/v2\/types\/page"}],"author":[{"embeddable":true,"href":"https:\/\/invest-in-albania.org\/it\/wp-json\/wp\/v2\/users\/2"}],"replies":[{"embeddable":true,"href":"https:\/\/invest-in-albania.org\/it\/wp-json\/wp\/v2\/comments?post=60122"}],"version-history":[{"count":1,"href":"https:\/\/invest-in-albania.org\/it\/wp-json\/wp\/v2\/pages\/60122\/revisions"}],"predecessor-version":[{"id":60124,"href":"https:\/\/invest-in-albania.org\/it\/wp-json\/wp\/v2\/pages\/60122\/revisions\/60124"}],"wp:featuredmedia":[{"embeddable":true,"href":"https:\/\/invest-in-albania.org\/it\/wp-json\/wp\/v2\/media\/32104"}],"wp:attachment":[{"href":"https:\/\/invest-in-albania.org\/it\/wp-json\/wp\/v2\/media?parent=60122"}],"curies":[{"name":"wp","href":"https:\/\/api.w.org\/{rel}","templated":true}]}}