{"id":60118,"date":"2024-04-06T16:38:29","date_gmt":"2024-04-06T14:38:29","guid":{"rendered":"https:\/\/invest-in-albania.org\/?page_id=60118"},"modified":"2024-04-06T16:38:34","modified_gmt":"2024-04-06T14:38:34","slug":"vantaggi-del-lavoro-nel-settore-bpo","status":"publish","type":"page","link":"https:\/\/invest-in-albania.org\/it\/vantaggi-del-lavoro-nel-settore-bpo\/","title":{"rendered":"Vantaggi del lavoro nel settore BPO"},"content":{"rendered":"\n<p>Chi non ha mai vissuto il paradosso dell&#8217;esperienza lavorativa? \u00c8 anche chiamato paradosso del permesso.<\/p>\n\n\n\n<p>In parole povere, i neolaureati non riescono a trovare lavoro perch\u00e9 non hanno esperienza pregressa, e non riescono a fare esperienza perch\u00e9 non riescono a trovare lavoro.<br>Cosa possono fare per acquisire esperienza e inserirla nel curriculum?<br>Stage<br>Esperienze di volontariato<br>Formazione all&#8217;estero<\/p>\n\n\n\n<p>Tutte queste sono ottime esperienze, ma nel breve periodo non sono una fonte di reddito. Studenti e laureati hanno bisogno di qualcosa di pi\u00f9 di un lavoro stagionale per mantenersi. \u00c8 qui che l&#8217;industria del BPO viene in aiuto. Il settore offre lavoro a tempo pieno e parziale agli studenti di tutto il mondo.<\/p>\n\n\n\n<p>In molti casi, le BPO possono persino influire sul tasso di disoccupazione e sulla crescita interna di una determinata economia. Oltre a questo, l&#8217;industria del BPO fornisce un&#8217;aggiunta al capitale umano attraverso la continua acquisizione di competenze e conoscenze.<\/p>\n\n\n\n<p><strong>I vantaggi del lavoro nel BPO<\/strong><\/p>\n\n\n\n<p><strong>Un buon salario iniziale<br><\/strong>I call center di molti Paesi offrono buoni stipendi iniziali. In Paesi come l&#8217;India o in mercati di destinazione alternativi dell&#8217;Europa dell&#8217;Est come l&#8217;Albania, i dipendenti del BPO possono ottenere uno stipendio superiore a quello di chi svolge altri lavori tradizionali o della pubblica amministrazione. Le organizzazioni offrono ai nuovi assunti una formazione iniziale retribuita che li aiuta a comprendere i diversi processi lavorativi.<\/p>\n\n\n\n<p><strong>Premi e bonus di rendimento<br><\/strong>Un aspetto importante per chi lavora nel settore del BPO \u00e8 che pu\u00f2 guadagnare pi\u00f9 dei propri manager. I dipendenti ricevono mensilmente riconoscimenti finanziari e premi di rendimento.<\/p>\n\n\n\n<p><strong>Qualifiche<br><\/strong>Tutti i call center richiedono competenze di base o avanzate a seconda del servizio e del settore in cui operano. Per candidarsi a un posto di lavoro in un call center sono richieste conoscenze linguistiche e informatiche di base. Inoltre, per i lavori che richiedono un certo livello di competenza, \u00e8 utile una formazione di base in statistica, marketing, sanit\u00e0 e altro.<\/p>\n\n\n\n<p><strong>Formazione sul lavoro<br><\/strong>Il lavoro quotidiano in un call center pu\u00f2 diventare ripetitivo, ma le organizzazioni si assicurano di fornire una formazione continua e mirata sulle diverse funzioni aziendali. Le persone che lavorano nelle vendite vengono formate su come migliorare le loro capacit\u00e0 di negoziazione e comunicazione.<br>La formazione offre l&#8217;opportunit\u00e0 di passare a una posizione diversa con uno stipendio migliore.<\/p>\n\n\n\n<p><strong>Orari flessibili, assicurazione sanitaria e sociale<br><\/strong>I lavori part-time nel BPO sono ottimali per gli studenti che possono scegliere i turni in base alle proprie esigenze. Inoltre, le aziende che operano in questo settore rispettano i codici del lavoro.<\/p>\n","protected":false},"excerpt":{"rendered":"<p>Chi non ha mai vissuto il paradosso dell&#8217;esperienza lavorativa? \u00c8 anche chiamato paradosso del permesso. In parole povere, i neolaureati non riescono a trovare lavoro perch\u00e9 non hanno esperienza pregressa, e non riescono a fare esperienza perch\u00e9 non riescono a trovare lavoro.Cosa possono fare per acquisire esperienza e inserirla nel curriculum?StageEsperienze di volontariatoFormazione all&#8217;estero Tutte [&hellip;]<\/p>\n","protected":false},"author":2,"featured_media":39624,"parent":0,"menu_order":48,"comment_status":"closed","ping_status":"closed","template":"","meta":{"_uag_custom_page_level_css":"","_genesis_hide_title":false,"_genesis_hide_breadcrumbs":false,"_genesis_hide_singular_image":false,"_genesis_hide_footer_widgets":false,"_genesis_custom_body_class":"","_genesis_custom_post_class":"","_genesis_layout":"","_themeisle_gutenberg_block_has_review":false,"footnotes":""},"featured_image_src":"https:\/\/invest-in-albania.org\/wp-content\/uploads\/BPO-jobs.jpg","featured_image_src_square":"https:\/\/invest-in-albania.org\/wp-content\/uploads\/BPO-jobs.jpg","uagb_featured_image_src":{"full":["https:\/\/invest-in-albania.org\/wp-content\/uploads\/BPO-jobs.jpg",1920,1280,false],"thumbnail":["https:\/\/invest-in-albania.org\/wp-content\/uploads\/BPO-jobs-280x195.jpg",280,195,true],"medium":["https:\/\/invest-in-albania.org\/wp-content\/uploads\/BPO-jobs-300x200.jpg",300,200,true],"medium_large":["https:\/\/invest-in-albania.org\/wp-content\/uploads\/BPO-jobs-768x512.jpg",768,512,true],"large":["https:\/\/invest-in-albania.org\/wp-content\/uploads\/BPO-jobs-1024x683.jpg",1024,683,true],"1536x1536":["https:\/\/invest-in-albania.org\/wp-content\/uploads\/BPO-jobs-1536x1024.jpg",1536,1024,true],"2048x2048":["https:\/\/invest-in-albania.org\/wp-content\/uploads\/BPO-jobs.jpg",1920,1280,false],"single-featured-image":["https:\/\/invest-in-albania.org\/wp-content\/uploads\/BPO-jobs.jpg",578,385,false],"blog-featured-image":["https:\/\/invest-in-albania.org\/wp-content\/uploads\/BPO-jobs.jpg",435,290,false],"home-featured":["https:\/\/invest-in-albania.org\/wp-content\/uploads\/BPO-jobs.jpg",380,253,false],"gb-block-post-grid-landscape":["https:\/\/invest-in-albania.org\/wp-content\/uploads\/BPO-jobs.jpg",600,400,false],"gb-block-post-grid-square":["https:\/\/invest-in-albania.org\/wp-content\/uploads\/BPO-jobs.jpg",600,400,false]},"uagb_author_info":{"display_name":"Vjollca Shehu","author_link":"https:\/\/invest-in-albania.org\/it\/author\/iia\/"},"uagb_comment_info":0,"uagb_excerpt":"Chi non ha mai vissuto il paradosso dell&#8217;esperienza lavorativa? \u00c8 anche chiamato paradosso del permesso. In parole povere, i neolaureati non riescono a trovare lavoro perch\u00e9 non hanno esperienza pregressa, e non riescono a fare esperienza perch\u00e9 non riescono a trovare lavoro.Cosa possono fare per acquisire esperienza e inserirla nel curriculum?StageEsperienze di volontariatoFormazione all&#8217;estero Tutte&hellip;","_links":{"self":[{"href":"https:\/\/invest-in-albania.org\/it\/wp-json\/wp\/v2\/pages\/60118"}],"collection":[{"href":"https:\/\/invest-in-albania.org\/it\/wp-json\/wp\/v2\/pages"}],"about":[{"href":"https:\/\/invest-in-albania.org\/it\/wp-json\/wp\/v2\/types\/page"}],"author":[{"embeddable":true,"href":"https:\/\/invest-in-albania.org\/it\/wp-json\/wp\/v2\/users\/2"}],"replies":[{"embeddable":true,"href":"https:\/\/invest-in-albania.org\/it\/wp-json\/wp\/v2\/comments?post=60118"}],"version-history":[{"count":1,"href":"https:\/\/invest-in-albania.org\/it\/wp-json\/wp\/v2\/pages\/60118\/revisions"}],"predecessor-version":[{"id":60119,"href":"https:\/\/invest-in-albania.org\/it\/wp-json\/wp\/v2\/pages\/60118\/revisions\/60119"}],"wp:featuredmedia":[{"embeddable":true,"href":"https:\/\/invest-in-albania.org\/it\/wp-json\/wp\/v2\/media\/39624"}],"wp:attachment":[{"href":"https:\/\/invest-in-albania.org\/it\/wp-json\/wp\/v2\/media?parent=60118"}],"curies":[{"name":"wp","href":"https:\/\/api.w.org\/{rel}","templated":true}]}}