{"id":60113,"date":"2024-04-06T16:35:03","date_gmt":"2024-04-06T14:35:03","guid":{"rendered":"https:\/\/invest-in-albania.org\/?page_id=60113"},"modified":"2024-04-06T16:35:10","modified_gmt":"2024-04-06T14:35:10","slug":"albania-una-potenziale-destinazione-per-loutsourcing-del-supporto-ai-social-media","status":"publish","type":"page","link":"https:\/\/invest-in-albania.org\/it\/albania-una-potenziale-destinazione-per-loutsourcing-del-supporto-ai-social-media\/","title":{"rendered":"Albania, una potenziale destinazione per l&#8217;outsourcing del supporto ai social media"},"content":{"rendered":"\n<p>Se da un lato i social media sono considerati un ottimo canale per l&#8217;assistenza ai clienti, dall&#8217;altro i social media stessi devono gestire numerose azioni quotidiane da parte dei loro utenti.<\/p>\n\n\n\n<p>Recentemente, Facebook ha annunciato l&#8217;apertura di un centro di revisione dei contenuti nei Balcani.<\/p>\n\n\n\n<p>Questo porta all&#8217;attenzione le grandi opportunit\u00e0 che il supporto dei social media offre al mercato del BPO in vari Paesi. Attualmente, i social media rappresentano due funzioni principali: il marketing e la comunicazione. Oltre al fatto ben noto che i gatti dominano internet e di conseguenza il vostro social network preferito, vediamo alcune statistiche serie sui principali social media:<br>Facebook &#8211; Il numero totale di utenti attivi mensili nel 2018 \u00e8 stato di 2,27 miliardi.<br>YouTube &#8211; Il numero totale di utenti attivi mensili nel 2018 \u00e8 stato di 1,9 miliardi.<br>Instagram &#8211; Il numero totale di utenti attivi mensilmente nel 2018 \u00e8 stato di 1 miliardo di persone.<br>Twitter &#8211; Il numero totale di utenti attivi mensili nel 2018 \u00e8 stato di 326 milioni.<\/p>\n\n\n\n<p>Questi e molti altri social media sono composti da miliardi di azioni quotidiane dei loro utenti. Pubblicano immagini, mettono &#8220;mi piace&#8221; o &#8220;non mi piace&#8221; ai post, condividono, segnalano i post e molto altro ancora. D&#8217;altra parte, tutti i social network sopra citati sono aziende multimiliardarie. Fanno enormi investimenti nell&#8217;intelligenza artificiale quando si tratta di azioni semplici come il riconoscimento delle lingue e la traduzione. Eppure, qualche anno fa, Facebook ha dovuto tradurre ed etichettare manualmente vari post pubblici per 9 milioni di parole.<\/p>\n\n\n\n<p>E le segnalazioni?<\/p>\n\n\n\n<p>I social network utilizzano algoritmi per aiutare le varie comunit\u00e0 di utenti. Tuttavia, in molti casi, si affidano a persone reali per esaminare segnalazioni e commenti. \u00c8 difficile per una macchina distinguere tra un&#8217;affermazione o un commento di odio e uno di bullismo.<\/p>\n\n\n\n<p>Pertanto, allo stato attuale, l&#8217;intelligenza artificiale incontra difficolt\u00e0 quando si tratta di individuare account o post autentici che possono essere oggetto di segnalazione. Mentre le aziende lavorano per sviluppare macchine migliori, creano centri di revisione dei contenuti in tutto il mondo. Le persone che lavorano in questi centri chiudono gli account falsi, cancellano i commenti, le foto e altri contenuti che violano le regole e non sono ammessi sulla piattaforma.<\/p>\n\n\n\n<p>Quasi un anno fa, i giornalisti hanno potuto visitare per la prima volta uno dei centri di moderazione dei contenuti di Facebook a Essen, in Germania. Il centro \u00e8 gestito da un call center leader in Europa. Competence Call Center \u00e8 una societ\u00e0 che gestisce siti internazionali, compresi i Balcani.<br>Nel frattempo, l&#8217;Albania offre un grande valore anche ad aziende come CCC che intendono espandersi e aumentare la propria presenza nell&#8217;Europa sudorientale.<\/p>\n\n\n\n<p>Queste aziende darebbero impulso all&#8217;industria del BPO nel Paese e sfrutterebbero le competenze della forza lavoro impegnata nel settore.<br>L&#8217;Albania offre una forza lavoro multilingue giovane e ben istruita, nonch\u00e9 un costo del lavoro conveniente per tutte le principali aziende che sono alla ricerca di una nuova diversit\u00e0 linguistica e di competenze eccellenti.<\/p>\n","protected":false},"excerpt":{"rendered":"<p>Se da un lato i social media sono considerati un ottimo canale per l&#8217;assistenza ai clienti, dall&#8217;altro i social media stessi devono gestire numerose azioni quotidiane da parte dei loro utenti. Recentemente, Facebook ha annunciato l&#8217;apertura di un centro di revisione dei contenuti nei Balcani. Questo porta all&#8217;attenzione le grandi opportunit\u00e0 che il supporto dei [&hellip;]<\/p>\n","protected":false},"author":2,"featured_media":40593,"parent":0,"menu_order":47,"comment_status":"closed","ping_status":"closed","template":"","meta":{"_uag_custom_page_level_css":"","_genesis_hide_title":false,"_genesis_hide_breadcrumbs":false,"_genesis_hide_singular_image":false,"_genesis_hide_footer_widgets":false,"_genesis_custom_body_class":"","_genesis_custom_post_class":"","_genesis_layout":"","_themeisle_gutenberg_block_has_review":false,"footnotes":""},"featured_image_src":"https:\/\/invest-in-albania.org\/wp-content\/uploads\/social-media-support.jpg","featured_image_src_square":"https:\/\/invest-in-albania.org\/wp-content\/uploads\/social-media-support.jpg","uagb_featured_image_src":{"full":["https:\/\/invest-in-albania.org\/wp-content\/uploads\/social-media-support.jpg",1920,1357,false],"thumbnail":["https:\/\/invest-in-albania.org\/wp-content\/uploads\/social-media-support-280x195.jpg",280,195,true],"medium":["https:\/\/invest-in-albania.org\/wp-content\/uploads\/social-media-support-300x212.jpg",300,212,true],"medium_large":["https:\/\/invest-in-albania.org\/wp-content\/uploads\/social-media-support-768x543.jpg",768,543,true],"large":["https:\/\/invest-in-albania.org\/wp-content\/uploads\/social-media-support-1024x724.jpg",1024,724,true],"1536x1536":["https:\/\/invest-in-albania.org\/wp-content\/uploads\/social-media-support-1536x1086.jpg",1536,1086,true],"2048x2048":["https:\/\/invest-in-albania.org\/wp-content\/uploads\/social-media-support.jpg",1920,1357,false],"single-featured-image":["https:\/\/invest-in-albania.org\/wp-content\/uploads\/social-media-support.jpg",545,385,false],"blog-featured-image":["https:\/\/invest-in-albania.org\/wp-content\/uploads\/social-media-support.jpg",410,290,false],"home-featured":["https:\/\/invest-in-albania.org\/wp-content\/uploads\/social-media-support.jpg",380,269,false],"gb-block-post-grid-landscape":["https:\/\/invest-in-albania.org\/wp-content\/uploads\/social-media-support.jpg",566,400,false],"gb-block-post-grid-square":["https:\/\/invest-in-albania.org\/wp-content\/uploads\/social-media-support.jpg",600,424,false]},"uagb_author_info":{"display_name":"Vjollca Shehu","author_link":"https:\/\/invest-in-albania.org\/it\/author\/iia\/"},"uagb_comment_info":0,"uagb_excerpt":"Se da un lato i social media sono considerati un ottimo canale per l&#8217;assistenza ai clienti, dall&#8217;altro i social media stessi devono gestire numerose azioni quotidiane da parte dei loro utenti. Recentemente, Facebook ha annunciato l&#8217;apertura di un centro di revisione dei contenuti nei Balcani. Questo porta all&#8217;attenzione le grandi opportunit\u00e0 che il supporto dei&hellip;","_links":{"self":[{"href":"https:\/\/invest-in-albania.org\/it\/wp-json\/wp\/v2\/pages\/60113"}],"collection":[{"href":"https:\/\/invest-in-albania.org\/it\/wp-json\/wp\/v2\/pages"}],"about":[{"href":"https:\/\/invest-in-albania.org\/it\/wp-json\/wp\/v2\/types\/page"}],"author":[{"embeddable":true,"href":"https:\/\/invest-in-albania.org\/it\/wp-json\/wp\/v2\/users\/2"}],"replies":[{"embeddable":true,"href":"https:\/\/invest-in-albania.org\/it\/wp-json\/wp\/v2\/comments?post=60113"}],"version-history":[{"count":1,"href":"https:\/\/invest-in-albania.org\/it\/wp-json\/wp\/v2\/pages\/60113\/revisions"}],"predecessor-version":[{"id":60114,"href":"https:\/\/invest-in-albania.org\/it\/wp-json\/wp\/v2\/pages\/60113\/revisions\/60114"}],"wp:featuredmedia":[{"embeddable":true,"href":"https:\/\/invest-in-albania.org\/it\/wp-json\/wp\/v2\/media\/40593"}],"wp:attachment":[{"href":"https:\/\/invest-in-albania.org\/it\/wp-json\/wp\/v2\/media?parent=60113"}],"curies":[{"name":"wp","href":"https:\/\/api.w.org\/{rel}","templated":true}]}}