{"id":60107,"date":"2024-04-06T16:32:01","date_gmt":"2024-04-06T14:32:01","guid":{"rendered":"https:\/\/invest-in-albania.org\/?page_id=60107"},"modified":"2024-04-06T16:32:24","modified_gmt":"2024-04-06T14:32:24","slug":"60107-2","status":"publish","type":"page","link":"https:\/\/invest-in-albania.org\/it\/60107-2\/","title":{"rendered":"Come migliorare le condizioni di lavoro nei call center albanesi"},"content":{"rendered":"<div class=\"wp-block-image\">\n<figure class=\"aligncenter\"><img loading=\"lazy\" decoding=\"async\" width=\"1024\" height=\"482\" src=\"http:\/\/new.invest-in-albania.org\/wp-content\/uploads\/call-center-2-1-1024x482.jpg\" alt=\"\" class=\"wp-image-41821\" srcset=\"https:\/\/invest-in-albania.org\/wp-content\/uploads\/call-center-2-1-1024x482.jpg 1024w, https:\/\/invest-in-albania.org\/wp-content\/uploads\/call-center-2-1-300x141.jpg 300w, https:\/\/invest-in-albania.org\/wp-content\/uploads\/call-center-2-1-768x362.jpg 768w, https:\/\/invest-in-albania.org\/wp-content\/uploads\/call-center-2-1-580x273.jpg 580w, https:\/\/invest-in-albania.org\/wp-content\/uploads\/call-center-2-1-860x405.jpg 860w, https:\/\/invest-in-albania.org\/wp-content\/uploads\/call-center-2-1-1160x546.jpg 1160w, https:\/\/invest-in-albania.org\/wp-content\/uploads\/call-center-2-1.jpg 1280w\" sizes=\"(max-width: 1024px) 100vw, 1024px\" \/><\/figure><\/div>\n\n\n<p>Il settore del BPO in Albania impiega attualmente una forza lavoro di oltre 35.000 persone. Nonostante il ruolo importante di questa industria nel mercato del lavoro, mancano informazioni accurate sul settore. Recentemente, <a href=\"https:\/\/togetherforlife.org.al\/en\/monitoring-implementation-labor-rights-call-center-sector\/\" target=\"_blank\" rel=\"noopener\">l&#8217;organizzazione Together for Life ha pubblicato i risultati di un rapporto sull&#8217;attuazione dei diritti del lavoro<\/a> nel settore dei call center.<\/p>\n\n\n\n<p>Il rapporto, che fa parte di un progetto sul miglioramento delle condizioni di lavoro nel settore dei call center in Albania, offre dati preziosi sull&#8217;ambiente interno ed esterno dei call center che operano nel Paese.<br>Uno dei risultati pi\u00f9 importanti dell&#8217;indagine conferma che il 90% delle persone intervistate afferma che le loro famiglie generano reddito dal loro impiego e indirettamente dichiara che non ci sono altre fonti di reddito per coprire le spese di vita mensili.<\/p>\n\n\n<p>In termini di dati demografici, l&#8217;indagine condotta nei call center di Tirana, Durazzo, Scutari e Valona fornisce dettagli sulle qualifiche e sulle tendenze occupazionali della forza lavoro impiegata in questo settore.<br \/>\n&#8220;Al momento della stesura di questo rapporto, in Albania sono state registrate 858 attivit\u00e0 come Call Center. Sulla base di questi dati, il 68% di queste attivit\u00e0 registrate presso il Centro nazionale di registrazione sono attive, mostrando una crescita costante nel mercato del lavoro&#8221;, sottolinea il rapporto.<\/p>\n<p>I dati mostrano che il 79,5% degli intervistati che lavorano nei call center ha un&#8217;et\u00e0 compresa tra i 18 e i 30 anni. Questa fascia di et\u00e0 corrisponde al gruppo di et\u00e0 che termina la scuola superiore e l&#8217;universit\u00e0. Questi dati mostrano una comprensione significativa anche del processo di occupazione giovanile in Albania.<br \/>\nCirca il 71% frequenta ancora l&#8217;universit\u00e0 e possiede una laurea o un diploma post-laurea. Oltre il 42,6% dei dipendenti di questi call center ha un diploma di laurea, un master e un dottorato.<br \/>\nOltre il 93,8% ha almeno completato la scuola superiore.<br \/>\nIl rapporto \u00e8 importante perch\u00e9 mostra la durata della vita lavorativa dei giovani che non hanno ancora completato gli studi. In queste circostanze, questa categoria di dipendenti considera l&#8217;impiego nel Call Center come temporaneo,<\/p>\n<p>Le conclusioni confermano che le attivit\u00e0 di Call Center forniscono un&#8217;occupazione significativa della forza lavoro attiva. Il 39,8% degli intervistati afferma che il motivo principale dell&#8217;impiego in questo settore \u00e8 la retribuzione per unit\u00e0 di tempo di lavoro, migliore rispetto ad altri siti lavorativi.<\/p>\n<p>\u00c8 un lavoro soddisfacente per gli studenti e i giovani laureati, grazie alla flessibilit\u00e0 nella scelta degli orari di lavoro.<\/p>\n<p>I call center offrono opportunit\u00e0 di lavoro favorevoli per entrambi i sessi.<\/p>\n<p>Le buone condizioni di lavoro non corrispondono a una buona salute generale sul lavoro.<br \/>\n&#8220;Per la maggior parte degli intervistati, le condizioni di lavoro sono molto buone. La salute sul posto di lavoro \u00e8 una parte molto importante e gli svantaggi del lavoro nei Call Center sono emersi da questo studio, classificando lo stress, il problema con l&#8217;udito e la vista, la monotonia del lavoro, i problemi di concentrazione, l&#8217;impossibilit\u00e0 di usare le cuffie al lavoro, le condizioni della colonna vertebrale&#8221;, si legge nel rapporto.<\/p>\n<p>Una delle parti pi\u00f9 importanti del rapporto comprende le raccomandazioni che contribuirebbero a migliorare le condizioni di lavoro e ad aumentare la soddisfazione della forza lavoro dei call center.<\/p>\n<p>Le principali raccomandazioni includono:<\/p>\n<p>1. Rafforzare il sistema e i meccanismi di ispezione attraverso le strutture statali per rispettare i diritti dei dipendenti nel settore dei call center. Ci\u00f2 pu\u00f2 essere fatto aumentando la capacit\u00e0 professionale degli ispettori del lavoro, sulla base delle specifiche e delle caratteristiche del settore, al fine di monitorare e controllare professionalmente;<br \/>\n2. Sviluppare iniziative e progettare politiche incoraggianti che consentano la funzionalit\u00e0 del Consiglio per la salute e la sicurezza sul lavoro. A nostro avviso, avrebbe un impatto positivo l&#8217;istituzione del Consiglio per la salute e la sicurezza sul lavoro a livello intersettoriale, con l&#8217;obiettivo di unificare la sua funzionalit\u00e0 in un gran numero di entit\u00e0 che operano in questo settore dell&#8217;economia.<br \/>\n3. Creare le condizioni per promuovere e incoraggiare la creazione del movimento sindacale in questo settore, al fine di rappresentare gli interessi dei lavoratori, rispettare e beneficiare di maggiori diritti attraverso il contratto collettivo di lavoro;<br \/>\n4. sensibilizzare i lavoratori del settore dei call center ai diritti del lavoro, ai concetti di lavoro dignitoso e di libert\u00e0 sindacale. \u00c8 inoltre importante che tutti i processi informativi sottolineino i diritti e i doveri che le parti incluse nel contratto individuale\/collettivo (datore di lavoro\/dipendente\/organizzazione sindacale) hanno tra loro.<br \/>\n5. In considerazione delle specificit\u00e0 dell&#8217;impiego nel settore dei Call Center, del numero considerevole di dipendenti e del fatto che non si pu\u00f2 parlare semplicemente di lavoro temporaneo, \u00e8 necessario adottare atti normativi secondari riguardanti la durata dell&#8217;orario di lavoro, le ferie e la retribuzione.<\/p>","protected":false},"excerpt":{"rendered":"<p>Il settore del BPO in Albania impiega attualmente una forza lavoro di oltre 35.000 persone. Nonostante il ruolo importante di questa industria nel mercato del lavoro, mancano informazioni accurate sul settore. Recentemente, l&#8217;organizzazione Together for Life ha pubblicato i risultati di un rapporto sull&#8217;attuazione dei diritti del lavoro nel settore dei call center. Il rapporto, [&hellip;]<\/p>\n","protected":false},"author":2,"featured_media":41824,"parent":0,"menu_order":46,"comment_status":"closed","ping_status":"closed","template":"","meta":{"_uag_custom_page_level_css":"","_genesis_hide_title":false,"_genesis_hide_breadcrumbs":false,"_genesis_hide_singular_image":false,"_genesis_hide_footer_widgets":false,"_genesis_custom_body_class":"","_genesis_custom_post_class":"","_genesis_layout":"","_themeisle_gutenberg_block_has_review":false,"footnotes":""},"featured_image_src":"https:\/\/invest-in-albania.org\/wp-content\/uploads\/call-center-2-1.jpg","featured_image_src_square":"https:\/\/invest-in-albania.org\/wp-content\/uploads\/call-center-2-1.jpg","uagb_featured_image_src":{"full":["https:\/\/invest-in-albania.org\/wp-content\/uploads\/call-center-2-1.jpg",1280,603,false],"thumbnail":["https:\/\/invest-in-albania.org\/wp-content\/uploads\/call-center-2-1-280x195.jpg",280,195,true],"medium":["https:\/\/invest-in-albania.org\/wp-content\/uploads\/call-center-2-1-300x141.jpg",300,141,true],"medium_large":["https:\/\/invest-in-albania.org\/wp-content\/uploads\/call-center-2-1-768x362.jpg",768,362,true],"large":["https:\/\/invest-in-albania.org\/wp-content\/uploads\/call-center-2-1-1024x482.jpg",1024,482,true],"1536x1536":["https:\/\/invest-in-albania.org\/wp-content\/uploads\/call-center-2-1.jpg",1280,603,false],"2048x2048":["https:\/\/invest-in-albania.org\/wp-content\/uploads\/call-center-2-1.jpg",1280,603,false],"single-featured-image":["https:\/\/invest-in-albania.org\/wp-content\/uploads\/call-center-2-1.jpg",817,385,false],"blog-featured-image":["https:\/\/invest-in-albania.org\/wp-content\/uploads\/call-center-2-1.jpg",616,290,false],"home-featured":["https:\/\/invest-in-albania.org\/wp-content\/uploads\/call-center-2-1.jpg",380,179,false],"gb-block-post-grid-landscape":["https:\/\/invest-in-albania.org\/wp-content\/uploads\/call-center-2-1.jpg",600,283,false],"gb-block-post-grid-square":["https:\/\/invest-in-albania.org\/wp-content\/uploads\/call-center-2-1.jpg",600,283,false]},"uagb_author_info":{"display_name":"Vjollca Shehu","author_link":"https:\/\/invest-in-albania.org\/it\/author\/iia\/"},"uagb_comment_info":0,"uagb_excerpt":"Il settore del BPO in Albania impiega attualmente una forza lavoro di oltre 35.000 persone. Nonostante il ruolo importante di questa industria nel mercato del lavoro, mancano informazioni accurate sul settore. Recentemente, l&#8217;organizzazione Together for Life ha pubblicato i risultati di un rapporto sull&#8217;attuazione dei diritti del lavoro nel settore dei call center. Il rapporto,&hellip;","_links":{"self":[{"href":"https:\/\/invest-in-albania.org\/it\/wp-json\/wp\/v2\/pages\/60107"}],"collection":[{"href":"https:\/\/invest-in-albania.org\/it\/wp-json\/wp\/v2\/pages"}],"about":[{"href":"https:\/\/invest-in-albania.org\/it\/wp-json\/wp\/v2\/types\/page"}],"author":[{"embeddable":true,"href":"https:\/\/invest-in-albania.org\/it\/wp-json\/wp\/v2\/users\/2"}],"replies":[{"embeddable":true,"href":"https:\/\/invest-in-albania.org\/it\/wp-json\/wp\/v2\/comments?post=60107"}],"version-history":[{"count":2,"href":"https:\/\/invest-in-albania.org\/it\/wp-json\/wp\/v2\/pages\/60107\/revisions"}],"predecessor-version":[{"id":60110,"href":"https:\/\/invest-in-albania.org\/it\/wp-json\/wp\/v2\/pages\/60107\/revisions\/60110"}],"wp:featuredmedia":[{"embeddable":true,"href":"https:\/\/invest-in-albania.org\/it\/wp-json\/wp\/v2\/media\/41824"}],"wp:attachment":[{"href":"https:\/\/invest-in-albania.org\/it\/wp-json\/wp\/v2\/media?parent=60107"}],"curies":[{"name":"wp","href":"https:\/\/api.w.org\/{rel}","templated":true}]}}