{"id":60101,"date":"2024-04-06T14:59:43","date_gmt":"2024-04-06T12:59:43","guid":{"rendered":"https:\/\/invest-in-albania.org\/?page_id=60101"},"modified":"2024-04-06T14:59:48","modified_gmt":"2024-04-06T12:59:48","slug":"le-migliori-competenze-per-le-carriere-bpo-e-perche-lalbania-vince","status":"publish","type":"page","link":"https:\/\/invest-in-albania.org\/it\/le-migliori-competenze-per-le-carriere-bpo-e-perche-lalbania-vince\/","title":{"rendered":"Le migliori competenze per le carriere BPO e perch\u00e9 l&#8217;Albania vince?"},"content":{"rendered":"<div class=\"wp-block-image\">\n<figure class=\"aligncenter\"><img loading=\"lazy\" decoding=\"async\" width=\"1024\" height=\"735\" src=\"http:\/\/new.invest-in-albania.org\/wp-content\/uploads\/skills-1024x735.jpg\" alt=\"\" class=\"wp-image-41850\" srcset=\"https:\/\/invest-in-albania.org\/wp-content\/uploads\/skills-1024x735.jpg 1024w, https:\/\/invest-in-albania.org\/wp-content\/uploads\/skills-300x215.jpg 300w, https:\/\/invest-in-albania.org\/wp-content\/uploads\/skills-768x551.jpg 768w, https:\/\/invest-in-albania.org\/wp-content\/uploads\/skills-580x416.jpg 580w, https:\/\/invest-in-albania.org\/wp-content\/uploads\/skills-860x617.jpg 860w, https:\/\/invest-in-albania.org\/wp-content\/uploads\/skills-1160x833.jpg 1160w, https:\/\/invest-in-albania.org\/wp-content\/uploads\/skills.jpg 1280w\" sizes=\"(max-width: 1024px) 100vw, 1024px\" \/><\/figure><\/div>\n\n\n<p>Se da un lato i BPO aiutano le aziende di vari settori a reperire i talenti necessari a costi accessibili, dall&#8217;altro il settore trae vantaggi per i propri dipendenti in modi diversi. Oltre ai mercati tradizionali del BPO in Asia e America Latina, il settore \u00e8 in piena espansione in altre parti del mondo, come l&#8217;Europa sudorientale.<\/p>\n\n\n\n<p>I Paesi situati in questa parte dell&#8217;Europa stanno ricevendo l&#8217;attenzione dei BPO in espansione e le ragioni sono pi\u00f9 di 13. L&#8217;Europa dell&#8217;Est \u00e8 relativamente giovane e ben istruita in settori chiave come l&#8217;informatica, la finanza, la legge e molto altro. Nel frattempo, la conoscenza della lingua avviene in modo naturale. La posizione strategica di questi Paesi, a cavallo tra le influenze culturali occidentali e orientali, determina una diversit\u00e0 linguistica.<\/p>\n\n\n\n<p>Inoltre, Paesi come l&#8217;Albania garantiscono un ottimo equilibrio tra lavoro e vita privata grazie al grande accesso ai mari Adriatico e Ionio, al caldo clima mediterraneo e a uno stile di vita dinamico.<br>C&#8217;\u00e8 un gruppo di competenze di base che la maggior parte delle aziende di outsourcing cerca e la forza lavoro albanese le soddisfa tutte.<\/p>\n\n\n\n<h3 class=\"wp-block-heading\">Conoscenza di una lingua straniera<\/h3>\n\n\n\n<p>Le lingue straniere (prima e seconda) fanno parte dei programmi scolastici a partire dall&#8217;istruzione primaria. La lingua straniera \u00e8 un esame obbligatorio di livello A per gli studenti delle scuole superiori.<br>Oltre ai numerosi programmi di studio delle lingue straniere offerti in tutte le universit\u00e0 pubbliche e private dell&#8217;Albania, tutte le facolt\u00e0 includono materie di lingua straniera e inglese professionale a seconda della specializzazione perseguita dallo studente. A livello nazionale, ci sono cinque scuole superiori di lingue straniere a Tirana, Scutari, Elbasan, Korca e Gjirokastra.<br>Un&#8217;alta percentuale di albanesi parla inglese, italiano, tedesco, greco, francese, spagnolo e turco.<\/p>\n\n\n\n<h3 class=\"wp-block-heading\">Alfabetizzazione informatica<\/h3>\n\n\n\n<p>Data la giovane et\u00e0 della popolazione albanese, l&#8217;alfabetizzazione informatica di base \u00e8 diffusa in tutto il Paese. Inoltre, ci sono un totale di 3.200 studenti in programmi di formazione in informatica e oltre 7.300 professionisti IT certificati.<\/p>\n\n\n\n<h3 class=\"wp-block-heading\">Efficienza dei costi<\/h3>\n\n\n\n<p>Il livello di stipendio netto in Albania \u00e8 pi\u00f9 basso rispetto a tutti gli altri Paesi dell&#8217;Europa orientale. Tirana ha un basso costo della vita ed \u00e8 una vivace capitale giovanile. I prezzi degli immobili sono bassi rispetto ad altri Paesi. L&#8217;Albania \u00e8 uno dei pochi Paesi al mondo che si basa al 100% su risorse energetiche pulite e rinnovabili.<\/p>\n\n\n\n<h3 class=\"wp-block-heading\">Capacit\u00e0 di apprendimento<\/h3>\n\n\n\n<p>Gli albanesi imparano per tutta la vita. Ci\u00f2 significa che sono aperti ad apprendere nuove competenze e a migliorarsi. Il settore delle BPO offre ai dipendenti albanesi una formazione continua e opportunit\u00e0 per affinare le proprie competenze.<\/p>\n","protected":false},"excerpt":{"rendered":"<p>Se da un lato i BPO aiutano le aziende di vari settori a reperire i talenti necessari a costi accessibili, dall&#8217;altro il settore trae vantaggi per i propri dipendenti in modi diversi. Oltre ai mercati tradizionali del BPO in Asia e America Latina, il settore \u00e8 in piena espansione in altre parti del mondo, come [&hellip;]<\/p>\n","protected":false},"author":2,"featured_media":41853,"parent":0,"menu_order":45,"comment_status":"closed","ping_status":"closed","template":"","meta":{"_uag_custom_page_level_css":"","_genesis_hide_title":false,"_genesis_hide_breadcrumbs":false,"_genesis_hide_singular_image":false,"_genesis_hide_footer_widgets":false,"_genesis_custom_body_class":"","_genesis_custom_post_class":"","_genesis_layout":"","_themeisle_gutenberg_block_has_review":false,"footnotes":""},"featured_image_src":"https:\/\/invest-in-albania.org\/wp-content\/uploads\/skills.jpg","featured_image_src_square":"https:\/\/invest-in-albania.org\/wp-content\/uploads\/skills.jpg","uagb_featured_image_src":{"full":["https:\/\/invest-in-albania.org\/wp-content\/uploads\/skills.jpg",1280,919,false],"thumbnail":["https:\/\/invest-in-albania.org\/wp-content\/uploads\/skills-280x195.jpg",280,195,true],"medium":["https:\/\/invest-in-albania.org\/wp-content\/uploads\/skills-300x215.jpg",300,215,true],"medium_large":["https:\/\/invest-in-albania.org\/wp-content\/uploads\/skills-768x551.jpg",768,551,true],"large":["https:\/\/invest-in-albania.org\/wp-content\/uploads\/skills-1024x735.jpg",1024,735,true],"1536x1536":["https:\/\/invest-in-albania.org\/wp-content\/uploads\/skills.jpg",1280,919,false],"2048x2048":["https:\/\/invest-in-albania.org\/wp-content\/uploads\/skills.jpg",1280,919,false],"single-featured-image":["https:\/\/invest-in-albania.org\/wp-content\/uploads\/skills.jpg",536,385,false],"blog-featured-image":["https:\/\/invest-in-albania.org\/wp-content\/uploads\/skills.jpg",404,290,false],"home-featured":["https:\/\/invest-in-albania.org\/wp-content\/uploads\/skills.jpg",380,273,false],"gb-block-post-grid-landscape":["https:\/\/invest-in-albania.org\/wp-content\/uploads\/skills.jpg",557,400,false],"gb-block-post-grid-square":["https:\/\/invest-in-albania.org\/wp-content\/uploads\/skills.jpg",600,431,false]},"uagb_author_info":{"display_name":"Vjollca Shehu","author_link":"https:\/\/invest-in-albania.org\/it\/author\/iia\/"},"uagb_comment_info":0,"uagb_excerpt":"Se da un lato i BPO aiutano le aziende di vari settori a reperire i talenti necessari a costi accessibili, dall&#8217;altro il settore trae vantaggi per i propri dipendenti in modi diversi. Oltre ai mercati tradizionali del BPO in Asia e America Latina, il settore \u00e8 in piena espansione in altre parti del mondo, come&hellip;","_links":{"self":[{"href":"https:\/\/invest-in-albania.org\/it\/wp-json\/wp\/v2\/pages\/60101"}],"collection":[{"href":"https:\/\/invest-in-albania.org\/it\/wp-json\/wp\/v2\/pages"}],"about":[{"href":"https:\/\/invest-in-albania.org\/it\/wp-json\/wp\/v2\/types\/page"}],"author":[{"embeddable":true,"href":"https:\/\/invest-in-albania.org\/it\/wp-json\/wp\/v2\/users\/2"}],"replies":[{"embeddable":true,"href":"https:\/\/invest-in-albania.org\/it\/wp-json\/wp\/v2\/comments?post=60101"}],"version-history":[{"count":1,"href":"https:\/\/invest-in-albania.org\/it\/wp-json\/wp\/v2\/pages\/60101\/revisions"}],"predecessor-version":[{"id":60102,"href":"https:\/\/invest-in-albania.org\/it\/wp-json\/wp\/v2\/pages\/60101\/revisions\/60102"}],"wp:featuredmedia":[{"embeddable":true,"href":"https:\/\/invest-in-albania.org\/it\/wp-json\/wp\/v2\/media\/41853"}],"wp:attachment":[{"href":"https:\/\/invest-in-albania.org\/it\/wp-json\/wp\/v2\/media?parent=60101"}],"curies":[{"name":"wp","href":"https:\/\/api.w.org\/{rel}","templated":true}]}}