{"id":60091,"date":"2024-04-06T13:05:20","date_gmt":"2024-04-06T11:05:20","guid":{"rendered":"https:\/\/invest-in-albania.org\/?page_id=60091"},"modified":"2024-04-06T13:05:25","modified_gmt":"2024-04-06T11:05:25","slug":"quali-sono-le-principali-sfide-per-le-risorse-umane-nel-settore-del-bpo","status":"publish","type":"page","link":"https:\/\/invest-in-albania.org\/it\/quali-sono-le-principali-sfide-per-le-risorse-umane-nel-settore-del-bpo\/","title":{"rendered":"Quali sono le principali sfide per le risorse umane nel settore del BPO?"},"content":{"rendered":"<div class=\"wp-block-image\">\n<figure class=\"aligncenter\"><img loading=\"lazy\" decoding=\"async\" width=\"1024\" height=\"683\" src=\"http:\/\/new.invest-in-albania.org\/wp-content\/uploads\/human-resources-outsourcing-1024x683.jpg\" alt=\"human resources\" class=\"wp-image-39643\" srcset=\"https:\/\/invest-in-albania.org\/wp-content\/uploads\/human-resources-outsourcing-1024x683.jpg 1024w, https:\/\/invest-in-albania.org\/wp-content\/uploads\/human-resources-outsourcing-300x200.jpg 300w, https:\/\/invest-in-albania.org\/wp-content\/uploads\/human-resources-outsourcing-768x512.jpg 768w, https:\/\/invest-in-albania.org\/wp-content\/uploads\/human-resources-outsourcing-1536x1024.jpg 1536w, https:\/\/invest-in-albania.org\/wp-content\/uploads\/human-resources-outsourcing-580x387.jpg 580w, https:\/\/invest-in-albania.org\/wp-content\/uploads\/human-resources-outsourcing-860x573.jpg 860w, https:\/\/invest-in-albania.org\/wp-content\/uploads\/human-resources-outsourcing-1160x773.jpg 1160w, https:\/\/invest-in-albania.org\/wp-content\/uploads\/human-resources-outsourcing.jpg 1920w\" sizes=\"(max-width: 1024px) 100vw, 1024px\" \/><\/figure><\/div>\n\n\n<p>Sebbene l&#8217;outsourcing sia considerato una soluzione strategica che fornisce alle startup e alle piccole imprese tutto l&#8217;aiuto necessario per la gestione di varie operazioni, il settore stesso ha le sue sfide quotidiane.<\/p>\n\n\n\n<p>Le aziende che operano nel settore del Business Process Outsourcing (BPO) hanno un numero considerevole di dipendenti. Pertanto, una delle principali sfide per il settore \u00e8 rappresentata dalle risorse umane. BPO. Molte BPO sono specializzate nell&#8217;esternalizzazione delle risorse umane per altri venditori, ma non per quanto riguarda le proprie attivit\u00e0 HR.<\/p>\n\n\n\n<p>Uno dei motivi per cui le aziende di tutto il mondo decidono di delegare operazioni come il customer care, le ricerche di mercato, le vendite o le risorse umane a un partner BPO \u00e8 che quest&#8217;ultimo fornisce la forza lavoro necessaria e le qualifiche richieste. In questo modo, il venditore evita tutte le incombenze legate al reclutamento del personale, alla formazione e alla conservazione dei talenti e l&#8217;onere finanziario che ne deriva per l&#8217;azienda.<\/p>\n\n\n\n<p>Come fanno i BPO a gestire contemporaneamente tutte queste funzioni per diversi clienti, facendo in modo che tutte le operazioni all&#8217;interno dell&#8217;azienda si svolgano senza intoppi?<\/p>\n\n\n\n<p>Le responsabilit\u00e0 del reparto HR in una societ\u00e0 di BPO vanno oltre il reclutamento e le buste paga. Le BPO si occupano per lo pi\u00f9 di compiti ripetitivi, noiosi e che richiedono tempo, che i venditori non possono permettersi di svolgere internamente. Pertanto, uno dei compiti degli specialisti delle risorse umane \u00e8 assicurarsi che tutti i dipendenti siano motivati e che l&#8217;atmosfera generale dell&#8217;azienda sia felice. Questo \u00e8 fondamentale per creare e promuovere una cultura positiva all&#8217;interno dell&#8217;azienda.<\/p>\n\n\n\n<p>I BPO creano il legame tra il venditore e i clienti. Il loro ruolo \u00e8 quello di costruire un ottimo rapporto tra le due parti. Gestire centinaia di dipendenti contemporaneamente \u00e8 uno dei compiti pi\u00f9 difficili per il dipartimento delle risorse umane. Gli specialisti delle risorse umane dedicati e positivi sono in grado di stabilire una grande comunicazione con il personale. Pertanto, possono identificare i problemi e affrontarli attraverso modifiche alle politiche interne o l&#8217;integrazione di nuove tecnologie che rendono il processo di lavoro pi\u00f9 semplice per tutti.<\/p>\n\n\n\n<p><strong>La formazione<br><\/strong>La formazione \u00e8 un elemento imprescindibile in un BPO, sia per il nuovo che per il vecchio personale. La formazione continua \u00e8 fondamentale per aiutare i nuovi assunti a comprendere il funzionamento dell&#8217;organizzazione e la sua cultura e i suoi valori. Nel frattempo, i dipendenti pi\u00f9 anziani devono ricevere una formazione continua per acquisire nuove competenze e migliorare le loro prospettive di carriera all&#8217;interno dell&#8217;organizzazione. Questo aiuterebbe a trattenere i talenti.<\/p>\n\n\n\n<p><strong>Conservazione dei talenti<br><\/strong>Uno dei compiti delle Risorse Umane \u00e8 reclutare nuovi talenti e trattenerli il pi\u00f9 possibile. Le risorse umane definiscono le strutture salariali e i benefit per i dipendenti. Tuttavia, le persone decidono di lasciare un&#8217;azienda per vari motivi. Gli specialisti delle risorse umane devono assicurarsi che tutte le politiche in materia di diritto del lavoro siano aggiornate e che i processi di assunzione e di uscita si svolgano facilmente.<\/p>\n\n\n\n<p>Gli specialisti delle risorse umane sono tra i dipendenti pi\u00f9 preziosi di un BPO. Insieme alla forza lavoro necessaria, sono la chiave per un&#8217;attivit\u00e0 lunga e prospera. Tenetelo a mente quando cercate la prossima destinazione dove espandere la vostra attivit\u00e0 di BPO. Paesi come l&#8217;Albania, con un gran numero di studenti e laureati in scienze sociali, economia e legge, sono ottimali per fornire tutte le risorse di cui avete bisogno.<\/p>\n","protected":false},"excerpt":{"rendered":"<p>Sebbene l&#8217;outsourcing sia considerato una soluzione strategica che fornisce alle startup e alle piccole imprese tutto l&#8217;aiuto necessario per la gestione di varie operazioni, il settore stesso ha le sue sfide quotidiane. Le aziende che operano nel settore del Business Process Outsourcing (BPO) hanno un numero considerevole di dipendenti. Pertanto, una delle principali sfide per [&hellip;]<\/p>\n","protected":false},"author":2,"featured_media":39646,"parent":0,"menu_order":43,"comment_status":"closed","ping_status":"closed","template":"","meta":{"_uag_custom_page_level_css":"","_genesis_hide_title":false,"_genesis_hide_breadcrumbs":false,"_genesis_hide_singular_image":false,"_genesis_hide_footer_widgets":false,"_genesis_custom_body_class":"","_genesis_custom_post_class":"","_genesis_layout":"","_themeisle_gutenberg_block_has_review":false,"footnotes":""},"featured_image_src":"https:\/\/invest-in-albania.org\/wp-content\/uploads\/human-resources-outsourcing.jpg","featured_image_src_square":"https:\/\/invest-in-albania.org\/wp-content\/uploads\/human-resources-outsourcing.jpg","uagb_featured_image_src":{"full":["https:\/\/invest-in-albania.org\/wp-content\/uploads\/human-resources-outsourcing.jpg",1920,1280,false],"thumbnail":["https:\/\/invest-in-albania.org\/wp-content\/uploads\/human-resources-outsourcing-280x195.jpg",280,195,true],"medium":["https:\/\/invest-in-albania.org\/wp-content\/uploads\/human-resources-outsourcing-300x200.jpg",300,200,true],"medium_large":["https:\/\/invest-in-albania.org\/wp-content\/uploads\/human-resources-outsourcing-768x512.jpg",768,512,true],"large":["https:\/\/invest-in-albania.org\/wp-content\/uploads\/human-resources-outsourcing-1024x683.jpg",1024,683,true],"1536x1536":["https:\/\/invest-in-albania.org\/wp-content\/uploads\/human-resources-outsourcing-1536x1024.jpg",1536,1024,true],"2048x2048":["https:\/\/invest-in-albania.org\/wp-content\/uploads\/human-resources-outsourcing.jpg",1920,1280,false],"single-featured-image":["https:\/\/invest-in-albania.org\/wp-content\/uploads\/human-resources-outsourcing.jpg",578,385,false],"blog-featured-image":["https:\/\/invest-in-albania.org\/wp-content\/uploads\/human-resources-outsourcing.jpg",435,290,false],"home-featured":["https:\/\/invest-in-albania.org\/wp-content\/uploads\/human-resources-outsourcing.jpg",380,253,false],"gb-block-post-grid-landscape":["https:\/\/invest-in-albania.org\/wp-content\/uploads\/human-resources-outsourcing.jpg",600,400,false],"gb-block-post-grid-square":["https:\/\/invest-in-albania.org\/wp-content\/uploads\/human-resources-outsourcing.jpg",600,400,false]},"uagb_author_info":{"display_name":"Vjollca Shehu","author_link":"https:\/\/invest-in-albania.org\/it\/author\/iia\/"},"uagb_comment_info":0,"uagb_excerpt":"Sebbene l&#8217;outsourcing sia considerato una soluzione strategica che fornisce alle startup e alle piccole imprese tutto l&#8217;aiuto necessario per la gestione di varie operazioni, il settore stesso ha le sue sfide quotidiane. Le aziende che operano nel settore del Business Process Outsourcing (BPO) hanno un numero considerevole di dipendenti. Pertanto, una delle principali sfide per&hellip;","_links":{"self":[{"href":"https:\/\/invest-in-albania.org\/it\/wp-json\/wp\/v2\/pages\/60091"}],"collection":[{"href":"https:\/\/invest-in-albania.org\/it\/wp-json\/wp\/v2\/pages"}],"about":[{"href":"https:\/\/invest-in-albania.org\/it\/wp-json\/wp\/v2\/types\/page"}],"author":[{"embeddable":true,"href":"https:\/\/invest-in-albania.org\/it\/wp-json\/wp\/v2\/users\/2"}],"replies":[{"embeddable":true,"href":"https:\/\/invest-in-albania.org\/it\/wp-json\/wp\/v2\/comments?post=60091"}],"version-history":[{"count":1,"href":"https:\/\/invest-in-albania.org\/it\/wp-json\/wp\/v2\/pages\/60091\/revisions"}],"predecessor-version":[{"id":60093,"href":"https:\/\/invest-in-albania.org\/it\/wp-json\/wp\/v2\/pages\/60091\/revisions\/60093"}],"wp:featuredmedia":[{"embeddable":true,"href":"https:\/\/invest-in-albania.org\/it\/wp-json\/wp\/v2\/media\/39646"}],"wp:attachment":[{"href":"https:\/\/invest-in-albania.org\/it\/wp-json\/wp\/v2\/media?parent=60091"}],"curies":[{"name":"wp","href":"https:\/\/api.w.org\/{rel}","templated":true}]}}