{"id":60089,"date":"2024-04-06T13:01:32","date_gmt":"2024-04-06T11:01:32","guid":{"rendered":"https:\/\/invest-in-albania.org\/?page_id=60089"},"modified":"2024-04-06T13:01:37","modified_gmt":"2024-04-06T11:01:37","slug":"cosa-esternalizzare-le-operazioni-di-back-o-front-office","status":"publish","type":"page","link":"https:\/\/invest-in-albania.org\/it\/cosa-esternalizzare-le-operazioni-di-back-o-front-office\/","title":{"rendered":"Cosa esternalizzare, le operazioni di back o front office?"},"content":{"rendered":"<div class=\"wp-block-image\">\n<figure class=\"alignright\"><img loading=\"lazy\" decoding=\"async\" width=\"1024\" height=\"682\" src=\"http:\/\/new.invest-in-albania.org\/wp-content\/uploads\/income-tax-1-1024x682.jpg\" alt=\"\" class=\"wp-image-40909\" srcset=\"https:\/\/invest-in-albania.org\/wp-content\/uploads\/income-tax-1-1024x682.jpg 1024w, https:\/\/invest-in-albania.org\/wp-content\/uploads\/income-tax-1-300x200.jpg 300w, https:\/\/invest-in-albania.org\/wp-content\/uploads\/income-tax-1-768x512.jpg 768w, https:\/\/invest-in-albania.org\/wp-content\/uploads\/income-tax-1-580x387.jpg 580w, https:\/\/invest-in-albania.org\/wp-content\/uploads\/income-tax-1-860x573.jpg 860w, https:\/\/invest-in-albania.org\/wp-content\/uploads\/income-tax-1-1160x773.jpg 1160w, https:\/\/invest-in-albania.org\/wp-content\/uploads\/income-tax-1.jpg 1280w\" sizes=\"(max-width: 1024px) 100vw, 1024px\" \/><\/figure><\/div>\n\n\n<p>Per avviare e far crescere un&#8217;attivit\u00e0 di successo, da una startup a un&#8217;azienda consolidata, non basta una grande idea. Anche se non esiste una ricetta specifica per il successo, esistono due categorie di operazioni fondamentali per ogni tipo di azienda. Il front office e il back office sono termini comuni nel mondo degli affari. Si tratta di operazioni che sono o non sono direttamente collegate ai clienti.<\/p>\n\n\n\n<p>Entrambe le categorie comprendono un&#8217;ampia gamma di operazioni. Tuttavia, ci\u00f2 non significa che ogni azienda gestisca queste operazioni internamente. Ci\u00f2 comporterebbe un&#8217;enorme quantit\u00e0 di denaro speso solo per i benefit dei dipendenti, gli uffici, le attrezzature, l&#8217;assistenza sanitaria e molto altro ancora.<br>In secondo luogo, trovare e trattenere i talenti \u00e8 una sfida continua.<\/p>\n\n\n\n<p>Un alto tasso di turnover dei dipendenti pu\u00f2 danneggiare l&#8217;azienda e la sua cultura.<br>Esistono molte aziende con forti strategie di fidelizzazione, ma non significa che tutte siano leader globali. Queste aziende si concentrano sul coinvolgimento dei propri dipendenti attraverso programmi di formazione e sviluppo. Hanno ottimi metodi per trattenere il loro personale ad alte prestazioni.<br>D&#8217;altro canto, le aziende pi\u00f9 piccole con budget limitati che non possono permettersi di gestire tutte le operazioni aziendali internamente decidono di esternalizzare.<br>Esternalizzano sia le attivit\u00e0 di back office che quelle di front office.<\/p>\n\n\n\n<p>Esternalizzazione delle funzioni di front office<br>Ogni funzione che rientra nella categoria del front office \u00e8 direttamente collegata al cliente. Le persone che lavorano in questo settore si concentrano sulla ricerca, l&#8217;attrazione e la fidelizzazione di nuovi clienti. Dato il legame diretto con il cliente, i servizi di front office creano e mantengono una buona immagine e reputazione dell&#8217;azienda.<\/p>\n\n\n\n<p><strong>Operazioni specifiche<br><\/strong>Marketing e vendite<br>Ricerche di mercato<br>Servizio clienti<br>Fissazione di appuntamenti<br>Elaborazione degli ordini<br>Assistenza tecnica<br>Help desk<br>Recupero crediti<\/p>\n\n\n\n<p><strong>Funzioni di back office<\/strong><\/p>\n\n\n\n<p>Le operazioni di back office richiedono poche competenze ma molto tempo. Per questo motivo sono considerate funzioni noiose, ma necessarie. Senza di esse, un&#8217;azienda non pu\u00f2 funzionare senza problemi. Tali funzioni sono per lo pi\u00f9 legate al settore amministrativo.<br><strong>Esse comprendono:<br><\/strong>Finanza e contabilit\u00e0<br>Contabilit\u00e0<br>Risorse umane<br>buste paga<br>Amministrazione fiscale<br>Servizi IT<br>Gestione dell&#8217;inventario<br>Logistica<\/p>\n\n\n\n<p>La creazione di un insieme completo di operazioni di front office e back office \u00e8 fondamentale per il successo di un&#8217;azienda. Grazie allo sviluppo tecnologico e alle soluzioni di outsourcing, ogni azienda pu\u00f2 gestire queste funzioni con il supporto di un partner di outsourcing. In questo modo, l&#8217;azienda ridurr\u00e0 le spese e otterr\u00e0 le competenze necessarie, concentrandosi sul team interno.<\/p>\n\n\n\n<p>La scelta dell&#8217;outsourcing dipende dalle esigenze e dalle specificit\u00e0 della vostra azienda. Se avete un&#8217;ampia base di clienti da gestire in diversi Paesi, dovreste optare per l&#8217;outsourcing del front office. Delegate le vendite e l&#8217;assistenza ai clienti a un partner esperto in Albania, che opera in pi\u00f9 di sette lingue.<\/p>\n","protected":false},"excerpt":{"rendered":"<p>Per avviare e far crescere un&#8217;attivit\u00e0 di successo, da una startup a un&#8217;azienda consolidata, non basta una grande idea. Anche se non esiste una ricetta specifica per il successo, esistono due categorie di operazioni fondamentali per ogni tipo di azienda. Il front office e il back office sono termini comuni nel mondo degli affari. Si [&hellip;]<\/p>\n","protected":false},"author":2,"featured_media":40912,"parent":0,"menu_order":42,"comment_status":"closed","ping_status":"closed","template":"","meta":{"_uag_custom_page_level_css":"","_genesis_hide_title":false,"_genesis_hide_breadcrumbs":false,"_genesis_hide_singular_image":false,"_genesis_hide_footer_widgets":false,"_genesis_custom_body_class":"","_genesis_custom_post_class":"","_genesis_layout":"","_themeisle_gutenberg_block_has_review":false,"footnotes":""},"featured_image_src":"https:\/\/invest-in-albania.org\/wp-content\/uploads\/income-tax-1.jpg","featured_image_src_square":"https:\/\/invest-in-albania.org\/wp-content\/uploads\/income-tax-1.jpg","uagb_featured_image_src":{"full":["https:\/\/invest-in-albania.org\/wp-content\/uploads\/income-tax-1.jpg",1280,853,false],"thumbnail":["https:\/\/invest-in-albania.org\/wp-content\/uploads\/income-tax-1-280x195.jpg",280,195,true],"medium":["https:\/\/invest-in-albania.org\/wp-content\/uploads\/income-tax-1-300x200.jpg",300,200,true],"medium_large":["https:\/\/invest-in-albania.org\/wp-content\/uploads\/income-tax-1-768x512.jpg",768,512,true],"large":["https:\/\/invest-in-albania.org\/wp-content\/uploads\/income-tax-1-1024x682.jpg",1024,682,true],"1536x1536":["https:\/\/invest-in-albania.org\/wp-content\/uploads\/income-tax-1.jpg",1280,853,false],"2048x2048":["https:\/\/invest-in-albania.org\/wp-content\/uploads\/income-tax-1.jpg",1280,853,false],"single-featured-image":["https:\/\/invest-in-albania.org\/wp-content\/uploads\/income-tax-1.jpg",578,385,false],"blog-featured-image":["https:\/\/invest-in-albania.org\/wp-content\/uploads\/income-tax-1.jpg",435,290,false],"home-featured":["https:\/\/invest-in-albania.org\/wp-content\/uploads\/income-tax-1.jpg",380,253,false],"gb-block-post-grid-landscape":["https:\/\/invest-in-albania.org\/wp-content\/uploads\/income-tax-1.jpg",600,400,false],"gb-block-post-grid-square":["https:\/\/invest-in-albania.org\/wp-content\/uploads\/income-tax-1.jpg",600,400,false]},"uagb_author_info":{"display_name":"Vjollca Shehu","author_link":"https:\/\/invest-in-albania.org\/it\/author\/iia\/"},"uagb_comment_info":0,"uagb_excerpt":"Per avviare e far crescere un&#8217;attivit\u00e0 di successo, da una startup a un&#8217;azienda consolidata, non basta una grande idea. Anche se non esiste una ricetta specifica per il successo, esistono due categorie di operazioni fondamentali per ogni tipo di azienda. Il front office e il back office sono termini comuni nel mondo degli affari. Si&hellip;","_links":{"self":[{"href":"https:\/\/invest-in-albania.org\/it\/wp-json\/wp\/v2\/pages\/60089"}],"collection":[{"href":"https:\/\/invest-in-albania.org\/it\/wp-json\/wp\/v2\/pages"}],"about":[{"href":"https:\/\/invest-in-albania.org\/it\/wp-json\/wp\/v2\/types\/page"}],"author":[{"embeddable":true,"href":"https:\/\/invest-in-albania.org\/it\/wp-json\/wp\/v2\/users\/2"}],"replies":[{"embeddable":true,"href":"https:\/\/invest-in-albania.org\/it\/wp-json\/wp\/v2\/comments?post=60089"}],"version-history":[{"count":1,"href":"https:\/\/invest-in-albania.org\/it\/wp-json\/wp\/v2\/pages\/60089\/revisions"}],"predecessor-version":[{"id":60090,"href":"https:\/\/invest-in-albania.org\/it\/wp-json\/wp\/v2\/pages\/60089\/revisions\/60090"}],"wp:featuredmedia":[{"embeddable":true,"href":"https:\/\/invest-in-albania.org\/it\/wp-json\/wp\/v2\/media\/40912"}],"wp:attachment":[{"href":"https:\/\/invest-in-albania.org\/it\/wp-json\/wp\/v2\/media?parent=60089"}],"curies":[{"name":"wp","href":"https:\/\/api.w.org\/{rel}","templated":true}]}}