{"id":60085,"date":"2024-04-06T01:10:16","date_gmt":"2024-04-05T23:10:16","guid":{"rendered":"https:\/\/invest-in-albania.org\/?page_id=60085"},"modified":"2024-04-06T01:10:21","modified_gmt":"2024-04-05T23:10:21","slug":"quali-funzioni-dovrebbe-esternalizzare-la-vostra-startup","status":"publish","type":"page","link":"https:\/\/invest-in-albania.org\/it\/quali-funzioni-dovrebbe-esternalizzare-la-vostra-startup\/","title":{"rendered":"Quali funzioni dovrebbe esternalizzare la vostra startup?"},"content":{"rendered":"\n<p>Si tratta di affari, tutto qui<br>Ci dicono semplicemente di esternalizzare<br>Ed \u00e8 per questo che Apple e Microsoft lo fanno<br>CISCO e American Express lo fanno,<br>persino GitHub e Alibaba lo fanno.<br>Facciamolo, esternalizziamo.<\/p>\n\n\n\n<p>Quando una piccola startup vuole crescere da 50 dollari a milioni, come ha fatto AppSumo, la cosa migliore \u00e8 esternalizzare tutto ci\u00f2 che vi impedisce di concentrarvi.<\/p>\n\n\n\n<p><strong>Quali funzioni esternalizzare?<br><\/strong>Fate un elenco di tutte le funzioni aziendali e dividetele in competenze fondamentali e competenze noiose\/che richiedono tempo. Inoltre, potete dividere i due gruppi in sottocategorie, come le funzioni che potete svolgere da soli, le funzioni che danneggerebbero il vostro budget se svolte internamente e le funzioni che nessuno nel vostro tempo sa fare.<br>L&#8217;outsourcing \u00e8 una soluzione che combina l&#8217;accesso a pool di talenti pi\u00f9 ampi a costi ridotti, aggiungendo valore ai vostri prodotti, mantenendo i vostri clienti soddisfatti e facendo funzionare senza intoppi ogni processo aziendale.<\/p>\n\n\n\n<p>Potete iniziare con le funzioni IT. All&#8217;inizio, potete assumere un libero professionista. Questi hanno esperienza, sono specializzati in pi\u00f9 di una competenza e possono aiutarvi a far crescere la vostra startup. Una volta raggiunta questa fase, potete esternalizzare i servizi IT e lo sviluppo del software a un&#8217;azienda.<\/p>\n\n\n\n<p><strong>Qualsiasi funzione relativa a finanza, contabilit\u00e0 e legge<br><\/strong>Queste funzioni sono necessarie per aiutare un&#8217;azienda di qualsiasi dimensione a funzionare meglio e pi\u00f9 velocemente. In un primo momento, aiutano a eliminare le noiose attivit\u00e0 legate alla finanza, alle tasse e alla legge. Le societ\u00e0 di outsourcing contabile non solo forniscono all&#8217;azienda le competenze di cui ha bisogno, ma contribuiscono anche a innovare le operazioni.<br>Le societ\u00e0 di outsourcing, in generale, si tengono al passo con le tendenze globali che aiutano a valutare la situazione finanziaria della startup\/impresa in un determinato momento e a prendere una decisione immediata quando necessario.<\/p>\n\n\n\n<p><strong>Servizi ai clienti<br><\/strong>Attirare i clienti \u00e8 difficile, ma quando si riesce a farlo, bisogna renderli felici. Un cliente felice \u00e8 essenziale per un&#8217;azienda di successo. Ricordate di non ignorare mai le esigenze dei clienti. Potreste avere migliaia di clienti da gestire, ma se uno ha delle domande, non gli piace aspettare o ripetere la stessa cosa a tre persone diverse.<br>Pertanto, dovreste assicurarvi di esternalizzare il vostro servizio clienti, quando vedete che il tempo \u00e8 arrivato. Scegliete una societ\u00e0 di BPO che operi attraverso diversi canali e in diverse lingue. Vi aiuter\u00e0 a far crescere la vostra attivit\u00e0 in nuovi mercati. Nella scelta del partner assicuratevi di firmare tutti i contratti che garantiscono la riservatezza dei vostri clienti.<\/p>\n\n\n\n<p><strong>Risorse umane<\/strong><\/p>\n\n\n\n<p>Un dipartimento HR interno comporta costi aggiuntivi. Si pagher\u00e0 di pi\u00f9 per l&#8217;amministrazione dei benefit, per gli strumenti e le attrezzature e per gli uffici. D&#8217;altra parte, se esternalizzate le vostre funzioni HR, avrete anche l&#8217;opportunit\u00e0 di fornire una formazione continua al vostro team interno. Ci\u00f2 contribuir\u00e0 a migliorare le loro prospettive di carriera e a trattenere i talenti.<\/p>\n","protected":false},"excerpt":{"rendered":"<p>Si tratta di affari, tutto quiCi dicono semplicemente di esternalizzareEd \u00e8 per questo che Apple e Microsoft lo fannoCISCO e American Express lo fanno,persino GitHub e Alibaba lo fanno.Facciamolo, esternalizziamo. Quando una piccola startup vuole crescere da 50 dollari a milioni, come ha fatto AppSumo, la cosa migliore \u00e8 esternalizzare tutto ci\u00f2 che vi impedisce [&hellip;]<\/p>\n","protected":false},"author":2,"featured_media":40628,"parent":0,"menu_order":41,"comment_status":"closed","ping_status":"closed","template":"","meta":{"_uag_custom_page_level_css":"","_genesis_hide_title":false,"_genesis_hide_breadcrumbs":false,"_genesis_hide_singular_image":false,"_genesis_hide_footer_widgets":false,"_genesis_custom_body_class":"","_genesis_custom_post_class":"","_genesis_layout":"","_themeisle_gutenberg_block_has_review":false,"footnotes":""},"featured_image_src":"https:\/\/invest-in-albania.org\/wp-content\/uploads\/startup-outsource.png","featured_image_src_square":"https:\/\/invest-in-albania.org\/wp-content\/uploads\/startup-outsource.png","uagb_featured_image_src":{"full":["https:\/\/invest-in-albania.org\/wp-content\/uploads\/startup-outsource.png",1280,1182,false],"thumbnail":["https:\/\/invest-in-albania.org\/wp-content\/uploads\/startup-outsource-280x195.png",280,195,true],"medium":["https:\/\/invest-in-albania.org\/wp-content\/uploads\/startup-outsource-300x277.png",300,277,true],"medium_large":["https:\/\/invest-in-albania.org\/wp-content\/uploads\/startup-outsource-768x709.png",768,709,true],"large":["https:\/\/invest-in-albania.org\/wp-content\/uploads\/startup-outsource-1024x946.png",1024,946,true],"1536x1536":["https:\/\/invest-in-albania.org\/wp-content\/uploads\/startup-outsource.png",1280,1182,false],"2048x2048":["https:\/\/invest-in-albania.org\/wp-content\/uploads\/startup-outsource.png",1280,1182,false],"single-featured-image":["https:\/\/invest-in-albania.org\/wp-content\/uploads\/startup-outsource.png",417,385,false],"blog-featured-image":["https:\/\/invest-in-albania.org\/wp-content\/uploads\/startup-outsource.png",314,290,false],"home-featured":["https:\/\/invest-in-albania.org\/wp-content\/uploads\/startup-outsource.png",380,351,false],"gb-block-post-grid-landscape":["https:\/\/invest-in-albania.org\/wp-content\/uploads\/startup-outsource.png",433,400,false],"gb-block-post-grid-square":["https:\/\/invest-in-albania.org\/wp-content\/uploads\/startup-outsource.png",600,554,false]},"uagb_author_info":{"display_name":"Vjollca Shehu","author_link":"https:\/\/invest-in-albania.org\/it\/author\/iia\/"},"uagb_comment_info":0,"uagb_excerpt":"Si tratta di affari, tutto quiCi dicono semplicemente di esternalizzareEd \u00e8 per questo che Apple e Microsoft lo fannoCISCO e American Express lo fanno,persino GitHub e Alibaba lo fanno.Facciamolo, esternalizziamo. Quando una piccola startup vuole crescere da 50 dollari a milioni, come ha fatto AppSumo, la cosa migliore \u00e8 esternalizzare tutto ci\u00f2 che vi impedisce&hellip;","_links":{"self":[{"href":"https:\/\/invest-in-albania.org\/it\/wp-json\/wp\/v2\/pages\/60085"}],"collection":[{"href":"https:\/\/invest-in-albania.org\/it\/wp-json\/wp\/v2\/pages"}],"about":[{"href":"https:\/\/invest-in-albania.org\/it\/wp-json\/wp\/v2\/types\/page"}],"author":[{"embeddable":true,"href":"https:\/\/invest-in-albania.org\/it\/wp-json\/wp\/v2\/users\/2"}],"replies":[{"embeddable":true,"href":"https:\/\/invest-in-albania.org\/it\/wp-json\/wp\/v2\/comments?post=60085"}],"version-history":[{"count":1,"href":"https:\/\/invest-in-albania.org\/it\/wp-json\/wp\/v2\/pages\/60085\/revisions"}],"predecessor-version":[{"id":60086,"href":"https:\/\/invest-in-albania.org\/it\/wp-json\/wp\/v2\/pages\/60085\/revisions\/60086"}],"wp:featuredmedia":[{"embeddable":true,"href":"https:\/\/invest-in-albania.org\/it\/wp-json\/wp\/v2\/media\/40628"}],"wp:attachment":[{"href":"https:\/\/invest-in-albania.org\/it\/wp-json\/wp\/v2\/media?parent=60085"}],"curies":[{"name":"wp","href":"https:\/\/api.w.org\/{rel}","templated":true}]}}