{"id":60080,"date":"2024-04-06T01:07:07","date_gmt":"2024-04-05T23:07:07","guid":{"rendered":"https:\/\/invest-in-albania.org\/?page_id=60080"},"modified":"2024-04-06T01:07:14","modified_gmt":"2024-04-05T23:07:14","slug":"come-loutsourcing-aiuta-le-startup-ad-avere-successo","status":"publish","type":"page","link":"https:\/\/invest-in-albania.org\/it\/come-loutsourcing-aiuta-le-startup-ad-avere-successo\/","title":{"rendered":"Come l&#8217;outsourcing aiuta le startup ad avere successo"},"content":{"rendered":"\n<p>Le startup si evolvono attraverso varie fasi e l&#8217;outsourcing \u00e8 la strategia che pu\u00f2 aiutare la pi\u00f9 grande transizione da startup a scale up. L&#8217;esperienza di centinaia di migliaia di altre startup ha dimostrato che chi non vede o ignora un&#8217;opportunit\u00e0 ha difficolt\u00e0 a raggiungere la concorrenza. Eppure, le ragioni per cui tante startup non ci riescono sono innumerevoli.<\/p>\n\n\n\n<p>Pensate a cosa succede. Due o pi\u00f9 persone che hanno frequentato la stessa scuola, ma non hanno mai lavorato insieme o in un altro posto, hanno un&#8217;idea su un prodotto o un servizio completamente nuovo che nessun cliente conosce per un mercato ancora inesistente.<\/p>\n\n\n\n<p>I fondatori non hanno conoscenze legali e finanziarie, mentre la startup non ha un dipartimento HR o finanziario. Anche se questi non sono gli elementi che definiscono il posto del prodotto sul mercato, possono facilmente portare al fallimento. Le persone dovranno occuparsi del marketing, delle vendite, della gestione dei talenti, dello sviluppo del software, dell&#8217;assistenza clienti e di molti altri compiti che richiedono molto tempo.<\/p>\n\n\n\n<p>Occuparsi di tutto allo stesso tempo non \u00e8 l&#8217;opzione migliore, soprattutto per le piccole startup.<br>Per quanto grande possa essere la vostra idea, se non riuscite a gestire correttamente tutte le funzioni e i processi aziendali, perderete la concentrazione sui vostri obiettivi. Tenete presente che anche le startup lanciate da grandi aziende, che avevano tutta l&#8217;esperienza e gli esperti, non sono riuscite ad avere successo. Detto questo, quasi tutte le nuove startup condividono le stesse caratteristiche: mancanza di competenze, budget limitato, risorse limitate e concentrazione.<\/p>\n\n\n\n<p>Questo non significa che dovreste lavorare di pi\u00f9. Al contrario, dovreste lavorare in modo pi\u00f9 intelligente. Scoprite quali sono i processi pi\u00f9 importanti della vostra startup e concentratevi su di essi. Nel frattempo, dovreste identificare i punti deboli che, se realizzati internamente, prosciugherebbero il vostro budget e affidarli all&#8217;esterno.<br>Poi, quando inizierete ad attirare clienti, assicuratevi di esternalizzare i servizi alla clientela con una societ\u00e0 di outsourcing multicanale in Albania. Il Paese offre un settore BPO di grande esperienza che serve aziende di tutto il mondo.<\/p>\n\n\n\n<p>In seguito, potrete esternalizzare altre funzioni, come lo sviluppo di software o i servizi IT, a un altro fornitore dell&#8217;Europa orientale. Questa regione del mondo \u00e8 un mercato alternativo alle tradizionali destinazioni di outsourcing come l&#8217;India, le Filippine o la Cina. Offre maggiore sicurezza e responsabilit\u00e0, affinit\u00e0 culturale con i Paesi occidentali e ottime comunicazioni.<\/p>\n","protected":false},"excerpt":{"rendered":"<p>Le startup si evolvono attraverso varie fasi e l&#8217;outsourcing \u00e8 la strategia che pu\u00f2 aiutare la pi\u00f9 grande transizione da startup a scale up. L&#8217;esperienza di centinaia di migliaia di altre startup ha dimostrato che chi non vede o ignora un&#8217;opportunit\u00e0 ha difficolt\u00e0 a raggiungere la concorrenza. Eppure, le ragioni per cui tante startup non [&hellip;]<\/p>\n","protected":false},"author":2,"featured_media":40846,"parent":0,"menu_order":40,"comment_status":"closed","ping_status":"closed","template":"","meta":{"_uag_custom_page_level_css":"","_genesis_hide_title":false,"_genesis_hide_breadcrumbs":false,"_genesis_hide_singular_image":false,"_genesis_hide_footer_widgets":false,"_genesis_custom_body_class":"","_genesis_custom_post_class":"","_genesis_layout":"","_themeisle_gutenberg_block_has_review":false,"footnotes":""},"featured_image_src":"https:\/\/invest-in-albania.org\/wp-content\/uploads\/outsourcing-startup.jpg","featured_image_src_square":"https:\/\/invest-in-albania.org\/wp-content\/uploads\/outsourcing-startup.jpg","uagb_featured_image_src":{"full":["https:\/\/invest-in-albania.org\/wp-content\/uploads\/outsourcing-startup.jpg",1280,912,false],"thumbnail":["https:\/\/invest-in-albania.org\/wp-content\/uploads\/outsourcing-startup-280x195.jpg",280,195,true],"medium":["https:\/\/invest-in-albania.org\/wp-content\/uploads\/outsourcing-startup-300x214.jpg",300,214,true],"medium_large":["https:\/\/invest-in-albania.org\/wp-content\/uploads\/outsourcing-startup-768x547.jpg",768,547,true],"large":["https:\/\/invest-in-albania.org\/wp-content\/uploads\/outsourcing-startup-1024x730.jpg",1024,730,true],"1536x1536":["https:\/\/invest-in-albania.org\/wp-content\/uploads\/outsourcing-startup.jpg",1280,912,false],"2048x2048":["https:\/\/invest-in-albania.org\/wp-content\/uploads\/outsourcing-startup.jpg",1280,912,false],"single-featured-image":["https:\/\/invest-in-albania.org\/wp-content\/uploads\/outsourcing-startup.jpg",540,385,false],"blog-featured-image":["https:\/\/invest-in-albania.org\/wp-content\/uploads\/outsourcing-startup.jpg",407,290,false],"home-featured":["https:\/\/invest-in-albania.org\/wp-content\/uploads\/outsourcing-startup.jpg",380,271,false],"gb-block-post-grid-landscape":["https:\/\/invest-in-albania.org\/wp-content\/uploads\/outsourcing-startup.jpg",561,400,false],"gb-block-post-grid-square":["https:\/\/invest-in-albania.org\/wp-content\/uploads\/outsourcing-startup.jpg",600,428,false]},"uagb_author_info":{"display_name":"Vjollca Shehu","author_link":"https:\/\/invest-in-albania.org\/it\/author\/iia\/"},"uagb_comment_info":0,"uagb_excerpt":"Le startup si evolvono attraverso varie fasi e l&#8217;outsourcing \u00e8 la strategia che pu\u00f2 aiutare la pi\u00f9 grande transizione da startup a scale up. L&#8217;esperienza di centinaia di migliaia di altre startup ha dimostrato che chi non vede o ignora un&#8217;opportunit\u00e0 ha difficolt\u00e0 a raggiungere la concorrenza. Eppure, le ragioni per cui tante startup non&hellip;","_links":{"self":[{"href":"https:\/\/invest-in-albania.org\/it\/wp-json\/wp\/v2\/pages\/60080"}],"collection":[{"href":"https:\/\/invest-in-albania.org\/it\/wp-json\/wp\/v2\/pages"}],"about":[{"href":"https:\/\/invest-in-albania.org\/it\/wp-json\/wp\/v2\/types\/page"}],"author":[{"embeddable":true,"href":"https:\/\/invest-in-albania.org\/it\/wp-json\/wp\/v2\/users\/2"}],"replies":[{"embeddable":true,"href":"https:\/\/invest-in-albania.org\/it\/wp-json\/wp\/v2\/comments?post=60080"}],"version-history":[{"count":1,"href":"https:\/\/invest-in-albania.org\/it\/wp-json\/wp\/v2\/pages\/60080\/revisions"}],"predecessor-version":[{"id":60081,"href":"https:\/\/invest-in-albania.org\/it\/wp-json\/wp\/v2\/pages\/60080\/revisions\/60081"}],"wp:featuredmedia":[{"embeddable":true,"href":"https:\/\/invest-in-albania.org\/it\/wp-json\/wp\/v2\/media\/40846"}],"wp:attachment":[{"href":"https:\/\/invest-in-albania.org\/it\/wp-json\/wp\/v2\/media?parent=60080"}],"curies":[{"name":"wp","href":"https:\/\/api.w.org\/{rel}","templated":true}]}}