{"id":60074,"date":"2024-04-06T01:04:23","date_gmt":"2024-04-05T23:04:23","guid":{"rendered":"https:\/\/invest-in-albania.org\/?page_id=60074"},"modified":"2024-04-06T01:04:27","modified_gmt":"2024-04-05T23:04:27","slug":"le-principali-tendenze-delloutsourcing-it-nel-prossimo-futuro","status":"publish","type":"page","link":"https:\/\/invest-in-albania.org\/it\/le-principali-tendenze-delloutsourcing-it-nel-prossimo-futuro\/","title":{"rendered":"Le principali tendenze dell&#8217;outsourcing IT nel prossimo futuro"},"content":{"rendered":"\n<p>L&#8217;outsourcing IT \u00e8 la soluzione per le aziende che cercano di accedere a talenti ed esperti con competenze di nicchia. I grandi mercati del lavoro di tutto il mondo stanno assistendo a una forte attenzione verso le nuove competenze. Le aziende di diversi settori stanno rendendo le soluzioni digitali parte essenziale delle loro strategie di crescita. Pertanto, le aziende IT le aiutano a integrare queste soluzioni che spesso rientrano in ambiti sconosciuti. Numerosi sondaggi confermano che un numero sempre maggiore di aziende, piccole e grandi, opter\u00e0 per l&#8217;esternalizzazione dei servizi IT a fornitori esperti.<\/p>\n\n\n\n<p>Se state cercando di avviare una partnership per l&#8217;outsourcing IT, prestate attenzione alle nuove tendenze previste per il prossimo futuro.<\/p>\n\n\n\n<p><strong>La creazione di valore \u00e8 pi\u00f9 importante della riduzione dei costi<\/strong><\/p>\n\n\n\n<p>Oltre all&#8217;efficienza economica, che \u00e8 sempre stata un fattore chiave nello sviluppo dell&#8217;outsourcing, l&#8217;aggiunta di valore e il rapporto fornitore-cliente acquisteranno sempre pi\u00f9 importanza. Un servizio eccellente e prodotti di qualit\u00e0 aiuteranno a trovare il fornitore giusto che rimane competitivo grazie all&#8217;integrazione delle nuove tecnologie. Nel frattempo, i venditori inizieranno a concentrarsi maggiormente sulla qualit\u00e0 del servizio e sulla fornitura del fornitore. Nel frattempo, le partnership saranno guidate da fattori umani piuttosto che dalla riduzione dei costi.<\/p>\n\n\n\n<p><strong>Carenza di competenze IT<\/strong><\/p>\n\n\n\n<p>La carenza di talenti \u00e8 una preoccupazione crescente in molti Paesi. Mentre le offerte di lavoro di specialisti IT aumentano, il pool di talenti esistenti si riduce pi\u00f9 rapidamente. Le grandi aziende attirano esperti altamente qualificati e investono per trattenere i migliori talenti.<br>In queste condizioni, la mancanza di talenti IT interni \u00e8 uno dei fattori principali per cui il settore dell&#8217;outsourcing IT si espander\u00e0 ulteriormente in nuove destinazioni di outsourcing diverse da India e Cina.<\/p>\n\n\n\n<p><strong>Automazione e IA<br><\/strong>I Paesi sviluppati stanno affrontando una grande sfida legata ai bassi tassi di fertilit\u00e0 e all&#8217;invecchiamento della popolazione. Questi fattori hanno anche un impatto sulla carenza di talenti. Pertanto, l&#8217;automazione e l&#8217;intelligenza artificiale mirano a colmare il divario. Pertanto, le aziende di outsourcing IT incorporeranno l&#8217;automazione, in particolare l&#8217;automazione robotica dei processi (RPA) e l&#8217;intelligenza artificiale. Queste soluzioni non sono pi\u00f9 appannaggio di pochi fornitori. Possono contribuire a migliorare i servizi e i prodotti, riducendo al contempo le possibilit\u00e0 di errore umano.<\/p>\n\n\n\n<p><strong>Esternalizzazione delle competenze chiave<\/strong><\/p>\n\n\n\n<p>L&#8217;esperienza soddisfacente nella fornitura di servizi da parte del fornitore e la condivisione delle responsabilit\u00e0 possono incoraggiare le aziende a esternalizzare i loro servizi principali, se necessario. Normalmente, l&#8217;outsourcing consiste nel delegare funzioni aziendali chiave come i big data, le risorse umane, la contabilit\u00e0, la finanza, il settore legale, il marketing e molto altro. Tuttavia, ci si aspetta un cambiamento da parte di coloro che hanno gi\u00e0 stabilito relazioni di fiducia. Si prevede che le societ\u00e0 di outsourcing IT avranno un ruolo importante.<\/p>\n\n\n\n<p><strong>Nuove destinazioni alternative per l&#8217;outsourcing<\/strong><\/p>\n\n\n\n<p>L&#8217;Europa dell&#8217;Est \u00e8 il principale concorrente di mercati come India, Cina, Filippine o Messico. L&#8217;industria IT sta crescendo pi\u00f9 rapidamente nella regione, mentre molti altri fattori come la sicurezza, la disponibilit\u00e0 di talenti e l&#8217;affinit\u00e0 culturale con le culture occidentali stanno rendendo paesi come Polonia, Bulgaria, Romania e Albania le principali destinazioni emergenti per l&#8217;outsourcing.<\/p>\n","protected":false},"excerpt":{"rendered":"<p>L&#8217;outsourcing IT \u00e8 la soluzione per le aziende che cercano di accedere a talenti ed esperti con competenze di nicchia. I grandi mercati del lavoro di tutto il mondo stanno assistendo a una forte attenzione verso le nuove competenze. Le aziende di diversi settori stanno rendendo le soluzioni digitali parte essenziale delle loro strategie di [&hellip;]<\/p>\n","protected":false},"author":2,"featured_media":40649,"parent":0,"menu_order":39,"comment_status":"closed","ping_status":"closed","template":"","meta":{"_uag_custom_page_level_css":"","_genesis_hide_title":false,"_genesis_hide_breadcrumbs":false,"_genesis_hide_singular_image":false,"_genesis_hide_footer_widgets":false,"_genesis_custom_body_class":"","_genesis_custom_post_class":"","_genesis_layout":"","_themeisle_gutenberg_block_has_review":false,"footnotes":""},"featured_image_src":"https:\/\/invest-in-albania.org\/wp-content\/uploads\/programing-languages.png","featured_image_src_square":"https:\/\/invest-in-albania.org\/wp-content\/uploads\/programing-languages.png","uagb_featured_image_src":{"full":["https:\/\/invest-in-albania.org\/wp-content\/uploads\/programing-languages.png",1280,789,false],"thumbnail":["https:\/\/invest-in-albania.org\/wp-content\/uploads\/programing-languages-280x195.png",280,195,true],"medium":["https:\/\/invest-in-albania.org\/wp-content\/uploads\/programing-languages-300x185.png",300,185,true],"medium_large":["https:\/\/invest-in-albania.org\/wp-content\/uploads\/programing-languages-768x473.png",768,473,true],"large":["https:\/\/invest-in-albania.org\/wp-content\/uploads\/programing-languages-1024x631.png",1024,631,true],"1536x1536":["https:\/\/invest-in-albania.org\/wp-content\/uploads\/programing-languages.png",1280,789,false],"2048x2048":["https:\/\/invest-in-albania.org\/wp-content\/uploads\/programing-languages.png",1280,789,false],"single-featured-image":["https:\/\/invest-in-albania.org\/wp-content\/uploads\/programing-languages.png",625,385,false],"blog-featured-image":["https:\/\/invest-in-albania.org\/wp-content\/uploads\/programing-languages.png",470,290,false],"home-featured":["https:\/\/invest-in-albania.org\/wp-content\/uploads\/programing-languages.png",380,234,false],"gb-block-post-grid-landscape":["https:\/\/invest-in-albania.org\/wp-content\/uploads\/programing-languages.png",600,370,false],"gb-block-post-grid-square":["https:\/\/invest-in-albania.org\/wp-content\/uploads\/programing-languages.png",600,370,false]},"uagb_author_info":{"display_name":"Vjollca Shehu","author_link":"https:\/\/invest-in-albania.org\/it\/author\/iia\/"},"uagb_comment_info":0,"uagb_excerpt":"L&#8217;outsourcing IT \u00e8 la soluzione per le aziende che cercano di accedere a talenti ed esperti con competenze di nicchia. I grandi mercati del lavoro di tutto il mondo stanno assistendo a una forte attenzione verso le nuove competenze. Le aziende di diversi settori stanno rendendo le soluzioni digitali parte essenziale delle loro strategie di&hellip;","_links":{"self":[{"href":"https:\/\/invest-in-albania.org\/it\/wp-json\/wp\/v2\/pages\/60074"}],"collection":[{"href":"https:\/\/invest-in-albania.org\/it\/wp-json\/wp\/v2\/pages"}],"about":[{"href":"https:\/\/invest-in-albania.org\/it\/wp-json\/wp\/v2\/types\/page"}],"author":[{"embeddable":true,"href":"https:\/\/invest-in-albania.org\/it\/wp-json\/wp\/v2\/users\/2"}],"replies":[{"embeddable":true,"href":"https:\/\/invest-in-albania.org\/it\/wp-json\/wp\/v2\/comments?post=60074"}],"version-history":[{"count":1,"href":"https:\/\/invest-in-albania.org\/it\/wp-json\/wp\/v2\/pages\/60074\/revisions"}],"predecessor-version":[{"id":60075,"href":"https:\/\/invest-in-albania.org\/it\/wp-json\/wp\/v2\/pages\/60074\/revisions\/60075"}],"wp:featuredmedia":[{"embeddable":true,"href":"https:\/\/invest-in-albania.org\/it\/wp-json\/wp\/v2\/media\/40649"}],"wp:attachment":[{"href":"https:\/\/invest-in-albania.org\/it\/wp-json\/wp\/v2\/media?parent=60074"}],"curies":[{"name":"wp","href":"https:\/\/api.w.org\/{rel}","templated":true}]}}