{"id":60070,"date":"2024-04-06T01:00:57","date_gmt":"2024-04-05T23:00:57","guid":{"rendered":"https:\/\/invest-in-albania.org\/?page_id=60070"},"modified":"2024-04-06T01:01:02","modified_gmt":"2024-04-05T23:01:02","slug":"chi-puo-aiutarvi-a-ripensare-il-vostro-servizio-clienti","status":"publish","type":"page","link":"https:\/\/invest-in-albania.org\/it\/chi-puo-aiutarvi-a-ripensare-il-vostro-servizio-clienti\/","title":{"rendered":"Chi pu\u00f2 aiutarvi a ripensare il vostro servizio clienti?"},"content":{"rendered":"\n<p>I clienti soddisfatti sono la priorit\u00e0 assoluta per le aziende di successo. Il prodotto o il servizio offerto \u00e8 importante per attirare un nuovo cliente, ma l&#8217;esperienza di assistenza che riceve dall&#8217;azienda diventa un fattore chiave nel determinare la sua fedelt\u00e0. \u00c8 quindi fondamentale che sia i clienti che le aziende percepiscano la qualit\u00e0 dell&#8217;esperienza del cliente allo stesso modo.<\/p>\n\n\n\n<p><strong>I motivi principali per cui i clienti abbandonano:<br><\/strong>Motivi naturali<br>Si trasferiscono in un&#8217;altra citt\u00e0 o regione<br>Le loro richieste o lamentele vengono ignorate dal personale dell&#8217;azienda<br>Non sono soddisfatti del prodotto<br>La concorrenza li conquista<\/p>\n\n\n\n<p>Eppure molte aziende con ottimi prodotti non riescono a offrire ai clienti l&#8217;esperienza desiderata. Lo fanno o perch\u00e9 non riescono a mettere in piedi un team in grado di gestire la clientela o perch\u00e9 semplicemente ignorano. La gestione di un&#8217;azienda richiede una corretta gestione di diverse funzioni e servizi. Anche se alcune di esse possono apparire sovraccariche, il servizio clienti non \u00e8 una di queste se viene svolto nel modo giusto. Prendete in considerazione l&#8217;esternalizzazione di questa o di altre funzioni che richiedono competenze e capacit\u00e0 che mancano al vostro team.<\/p>\n\n\n\n<p><strong>L&#8217;importanza di un cliente felice<\/strong><\/p>\n\n\n\n<p>Numerosi sondaggi e ricerche condotti in tutto il mondo sono giunti a una conclusione:<br>I consumatori sono disposti a pagare di pi\u00f9 per una migliore esperienza del cliente. Perch\u00e9? Perch\u00e9 sono stanchi di organizzazioni che non soddisfano le loro aspettative.<\/p>\n\n\n\n<p>In molti altri casi, un&#8217;esperienza positiva ha pi\u00f9 impatto della pubblicit\u00e0 o del marketing.<br>I clienti cercano un prodotto che possano permettersi e che funzioni bene.<br>Quando hanno una domanda sul prodotto o sul servizio, vogliono anche una risposta rapida e cordiale. Si aspettano che qualcuno possa capire facilmente il problema senza passare la chiamata a tre o pi\u00f9 persone.<br>Ai clienti non piace rimanere a lungo in attesa ascoltando Vivaldi perch\u00e9 tutti i vostri operatori sono occupati.<br>Vogliono contattarvi attraverso vari canali, tra cui chiamate, chat online, e-mail, messaggi di testo, social media, voce automatica, ecc. Tutti questi canali dipendono da ci\u00f2 di cui hanno bisogno e da come si sentono pi\u00f9 a loro agio.<br>Si aspettano una buona comunicazione e talvolta un grande senso dell&#8217;umorismo.<br>Alla fine, vogliono una risposta o una soluzione al loro problema.<br>Se i clienti sono contenti, porteranno amici nella vostra azienda e sapete bene quanto costi attirare nuovi clienti.<\/p>\n\n\n\n<p>Se non riuscite a ripensare l&#8217;esperienza che i vostri clienti ricevono, non c&#8217;\u00e8 motivo di preoccuparsi. Ci sono molte altre aziende in tutto il mondo che possono farlo per voi.<\/p>\n\n\n\n<p>Le aziende di outsourcing offrono pi\u00f9 di un servizio di help desk affidabile. Offrono anche l&#8217;opportunit\u00e0 di espandere la vostra azienda in nuovi mercati grazie ai loro servizi multilingue. Potete anche esternalizzare le campagne di vendita e testare nuovi mercati senza spostarvi dal vostro ufficio.<br>Gli esperti che lavorano nelle societ\u00e0 di outsourcing hanno le capacit\u00e0 di:<br>capire chi \u00e8 il cliente e come comunicare con lui<br>Stabilire un legame emotivo<br>Fornire facilmente una soluzione<\/p>\n","protected":false},"excerpt":{"rendered":"<p>I clienti soddisfatti sono la priorit\u00e0 assoluta per le aziende di successo. Il prodotto o il servizio offerto \u00e8 importante per attirare un nuovo cliente, ma l&#8217;esperienza di assistenza che riceve dall&#8217;azienda diventa un fattore chiave nel determinare la sua fedelt\u00e0. \u00c8 quindi fondamentale che sia i clienti che le aziende percepiscano la qualit\u00e0 dell&#8217;esperienza [&hellip;]<\/p>\n","protected":false},"author":2,"featured_media":0,"parent":0,"menu_order":38,"comment_status":"closed","ping_status":"closed","template":"","meta":{"_uag_custom_page_level_css":"","_genesis_hide_title":false,"_genesis_hide_breadcrumbs":false,"_genesis_hide_singular_image":false,"_genesis_hide_footer_widgets":false,"_genesis_custom_body_class":"","_genesis_custom_post_class":"","_genesis_layout":"","_themeisle_gutenberg_block_has_review":false,"footnotes":""},"featured_image_src":null,"featured_image_src_square":null,"uagb_featured_image_src":{"full":false,"thumbnail":false,"medium":false,"medium_large":false,"large":false,"1536x1536":false,"2048x2048":false,"single-featured-image":false,"blog-featured-image":false,"home-featured":false,"gb-block-post-grid-landscape":false,"gb-block-post-grid-square":false},"uagb_author_info":{"display_name":"Vjollca Shehu","author_link":"https:\/\/invest-in-albania.org\/it\/author\/iia\/"},"uagb_comment_info":0,"uagb_excerpt":"I clienti soddisfatti sono la priorit\u00e0 assoluta per le aziende di successo. Il prodotto o il servizio offerto \u00e8 importante per attirare un nuovo cliente, ma l&#8217;esperienza di assistenza che riceve dall&#8217;azienda diventa un fattore chiave nel determinare la sua fedelt\u00e0. \u00c8 quindi fondamentale che sia i clienti che le aziende percepiscano la qualit\u00e0 dell&#8217;esperienza&hellip;","_links":{"self":[{"href":"https:\/\/invest-in-albania.org\/it\/wp-json\/wp\/v2\/pages\/60070"}],"collection":[{"href":"https:\/\/invest-in-albania.org\/it\/wp-json\/wp\/v2\/pages"}],"about":[{"href":"https:\/\/invest-in-albania.org\/it\/wp-json\/wp\/v2\/types\/page"}],"author":[{"embeddable":true,"href":"https:\/\/invest-in-albania.org\/it\/wp-json\/wp\/v2\/users\/2"}],"replies":[{"embeddable":true,"href":"https:\/\/invest-in-albania.org\/it\/wp-json\/wp\/v2\/comments?post=60070"}],"version-history":[{"count":1,"href":"https:\/\/invest-in-albania.org\/it\/wp-json\/wp\/v2\/pages\/60070\/revisions"}],"predecessor-version":[{"id":60071,"href":"https:\/\/invest-in-albania.org\/it\/wp-json\/wp\/v2\/pages\/60070\/revisions\/60071"}],"wp:attachment":[{"href":"https:\/\/invest-in-albania.org\/it\/wp-json\/wp\/v2\/media?parent=60070"}],"curies":[{"name":"wp","href":"https:\/\/api.w.org\/{rel}","templated":true}]}}