{"id":60065,"date":"2024-04-06T00:58:00","date_gmt":"2024-04-05T22:58:00","guid":{"rendered":"https:\/\/invest-in-albania.org\/?page_id=60065"},"modified":"2024-04-06T00:58:06","modified_gmt":"2024-04-05T22:58:06","slug":"qual-e-limpatto-delloutsourcing-sulleconomia","status":"publish","type":"page","link":"https:\/\/invest-in-albania.org\/it\/qual-e-limpatto-delloutsourcing-sulleconomia\/","title":{"rendered":"Qual \u00e8 l&#8217;impatto dell&#8217;outsourcing sull&#8217;economia?"},"content":{"rendered":"\n<p>Se l&#8217;outsourcing \u00e8 fatto bene, porter\u00e0 benefici ad almeno due economie. Molte persone al di fuori del settore commerciale hanno un atteggiamento ostile nei confronti dell&#8217;outsourcing. Sostengono che questa pratica porti via i posti di lavoro. Tuttavia, in diversi casi, l&#8217;outsourcing \u00e8 fondamentale per aiutare un&#8217;azienda a concentrarsi su ci\u00f2 che \u00e8 importante, ovvero diventare pi\u00f9 competitiva e redditizia. Se un&#8217;azienda non riesce a farlo, l&#8217;economia locale perder\u00e0 molto pi\u00f9 dei posti di lavoro esternalizzati.<\/p>\n\n\n\n<p>Se un&#8217;azienda riesce a crescere e a diventare redditizia, attirer\u00e0 importanti investitori. Questi ultimi non solo aiuteranno l&#8217;azienda a espandersi ulteriormente, ma avranno anche un impatto sull&#8217;economia locale. Un altro scenario \u00e8 che un&#8217;azienda di successo in un settore pu\u00f2 attirare anche aziende straniere che cercano un partner per l&#8217;outsourcing. Se sono disponibili molti talenti e la domanda \u00e8 elevata, ci sar\u00e0 la possibilit\u00e0 per molte altre imprese di iniziare a operare.<\/p>\n\n\n\n<p>D&#8217;altra parte, ci sono molte persone che criticano l&#8217;outsourcing in quanto si basa sulla forza lavoro a basso costo per ridurre i costi. I salari nelle destinazioni di outsourcing possono sembrare molto bassi a chi vive negli Stati Uniti, in Giappone o nei Paesi Bassi. Ci sono Paesi, come l&#8217;Albania, in cui le persone impiegate nel Business Process Outsourcing (BPO) sono pagate pi\u00f9 del salario mediano.<\/p>\n\n\n\n<p>Quasi tutta la forza lavoro impiegata nel settore \u00e8 costituita da studenti che hanno bisogno di una fonte di reddito per pagare gli studi e provvedere ad altre necessit\u00e0. Le BPO offrono orari flessibili che consentono loro di completare l&#8217;universit\u00e0, pagare le bollette e l&#8217;affitto mentre lavorano. D&#8217;altra parte, il costo della vita in Albania \u00e8 inferiore dell&#8217;80% rispetto al Regno Unito. Il Paese gode di un clima mediterraneo caldo e soleggiato e ha una costa lunga 400 km nei mari Adriatico e Ionio. Pertanto, \u00e8 facile raggiungere e mantenere un sano equilibrio tra lavoro e vita privata.<\/p>\n\n\n\n<p>Se l&#8217;industria del BPO non si espandesse al primo posto in Albania, il costo finanziario dell&#8217;istruzione graverebbe sulle famiglie a basso reddito.<br>Oggi il settore, nato con piccoli call center, \u00e8 tra i maggiori datori di lavoro del Paese. Le aziende specializzate in BPO e KPO forniscono servizi quali inserimento dati, ricerche di mercato, design, marketing, analisi, ICT, legge, contabilit\u00e0 e finanza, risorse umane e molto altro.<\/p>\n\n\n\n<p>Il settore consolidato dell&#8217;outsourcing contribuir\u00e0 ad attrarre un maggior numero di partner commerciali dalle economie avanzate. Pertanto, il settore richieder\u00e0 esperti qualificati. Offrir\u00e0 prospettive di carriera e di sviluppo e non un impiego a breve termine.<\/p>\n","protected":false},"excerpt":{"rendered":"<p>Se l&#8217;outsourcing \u00e8 fatto bene, porter\u00e0 benefici ad almeno due economie. Molte persone al di fuori del settore commerciale hanno un atteggiamento ostile nei confronti dell&#8217;outsourcing. Sostengono che questa pratica porti via i posti di lavoro. Tuttavia, in diversi casi, l&#8217;outsourcing \u00e8 fondamentale per aiutare un&#8217;azienda a concentrarsi su ci\u00f2 che \u00e8 importante, ovvero diventare [&hellip;]<\/p>\n","protected":false},"author":2,"featured_media":0,"parent":0,"menu_order":37,"comment_status":"closed","ping_status":"closed","template":"","meta":{"_uag_custom_page_level_css":"","_genesis_hide_title":false,"_genesis_hide_breadcrumbs":false,"_genesis_hide_singular_image":false,"_genesis_hide_footer_widgets":false,"_genesis_custom_body_class":"","_genesis_custom_post_class":"","_genesis_layout":"","_themeisle_gutenberg_block_has_review":false,"footnotes":""},"featured_image_src":null,"featured_image_src_square":null,"uagb_featured_image_src":{"full":false,"thumbnail":false,"medium":false,"medium_large":false,"large":false,"1536x1536":false,"2048x2048":false,"single-featured-image":false,"blog-featured-image":false,"home-featured":false,"gb-block-post-grid-landscape":false,"gb-block-post-grid-square":false},"uagb_author_info":{"display_name":"Vjollca Shehu","author_link":"https:\/\/invest-in-albania.org\/it\/author\/iia\/"},"uagb_comment_info":0,"uagb_excerpt":"Se l&#8217;outsourcing \u00e8 fatto bene, porter\u00e0 benefici ad almeno due economie. Molte persone al di fuori del settore commerciale hanno un atteggiamento ostile nei confronti dell&#8217;outsourcing. Sostengono che questa pratica porti via i posti di lavoro. Tuttavia, in diversi casi, l&#8217;outsourcing \u00e8 fondamentale per aiutare un&#8217;azienda a concentrarsi su ci\u00f2 che \u00e8 importante, ovvero diventare&hellip;","_links":{"self":[{"href":"https:\/\/invest-in-albania.org\/it\/wp-json\/wp\/v2\/pages\/60065"}],"collection":[{"href":"https:\/\/invest-in-albania.org\/it\/wp-json\/wp\/v2\/pages"}],"about":[{"href":"https:\/\/invest-in-albania.org\/it\/wp-json\/wp\/v2\/types\/page"}],"author":[{"embeddable":true,"href":"https:\/\/invest-in-albania.org\/it\/wp-json\/wp\/v2\/users\/2"}],"replies":[{"embeddable":true,"href":"https:\/\/invest-in-albania.org\/it\/wp-json\/wp\/v2\/comments?post=60065"}],"version-history":[{"count":1,"href":"https:\/\/invest-in-albania.org\/it\/wp-json\/wp\/v2\/pages\/60065\/revisions"}],"predecessor-version":[{"id":60066,"href":"https:\/\/invest-in-albania.org\/it\/wp-json\/wp\/v2\/pages\/60065\/revisions\/60066"}],"wp:attachment":[{"href":"https:\/\/invest-in-albania.org\/it\/wp-json\/wp\/v2\/media?parent=60065"}],"curies":[{"name":"wp","href":"https:\/\/api.w.org\/{rel}","templated":true}]}}