{"id":60058,"date":"2024-04-06T00:55:16","date_gmt":"2024-04-05T22:55:16","guid":{"rendered":"https:\/\/invest-in-albania.org\/?page_id=60058"},"modified":"2024-04-06T00:55:54","modified_gmt":"2024-04-05T22:55:54","slug":"le-principali-lingue-del-servizio-clienti-di-cui-ha-bisogno-unazienda-globale","status":"publish","type":"page","link":"https:\/\/invest-in-albania.org\/it\/le-principali-lingue-del-servizio-clienti-di-cui-ha-bisogno-unazienda-globale\/","title":{"rendered":"Le principali lingue del servizio clienti di cui ha bisogno un&#8217;azienda globale"},"content":{"rendered":"\n<p>Ecco tre diversi elenchi di lingue straniere e nessuno di essi riguarda gli account Twitter ufficiali del Papa.<\/p>\n\n\n\n<ol>\n<li>Italiano, inglese, tedesco, francese, spagnolo, greco, turco, russo, portoghese, polacco, arabo.<\/li>\n\n\n\n<li>Mandarino, inglese, spagnolo, arabo, portoghese, russo, tedesco, francese, giapponese, hindi.<\/li>\n\n\n\n<li>Inglese, tedesco, russo, spagnolo, mandarino<\/li>\n<\/ol>\n\n\n\n<p>Il servizio clienti ha un linguaggio specifico che aiuta a costruire e mantenere un ottimo rapporto tra azienda e clienti. Quasi tutte le persone che utilizzano un servizio hanno affrontato una lunga conversazione con il servizio clienti. Anche se il tipo di persona che sta dall&#8217;altra parte del filo, il dipendente deve sapere come gestire anche il tipo di cliente pi\u00f9 difficile e testardo.<\/p>\n\n\n\n<p>Le persone che lavorano nel servizio devono avere determinate competenze che devono possedere o padroneggiare per mantenere i clienti felici. Non ci si aspetta che le persone siano tutte uguali. I dipendenti che lavorano nel settore sanno quanto una parola possa essere persuasiva e come convincere i clienti ad agire. Un&#8217;ottima comunicazione pu\u00f2 aiutare un&#8217;azienda a crescere gestendo un&#8217;ampia base di clienti.<\/p>\n\n\n\n<p>Ogni azienda che vuole espandersi in mercati pi\u00f9 ampi deve pensare ad acquisire e mantenere nuovi clienti. Trovare nuovi dipendenti in grado di parlare pi\u00f9 di una lingua pu\u00f2 essere difficile e costoso.<\/p>\n\n\n\n<p><strong>Cosa fare? Forse dovreste esternalizzare<\/strong><\/p>\n\n\n\n<p>Tornando agli elenchi, il terzo riguarda le cinque principali lingue del servizio clienti di cui un&#8217;azienda in crescita ha bisogno. L&#8217;esperienza ha dimostrato che l&#8217;esternalizzazione del servizio clienti a terzi pu\u00f2 davvero aiutare un&#8217;azienda. I call center non mantengono i clienti soddisfatti, ma sono anche una porta d&#8217;accesso a nuovi mercati. Quali mercati? Dipende dai piani e dalle strategie aziendali.<\/p>\n\n\n\n<p><strong>Il terzo elenco<br><\/strong>I Paesi che parlano inglese, tedesco, russo, spagnolo e mandarino sono anche tra i mercati e le economie pi\u00f9 forti. Pertanto, ogni imprenditore che intende entrare in uno di questi mercati deve pensare ai nuovi clienti. Fate le vostre ricerche e trovate un partner di outsourcing che possa aiutarvi a espandervi.<\/p>\n\n\n\n<p>Perch\u00e9 esternalizzare il servizio clienti<br>Un grande volume di interazioni con i clienti<br>Assistenza 24 ore su 24, sette giorni su sette<br>Riduzione dei costi<br>Supporto multicanale<br>Supporto stagionale per i volumi di picco della stagione<\/p>\n\n\n\n<p><strong>Il secondo elenco<\/strong><\/p>\n\n\n\n<p>Questo elenco comprende le dieci lingue pi\u00f9 importanti da prendere in considerazione per le aziende che vogliono competere sui mercati globali. Il marketing digitale, la traduzione di contenuti, i settori con termini specifici come la sanit\u00e0, la finanza e la legge, l&#8217;informatica, richiedono professionisti linguistici qualificati. Essi contribuiranno a sbloccare le opportunit\u00e0 commerciali nei mercati potenziali.<\/p>\n\n\n\n<p><strong>E il primo elenco?<\/strong><\/p>\n\n\n\n<p>Il primo elenco riguarda le lingue servite dal settore BPO\/KPO albanese.<br>Gli albanesi sono tra i popoli pi\u00f9 diversificati dal punto di vista linguistico in Europa. Gli albanesi parlano in media tre lingue straniere e sono lingue che servono per gli obiettivi di crescita aziendale.<\/p>\n","protected":false},"excerpt":{"rendered":"<p>Ecco tre diversi elenchi di lingue straniere e nessuno di essi riguarda gli account Twitter ufficiali del Papa. Il servizio clienti ha un linguaggio specifico che aiuta a costruire e mantenere un ottimo rapporto tra azienda e clienti. Quasi tutte le persone che utilizzano un servizio hanno affrontato una lunga conversazione con il servizio clienti. [&hellip;]<\/p>\n","protected":false},"author":2,"featured_media":40621,"parent":0,"menu_order":36,"comment_status":"closed","ping_status":"closed","template":"","meta":{"_uag_custom_page_level_css":"","_genesis_hide_title":false,"_genesis_hide_breadcrumbs":false,"_genesis_hide_singular_image":false,"_genesis_hide_footer_widgets":false,"_genesis_custom_body_class":"","_genesis_custom_post_class":"","_genesis_layout":"","_themeisle_gutenberg_block_has_review":false,"footnotes":""},"featured_image_src":"https:\/\/invest-in-albania.org\/wp-content\/uploads\/customer-service.png","featured_image_src_square":"https:\/\/invest-in-albania.org\/wp-content\/uploads\/customer-service.png","uagb_featured_image_src":{"full":["https:\/\/invest-in-albania.org\/wp-content\/uploads\/customer-service.png",1280,708,false],"thumbnail":["https:\/\/invest-in-albania.org\/wp-content\/uploads\/customer-service-280x195.png",280,195,true],"medium":["https:\/\/invest-in-albania.org\/wp-content\/uploads\/customer-service-300x166.png",300,166,true],"medium_large":["https:\/\/invest-in-albania.org\/wp-content\/uploads\/customer-service-768x425.png",768,425,true],"large":["https:\/\/invest-in-albania.org\/wp-content\/uploads\/customer-service-1024x566.png",1024,566,true],"1536x1536":["https:\/\/invest-in-albania.org\/wp-content\/uploads\/customer-service.png",1280,708,false],"2048x2048":["https:\/\/invest-in-albania.org\/wp-content\/uploads\/customer-service.png",1280,708,false],"single-featured-image":["https:\/\/invest-in-albania.org\/wp-content\/uploads\/customer-service.png",696,385,false],"blog-featured-image":["https:\/\/invest-in-albania.org\/wp-content\/uploads\/customer-service.png",524,290,false],"home-featured":["https:\/\/invest-in-albania.org\/wp-content\/uploads\/customer-service.png",380,210,false],"gb-block-post-grid-landscape":["https:\/\/invest-in-albania.org\/wp-content\/uploads\/customer-service.png",600,332,false],"gb-block-post-grid-square":["https:\/\/invest-in-albania.org\/wp-content\/uploads\/customer-service.png",600,332,false]},"uagb_author_info":{"display_name":"Vjollca Shehu","author_link":"https:\/\/invest-in-albania.org\/it\/author\/iia\/"},"uagb_comment_info":0,"uagb_excerpt":"Ecco tre diversi elenchi di lingue straniere e nessuno di essi riguarda gli account Twitter ufficiali del Papa. Il servizio clienti ha un linguaggio specifico che aiuta a costruire e mantenere un ottimo rapporto tra azienda e clienti. Quasi tutte le persone che utilizzano un servizio hanno affrontato una lunga conversazione con il servizio clienti.&hellip;","_links":{"self":[{"href":"https:\/\/invest-in-albania.org\/it\/wp-json\/wp\/v2\/pages\/60058"}],"collection":[{"href":"https:\/\/invest-in-albania.org\/it\/wp-json\/wp\/v2\/pages"}],"about":[{"href":"https:\/\/invest-in-albania.org\/it\/wp-json\/wp\/v2\/types\/page"}],"author":[{"embeddable":true,"href":"https:\/\/invest-in-albania.org\/it\/wp-json\/wp\/v2\/users\/2"}],"replies":[{"embeddable":true,"href":"https:\/\/invest-in-albania.org\/it\/wp-json\/wp\/v2\/comments?post=60058"}],"version-history":[{"count":2,"href":"https:\/\/invest-in-albania.org\/it\/wp-json\/wp\/v2\/pages\/60058\/revisions"}],"predecessor-version":[{"id":60061,"href":"https:\/\/invest-in-albania.org\/it\/wp-json\/wp\/v2\/pages\/60058\/revisions\/60061"}],"wp:featuredmedia":[{"embeddable":true,"href":"https:\/\/invest-in-albania.org\/it\/wp-json\/wp\/v2\/media\/40621"}],"wp:attachment":[{"href":"https:\/\/invest-in-albania.org\/it\/wp-json\/wp\/v2\/media?parent=60058"}],"curies":[{"name":"wp","href":"https:\/\/api.w.org\/{rel}","templated":true}]}}