{"id":60054,"date":"2024-04-06T00:51:28","date_gmt":"2024-04-05T22:51:28","guid":{"rendered":"https:\/\/invest-in-albania.org\/?page_id=60054"},"modified":"2024-04-06T00:51:33","modified_gmt":"2024-04-05T22:51:33","slug":"potenziale-di-crescita-dellindustria-del-bpo-in-albania","status":"publish","type":"page","link":"https:\/\/invest-in-albania.org\/it\/potenziale-di-crescita-dellindustria-del-bpo-in-albania\/","title":{"rendered":"Potenziale di crescita dell&#8217;industria del BPO in Albania"},"content":{"rendered":"\n<p>L&#8217;industria albanese del BPO serve clienti in tutto il mondo nelle seguenti lingue:<br>Italiano, inglese, tedesco, francese, spagnolo, greco, turco, russo, portoghese, polacco e arabo.<br>L&#8217;industria del BPO prevede che le dimensioni del mercato albanese dell&#8217;outsourcing aumenteranno in futuro, soprattutto dopo che il Paese avr\u00e0 avviato i negoziati per l&#8217;adesione all&#8217;Unione Europea.<br>Si prevede che i servizi di call center, assistenza clienti e ricerche di mercato riceveranno la massima attenzione.<br>L&#8217;industria del BPO \u00e8 stato il settore che ha registrato la maggiore crescita negli anni post-crisi in Albania.<br>Tuttavia, il settore del BPO in Albania ha un notevole potenziale di crescita.<\/p>\n\n\n\n<p>Oltre a Tirana, ci sono altre grandi citt\u00e0 come Durazzo, Elbasan, Scutari, Fier, Valona, Korca e Gjirokastra che offrono programmi universitari di alta qualit\u00e0 e un grande potenziale di BPO. L&#8217;Albania ha sviluppato una rete di autostrade che collegano la capitale Tirana ad altre importanti citt\u00e0 come Durazzo, Fier, Berat, Valona, Gjirokastra, Scutari ed Elbasan. La Strada della Nazione (Rruga e Kombit) \u00e8 uno dei progetti infrastrutturali pi\u00f9 importanti, in quanto ha ridotto la distanza tra l&#8217;Albania e il Kosovo e ha reso pi\u00f9 accessibili le aree rurali nella parte nord-orientale del Paese.<\/p>\n\n\n\n<p>Oltre 120.000 \u00e8 il numero totale di studenti nelle universit\u00e0, mentre oltre 35.000 studenti si laureano ogni anno in tutte le universit\u00e0 albanesi. Un&#8217;alta percentuale di laureati ottiene titoli di studio adatti alle esigenze dell&#8217;industria del BPO.<\/p>\n\n\n\n<p>L&#8217;Albania ha il pi\u00f9 alto numero di studenti, oltre 24.000, che studiano all&#8217;estero rispetto a tutti gli altri Paesi della regione. Questo gruppo di studenti rappresenta un&#8217;importante fonte di lavoro per l&#8217;industria del BPO in Albania.<br>Il sistema educativo albanese \u00e8 adatto alle esigenze dell&#8217;industria del BPO. Il settore \u00e8 tra i maggiori datori di lavoro per la forza lavoro di et\u00e0 compresa tra i 18 e i 35 anni. Ogni anno un numero considerevole di studenti si laurea in lingue: Inglese, francese, italiano, tedesco, spagnolo, turco, russo, ecc. Nel frattempo, a Tirana sono stati istituiti nuovi laboratori di lingue straniere, tra cui il cinese e il giapponese.<\/p>\n\n\n\n<p>Nel 2018, l&#8217;Albania si \u00e8 classificata al 63\u00b0 posto su 190 Paesi per quanto riguarda la facilit\u00e0 di fare impresa, nel rapporto Doing Business 2018 della Banca Mondiale. La struttura dell&#8217;economia albanese dipende da questi settori principali: energia, estrazione mineraria, agricoltura, manifattura, servizi, metallurgia e turismo.<\/p>\n","protected":false},"excerpt":{"rendered":"<p>L&#8217;industria albanese del BPO serve clienti in tutto il mondo nelle seguenti lingue:Italiano, inglese, tedesco, francese, spagnolo, greco, turco, russo, portoghese, polacco e arabo.L&#8217;industria del BPO prevede che le dimensioni del mercato albanese dell&#8217;outsourcing aumenteranno in futuro, soprattutto dopo che il Paese avr\u00e0 avviato i negoziati per l&#8217;adesione all&#8217;Unione Europea.Si prevede che i servizi di [&hellip;]<\/p>\n","protected":false},"author":2,"featured_media":41877,"parent":0,"menu_order":35,"comment_status":"closed","ping_status":"closed","template":"","meta":{"_uag_custom_page_level_css":"","_genesis_hide_title":false,"_genesis_hide_breadcrumbs":false,"_genesis_hide_singular_image":false,"_genesis_hide_footer_widgets":false,"_genesis_custom_body_class":"","_genesis_custom_post_class":"","_genesis_layout":"","_themeisle_gutenberg_block_has_review":false,"footnotes":""},"featured_image_src":"https:\/\/invest-in-albania.org\/wp-content\/uploads\/growth.jpg","featured_image_src_square":"https:\/\/invest-in-albania.org\/wp-content\/uploads\/growth.jpg","uagb_featured_image_src":{"full":["https:\/\/invest-in-albania.org\/wp-content\/uploads\/growth.jpg",1280,847,false],"thumbnail":["https:\/\/invest-in-albania.org\/wp-content\/uploads\/growth-280x195.jpg",280,195,true],"medium":["https:\/\/invest-in-albania.org\/wp-content\/uploads\/growth-300x199.jpg",300,199,true],"medium_large":["https:\/\/invest-in-albania.org\/wp-content\/uploads\/growth-768x508.jpg",768,508,true],"large":["https:\/\/invest-in-albania.org\/wp-content\/uploads\/growth-1024x678.jpg",1024,678,true],"1536x1536":["https:\/\/invest-in-albania.org\/wp-content\/uploads\/growth.jpg",1280,847,false],"2048x2048":["https:\/\/invest-in-albania.org\/wp-content\/uploads\/growth.jpg",1280,847,false],"single-featured-image":["https:\/\/invest-in-albania.org\/wp-content\/uploads\/growth.jpg",582,385,false],"blog-featured-image":["https:\/\/invest-in-albania.org\/wp-content\/uploads\/growth.jpg",438,290,false],"home-featured":["https:\/\/invest-in-albania.org\/wp-content\/uploads\/growth.jpg",380,251,false],"gb-block-post-grid-landscape":["https:\/\/invest-in-albania.org\/wp-content\/uploads\/growth.jpg",600,397,false],"gb-block-post-grid-square":["https:\/\/invest-in-albania.org\/wp-content\/uploads\/growth.jpg",600,397,false]},"uagb_author_info":{"display_name":"Vjollca Shehu","author_link":"https:\/\/invest-in-albania.org\/it\/author\/iia\/"},"uagb_comment_info":0,"uagb_excerpt":"L&#8217;industria albanese del BPO serve clienti in tutto il mondo nelle seguenti lingue:Italiano, inglese, tedesco, francese, spagnolo, greco, turco, russo, portoghese, polacco e arabo.L&#8217;industria del BPO prevede che le dimensioni del mercato albanese dell&#8217;outsourcing aumenteranno in futuro, soprattutto dopo che il Paese avr\u00e0 avviato i negoziati per l&#8217;adesione all&#8217;Unione Europea.Si prevede che i servizi di&hellip;","_links":{"self":[{"href":"https:\/\/invest-in-albania.org\/it\/wp-json\/wp\/v2\/pages\/60054"}],"collection":[{"href":"https:\/\/invest-in-albania.org\/it\/wp-json\/wp\/v2\/pages"}],"about":[{"href":"https:\/\/invest-in-albania.org\/it\/wp-json\/wp\/v2\/types\/page"}],"author":[{"embeddable":true,"href":"https:\/\/invest-in-albania.org\/it\/wp-json\/wp\/v2\/users\/2"}],"replies":[{"embeddable":true,"href":"https:\/\/invest-in-albania.org\/it\/wp-json\/wp\/v2\/comments?post=60054"}],"version-history":[{"count":1,"href":"https:\/\/invest-in-albania.org\/it\/wp-json\/wp\/v2\/pages\/60054\/revisions"}],"predecessor-version":[{"id":60055,"href":"https:\/\/invest-in-albania.org\/it\/wp-json\/wp\/v2\/pages\/60054\/revisions\/60055"}],"wp:featuredmedia":[{"embeddable":true,"href":"https:\/\/invest-in-albania.org\/it\/wp-json\/wp\/v2\/media\/41877"}],"wp:attachment":[{"href":"https:\/\/invest-in-albania.org\/it\/wp-json\/wp\/v2\/media?parent=60054"}],"curies":[{"name":"wp","href":"https:\/\/api.w.org\/{rel}","templated":true}]}}