{"id":60050,"date":"2024-04-06T00:48:39","date_gmt":"2024-04-05T22:48:39","guid":{"rendered":"https:\/\/invest-in-albania.org\/?page_id=60050"},"modified":"2024-04-06T00:48:43","modified_gmt":"2024-04-05T22:48:43","slug":"esternalizzare-per-superare-le-sfide-della-crescita-aziendale","status":"publish","type":"page","link":"https:\/\/invest-in-albania.org\/it\/esternalizzare-per-superare-le-sfide-della-crescita-aziendale\/","title":{"rendered":"Esternalizzare per superare le sfide della crescita aziendale"},"content":{"rendered":"\n<p>Tutto inizia con una buona idea audace al momento giusto. \u00c8 cos\u00ec che inizia quasi ogni attivit\u00e0 di successo. Tuttavia, ogni passo successivo verso un&#8217;attivit\u00e0 in crescita comporta nuove sfide. Ognuna di esse pu\u00f2 essere abbastanza opprimente da portare l&#8217;azienda fuori strada. La crescita \u00e8 l&#8217;obiettivo di ogni organizzazione, dalle startup alle grandi imprese. Pertanto, gli imprenditori devono sapere come tenere a bada i pericoli mentre affrontano le sfide del loro percorso di crescita. Molti riescono a farlo esternalizzando processi e funzioni aziendali che, se non gestiti correttamente, si trasformerebbero in ostacoli.<\/p>\n\n\n\n<p>Alcune delle sfide aziendali pi\u00f9 comuni sono legate alla gestione di varie funzioni come le risorse umane, il flusso di cassa, il talento e le attitudini, la contabilit\u00e0, i sistemi informativi, la cultura aziendale e il cambiamento. Si tratta di funzioni che ogni azienda, indipendentemente dalle dimensioni o dagli anni di attivit\u00e0, deve svolgere. Possono essere compiti di routine e banali che non hanno un ruolo nel ruolo e nella posizione dell&#8217;azienda sul mercato.<\/p>\n\n\n\n<p>Tuttavia, se non vengono svolte in modo puntuale e corretto, queste funzioni possono creare scompiglio. Per questo motivo alcuni imprenditori decidono di esternalizzare le proprie funzioni aziendali a societ\u00e0 partner. Questi fornitori possono trovarsi nello stesso Paese o all&#8217;altro capo del pianeta. L&#8217;outsourcing porta con s\u00e9 molti vantaggi, aiutando le imprese a superare le sfide della crescita.<\/p>\n\n\n\n<p><strong>Outsourcing delle risorse umane<\/strong><\/p>\n\n\n\n<p>Una nuova azienda che punta alla crescita non pu\u00f2 permettersi di assegnare ai suoi esperti compiti che richiedono molto tempo. D&#8217;altra parte, la creazione di nuovi reparti come quello delle risorse umane non pu\u00f2 essere la scelta pi\u00f9 efficiente per le nuove imprese in un determinato momento. La rapida crescita crea la necessit\u00e0 di assumere pi\u00f9 persone.<\/p>\n\n\n\n<p>I nuovi dipendenti necessitano di una formazione continua e di motivazione per evitare che si trasferiscano da un concorrente diretto. Un organico numeroso e un alto tasso di turnover possono anche influire sulla cultura e sulla crescita dell&#8217;azienda. Inoltre, un maggior numero di dipendenti richiede pi\u00f9 spazio in ufficio, attrezzature, tempo di formazione, ecc.<br>Le aziende che esternalizzano le proprie funzioni HR riducono notevolmente i costi di cui sopra. Le societ\u00e0 di outsourcing delle risorse umane si occupano del processo di reclutamento e formazione, delle buste paga, dei pagamenti dell&#8217;assistenza sanitaria, dei piani pensionistici, dell&#8217;amministrazione dei benefit, ecc.<\/p>\n\n\n\n<p><strong>Funzioni finanziarie<br><\/strong>Una cattiva gestione dei flussi di cassa pu\u00f2 davvero rovinare un&#8217;azienda, indipendentemente dal successo o dall&#8217;eccellenza dei prodotti offerti. I compiti legati alle funzioni finanziarie possono essere complessi. Un&#8217;azienda pu\u00f2 assumere uno o due specialisti che si occupino di contabilit\u00e0, buste paga, debiti e crediti, tasse e amministrazione finanziaria. L&#8217;altra opzione \u00e8 quella di delegare tutte queste funzioni a una societ\u00e0 di outsourcing. In questo modo si ridurranno i costi di amministrazione dei benefit e tutte le odiose mansioni saranno svolte in tempo.<\/p>\n\n\n\n<p><strong>Gestione di talenti, competenze e attitudini<br><\/strong>Numerose aziende hanno la possibilit\u00e0 di sviluppare un grande progetto anche se non dispongono di esperti interni. L&#8217;outsourcing consente di accedere a pool di talenti e a nuove prospettive. \u00c8 possibile trovare le persone necessarie per un progetto e firmare un contratto per un periodo di tempo definito, senza assumere nuovo personale. L&#8217;outsourcing \u00e8 un modo ottimale per trovare persone che possono essere fondamentali per la strategia di crescita di un&#8217;azienda. Nel frattempo, gli imprenditori e i team interni possono concentrarsi su ci\u00f2 che \u00e8 veramente importante.<\/p>\n\n\n\n<p><strong>Gestione del sistema informativo<br><\/strong>Il rapporto speciale tra tecnologia e business dimostra che le soluzioni tecnologiche avanzate alimentano un rapido progresso in tutti i settori in cui vengono applicate. Al giorno d&#8217;oggi, il ruolo dei big data e delle metriche avanzate \u00e8 fondamentale per la crescita aziendale. Questi processi richiedono esperti altamente qualificati in grado di analizzare e spiegare i dati con parole semplici. Il Knowledge Process Outsourcing (KPO) \u00e8 un sottoinsieme dell&#8217;outsourcing che fornisce competenze di alta qualit\u00e0 per queste funzioni aziendali. Le KPO aiutano le aziende a prendere la decisione giusta al momento giusto.<\/p>\n","protected":false},"excerpt":{"rendered":"<p>Tutto inizia con una buona idea audace al momento giusto. \u00c8 cos\u00ec che inizia quasi ogni attivit\u00e0 di successo. Tuttavia, ogni passo successivo verso un&#8217;attivit\u00e0 in crescita comporta nuove sfide. Ognuna di esse pu\u00f2 essere abbastanza opprimente da portare l&#8217;azienda fuori strada. La crescita \u00e8 l&#8217;obiettivo di ogni organizzazione, dalle startup alle grandi imprese. Pertanto, [&hellip;]<\/p>\n","protected":false},"author":2,"featured_media":40919,"parent":0,"menu_order":34,"comment_status":"closed","ping_status":"closed","template":"","meta":{"_uag_custom_page_level_css":"","_genesis_hide_title":false,"_genesis_hide_breadcrumbs":false,"_genesis_hide_singular_image":false,"_genesis_hide_footer_widgets":false,"_genesis_custom_body_class":"","_genesis_custom_post_class":"","_genesis_layout":"","_themeisle_gutenberg_block_has_review":false,"footnotes":""},"featured_image_src":"https:\/\/invest-in-albania.org\/wp-content\/uploads\/business-growth.jpg","featured_image_src_square":"https:\/\/invest-in-albania.org\/wp-content\/uploads\/business-growth.jpg","uagb_featured_image_src":{"full":["https:\/\/invest-in-albania.org\/wp-content\/uploads\/business-growth.jpg",1280,853,false],"thumbnail":["https:\/\/invest-in-albania.org\/wp-content\/uploads\/business-growth-280x195.jpg",280,195,true],"medium":["https:\/\/invest-in-albania.org\/wp-content\/uploads\/business-growth-300x200.jpg",300,200,true],"medium_large":["https:\/\/invest-in-albania.org\/wp-content\/uploads\/business-growth-768x512.jpg",768,512,true],"large":["https:\/\/invest-in-albania.org\/wp-content\/uploads\/business-growth-1024x682.jpg",1024,682,true],"1536x1536":["https:\/\/invest-in-albania.org\/wp-content\/uploads\/business-growth.jpg",1280,853,false],"2048x2048":["https:\/\/invest-in-albania.org\/wp-content\/uploads\/business-growth.jpg",1280,853,false],"single-featured-image":["https:\/\/invest-in-albania.org\/wp-content\/uploads\/business-growth.jpg",578,385,false],"blog-featured-image":["https:\/\/invest-in-albania.org\/wp-content\/uploads\/business-growth.jpg",435,290,false],"home-featured":["https:\/\/invest-in-albania.org\/wp-content\/uploads\/business-growth.jpg",380,253,false],"gb-block-post-grid-landscape":["https:\/\/invest-in-albania.org\/wp-content\/uploads\/business-growth.jpg",600,400,false],"gb-block-post-grid-square":["https:\/\/invest-in-albania.org\/wp-content\/uploads\/business-growth.jpg",600,400,false]},"uagb_author_info":{"display_name":"Vjollca Shehu","author_link":"https:\/\/invest-in-albania.org\/it\/author\/iia\/"},"uagb_comment_info":0,"uagb_excerpt":"Tutto inizia con una buona idea audace al momento giusto. \u00c8 cos\u00ec che inizia quasi ogni attivit\u00e0 di successo. Tuttavia, ogni passo successivo verso un&#8217;attivit\u00e0 in crescita comporta nuove sfide. Ognuna di esse pu\u00f2 essere abbastanza opprimente da portare l&#8217;azienda fuori strada. La crescita \u00e8 l&#8217;obiettivo di ogni organizzazione, dalle startup alle grandi imprese. Pertanto,&hellip;","_links":{"self":[{"href":"https:\/\/invest-in-albania.org\/it\/wp-json\/wp\/v2\/pages\/60050"}],"collection":[{"href":"https:\/\/invest-in-albania.org\/it\/wp-json\/wp\/v2\/pages"}],"about":[{"href":"https:\/\/invest-in-albania.org\/it\/wp-json\/wp\/v2\/types\/page"}],"author":[{"embeddable":true,"href":"https:\/\/invest-in-albania.org\/it\/wp-json\/wp\/v2\/users\/2"}],"replies":[{"embeddable":true,"href":"https:\/\/invest-in-albania.org\/it\/wp-json\/wp\/v2\/comments?post=60050"}],"version-history":[{"count":1,"href":"https:\/\/invest-in-albania.org\/it\/wp-json\/wp\/v2\/pages\/60050\/revisions"}],"predecessor-version":[{"id":60051,"href":"https:\/\/invest-in-albania.org\/it\/wp-json\/wp\/v2\/pages\/60050\/revisions\/60051"}],"wp:featuredmedia":[{"embeddable":true,"href":"https:\/\/invest-in-albania.org\/it\/wp-json\/wp\/v2\/media\/40919"}],"wp:attachment":[{"href":"https:\/\/invest-in-albania.org\/it\/wp-json\/wp\/v2\/media?parent=60050"}],"curies":[{"name":"wp","href":"https:\/\/api.w.org\/{rel}","templated":true}]}}