{"id":60045,"date":"2024-04-06T00:43:36","date_gmt":"2024-04-05T22:43:36","guid":{"rendered":"https:\/\/invest-in-albania.org\/?page_id=60045"},"modified":"2024-04-06T00:43:41","modified_gmt":"2024-04-05T22:43:41","slug":"la-vostra-azienda-ha-bisogno-di-un-call-center","status":"publish","type":"page","link":"https:\/\/invest-in-albania.org\/it\/la-vostra-azienda-ha-bisogno-di-un-call-center\/","title":{"rendered":"La vostra azienda ha bisogno di un call center?"},"content":{"rendered":"\n<p>Quando i vostri clienti chiamano, non gli interessa se siete impegnati a gestire operazioni essenziali. I clienti vogliono che qualcuno risponda al telefono e alle loro domande. Pertanto, ignorarli non \u00e8 un&#8217;opzione che potete permettervi. D&#8217;altra parte, una piccola impresa come la vostra non pu\u00f2 permettersi di gestire un call center interno per le chiamate in entrata. Al contrario, potete stabilire una partnership con un call center di successo.<\/p>\n\n\n\n<p>I call center riducono i costi generati dal vostro reparto interno di assistenza clienti. Dovreste investire in un software adeguato, in attrezzature, nel reclutamento del personale, in uffici, nell&#8217;amministrazione dei benefit, nella formazione e molto altro ancora. Tutti questi costi vengono evitati se il servizio clienti viene esternalizzato a un call center.<\/p>\n\n\n\n<p>Il settore dei call center \u00e8 in crescita e si prevede che il fatturato globale raggiunger\u00e0 oltre 400 miliardi di dollari entro il 2022. L&#8217;industria del Business Process Outsourcing (BPO) \u00e8 un settore in rapida crescita in tutto il mondo. Paesi come l&#8217;India, le Filippine e il Messico sono destinazioni consolidate. Nel frattempo, Cina, Vietnam e Malesia in Asia e Bulgaria, Romania e Albania nell&#8217;Europa dell&#8217;Est sono tra i mercati europei in crescita per il BPO.<\/p>\n\n\n\n<p>I call center offrono vari servizi di chiamata che soddisfano le esigenze e i requisiti delle aziende che operano in diversi settori. Nel frattempo, gli operatori ricevono una formazione continua per migliorare le relazioni con i clienti.<\/p>\n\n\n\n<p>Le nuove tendenze del settore BPO sono guidate dal rapido sviluppo tecnologico. Si prevede che l&#8217;integrazione dell&#8217;intelligenza artificiale dar\u00e0 impulso alle attivit\u00e0 del settore. I call center raccolgono ed elaborano enormi quantit\u00e0 di dati che aiutano le aziende a prendere decisioni critiche al momento giusto. L&#8217;intelligenza artificiale aiuter\u00e0 ad anticipare le situazioni e le azioni relative sia ai clienti che agli operatori. Questo passo aiuter\u00e0 sia i servizi di call center inbound che quelli outbound.<br>I call center esperti possono aiutare i piani di crescita aziendale e l&#8217;espansione in nuovi mercati.<\/p>\n\n\n\n<p><strong>Dove trovare un call center<\/strong><\/p>\n\n\n\n<p>Trovare il partner giusto per esternalizzare i servizi di assistenza clienti o di vendita diretta dipende da vari fattori. I fusi orari, la conoscenza della lingua, l&#8217;affinit\u00e0 culturale, il costo del lavoro, la giovane popolazione multilingue e la posizione geografica sono alcuni dei fattori che aiutano un&#8217;azienda a scegliere il call center giusto. Scegliete sempre paesi con una popolazione multilingue.<\/p>\n","protected":false},"excerpt":{"rendered":"<p>Quando i vostri clienti chiamano, non gli interessa se siete impegnati a gestire operazioni essenziali. I clienti vogliono che qualcuno risponda al telefono e alle loro domande. Pertanto, ignorarli non \u00e8 un&#8217;opzione che potete permettervi. D&#8217;altra parte, una piccola impresa come la vostra non pu\u00f2 permettersi di gestire un call center interno per le chiamate [&hellip;]<\/p>\n","protected":false},"author":2,"featured_media":0,"parent":0,"menu_order":33,"comment_status":"closed","ping_status":"closed","template":"","meta":{"_uag_custom_page_level_css":"","_genesis_hide_title":false,"_genesis_hide_breadcrumbs":false,"_genesis_hide_singular_image":false,"_genesis_hide_footer_widgets":false,"_genesis_custom_body_class":"","_genesis_custom_post_class":"","_genesis_layout":"","_themeisle_gutenberg_block_has_review":false,"footnotes":""},"featured_image_src":null,"featured_image_src_square":null,"uagb_featured_image_src":{"full":false,"thumbnail":false,"medium":false,"medium_large":false,"large":false,"1536x1536":false,"2048x2048":false,"single-featured-image":false,"blog-featured-image":false,"home-featured":false,"gb-block-post-grid-landscape":false,"gb-block-post-grid-square":false},"uagb_author_info":{"display_name":"Vjollca Shehu","author_link":"https:\/\/invest-in-albania.org\/it\/author\/iia\/"},"uagb_comment_info":0,"uagb_excerpt":"Quando i vostri clienti chiamano, non gli interessa se siete impegnati a gestire operazioni essenziali. I clienti vogliono che qualcuno risponda al telefono e alle loro domande. Pertanto, ignorarli non \u00e8 un&#8217;opzione che potete permettervi. D&#8217;altra parte, una piccola impresa come la vostra non pu\u00f2 permettersi di gestire un call center interno per le chiamate&hellip;","_links":{"self":[{"href":"https:\/\/invest-in-albania.org\/it\/wp-json\/wp\/v2\/pages\/60045"}],"collection":[{"href":"https:\/\/invest-in-albania.org\/it\/wp-json\/wp\/v2\/pages"}],"about":[{"href":"https:\/\/invest-in-albania.org\/it\/wp-json\/wp\/v2\/types\/page"}],"author":[{"embeddable":true,"href":"https:\/\/invest-in-albania.org\/it\/wp-json\/wp\/v2\/users\/2"}],"replies":[{"embeddable":true,"href":"https:\/\/invest-in-albania.org\/it\/wp-json\/wp\/v2\/comments?post=60045"}],"version-history":[{"count":1,"href":"https:\/\/invest-in-albania.org\/it\/wp-json\/wp\/v2\/pages\/60045\/revisions"}],"predecessor-version":[{"id":60046,"href":"https:\/\/invest-in-albania.org\/it\/wp-json\/wp\/v2\/pages\/60045\/revisions\/60046"}],"wp:attachment":[{"href":"https:\/\/invest-in-albania.org\/it\/wp-json\/wp\/v2\/media?parent=60045"}],"curies":[{"name":"wp","href":"https:\/\/api.w.org\/{rel}","templated":true}]}}