{"id":60041,"date":"2024-04-06T00:40:24","date_gmt":"2024-04-05T22:40:24","guid":{"rendered":"https:\/\/invest-in-albania.org\/?page_id=60041"},"modified":"2024-04-06T00:40:29","modified_gmt":"2024-04-05T22:40:29","slug":"esternalizzare-per-superare-la-crisi-del-gap-di-talenti","status":"publish","type":"page","link":"https:\/\/invest-in-albania.org\/it\/esternalizzare-per-superare-la-crisi-del-gap-di-talenti\/","title":{"rendered":"Esternalizzare per superare la crisi del gap di talenti"},"content":{"rendered":"<div class=\"wp-block-image\">\n<figure class=\"alignright\"><img loading=\"lazy\" decoding=\"async\" width=\"1024\" height=\"576\" src=\"http:\/\/new.invest-in-albania.org\/wp-content\/uploads\/talent-outsource-1024x576.jpg\" alt=\"\" class=\"wp-image-40903\" srcset=\"https:\/\/invest-in-albania.org\/wp-content\/uploads\/talent-outsource-1024x576.jpg 1024w, https:\/\/invest-in-albania.org\/wp-content\/uploads\/talent-outsource-300x169.jpg 300w, https:\/\/invest-in-albania.org\/wp-content\/uploads\/talent-outsource-768x432.jpg 768w, https:\/\/invest-in-albania.org\/wp-content\/uploads\/talent-outsource-580x326.jpg 580w, https:\/\/invest-in-albania.org\/wp-content\/uploads\/talent-outsource-860x484.jpg 860w, https:\/\/invest-in-albania.org\/wp-content\/uploads\/talent-outsource-1160x653.jpg 1160w, https:\/\/invest-in-albania.org\/wp-content\/uploads\/talent-outsource.jpg 1280w\" sizes=\"(max-width: 1024px) 100vw, 1024px\" \/><\/figure><\/div>\n\n\n<p>Il pianeta ha talento. S\u00ec, grazie Capitan Ovvio! Eppure, le aziende di tutto il mondo si comportano come se i dipendenti di talento fossero una specie in via di estinzione. Oltre a ragioni comuni come il pensionamento della forza lavoro, alcuni esperti sostengono che la colpa sia delle aziende, a causa delle loro aspettative. La competitivit\u00e0 delle imprese moderne si \u00e8 spostata dalle strategie commerciali alla creazione di valore e alla conservazione dei talenti.<\/p>\n\n\n\n<p>Oggi il talento \u00e8 considerato la risorsa pi\u00f9 preziosa che un&#8217;azienda possa avere. Eppure il divario sta crescendo. Le aziende faticano a coprire le posizioni aperte, soprattutto quando si tratta di tecnici specializzati. Anche quando ci riescono, la lotta continua e la frustrazione cresce quando i cacciatori di teste sono in agguato. Se vi trovate in questa situazione, non siete soli.<br>Se le aziende pi\u00f9 mature hanno difficolt\u00e0 a gestire la carenza di talenti e la gestione dei dipendenti, cosa pu\u00f2 accadere alle startup, alle piccole e medie imprese?<\/p>\n\n\n\n<p><strong>Cosa fare? Esternalizzare il reparto risorse umane<br><\/strong>Avviare un proprio dipartimento HR sarebbe molto costoso se non si ha esperienza nel settore. Pensate all&#8217;esternalizzazione delle risorse umane. Se il vostro tempo e le vostre risorse sono limitati, l&#8217;outsourcing delle risorse umane ridurrebbe i costi ed eviterebbe le attivit\u00e0 che richiedono tempo. Le aziende che si occupano di risorse umane gestiscono ogni funzione relativa a questo dipartimento a costi inferiori. Se finora non avete ancora pensato all&#8217;outsourcing, lo farete presto.<\/p>\n\n\n\n<p>C&#8217;\u00e8 una regola non scritta nel settore dell&#8217;outsourcing. Dice che se \u00e8 possibile esternalizzare uno specifico processo aziendale, questo sar\u00e0 meno costoso di quello eseguito internamente. L&#8217;outsourcing delle risorse umane solleva un pesante fardello, in quanto assicura che tutte le funzioni siano completate in tempo. Queste aziende si occupano del reclutamento e della formazione, del coaching, dello sviluppo dei talenti, delle buste paga, delle prestazioni sanitarie, della gestione delle prestazioni, della gestione dei rischi, del personale temporaneo e di tutto ci\u00f2 che riguarda i vostri dipendenti.<\/p>\n\n\n\n<p>D&#8217;altro canto, si riducono tutte le spese di un dipartimento HR interno, come l&#8217;amministrazione dei benefit e le prestazioni sanitarie.<br>D&#8217;altro canto, \u00e8 possibile esternalizzare tutte le funzioni aziendali che non incidono sulla competitivit\u00e0 dell&#8217;azienda, ma che devono essere svolte. In questo modo, potrete mantenere il vostro team interno concentrato su ci\u00f2 che \u00e8 importante e allo stesso tempo creare valore e servire i vostri clienti.<\/p>\n\n\n\n<p>L&#8217;outsourcing pu\u00f2 aiutarvi a trovare specialisti qualificati per servizi come la contabilit\u00e0, il social media marketing, la preparazione delle tasse, l&#8217;assistenza ai clienti e tutto ci\u00f2 che influisce sulla cultura aziendale e, soprattutto, sulle prestazioni. I talenti sono disponibili in tutto il mondo e l&#8217;outsourcing \u00e8 il modo per averli. Potete cercare i partner in base alle vostre esigenze specifiche. Possono essere localizzati nearshore o offshore.<\/p>\n\n\n\n<p>La scelta di un partner di outsourcing dipende da fattori quali l&#8217;esperienza, l&#8217;ubicazione, il fuso orario, la capacit\u00e0 di comunicazione e di linguaggio, l&#8217;affinit\u00e0 culturale, le opportunit\u00e0 di espansione, ecc. Le principali destinazioni emergenti stanno guadagnando sempre pi\u00f9 attenzione, soprattutto nell&#8217;Europa sudorientale. Polonia, Bulgaria, Albania e Ucraina sono destinazioni di outsourcing con un futuro brillante davanti a s\u00e9.<\/p>\n","protected":false},"excerpt":{"rendered":"<p>Il pianeta ha talento. S\u00ec, grazie Capitan Ovvio! Eppure, le aziende di tutto il mondo si comportano come se i dipendenti di talento fossero una specie in via di estinzione. Oltre a ragioni comuni come il pensionamento della forza lavoro, alcuni esperti sostengono che la colpa sia delle aziende, a causa delle loro aspettative. La [&hellip;]<\/p>\n","protected":false},"author":2,"featured_media":40906,"parent":0,"menu_order":32,"comment_status":"closed","ping_status":"closed","template":"","meta":{"_uag_custom_page_level_css":"","_genesis_hide_title":false,"_genesis_hide_breadcrumbs":false,"_genesis_hide_singular_image":false,"_genesis_hide_footer_widgets":false,"_genesis_custom_body_class":"","_genesis_custom_post_class":"","_genesis_layout":"","_themeisle_gutenberg_block_has_review":false,"footnotes":""},"featured_image_src":"https:\/\/invest-in-albania.org\/wp-content\/uploads\/talent-outsource.jpg","featured_image_src_square":"https:\/\/invest-in-albania.org\/wp-content\/uploads\/talent-outsource.jpg","uagb_featured_image_src":{"full":["https:\/\/invest-in-albania.org\/wp-content\/uploads\/talent-outsource.jpg",1280,720,false],"thumbnail":["https:\/\/invest-in-albania.org\/wp-content\/uploads\/talent-outsource-280x195.jpg",280,195,true],"medium":["https:\/\/invest-in-albania.org\/wp-content\/uploads\/talent-outsource-300x169.jpg",300,169,true],"medium_large":["https:\/\/invest-in-albania.org\/wp-content\/uploads\/talent-outsource-768x432.jpg",768,432,true],"large":["https:\/\/invest-in-albania.org\/wp-content\/uploads\/talent-outsource-1024x576.jpg",1024,576,true],"1536x1536":["https:\/\/invest-in-albania.org\/wp-content\/uploads\/talent-outsource.jpg",1280,720,false],"2048x2048":["https:\/\/invest-in-albania.org\/wp-content\/uploads\/talent-outsource.jpg",1280,720,false],"single-featured-image":["https:\/\/invest-in-albania.org\/wp-content\/uploads\/talent-outsource.jpg",684,385,false],"blog-featured-image":["https:\/\/invest-in-albania.org\/wp-content\/uploads\/talent-outsource.jpg",516,290,false],"home-featured":["https:\/\/invest-in-albania.org\/wp-content\/uploads\/talent-outsource.jpg",380,214,false],"gb-block-post-grid-landscape":["https:\/\/invest-in-albania.org\/wp-content\/uploads\/talent-outsource.jpg",600,338,false],"gb-block-post-grid-square":["https:\/\/invest-in-albania.org\/wp-content\/uploads\/talent-outsource.jpg",600,338,false]},"uagb_author_info":{"display_name":"Vjollca Shehu","author_link":"https:\/\/invest-in-albania.org\/it\/author\/iia\/"},"uagb_comment_info":0,"uagb_excerpt":"Il pianeta ha talento. S\u00ec, grazie Capitan Ovvio! Eppure, le aziende di tutto il mondo si comportano come se i dipendenti di talento fossero una specie in via di estinzione. Oltre a ragioni comuni come il pensionamento della forza lavoro, alcuni esperti sostengono che la colpa sia delle aziende, a causa delle loro aspettative. La&hellip;","_links":{"self":[{"href":"https:\/\/invest-in-albania.org\/it\/wp-json\/wp\/v2\/pages\/60041"}],"collection":[{"href":"https:\/\/invest-in-albania.org\/it\/wp-json\/wp\/v2\/pages"}],"about":[{"href":"https:\/\/invest-in-albania.org\/it\/wp-json\/wp\/v2\/types\/page"}],"author":[{"embeddable":true,"href":"https:\/\/invest-in-albania.org\/it\/wp-json\/wp\/v2\/users\/2"}],"replies":[{"embeddable":true,"href":"https:\/\/invest-in-albania.org\/it\/wp-json\/wp\/v2\/comments?post=60041"}],"version-history":[{"count":1,"href":"https:\/\/invest-in-albania.org\/it\/wp-json\/wp\/v2\/pages\/60041\/revisions"}],"predecessor-version":[{"id":60042,"href":"https:\/\/invest-in-albania.org\/it\/wp-json\/wp\/v2\/pages\/60041\/revisions\/60042"}],"wp:featuredmedia":[{"embeddable":true,"href":"https:\/\/invest-in-albania.org\/it\/wp-json\/wp\/v2\/media\/40906"}],"wp:attachment":[{"href":"https:\/\/invest-in-albania.org\/it\/wp-json\/wp\/v2\/media?parent=60041"}],"curies":[{"name":"wp","href":"https:\/\/api.w.org\/{rel}","templated":true}]}}