{"id":60037,"date":"2024-04-06T00:34:39","date_gmt":"2024-04-05T22:34:39","guid":{"rendered":"https:\/\/invest-in-albania.org\/?page_id=60037"},"modified":"2024-04-06T00:34:44","modified_gmt":"2024-04-05T22:34:44","slug":"cose-loutsourcing","status":"publish","type":"page","link":"https:\/\/invest-in-albania.org\/it\/cose-loutsourcing\/","title":{"rendered":"Cos&#8217;\u00e8 l&#8217;outsourcing?"},"content":{"rendered":"\n<p>L&#8217;ultima parola d&#8217;ordine nell&#8217;economia globale di oggi \u00e8 outsourcing. Per migliaia di aziende in tutto il mondo suona bene, mentre per molte persone non \u00e8 poi cos\u00ec bene. Che cos&#8217;\u00e8 questa strategia che ha rubato la scena alle industrie globali e presumibilmente i posti di lavoro dei lavoratori americani?<\/p>\n\n\n\n<p>L&#8217;outsourcing \u00e8 una pratica commerciale potenziata dalla digitalizzazione e dalla tecnologia che consente a un&#8217;azienda di espandere i propri confini concentrandosi sulle funzioni principali. Si tratta di una soluzione vantaggiosa per tutti, in quanto le aziende forniscono servizi ad altri soggetti nearshore o offshore. Come dice il nome stesso, questa pratica si basa sul concetto di azienda che utilizza risorse esterne per svolgere compiti che possono essere gestiti da risorse interne.<br>Perch\u00e9 un&#8217;azienda sceglie di delegare specifiche funzioni aziendali a un&#8217;azienda esterna se pu\u00f2 farlo da sola, evitando cos\u00ec diverse conseguenze fastidiose?<\/p>\n\n\n\n<p><strong>I primi esempi di outsourcing<\/strong><\/p>\n\n\n\n<p>Torniamo indietro nel tempo fino all&#8217;Impero Romano. Avete mai sentito parlare di Cura Annonae? Si trattava di una strategia per mantenere la pace distribuendo gratuitamente grano alla popolazione povera dell&#8217;antica Roma o, pi\u00f9 precisamente, a tutti i maschi di et\u00e0 superiore ai 14 anni. La citt\u00e0 di Roma cresceva a ritmo sostenuto, proprio come l&#8217;Impero Romano, aumentando cos\u00ec il bisogno di alloggi e cibo. Per questo motivo, i governanti romani decisero di importare grano dalla Sardegna, dalla Sicilia e dall&#8217;Egitto.<\/p>\n\n\n\n<p>Era pi\u00f9 conveniente importare il grano piuttosto che coltivarlo su terreni che potevano essere utilizzati per altri scopi. Lo storico Giuseppe diceva che l&#8217;Africa settentrionale nutriva Roma per otto mesi all&#8217;anno e l&#8217;Egitto solo per quattro. Per garantire la qualit\u00e0 del grano, nel primo secolo a.C. a Cartagine furono insediati oltre 6.000 coloni, ognuno dei quali ricevette 25 ettari di terreno per la coltivazione del grano che sarebbe stato spedito a Roma.<\/p>\n\n\n\n<p>Questo \u00e8 uno dei primi esempi di outsourcing. Il mantenimento della pace e lo sviluppo urbano erano valori fondamentali per la citt\u00e0 di Roma. Anche l&#8217;approvvigionamento alimentare era importante, ma perch\u00e9 non delegarlo a un&#8217;altra parte dell&#8217;Impero invece di sprecare tempo e terra per la coltivazione del grano?<\/p>\n\n\n\n<p><strong>I motivi per cui esternalizzare<\/strong><\/p>\n\n\n\n<p>Anche se antica, questa \u00e8 la logica che molte aziende agili utilizzano oggi e i motivi per cui lo fanno sono semplici.<\/p>\n\n\n\n<p><strong>Riduzione dei costi e flessibilit\u00e0<br><\/strong>Questa \u00e8 la prima ragione elencata quando si parla dei vantaggi dell&#8217;outsourcing. L&#8217;assunzione di personale a livello locale \u00e8 sempre pi\u00f9 costosa rispetto ai mercati del lavoro a basso costo che offrono un ampio bacino di talenti e dipendenti qualificati. Un&#8217;impresa non pu\u00f2 permettersi di creare un team completamente nuovo per un processo specifico che in molti casi sar\u00e0 temporaneo. Ci vorr\u00e0 tempo per trovarli, assumerli e formarli. D&#8217;altra parte, l&#8217;outsourcing \u00e8 un rapporto contrattuale.<\/p>\n\n\n\n<p><strong>Nuove prospettive<br><\/strong>Altre aziende di paesi diversi possono avere molta esperienza e punti di vista diversi quando si tratta di compiti specifici o servizi aziendali. Allo stesso tempo, non sentono alcun ostacolo che li trattenga dal condividere un&#8217;opinione onesta e diversa da quella che i dirigenti di una determinata azienda tendono a credere.<\/p>\n\n\n\n<p><strong>Accesso a pi\u00f9 talenti<br><\/strong>Le aziende, e in particolare quelle con sede in Paesi in cui lo stoccaggio dei talenti sta diventando una delle principali preoccupazioni a causa dell&#8217;invecchiamento della popolazione o dei bassi tassi di natalit\u00e0, possono accedere facilmente al pool di talenti globale.<\/p>\n\n\n\n<p><strong>Accesso a nuovi mercati<br><\/strong>Con l&#8217;outsourcing un&#8217;azienda ha l&#8217;opportunit\u00e0 di esplorare nuovi mercati.<\/p>\n\n\n\n<p><strong>Riduzione del tasso di turnover<br><\/strong>Un alto tasso di turnover dei dipendenti pu\u00f2 davvero danneggiare un&#8217;azienda. Le persone formate e che raggiungono un certo livello di competenza possono cercare di migliorare le loro prospettive di carriera, di ottenere salari pi\u00f9 alti o di affrontare nuove sfide professionali. Nel frattempo, la domanda di esperti \u00e8 sempre alta e i dipendenti sono sempre tentati da buone offerte. L&#8217;outsourcing pu\u00f2 contribuire a ridurre l&#8217;impatto di un elevato tasso di turnover.<\/p>\n\n\n\n<p><strong>Destinazioni emergenti per l&#8217;outsourcing<br><\/strong>In poche parole, l&#8217;outsourcing offre gli stessi vantaggi alle aziende consolidate e alle nuove startup. \u00c8 impossibile fare tutto da soli, perch\u00e9 richiede tempo e risorse.<\/p>\n\n\n\n<p>Nei Balcani c&#8217;\u00e8 un detto che recita cos\u00ec: \u00c8 impossibile portare due zucche sotto il braccio. Nel frattempo, i Paesi balcanici sono una destinazione emergente per l&#8217;outsourcing. Le aziende che hanno gi\u00e0 esternalizzato in un Paese balcanico nel 2015 hanno ridotto i costi di oltre il 50%.<\/p>\n\n\n\n<p>A differenza degli altri Paesi dei Balcani, l&#8217;Albania \u00e8 l&#8217;unico Paese della regione a non essere stato coinvolto in conflitti. \u00c8 quindi un Paese sicuro e politicamente stabile, nonch\u00e9 un potenziale candidato all&#8217;adesione all&#8217;UE. L&#8217;economia albanese si concentra su turismo, agricoltura, ICT, energie rinnovabili (tra i pochi Paesi al mondo che si affidano al 100% all&#8217;energia verde), industria manifatturiera e mineraria, trasporti e logistica. Grazie alla sua posizione strategica, agli incentivi economici, alla popolazione relativamente giovane, qualificata, istruita e multilingue e al mercato del lavoro a basso costo, l&#8217;Albania si sta trasformando in una destinazione emergente di outsourcing per le aziende nearshore e offshore.<\/p>\n","protected":false},"excerpt":{"rendered":"<p>L&#8217;ultima parola d&#8217;ordine nell&#8217;economia globale di oggi \u00e8 outsourcing. Per migliaia di aziende in tutto il mondo suona bene, mentre per molte persone non \u00e8 poi cos\u00ec bene. Che cos&#8217;\u00e8 questa strategia che ha rubato la scena alle industrie globali e presumibilmente i posti di lavoro dei lavoratori americani? L&#8217;outsourcing \u00e8 una pratica commerciale potenziata [&hellip;]<\/p>\n","protected":false},"author":2,"featured_media":0,"parent":0,"menu_order":31,"comment_status":"closed","ping_status":"closed","template":"","meta":{"_uag_custom_page_level_css":"","_genesis_hide_title":false,"_genesis_hide_breadcrumbs":false,"_genesis_hide_singular_image":false,"_genesis_hide_footer_widgets":false,"_genesis_custom_body_class":"","_genesis_custom_post_class":"","_genesis_layout":"","_themeisle_gutenberg_block_has_review":false,"footnotes":""},"featured_image_src":null,"featured_image_src_square":null,"uagb_featured_image_src":{"full":false,"thumbnail":false,"medium":false,"medium_large":false,"large":false,"1536x1536":false,"2048x2048":false,"single-featured-image":false,"blog-featured-image":false,"home-featured":false,"gb-block-post-grid-landscape":false,"gb-block-post-grid-square":false},"uagb_author_info":{"display_name":"Vjollca Shehu","author_link":"https:\/\/invest-in-albania.org\/it\/author\/iia\/"},"uagb_comment_info":0,"uagb_excerpt":"L&#8217;ultima parola d&#8217;ordine nell&#8217;economia globale di oggi \u00e8 outsourcing. Per migliaia di aziende in tutto il mondo suona bene, mentre per molte persone non \u00e8 poi cos\u00ec bene. Che cos&#8217;\u00e8 questa strategia che ha rubato la scena alle industrie globali e presumibilmente i posti di lavoro dei lavoratori americani? L&#8217;outsourcing \u00e8 una pratica commerciale potenziata&hellip;","_links":{"self":[{"href":"https:\/\/invest-in-albania.org\/it\/wp-json\/wp\/v2\/pages\/60037"}],"collection":[{"href":"https:\/\/invest-in-albania.org\/it\/wp-json\/wp\/v2\/pages"}],"about":[{"href":"https:\/\/invest-in-albania.org\/it\/wp-json\/wp\/v2\/types\/page"}],"author":[{"embeddable":true,"href":"https:\/\/invest-in-albania.org\/it\/wp-json\/wp\/v2\/users\/2"}],"replies":[{"embeddable":true,"href":"https:\/\/invest-in-albania.org\/it\/wp-json\/wp\/v2\/comments?post=60037"}],"version-history":[{"count":1,"href":"https:\/\/invest-in-albania.org\/it\/wp-json\/wp\/v2\/pages\/60037\/revisions"}],"predecessor-version":[{"id":60038,"href":"https:\/\/invest-in-albania.org\/it\/wp-json\/wp\/v2\/pages\/60037\/revisions\/60038"}],"wp:attachment":[{"href":"https:\/\/invest-in-albania.org\/it\/wp-json\/wp\/v2\/media?parent=60037"}],"curies":[{"name":"wp","href":"https:\/\/api.w.org\/{rel}","templated":true}]}}