{"id":60032,"date":"2024-04-06T00:21:41","date_gmt":"2024-04-05T22:21:41","guid":{"rendered":"https:\/\/invest-in-albania.org\/?page_id=60032"},"modified":"2024-04-06T00:22:12","modified_gmt":"2024-04-05T22:22:12","slug":"60032-2","status":"publish","type":"page","link":"https:\/\/invest-in-albania.org\/it\/60032-2\/","title":{"rendered":"Opportunit\u00e0 per i BPO in Albania"},"content":{"rendered":"<div class=\"wp-block-image\">\n<figure class=\"aligncenter\"><img loading=\"lazy\" decoding=\"async\" width=\"1024\" height=\"768\" src=\"http:\/\/new.invest-in-albania.org\/wp-content\/uploads\/dice-1024x768.jpg\" alt=\"\" class=\"wp-image-41857\" srcset=\"https:\/\/invest-in-albania.org\/wp-content\/uploads\/dice-1024x768.jpg 1024w, https:\/\/invest-in-albania.org\/wp-content\/uploads\/dice-300x225.jpg 300w, https:\/\/invest-in-albania.org\/wp-content\/uploads\/dice-768x576.jpg 768w, https:\/\/invest-in-albania.org\/wp-content\/uploads\/dice-580x435.jpg 580w, https:\/\/invest-in-albania.org\/wp-content\/uploads\/dice-860x645.jpg 860w, https:\/\/invest-in-albania.org\/wp-content\/uploads\/dice-1160x870.jpg 1160w, https:\/\/invest-in-albania.org\/wp-content\/uploads\/dice.jpg 1280w\" sizes=\"(max-width: 1024px) 100vw, 1024px\" \/><\/figure><\/div>\n\n\n<p>L&#8217;industria del BPO \u00e8 uno dei maggiori datori di lavoro per i giovani albanesi, soprattutto durante gli studi universitari. I vari settori dell&#8217;industria richiedono competenze diverse. In poche parole, l&#8217;industria \u00e8 aperta a persone inesperte con conoscenza delle lingue straniere e competenze informatiche di base, ma anche a esperti di tecnologia in informatica, legge, finanza e contabilit\u00e0.<br>I motivi per cui il settore attrae un&#8217;ampia fetta di forza lavoro giovane sono i salari, la flessibilit\u00e0 degli orari di lavoro e le prospettive di carriera.<br>I costi di gestione di un&#8217;impresa in Albania sono pi\u00f9 bassi rispetto ad altri Paesi europei.<br>Il settore, iniziato con piccoli call center, si sta evolvendo verso la gestione di operazioni complesse. Ci sono molte ragioni convincenti per cui l&#8217;Albania \u00e8 il luogo ideale per la creazione di un centro di consegna.<br>Il capitale umano e le risorse presenti in Albania offrono ai BPO l&#8217;opportunit\u00e0 di gestire operazioni di back e front office per i propri clienti.<\/p>\n\n\n\n<h3 class=\"wp-block-heading\">Consulenza legale<\/h3>\n\n\n\n<p>Le societ\u00e0 di outsourcing in Albania sono specializzate nei seguenti settori:<br>Diritto societario:<br>Consulenza legale generale<br>Consulenza nel campo del diritto commerciale europeo e internazionale<br>Amministrazione contabile<br>Buste paga<br>Diritto commerciale:<br>Consulenza fiscale<br>Protezione del know-how e della propriet\u00e0 industriale o intellettuale<br>Negoziazione e redazione di accordi commerciali<\/p>\n\n\n\n<h3 class=\"wp-block-heading\">Assunzioni<\/h3>\n\n\n\n<p>Gestione delle risorse umane, buste paga, assunzioni, contratti, assistenza sanitaria, sicurezza sul lavoro<br>Risoluzione di contratti e uscite<\/p>\n\n\n\n<h3 class=\"wp-block-heading\">Formazione professionale<\/h3>\n\n\n\n<p>Formazione professionale per privati\/professionisti<br>Formazione professionale per il personale delle aziende<\/p>\n\n\n\n<h3 class=\"wp-block-heading\">Front\/back office<\/h3>\n\n\n\n<p>Vendite e marketing<br>Assistenza clienti multicanale<br>Traduzione<br>Contabilit\u00e0\/finanza<br>Gestione delle risorse umane<br>Ricerche di mercato e sondaggi<br>Grandi dati<br>Agenti di borsa<\/p>\n\n\n\n<h3 class=\"wp-block-heading\">Outsourcing IT<\/h3>\n\n\n\n<p>Processi di sviluppo software<br>Gestione delle e-mail<br>Hosting<br>Outsourcing di data center<br>Assistenza in ufficio<br>Formazione degli utenti<\/p>\n","protected":false},"excerpt":{"rendered":"<p>L&#8217;industria del BPO \u00e8 uno dei maggiori datori di lavoro per i giovani albanesi, soprattutto durante gli studi universitari. I vari settori dell&#8217;industria richiedono competenze diverse. In poche parole, l&#8217;industria \u00e8 aperta a persone inesperte con conoscenza delle lingue straniere e competenze informatiche di base, ma anche a esperti di tecnologia in informatica, legge, finanza [&hellip;]<\/p>\n","protected":false},"author":2,"featured_media":41860,"parent":0,"menu_order":16,"comment_status":"closed","ping_status":"closed","template":"","meta":{"_uag_custom_page_level_css":"","_genesis_hide_title":false,"_genesis_hide_breadcrumbs":false,"_genesis_hide_singular_image":false,"_genesis_hide_footer_widgets":false,"_genesis_custom_body_class":"","_genesis_custom_post_class":"","_genesis_layout":"","_themeisle_gutenberg_block_has_review":false,"footnotes":""},"featured_image_src":"https:\/\/invest-in-albania.org\/wp-content\/uploads\/dice.jpg","featured_image_src_square":"https:\/\/invest-in-albania.org\/wp-content\/uploads\/dice.jpg","uagb_featured_image_src":{"full":["https:\/\/invest-in-albania.org\/wp-content\/uploads\/dice.jpg",1280,960,false],"thumbnail":["https:\/\/invest-in-albania.org\/wp-content\/uploads\/dice-280x195.jpg",280,195,true],"medium":["https:\/\/invest-in-albania.org\/wp-content\/uploads\/dice-300x225.jpg",300,225,true],"medium_large":["https:\/\/invest-in-albania.org\/wp-content\/uploads\/dice-768x576.jpg",768,576,true],"large":["https:\/\/invest-in-albania.org\/wp-content\/uploads\/dice-1024x768.jpg",1024,768,true],"1536x1536":["https:\/\/invest-in-albania.org\/wp-content\/uploads\/dice.jpg",1280,960,false],"2048x2048":["https:\/\/invest-in-albania.org\/wp-content\/uploads\/dice.jpg",1280,960,false],"single-featured-image":["https:\/\/invest-in-albania.org\/wp-content\/uploads\/dice.jpg",513,385,false],"blog-featured-image":["https:\/\/invest-in-albania.org\/wp-content\/uploads\/dice.jpg",387,290,false],"home-featured":["https:\/\/invest-in-albania.org\/wp-content\/uploads\/dice.jpg",380,285,false],"gb-block-post-grid-landscape":["https:\/\/invest-in-albania.org\/wp-content\/uploads\/dice.jpg",533,400,false],"gb-block-post-grid-square":["https:\/\/invest-in-albania.org\/wp-content\/uploads\/dice.jpg",600,450,false]},"uagb_author_info":{"display_name":"Vjollca Shehu","author_link":"https:\/\/invest-in-albania.org\/it\/author\/iia\/"},"uagb_comment_info":0,"uagb_excerpt":"L&#8217;industria del BPO \u00e8 uno dei maggiori datori di lavoro per i giovani albanesi, soprattutto durante gli studi universitari. I vari settori dell&#8217;industria richiedono competenze diverse. In poche parole, l&#8217;industria \u00e8 aperta a persone inesperte con conoscenza delle lingue straniere e competenze informatiche di base, ma anche a esperti di tecnologia in informatica, legge, finanza&hellip;","_links":{"self":[{"href":"https:\/\/invest-in-albania.org\/it\/wp-json\/wp\/v2\/pages\/60032"}],"collection":[{"href":"https:\/\/invest-in-albania.org\/it\/wp-json\/wp\/v2\/pages"}],"about":[{"href":"https:\/\/invest-in-albania.org\/it\/wp-json\/wp\/v2\/types\/page"}],"author":[{"embeddable":true,"href":"https:\/\/invest-in-albania.org\/it\/wp-json\/wp\/v2\/users\/2"}],"replies":[{"embeddable":true,"href":"https:\/\/invest-in-albania.org\/it\/wp-json\/wp\/v2\/comments?post=60032"}],"version-history":[{"count":2,"href":"https:\/\/invest-in-albania.org\/it\/wp-json\/wp\/v2\/pages\/60032\/revisions"}],"predecessor-version":[{"id":60034,"href":"https:\/\/invest-in-albania.org\/it\/wp-json\/wp\/v2\/pages\/60032\/revisions\/60034"}],"wp:featuredmedia":[{"embeddable":true,"href":"https:\/\/invest-in-albania.org\/it\/wp-json\/wp\/v2\/media\/41860"}],"wp:attachment":[{"href":"https:\/\/invest-in-albania.org\/it\/wp-json\/wp\/v2\/media?parent=60032"}],"curies":[{"name":"wp","href":"https:\/\/api.w.org\/{rel}","templated":true}]}}