{"id":60028,"date":"2024-04-06T00:11:59","date_gmt":"2024-04-05T22:11:59","guid":{"rendered":"https:\/\/invest-in-albania.org\/?page_id=60028"},"modified":"2024-04-06T00:12:05","modified_gmt":"2024-04-05T22:12:05","slug":"60028-2","status":"publish","type":"page","link":"https:\/\/invest-in-albania.org\/it\/60028-2\/","title":{"rendered":""},"content":{"rendered":"<div class=\"wp-block-image\">\n<figure class=\"aligncenter\"><img loading=\"lazy\" decoding=\"async\" width=\"1024\" height=\"382\" src=\"http:\/\/new.invest-in-albania.org\/wp-content\/uploads\/book-1-1024x382.jpg\" alt=\"\" class=\"wp-image-41864\" srcset=\"https:\/\/invest-in-albania.org\/wp-content\/uploads\/book-1-1024x382.jpg 1024w, https:\/\/invest-in-albania.org\/wp-content\/uploads\/book-1-300x112.jpg 300w, https:\/\/invest-in-albania.org\/wp-content\/uploads\/book-1-768x286.jpg 768w, https:\/\/invest-in-albania.org\/wp-content\/uploads\/book-1-580x216.jpg 580w, https:\/\/invest-in-albania.org\/wp-content\/uploads\/book-1-860x320.jpg 860w, https:\/\/invest-in-albania.org\/wp-content\/uploads\/book-1-1160x432.jpg 1160w, https:\/\/invest-in-albania.org\/wp-content\/uploads\/book-1.jpg 1280w\" sizes=\"(max-width: 1024px) 100vw, 1024px\" \/><\/figure><\/div>\n\n\n<p>L&#8217;innovazione, le nuove tecnologie e le esigenze delle imprese di tutto il mondo hanno favorito la crescita pi\u00f9 rapida del settore del Business Process Outsourcing (BPO) a livello mondiale. Le aziende che operano in diversi settori considerano l&#8217;outsourcing una strategia che consente di attingere a mercati del lavoro accessibili e a forza lavoro qualificata.<br>Anche se il settore \u00e8 in crescita, deve affrontare diverse sfide, come i costi di gestione, le maggiori aspettative dei clienti, l&#8217;abbandono dei dipendenti e i problemi di salute.<br>Per questo motivo, i BPO sono sempre alla ricerca di nuove destinazioni dove poter espandere la propria attivit\u00e0 e affrontare meglio le sfide sopra citate.<\/p>\n\n\n\n<p>L&#8217;Albania \u00e8 tra i Paesi che offrono alle BPO i vantaggi che il settore sta cercando. Oltre alla posizione geografica, alla facilit\u00e0 di fare affari e alla diversit\u00e0 linguistica, l&#8217;Albania offre un sistema educativo che soddisfa le esigenze del settore BPO.<\/p>\n\n\n\n<p>Oltre alla capitale Tirana, ci sono altri sette grandi centri urbani che ospitano universit\u00e0 pubbliche. Nel frattempo, 19 universit\u00e0 private operano a Tirana e in altre citt\u00e0.<\/p>\n\n\n\n<p>Cinque delle sette universit\u00e0 pubbliche che operano a Tirana offrono programmi di studio ottimali per le esigenze del settore BPO. In generale, il settore offre le migliori opportunit\u00e0 di lavoro per gli studenti che non hanno molta esperienza lavorativa. Tuttavia, il numero considerevole di studenti che si laureano ogni anno \u00e8 significativo per spingere le BPO a un livello superiore di opportunit\u00e0 di lavoro.<\/p>\n\n\n\n<h3 class=\"wp-block-heading\">L&#8217;Universit\u00e0 di Tirana<\/h3>\n\n\n\n<p>La capitale Tirana \u00e8 un centro urbano e universitario che attrae la maggior parte dei giovani albanesi. Tirana dista 30 minuti di auto dall&#8217;aeroporto internazionale Madre Teresa e circa 45 minuti di auto dal porto di Durresi.<\/p>\n\n\n\n<p>L&#8217;UT ha sei facolt\u00e0 che forniscono competenze soft e hard per le BPO e le KPO.<\/p>\n\n\n\n<p>La facolt\u00e0 di Lingue straniere offre programmi di studio per le lingue inglese, francese, tedesco, italiano, greco, turco, russo e spagnolo. Un totale di oltre 1.000 nuovi studenti si sono iscritti ai programmi di laurea in lingue straniere per l&#8217;anno accademico 2018-2019.<\/p>\n\n\n\n<p>La Facolt\u00e0 di Economia offre programmi di studio per le carriere pi\u00f9 richieste in Albania, come finanza, Business Administration, Economia e Economia dell&#8217;Informazione. Il numero totale di studenti iscritti per l&#8217;anno accademico 2018-2019 \u00e8 di 1.280.<\/p>\n\n\n\n<p>La Facolt\u00e0 di Giurisprudenza offre lauree triennali in Giurisprudenza e in Economia aziendale. Il numero totale di nuovi studenti iscritti nell&#8217;anno accademico in corso \u00e8 di 775.<\/p>\n\n\n\n<p>La Facolt\u00e0 di Scienze naturali offre dieci diversi programmi di studio, tra cui informatica, scienze informatiche e matematica. Per l&#8217;anno accademico 2018-2019 si sono iscritti in totale 1.100 studenti.<\/p>\n\n\n\n<p>La Facolt\u00e0 di Scienze sociali offre sei diversi programmi di studio e un totale di 600 studenti iscritti per l&#8217;anno accademico 2018-2019.<\/p>\n\n\n\n<h3 class=\"wp-block-heading\">Il Politecnico<\/h3>\n\n\n\n<p>L&#8217;Universit\u00e0 Politecnica di Tirana comprende inoltre otto facolt\u00e0 che offrono diversi corsi di laurea, tra cui:<\/p>\n\n\n\n<p>Ingegneria informatica<\/p>\n\n\n\n<p>Ingegneria elettronica<\/p>\n\n\n\n<p>Ingegneria delle telecomunicazioni<\/p>\n\n\n\n<h3 class=\"wp-block-heading\">Scutari, Universit\u00e0 Luigj Gurakuqi<\/h3>\n\n\n\n<p>La citt\u00e0 nord-occidentale di Scutari \u00e8 il centro storico e culturale. \u00c8 la porta d&#8217;accesso alle Alpi albanesi, una delle pi\u00f9 importanti offerte turistiche dell&#8217;Albania. Scutari confina con il Montenegro e dispone di collegamenti infrastrutturali sia stradali che ferroviari tra i due Paesi. \u00c8 previsto l&#8217;avvio di un nuovo collegamento fluviale attraverso il lago di Scutari.<\/p>\n\n\n\n<p>L&#8217;Universit\u00e0 di Scutari dispone di sei facolt\u00e0<\/p>\n\n\n\n<p>La Facolt\u00e0 di Scienze naturali<\/p>\n\n\n\n<p>La Facolt\u00e0 di Lingue straniere<\/p>\n\n\n\n<p>Facolt\u00e0 di Giurisprudenza<\/p>\n\n\n\n<p>Facolt\u00e0 di Economia<\/p>\n\n\n\n<p>La Facolt\u00e0 di Scienze dell&#8217;Educazione<\/p>\n\n\n\n<p>Facolt\u00e0 di Scienze Sociali<\/p>\n\n\n\n<h3 class=\"wp-block-heading\">Universit\u00e0 Aleksander Moisiu di Durazzo<\/h3>\n\n\n\n<p>Durazzo \u00e8 una delle citt\u00e0 pi\u00f9 grandi e allo stesso tempo il pi\u00f9 grande porto marittimo dell&#8217;Albania. Si trova sulla costa del Mar Adriatico ed \u00e8 una meta turistica per la diaspora albanese e per i turisti dell&#8217;Europa orientale e della regione balcanica. Durazzo ospita una comunit\u00e0 di espatriati provenienti dall&#8217;Europa e da altri continenti.<\/p>\n\n\n\n<p>L&#8217;Universit\u00e0 di Durazzo comprende sei facolt\u00e0<\/p>\n\n\n\n<p>La Facolt\u00e0 di Tecnologia dell&#8217;Informazione<\/p>\n\n\n\n<p>La Facolt\u00e0 di Economia e Commercio<\/p>\n\n\n\n<p>La Facolt\u00e0 di Scienze dell&#8217;Educazione, che comprende programmi di studio in lingua inglese e tedesca.<\/p>\n\n\n\n<p>La Facolt\u00e0 di Studi Professionali<\/p>\n\n\n\n<p>Facolt\u00e0 di Scienze Politiche e Giuridiche<\/p>\n\n\n\n<p>Facolt\u00e0 di Studi Integrati<\/p>\n\n\n\n<p>\u00c8 importante sottolineare che la Facolt\u00e0 di Tecnologie dell&#8217;Informazione comprende un programma di studio di Informatica in lingua inglese. Gli altri programmi di studio di questa facolt\u00e0 sono:<\/p>\n\n\n\n<p>Scienze informatiche<\/p>\n\n\n\n<p>Sistemi informativi<\/p>\n\n\n\n<p>Tecnologia dell&#8217;informazione<\/p>\n\n\n\n<p>Matematica-Informatica<\/p>\n\n\n\n<p>Multimedia e TV digitale<\/p>\n\n\n\n<p>Le altre universit\u00e0 pubbliche sono l&#8217;Universit\u00e0 Aleksander Xhuvani di Elbasan, la Eqerem Cabej di Gjirokastra e l&#8217;Universit\u00e0 Fan Noli di Korca. Tutte queste istituzioni educative offrono programmi di studio e quote in grado di soddisfare le esigenze del settore BPO. L&#8217;industria si \u00e8 gi\u00e0 espansa in queste e altre grandi citt\u00e0 come Fier, Lushnja e Berat.<\/p>\n","protected":false},"excerpt":{"rendered":"<p>L&#8217;innovazione, le nuove tecnologie e le esigenze delle imprese di tutto il mondo hanno favorito la crescita pi\u00f9 rapida del settore del Business Process Outsourcing (BPO) a livello mondiale. Le aziende che operano in diversi settori considerano l&#8217;outsourcing una strategia che consente di attingere a mercati del lavoro accessibili e a forza lavoro qualificata.Anche se [&hellip;]<\/p>\n","protected":false},"author":2,"featured_media":41867,"parent":0,"menu_order":17,"comment_status":"closed","ping_status":"closed","template":"","meta":{"_uag_custom_page_level_css":"","_genesis_hide_title":false,"_genesis_hide_breadcrumbs":false,"_genesis_hide_singular_image":false,"_genesis_hide_footer_widgets":false,"_genesis_custom_body_class":"","_genesis_custom_post_class":"","_genesis_layout":"","_themeisle_gutenberg_block_has_review":false,"footnotes":""},"featured_image_src":"https:\/\/invest-in-albania.org\/wp-content\/uploads\/book-1.jpg","featured_image_src_square":"https:\/\/invest-in-albania.org\/wp-content\/uploads\/book-1.jpg","uagb_featured_image_src":{"full":["https:\/\/invest-in-albania.org\/wp-content\/uploads\/book-1.jpg",1280,477,false],"thumbnail":["https:\/\/invest-in-albania.org\/wp-content\/uploads\/book-1-280x195.jpg",280,195,true],"medium":["https:\/\/invest-in-albania.org\/wp-content\/uploads\/book-1-300x112.jpg",300,112,true],"medium_large":["https:\/\/invest-in-albania.org\/wp-content\/uploads\/book-1-768x286.jpg",768,286,true],"large":["https:\/\/invest-in-albania.org\/wp-content\/uploads\/book-1-1024x382.jpg",1024,382,true],"1536x1536":["https:\/\/invest-in-albania.org\/wp-content\/uploads\/book-1.jpg",1280,477,false],"2048x2048":["https:\/\/invest-in-albania.org\/wp-content\/uploads\/book-1.jpg",1280,477,false],"single-featured-image":["https:\/\/invest-in-albania.org\/wp-content\/uploads\/book-1.jpg",1033,385,false],"blog-featured-image":["https:\/\/invest-in-albania.org\/wp-content\/uploads\/book-1.jpg",680,253,false],"home-featured":["https:\/\/invest-in-albania.org\/wp-content\/uploads\/book-1.jpg",380,142,false],"gb-block-post-grid-landscape":["https:\/\/invest-in-albania.org\/wp-content\/uploads\/book-1.jpg",600,224,false],"gb-block-post-grid-square":["https:\/\/invest-in-albania.org\/wp-content\/uploads\/book-1.jpg",600,224,false]},"uagb_author_info":{"display_name":"Vjollca Shehu","author_link":"https:\/\/invest-in-albania.org\/it\/author\/iia\/"},"uagb_comment_info":0,"uagb_excerpt":"L&#8217;innovazione, le nuove tecnologie e le esigenze delle imprese di tutto il mondo hanno favorito la crescita pi\u00f9 rapida del settore del Business Process Outsourcing (BPO) a livello mondiale. Le aziende che operano in diversi settori considerano l&#8217;outsourcing una strategia che consente di attingere a mercati del lavoro accessibili e a forza lavoro qualificata.Anche se&hellip;","_links":{"self":[{"href":"https:\/\/invest-in-albania.org\/it\/wp-json\/wp\/v2\/pages\/60028"}],"collection":[{"href":"https:\/\/invest-in-albania.org\/it\/wp-json\/wp\/v2\/pages"}],"about":[{"href":"https:\/\/invest-in-albania.org\/it\/wp-json\/wp\/v2\/types\/page"}],"author":[{"embeddable":true,"href":"https:\/\/invest-in-albania.org\/it\/wp-json\/wp\/v2\/users\/2"}],"replies":[{"embeddable":true,"href":"https:\/\/invest-in-albania.org\/it\/wp-json\/wp\/v2\/comments?post=60028"}],"version-history":[{"count":1,"href":"https:\/\/invest-in-albania.org\/it\/wp-json\/wp\/v2\/pages\/60028\/revisions"}],"predecessor-version":[{"id":60029,"href":"https:\/\/invest-in-albania.org\/it\/wp-json\/wp\/v2\/pages\/60028\/revisions\/60029"}],"wp:featuredmedia":[{"embeddable":true,"href":"https:\/\/invest-in-albania.org\/it\/wp-json\/wp\/v2\/media\/41867"}],"wp:attachment":[{"href":"https:\/\/invest-in-albania.org\/it\/wp-json\/wp\/v2\/media?parent=60028"}],"curies":[{"name":"wp","href":"https:\/\/api.w.org\/{rel}","templated":true}]}}