{"id":60019,"date":"2024-04-05T23:50:36","date_gmt":"2024-04-05T21:50:36","guid":{"rendered":"https:\/\/invest-in-albania.org\/?page_id=60019"},"modified":"2024-04-05T23:50:41","modified_gmt":"2024-04-05T21:50:41","slug":"perche-scegliere-lalbania-come-destinazione-offshore-per-loutsourcing","status":"publish","type":"page","link":"https:\/\/invest-in-albania.org\/it\/perche-scegliere-lalbania-come-destinazione-offshore-per-loutsourcing\/","title":{"rendered":"Perch\u00e9 scegliere l&#8217;Albania come destinazione offshore per l&#8217;outsourcing"},"content":{"rendered":"<div class=\"wp-block-image\">\n<figure class=\"aligncenter\"><img loading=\"lazy\" decoding=\"async\" width=\"1024\" height=\"683\" src=\"http:\/\/new.invest-in-albania.org\/wp-content\/uploads\/ICT-albania-1-1024x683.jpg\" alt=\"\" class=\"wp-image-39504\" srcset=\"https:\/\/invest-in-albania.org\/wp-content\/uploads\/ICT-albania-1-1024x683.jpg 1024w, https:\/\/invest-in-albania.org\/wp-content\/uploads\/ICT-albania-1-300x200.jpg 300w, https:\/\/invest-in-albania.org\/wp-content\/uploads\/ICT-albania-1-768x512.jpg 768w, https:\/\/invest-in-albania.org\/wp-content\/uploads\/ICT-albania-1-1536x1024.jpg 1536w, https:\/\/invest-in-albania.org\/wp-content\/uploads\/ICT-albania-1-580x387.jpg 580w, https:\/\/invest-in-albania.org\/wp-content\/uploads\/ICT-albania-1-860x573.jpg 860w, https:\/\/invest-in-albania.org\/wp-content\/uploads\/ICT-albania-1-1160x773.jpg 1160w, https:\/\/invest-in-albania.org\/wp-content\/uploads\/ICT-albania-1-600x400.jpg 600w, https:\/\/invest-in-albania.org\/wp-content\/uploads\/ICT-albania-1.jpg 1920w\" sizes=\"(max-width: 1024px) 100vw, 1024px\" \/><\/figure><\/div>\n\n\n<p>L&#8217;Albania catturer\u00e0 la vostra attenzione se siete alla ricerca di una destinazione di outsourcing offshore.<\/p>\n\n\n\n<p>Albania, una destinazione emergente per l&#8217;outsourcing offshore<\/p>\n\n\n\n<p>Se state prendendo in considerazione l&#8217;esternalizzazione di alcuni servizi o parti della vostra attivit\u00e0 e avete gi\u00e0 creato una strategia, l&#8217;Albania pu\u00f2 essere la vostra soluzione di Business Process Outsourcing flessibile e conveniente. Il BPO non \u00e8 un settore nuovo nell&#8217;economia albanese.<\/p>\n\n\n\n<p>La pratica \u00e8 continuata nei primi anni del post-comunismo, quando le aziende straniere dell&#8217;industria dell&#8217;abbigliamento e delle calzature hanno stabilito le loro fabbriche in Albania, dando lavoro a migliaia di persone. La tendenza all&#8217;esternalizzazione \u00e8 aumentata soprattutto nei settori dei servizi clientelari e digitali, come i call center, lo sviluppo web, il design e le societ\u00e0 di copywriting.<\/p>\n\n\n\n<p>L&#8217;Albania sta salendo come centro di outsourcing in Europa e sta crescendo in popolarit\u00e0. Il Paese attrae le aziende e le imprese europee per la sua affinit\u00e0 con l&#8217;Europa occidentale e per molte altre ragioni cruciali che le aziende cercano quando intendono implementare un programma di outsourcing di successo. Attualmente, l&#8217;Albania \u00e8 una delle destinazioni emergenti nel panorama globale dei servizi IT-BPO.<\/p>\n\n\n\n<p>Il settore emergente dell&#8217;outsourcing dei processi aziendali nel Paese sta mostrando segni di un potenziale futuro di outsourcing offshore e mira a conquistare una posizione di rilievo nella regione. Per raggiungere questo obiettivo, si basa su fattori significativi, mentre le dimensioni del suo bacino di utenza possono essere paragonate a quelle di Bratislava in Slovacchia, Cracovia in Polonia ed \u00e8 pi\u00f9 grande rispetto a Riga, Tallinn e Vilnius. In base ai dati forniti dal Consiglio per gli investimenti albanese, la dimensione totale dell&#8217;industria \u00e8 stimata tra i 120 e i 140 milioni di dollari e il settore impiega tra i 25.000 e i 32.000 professionisti.<\/p>\n\n\n\n<h3 class=\"wp-block-heading\">Perch\u00e9 esternalizzare in Albania<\/h3>\n\n\n\n<p>La forza del Paese risiede nella sua forza lavoro giovane, capace, multilingue e alfabetizzata<br>L&#8217;economia albanese \u00e8 considerata stabile e si colloca tra le economie in pi\u00f9 rapida crescita del continente europeo.<br>Favorevole agli investitori<br>L&#8217;Albania si colloca tra i primi cinque Paesi meno costosi d&#8217;Europa<br>Regole amichevoli in materia di visti e permessi di lavoro<br>Una delle destinazioni BPO nearshore pi\u00f9 economiche<br>L&#8217;Albania ha ottenuto lo status di Paese candidato all&#8217;adesione all&#8217;UE ed \u00e8 in attesa di avviare i negoziati per l&#8217;adesione all&#8217;UE; l&#8217;importazione di servizi potrebbe non essere un problema per i clienti dei Paesi membri dell&#8217;UE.<br>L&#8217;Albania ha un&#8217;affinit\u00e0 culturale con l&#8217;Europa centrale e orientale.<br>Il dollaro americano e l&#8217;euro sono le valute comunemente utilizzate in Albania.<br>Gli immobili sono pi\u00f9 economici di circa il 40% rispetto agli altri Paesi dell&#8217;Europa orientale.<br>\u00c8 membro della NATO dall&#8217;aprile 2009<br>Ecosistema SMAC pronto a soddisfare le esigenze dei clienti<br>Importanti investimenti in infrastrutture e trasporti, nuove strade, due aeroporti previsti nel sud, importanti porti marittimi sull&#8217;Adriatico e sullo Ionio.<br>Popolazione ben istruita con circa 160.000 iscritti all&#8217;universit\u00e0 all&#8217;anno<br>Un sistema bancario stabile, in gran parte di propriet\u00e0 straniera.<br>Costo del lavoro e sistema fiscale favorevoli<br>Essendo ancora un Paese in via di sviluppo con un sistema economico fragile basato sul settore dei servizi e sul turismo, l&#8217;Albania offre un basso costo del lavoro per le aziende interessate a esternalizzare i propri servizi. Inoltre, il sistema fiscale \u00e8 molto favorevole, dato che l&#8217;imposta sui profitti \u00e8 solo del 15%. Le procedure per aprire un&#8217;attivit\u00e0 in Albania sono molto semplici e a basso costo.<\/p>\n\n\n\n<h3 class=\"wp-block-heading\">Posizione geografica strategica<\/h3>\n\n\n\n<p>L&#8217;Albania ha una posizione molto strategica. Si trova nel cuore dei Balcani, di fronte all&#8217;Italia, e confina con Grecia, Macedonia, Kosovo e Montenegro. I voli per gli altri Paesi europei durano non pi\u00f9 di 3-5 ore e il Paese sta attualmente aprendo il secondo aeroporto nella citt\u00e0 settentrionale di Kukes, vicino al Kosovo.<\/p>\n\n\n\n<p>Principali industrie servite dal settore dell&#8217;outsourcing in Albania<br>Settore bancario, finanziario e assicurativo<br>Telecomunicazioni, media e intrattenimento<br>Sanit\u00e0 e farmaceutica<br>Viaggi, turismo e logistica<br>Energia e servizi di pubblica utilit\u00e0<br>Commercio al dettaglio e commercio elettronico<br>Numero di dipendenti nel settore del BPO<br>Il 10% lavora in aziende con pi\u00f9 di 100 posti.<br>Il 15% lavora in aziende con 250-1.000 posti.<br>Il 30% lavora in aziende con 100-250 posti.<br>Il 45% lavora in aziende con meno di 100 posti.<br>Il principale centro di outsourcing del Paese \u00e8 la capitale Tirana, seguita da Durazzo, Valona, Scutari, Elbasan, Fier e Korca.<\/p>\n","protected":false},"excerpt":{"rendered":"<p>L&#8217;Albania catturer\u00e0 la vostra attenzione se siete alla ricerca di una destinazione di outsourcing offshore. Albania, una destinazione emergente per l&#8217;outsourcing offshore Se state prendendo in considerazione l&#8217;esternalizzazione di alcuni servizi o parti della vostra attivit\u00e0 e avete gi\u00e0 creato una strategia, l&#8217;Albania pu\u00f2 essere la vostra soluzione di Business Process Outsourcing flessibile e conveniente. [&hellip;]<\/p>\n","protected":false},"author":2,"featured_media":39507,"parent":0,"menu_order":19,"comment_status":"closed","ping_status":"closed","template":"","meta":{"_uag_custom_page_level_css":"","_genesis_hide_title":false,"_genesis_hide_breadcrumbs":false,"_genesis_hide_singular_image":false,"_genesis_hide_footer_widgets":false,"_genesis_custom_body_class":"","_genesis_custom_post_class":"","_genesis_layout":"","_themeisle_gutenberg_block_has_review":false,"footnotes":""},"featured_image_src":"https:\/\/invest-in-albania.org\/wp-content\/uploads\/ICT-albania-1.jpg","featured_image_src_square":"https:\/\/invest-in-albania.org\/wp-content\/uploads\/ICT-albania-1.jpg","uagb_featured_image_src":{"full":["https:\/\/invest-in-albania.org\/wp-content\/uploads\/ICT-albania-1.jpg",1920,1280,false],"thumbnail":["https:\/\/invest-in-albania.org\/wp-content\/uploads\/ICT-albania-1-280x195.jpg",280,195,true],"medium":["https:\/\/invest-in-albania.org\/wp-content\/uploads\/ICT-albania-1-300x200.jpg",300,200,true],"medium_large":["https:\/\/invest-in-albania.org\/wp-content\/uploads\/ICT-albania-1-768x512.jpg",768,512,true],"large":["https:\/\/invest-in-albania.org\/wp-content\/uploads\/ICT-albania-1-1024x683.jpg",1024,683,true],"1536x1536":["https:\/\/invest-in-albania.org\/wp-content\/uploads\/ICT-albania-1-1536x1024.jpg",1536,1024,true],"2048x2048":["https:\/\/invest-in-albania.org\/wp-content\/uploads\/ICT-albania-1.jpg",1920,1280,false],"single-featured-image":["https:\/\/invest-in-albania.org\/wp-content\/uploads\/ICT-albania-1.jpg",578,385,false],"blog-featured-image":["https:\/\/invest-in-albania.org\/wp-content\/uploads\/ICT-albania-1.jpg",435,290,false],"home-featured":["https:\/\/invest-in-albania.org\/wp-content\/uploads\/ICT-albania-1.jpg",380,253,false],"gb-block-post-grid-landscape":["https:\/\/invest-in-albania.org\/wp-content\/uploads\/ICT-albania-1.jpg",600,400,false],"gb-block-post-grid-square":["https:\/\/invest-in-albania.org\/wp-content\/uploads\/ICT-albania-1.jpg",600,400,false]},"uagb_author_info":{"display_name":"Vjollca Shehu","author_link":"https:\/\/invest-in-albania.org\/it\/author\/iia\/"},"uagb_comment_info":0,"uagb_excerpt":"L&#8217;Albania catturer\u00e0 la vostra attenzione se siete alla ricerca di una destinazione di outsourcing offshore. Albania, una destinazione emergente per l&#8217;outsourcing offshore Se state prendendo in considerazione l&#8217;esternalizzazione di alcuni servizi o parti della vostra attivit\u00e0 e avete gi\u00e0 creato una strategia, l&#8217;Albania pu\u00f2 essere la vostra soluzione di Business Process Outsourcing flessibile e conveniente.&hellip;","_links":{"self":[{"href":"https:\/\/invest-in-albania.org\/it\/wp-json\/wp\/v2\/pages\/60019"}],"collection":[{"href":"https:\/\/invest-in-albania.org\/it\/wp-json\/wp\/v2\/pages"}],"about":[{"href":"https:\/\/invest-in-albania.org\/it\/wp-json\/wp\/v2\/types\/page"}],"author":[{"embeddable":true,"href":"https:\/\/invest-in-albania.org\/it\/wp-json\/wp\/v2\/users\/2"}],"replies":[{"embeddable":true,"href":"https:\/\/invest-in-albania.org\/it\/wp-json\/wp\/v2\/comments?post=60019"}],"version-history":[{"count":1,"href":"https:\/\/invest-in-albania.org\/it\/wp-json\/wp\/v2\/pages\/60019\/revisions"}],"predecessor-version":[{"id":60020,"href":"https:\/\/invest-in-albania.org\/it\/wp-json\/wp\/v2\/pages\/60019\/revisions\/60020"}],"wp:featuredmedia":[{"embeddable":true,"href":"https:\/\/invest-in-albania.org\/it\/wp-json\/wp\/v2\/media\/39507"}],"wp:attachment":[{"href":"https:\/\/invest-in-albania.org\/it\/wp-json\/wp\/v2\/media?parent=60019"}],"curies":[{"name":"wp","href":"https:\/\/api.w.org\/{rel}","templated":true}]}}