{"id":60017,"date":"2024-04-05T23:47:04","date_gmt":"2024-04-05T21:47:04","guid":{"rendered":"https:\/\/invest-in-albania.org\/?page_id=60017"},"modified":"2024-04-05T23:47:10","modified_gmt":"2024-04-05T21:47:10","slug":"60017-2","status":"publish","type":"page","link":"https:\/\/invest-in-albania.org\/it\/60017-2\/","title":{"rendered":""},"content":{"rendered":"<div class=\"wp-block-image\">\n<figure class=\"aligncenter\"><img loading=\"lazy\" decoding=\"async\" width=\"1024\" height=\"614\" src=\"http:\/\/new.invest-in-albania.org\/wp-content\/uploads\/arrow-1024x614.jpg\" alt=\"\" class=\"wp-image-41843\" srcset=\"https:\/\/invest-in-albania.org\/wp-content\/uploads\/arrow-1024x614.jpg 1024w, https:\/\/invest-in-albania.org\/wp-content\/uploads\/arrow-300x180.jpg 300w, https:\/\/invest-in-albania.org\/wp-content\/uploads\/arrow-768x461.jpg 768w, https:\/\/invest-in-albania.org\/wp-content\/uploads\/arrow-580x348.jpg 580w, https:\/\/invest-in-albania.org\/wp-content\/uploads\/arrow-860x516.jpg 860w, https:\/\/invest-in-albania.org\/wp-content\/uploads\/arrow-1160x696.jpg 1160w, https:\/\/invest-in-albania.org\/wp-content\/uploads\/arrow.jpg 1280w\" sizes=\"(max-width: 1024px) 100vw, 1024px\" \/><\/figure><\/div>\n\n\n<p>Quale sarebbe il fattore pi\u00f9 convincente per considerare una destinazione di outsourcing migliore di tutte le opzioni disponibili? Dipende dalle esigenze e dai requisiti del venditore. Eppure sono molti i fattori che fanno la differenza quando si parla di Business Process Outsourcing (BPO). Quest&#8217;ultima \u00e8 un&#8217;industria mondiale con un mercato globale di 88,9 miliardi di dollari secondo statista.com. Anche se il settore continua a crescere ed evolversi, non tutti i Paesi o le regioni hanno abbracciato il potenziale del BPO nello stesso momento. Paesi come l&#8217;India, le Filippine, la Cina, la Malesia e un lungo elenco di paesi sono hub del BPO. Le aziende di tutto il mondo decidono di esternalizzare le proprie funzioni a una o pi\u00f9 societ\u00e0 con sede in questi paesi di punta.<br>Tuttavia, questa non \u00e8 la regola. Sono molti i fattori che determinano quale sia la migliore destinazione di outsourcing per un&#8217;azienda. Circa il 60% delle aziende che esternalizzano lo fa in Europa. Molte imprese scelgono nuove destinazioni emergenti, soprattutto nell&#8217;Europa sudorientale. Estonia, Polonia e Bulgaria offrono una forza lavoro qualificata e a prezzi accessibili. Nel frattempo, ci sono altri Paesi che non fanno parte dell&#8217;Unione Europea, come l&#8217;Ucraina e l&#8217;Albania, che offrono molti vantaggi e costi ridotti. Nonostante i numerosi vantaggi, l&#8217;Ucraina ha attraversato conflitti e insicurezza. D&#8217;altra parte, l&#8217;Albania ha visto un boom di BPO negli ultimi 15 anni.<br>Situata nei Balcani occidentali, l&#8217;Albania gode di una posizione strategica sulle coste dei mari Adriatico e Ionio.<\/p>\n\n\n\n<h3 class=\"wp-block-heading\">Vantaggi dell&#8217;outsourcing in Albania<\/h3>\n\n\n\n<p>Vicinanza alla costa per le aziende europee<br>Una forza lavoro giovane e ben istruita<br>Affinit\u00e0 culturale<br>Pool di talenti qualificati<br>Forza lavoro multilingue<br>Mercato del lavoro in crescita<br>Tasso d&#8217;imposta e IVA a basso reddito<br>Incentivi per i fornitori di software e servizi ICT<br>Costo del lavoro competitivo<\/p>\n\n\n\n<p>Il sistema universitario \u00e8 in fase di riforma a causa delle grandi proteste organizzate dagli studenti che cercano una migliore istruzione e maggiori opportunit\u00e0 di lavoro. Pertanto, l&#8217;istruzione sar\u00e0 pi\u00f9 accessibile e si specializzer\u00e0 in servizi e competenze come la scienza, l&#8217;informatica e l&#8217;ingegneria. L&#8217;italiano e l&#8217;inglese sono ampiamente parlati in Albania. La lingua inglese fa parte dei programmi scolastici e dell&#8217;esame di livello A obbligatorio. Le donne ricevono lo stesso trattamento e le stesse opportunit\u00e0 di istruzione dei loro coetanei maschi.<br>Mentre per molti anni le aziende internazionali hanno assunto talenti poco qualificati, altre aziende si stanno rendendo conto del potenziale dei migliori talenti ancora disponibili. Pertanto, il momento migliore per iniziare a considerare l&#8217;Albania come destinazione di outsourcing \u00e8 adesso. Le previsioni economiche dicono che il tasso di disoccupazione diminuir\u00e0 in modo significativo nei prossimi due anni. Nel frattempo, il Paese ha grandi speranze di diventare membro dell&#8217;UE nel prossimo futuro. Pi\u00f9 un&#8217;azienda ritarda i suoi piani di outsourcing in Albania, pi\u00f9 i costi aumenteranno perch\u00e9 i migliori talenti saranno gi\u00e0 stati presi. Buona fortuna!<\/p>\n","protected":false},"excerpt":{"rendered":"<p>Quale sarebbe il fattore pi\u00f9 convincente per considerare una destinazione di outsourcing migliore di tutte le opzioni disponibili? Dipende dalle esigenze e dai requisiti del venditore. Eppure sono molti i fattori che fanno la differenza quando si parla di Business Process Outsourcing (BPO). Quest&#8217;ultima \u00e8 un&#8217;industria mondiale con un mercato globale di 88,9 miliardi di [&hellip;]<\/p>\n","protected":false},"author":2,"featured_media":41846,"parent":0,"menu_order":20,"comment_status":"closed","ping_status":"closed","template":"","meta":{"_uag_custom_page_level_css":"","_genesis_hide_title":false,"_genesis_hide_breadcrumbs":false,"_genesis_hide_singular_image":false,"_genesis_hide_footer_widgets":false,"_genesis_custom_body_class":"","_genesis_custom_post_class":"","_genesis_layout":"","_themeisle_gutenberg_block_has_review":false,"footnotes":""},"featured_image_src":"https:\/\/invest-in-albania.org\/wp-content\/uploads\/arrow.jpg","featured_image_src_square":"https:\/\/invest-in-albania.org\/wp-content\/uploads\/arrow.jpg","uagb_featured_image_src":{"full":["https:\/\/invest-in-albania.org\/wp-content\/uploads\/arrow.jpg",1280,768,false],"thumbnail":["https:\/\/invest-in-albania.org\/wp-content\/uploads\/arrow-280x195.jpg",280,195,true],"medium":["https:\/\/invest-in-albania.org\/wp-content\/uploads\/arrow-300x180.jpg",300,180,true],"medium_large":["https:\/\/invest-in-albania.org\/wp-content\/uploads\/arrow-768x461.jpg",768,461,true],"large":["https:\/\/invest-in-albania.org\/wp-content\/uploads\/arrow-1024x614.jpg",1024,614,true],"1536x1536":["https:\/\/invest-in-albania.org\/wp-content\/uploads\/arrow.jpg",1280,768,false],"2048x2048":["https:\/\/invest-in-albania.org\/wp-content\/uploads\/arrow.jpg",1280,768,false],"single-featured-image":["https:\/\/invest-in-albania.org\/wp-content\/uploads\/arrow.jpg",642,385,false],"blog-featured-image":["https:\/\/invest-in-albania.org\/wp-content\/uploads\/arrow.jpg",483,290,false],"home-featured":["https:\/\/invest-in-albania.org\/wp-content\/uploads\/arrow.jpg",380,228,false],"gb-block-post-grid-landscape":["https:\/\/invest-in-albania.org\/wp-content\/uploads\/arrow.jpg",600,360,false],"gb-block-post-grid-square":["https:\/\/invest-in-albania.org\/wp-content\/uploads\/arrow.jpg",600,360,false]},"uagb_author_info":{"display_name":"Vjollca Shehu","author_link":"https:\/\/invest-in-albania.org\/it\/author\/iia\/"},"uagb_comment_info":0,"uagb_excerpt":"Quale sarebbe il fattore pi\u00f9 convincente per considerare una destinazione di outsourcing migliore di tutte le opzioni disponibili? Dipende dalle esigenze e dai requisiti del venditore. Eppure sono molti i fattori che fanno la differenza quando si parla di Business Process Outsourcing (BPO). Quest&#8217;ultima \u00e8 un&#8217;industria mondiale con un mercato globale di 88,9 miliardi di&hellip;","_links":{"self":[{"href":"https:\/\/invest-in-albania.org\/it\/wp-json\/wp\/v2\/pages\/60017"}],"collection":[{"href":"https:\/\/invest-in-albania.org\/it\/wp-json\/wp\/v2\/pages"}],"about":[{"href":"https:\/\/invest-in-albania.org\/it\/wp-json\/wp\/v2\/types\/page"}],"author":[{"embeddable":true,"href":"https:\/\/invest-in-albania.org\/it\/wp-json\/wp\/v2\/users\/2"}],"replies":[{"embeddable":true,"href":"https:\/\/invest-in-albania.org\/it\/wp-json\/wp\/v2\/comments?post=60017"}],"version-history":[{"count":1,"href":"https:\/\/invest-in-albania.org\/it\/wp-json\/wp\/v2\/pages\/60017\/revisions"}],"predecessor-version":[{"id":60018,"href":"https:\/\/invest-in-albania.org\/it\/wp-json\/wp\/v2\/pages\/60017\/revisions\/60018"}],"wp:featuredmedia":[{"embeddable":true,"href":"https:\/\/invest-in-albania.org\/it\/wp-json\/wp\/v2\/media\/41846"}],"wp:attachment":[{"href":"https:\/\/invest-in-albania.org\/it\/wp-json\/wp\/v2\/media?parent=60017"}],"curies":[{"name":"wp","href":"https:\/\/api.w.org\/{rel}","templated":true}]}}