{"id":60011,"date":"2024-04-05T23:41:39","date_gmt":"2024-04-05T21:41:39","guid":{"rendered":"https:\/\/invest-in-albania.org\/?page_id=60011"},"modified":"2024-04-05T23:41:44","modified_gmt":"2024-04-05T21:41:44","slug":"quali-sono-le-principali-destinazioni-delloutsourcing","status":"publish","type":"page","link":"https:\/\/invest-in-albania.org\/it\/quali-sono-le-principali-destinazioni-delloutsourcing\/","title":{"rendered":"Quali sono le principali destinazioni dell&#8217;outsourcing?"},"content":{"rendered":"\n<p>\u00c8 necessaria una risposta specifica a una domanda generale come questa. Come ogni altra cosa, dipende dal contesto, dal vostro contesto. Nel caso delle destinazioni di outsourcing, il vantaggio \u00e8 nell&#8217;occhio di chi guarda. Dipende da molti fattori, ma il pi\u00f9 importante \u00e8 il tipo di settore o servizio in cui opera la vostra azienda.<\/p>\n\n\n\n<p>Le tendenze del mercato globale confermano che la Cina \u00e8 la destinazione migliore per l&#8217;industria manifatturiera. Nel frattempo, l&#8217;India si \u00e8 imposta come destinazione di outsourcing per i servizi IT.<\/p>\n\n\n\n<p>Questi sono tra i mercati pi\u00f9 grandi al mondo e allo stesso tempo pi\u00f9 consolidati per l&#8217;outsourcing dei processi aziendali. D&#8217;altra parte, uno dei motivi per cui determinati Paesi stanno crescendo come destinazioni di outsourcing \u00e8 legato alla percezione generale. Per molte aziende americane, l&#8217;outsourcing \u00e8 qualcosa che avviene in India.<\/p>\n\n\n\n<p>Tuttavia, esistono altre destinazioni di outsourcing che non sono l&#8217;India, la Cina, le Filippine o il Vietnam. Recentemente, alcuni Paesi si stanno affermando come destinazioni di outsourcing e anche come concorrenti di India, Brasile o Filippine. Sebbene le tariffe delle aziende di outsourcing dell&#8217;Europa dell&#8217;Est e dei Balcani siano pi\u00f9 alte rispetto a quelle dell&#8217;India, le prime sono note per l&#8217;elevata qualit\u00e0 del lavoro.<\/p>\n\n\n\n<p>Negli ultimi anni, l&#8217;Europa dell&#8217;Est e i Balcani sono diventati le principali destinazioni di outsourcing e sembrano offrire un futuro promettente per i servizi informatici, automobilistici, call center, data entry, finanza e contabilit\u00e0.<\/p>\n\n\n\n<p>La Polonia e l&#8217;Ucraina sono tra le prime destinazioni mondiali per l&#8217;outsourcing IT. Il settore \u00e8 in crescita anche in Bulgaria. La Romania si \u00e8 guadagnata l&#8217;attenzione come destinazione per la produzione di software e di automobili, mentre l&#8217;Albania \u00e8 nota come destinazione per i call center.<\/p>\n\n\n\n<p><strong>Vantaggi dei Paesi dell&#8217;Europa sudorientale<\/strong><\/p>\n\n\n\n<p>Competenze linguistiche<br>Nessun gap culturale<br>Posizione geografica<br>Alto numero di sviluppatori qualificati<br>Poca o nessuna differenza di fuso orario<br>Accesso ai talenti<br>Prezzi accessibili<br>Forte background educativo<br>Protezione dei dati<\/p>\n","protected":false},"excerpt":{"rendered":"<p>\u00c8 necessaria una risposta specifica a una domanda generale come questa. Come ogni altra cosa, dipende dal contesto, dal vostro contesto. Nel caso delle destinazioni di outsourcing, il vantaggio \u00e8 nell&#8217;occhio di chi guarda. Dipende da molti fattori, ma il pi\u00f9 importante \u00e8 il tipo di settore o servizio in cui opera la vostra azienda. [&hellip;]<\/p>\n","protected":false},"author":2,"featured_media":0,"parent":0,"menu_order":21,"comment_status":"closed","ping_status":"closed","template":"","meta":{"_uag_custom_page_level_css":"","_genesis_hide_title":false,"_genesis_hide_breadcrumbs":false,"_genesis_hide_singular_image":false,"_genesis_hide_footer_widgets":false,"_genesis_custom_body_class":"","_genesis_custom_post_class":"","_genesis_layout":"","_themeisle_gutenberg_block_has_review":false,"footnotes":""},"featured_image_src":null,"featured_image_src_square":null,"uagb_featured_image_src":{"full":false,"thumbnail":false,"medium":false,"medium_large":false,"large":false,"1536x1536":false,"2048x2048":false,"single-featured-image":false,"blog-featured-image":false,"home-featured":false,"gb-block-post-grid-landscape":false,"gb-block-post-grid-square":false},"uagb_author_info":{"display_name":"Vjollca Shehu","author_link":"https:\/\/invest-in-albania.org\/it\/author\/iia\/"},"uagb_comment_info":0,"uagb_excerpt":"\u00c8 necessaria una risposta specifica a una domanda generale come questa. Come ogni altra cosa, dipende dal contesto, dal vostro contesto. Nel caso delle destinazioni di outsourcing, il vantaggio \u00e8 nell&#8217;occhio di chi guarda. Dipende da molti fattori, ma il pi\u00f9 importante \u00e8 il tipo di settore o servizio in cui opera la vostra azienda.&hellip;","_links":{"self":[{"href":"https:\/\/invest-in-albania.org\/it\/wp-json\/wp\/v2\/pages\/60011"}],"collection":[{"href":"https:\/\/invest-in-albania.org\/it\/wp-json\/wp\/v2\/pages"}],"about":[{"href":"https:\/\/invest-in-albania.org\/it\/wp-json\/wp\/v2\/types\/page"}],"author":[{"embeddable":true,"href":"https:\/\/invest-in-albania.org\/it\/wp-json\/wp\/v2\/users\/2"}],"replies":[{"embeddable":true,"href":"https:\/\/invest-in-albania.org\/it\/wp-json\/wp\/v2\/comments?post=60011"}],"version-history":[{"count":1,"href":"https:\/\/invest-in-albania.org\/it\/wp-json\/wp\/v2\/pages\/60011\/revisions"}],"predecessor-version":[{"id":60013,"href":"https:\/\/invest-in-albania.org\/it\/wp-json\/wp\/v2\/pages\/60011\/revisions\/60013"}],"wp:attachment":[{"href":"https:\/\/invest-in-albania.org\/it\/wp-json\/wp\/v2\/media?parent=60011"}],"curies":[{"name":"wp","href":"https:\/\/api.w.org\/{rel}","templated":true}]}}