{"id":60007,"date":"2024-04-05T23:38:44","date_gmt":"2024-04-05T21:38:44","guid":{"rendered":"https:\/\/invest-in-albania.org\/?page_id=60007"},"modified":"2024-04-05T23:38:49","modified_gmt":"2024-04-05T21:38:49","slug":"cosa-cercare-in-un-partner-di-outsourcing","status":"publish","type":"page","link":"https:\/\/invest-in-albania.org\/it\/cosa-cercare-in-un-partner-di-outsourcing\/","title":{"rendered":"Cosa cercare in un partner di outsourcing?"},"content":{"rendered":"\n<p>Uno dei modi pi\u00f9 efficaci per trovare un partner che vi aiuti a sviluppare la vostra idea in un progetto \u00e8 l&#8217;outsourcing. Che si tratti di una startup con un budget ridotto o di un&#8217;azienda matura, un metodo economicamente vantaggioso per portare a termine il lavoro \u00e8 ben accetto da chiunque. L&#8217;outsourcing come pratica aiuta a completare una serie di compiti che avrebbero un costo pi\u00f9 elevato se eseguiti internamente dall&#8217;azienda. Attualmente c&#8217;\u00e8 una forte richiesta di partner di outsourcing, ma come si fa a sapere chi \u00e8 il migliore per voi?<\/p>\n\n\n\n<p><strong>Cosa rende un&#8217;azienda di outsourcing adatta alle vostre esigenze?<br><\/strong>Se siete nuovi a questa pratica, dovete porvi alcune domande per semplificare la ricerca.<br>Potete iniziare definendo i fattori pi\u00f9 importanti, come il budget e il fuso orario. Desiderate avere gli stessi orari di lavoro dell&#8217;altra azienda, o sarebbe meglio trovare i compiti definiti completati la mattina successiva.<\/p>\n\n\n\n<p>Se l&#8217;ubicazione \u00e8 un fattore, potete scegliere tra aziende onshore e offshore. L&#8217;outsourcing onshore pu\u00f2 richiedere un budget pi\u00f9 elevato rispetto all&#8217;outsourcing offshore. Prestate attenzione all&#8217;approccio umano. Se \u00e8 possibile, potete incontrarli di persona per capire meglio cosa fanno e come si svilupper\u00e0 la vostra collaborazione in futuro.<\/p>\n\n\n\n<p><strong>Assicuratevi che rispettino le stime e le scadenze.<br><\/strong>L&#8217;azienda deve avere un project manager che si occupi di ogni fase del progetto e si assicuri che il team comprenda correttamente le vostre specifiche. A questo punto, la lingua \u00e8 un fattore importante. Assicuratevi di scegliere un&#8217;azienda con un team che conosca l&#8217;inglese. In ogni caso, un team multilingue sarebbe la scelta migliore.<\/p>\n\n\n\n<p>Prestate attenzione alla riservatezza. Stipulate un accordo di riservatezza. Indipendentemente dal tipo di processo aziendale esternalizzato, ci saranno sempre dati personali, segreti commerciali o rischi sensibili che potrebbero diventare pubblici o essere utilizzati in modo improprio.<\/p>\n","protected":false},"excerpt":{"rendered":"<p>Uno dei modi pi\u00f9 efficaci per trovare un partner che vi aiuti a sviluppare la vostra idea in un progetto \u00e8 l&#8217;outsourcing. Che si tratti di una startup con un budget ridotto o di un&#8217;azienda matura, un metodo economicamente vantaggioso per portare a termine il lavoro \u00e8 ben accetto da chiunque. L&#8217;outsourcing come pratica aiuta [&hellip;]<\/p>\n","protected":false},"author":2,"featured_media":0,"parent":0,"menu_order":22,"comment_status":"closed","ping_status":"closed","template":"","meta":{"_uag_custom_page_level_css":"","_genesis_hide_title":false,"_genesis_hide_breadcrumbs":false,"_genesis_hide_singular_image":false,"_genesis_hide_footer_widgets":false,"_genesis_custom_body_class":"","_genesis_custom_post_class":"","_genesis_layout":"","_themeisle_gutenberg_block_has_review":false,"footnotes":""},"featured_image_src":null,"featured_image_src_square":null,"uagb_featured_image_src":{"full":false,"thumbnail":false,"medium":false,"medium_large":false,"large":false,"1536x1536":false,"2048x2048":false,"single-featured-image":false,"blog-featured-image":false,"home-featured":false,"gb-block-post-grid-landscape":false,"gb-block-post-grid-square":false},"uagb_author_info":{"display_name":"Vjollca Shehu","author_link":"https:\/\/invest-in-albania.org\/it\/author\/iia\/"},"uagb_comment_info":0,"uagb_excerpt":"Uno dei modi pi\u00f9 efficaci per trovare un partner che vi aiuti a sviluppare la vostra idea in un progetto \u00e8 l&#8217;outsourcing. Che si tratti di una startup con un budget ridotto o di un&#8217;azienda matura, un metodo economicamente vantaggioso per portare a termine il lavoro \u00e8 ben accetto da chiunque. L&#8217;outsourcing come pratica aiuta&hellip;","_links":{"self":[{"href":"https:\/\/invest-in-albania.org\/it\/wp-json\/wp\/v2\/pages\/60007"}],"collection":[{"href":"https:\/\/invest-in-albania.org\/it\/wp-json\/wp\/v2\/pages"}],"about":[{"href":"https:\/\/invest-in-albania.org\/it\/wp-json\/wp\/v2\/types\/page"}],"author":[{"embeddable":true,"href":"https:\/\/invest-in-albania.org\/it\/wp-json\/wp\/v2\/users\/2"}],"replies":[{"embeddable":true,"href":"https:\/\/invest-in-albania.org\/it\/wp-json\/wp\/v2\/comments?post=60007"}],"version-history":[{"count":1,"href":"https:\/\/invest-in-albania.org\/it\/wp-json\/wp\/v2\/pages\/60007\/revisions"}],"predecessor-version":[{"id":60008,"href":"https:\/\/invest-in-albania.org\/it\/wp-json\/wp\/v2\/pages\/60007\/revisions\/60008"}],"wp:attachment":[{"href":"https:\/\/invest-in-albania.org\/it\/wp-json\/wp\/v2\/media?parent=60007"}],"curies":[{"name":"wp","href":"https:\/\/api.w.org\/{rel}","templated":true}]}}