{"id":60002,"date":"2024-04-05T23:35:21","date_gmt":"2024-04-05T21:35:21","guid":{"rendered":"https:\/\/invest-in-albania.org\/?page_id=60002"},"modified":"2024-04-05T23:35:26","modified_gmt":"2024-04-05T21:35:26","slug":"esternalizzazione-pro-e-contro","status":"publish","type":"page","link":"https:\/\/invest-in-albania.org\/it\/esternalizzazione-pro-e-contro\/","title":{"rendered":"Esternalizzazione: Pro e contro"},"content":{"rendered":"\n<p>Da molti anni le aziende di tutto il mondo esternalizzano i propri processi aziendali. La tendenza all&#8217;outsourcing \u00e8 cresciuta in modo significativo e persino le aziende nordcoreane vengono ingaggiate da organizzazioni situate in diverse parti del mondo.<\/p>\n\n\n\n<p>La pratica consiste in aziende specializzate in una serie di processi tecnici che forniscono ai loro clienti servizi che costerebbero troppo se fossero realizzati internamente. Si tratta di un&#8217;opzione vantaggiosa per entrambe le parti coinvolte nel processo. L&#8217;outsourcing \u00e8 destinato a crescere ulteriormente nei prossimi anni e questo pu\u00f2 essere il momento giusto per saperne di pi\u00f9 sui vantaggi e gli svantaggi di questo settore.<\/p>\n\n\n\n<p><strong>Vantaggi dell&#8217;outsourcing<\/strong><\/p>\n\n\n\n<p><strong>Costi controllati. <\/strong>Si tratta di processi aziendali che non si possono evitare e che costano meno se eseguiti da un appaltatore esperto. Quando si assume un&#8217;altra azienda per svolgere uno o pi\u00f9 processi aziendali per la propria organizzazione, si eliminano i costi e il tempo spesi per il reclutamento, la formazione, i benefit per i dipendenti, gli uffici per un team pi\u00f9 numeroso, le infrastrutture e la tecnologia.<\/p>\n\n\n\n<p>Inoltre, si contribuisce a ridurre il carico di lavoro. Allo stesso tempo, questo capitale pu\u00f2 essere investito in altri reparti dell&#8217;organizzazione.<\/p>\n\n\n\n<p><strong>Pi\u00f9 talenti disponibili.<\/strong> Se mantenete all&#8217;interno dell&#8217;azienda determinati processi aziendali, dipenderete dal pool di talenti locali. Quando decidete di delegare tali processi a un&#8217;altra azienda, ne trarrete un duplice vantaggio.<\/p>\n\n\n\n<p>In primo luogo, le aziende appaltatrici dispongono di personale esperto e specializzato in determinati servizi. Sanno quello che fanno. In secondo luogo, passerete dal pool di talenti locali, ricercati da ogni altra azienda della zona, alle opzioni di talenti globali.<\/p>\n\n\n\n<p><strong>Avvio rapido.<\/strong> Se costruite il nuovo reparto internamente, il nuovo team avr\u00e0 bisogno di tempo per abituarsi all&#8217;ambiente di lavoro e agli altri. Nel frattempo, un partner di outsourcing non ha bisogno di questo. Il team \u00e8 gi\u00e0 pronto per iniziare e convertire un nuovo progetto in un prodotto o servizio.<\/p>\n\n\n\n<p><strong>Fuso orario.<\/strong> Questo elemento \u00e8 relativo. Molti lo considerano uno svantaggio. Non fornisce lo stesso risultato per aziende diverse. A seconda della zona, si pu\u00f2 portare a termine il lavoro quando l&#8217;orario di lavoro \u00e8 terminato e trovarlo pronto la mattina successiva.<\/p>\n\n\n\n<p><strong>Vantaggio extra:<\/strong> il vostro partner potrebbe mettere in discussione il vostro modo di fare le cose e condividere invece una soluzione pi\u00f9 efficiente.<\/p>\n\n\n\n<p><strong>Contro dell&#8217;outsourcing<\/strong><\/p>\n\n\n\n<p><strong>Linguaggio perso nella traduzione.<\/strong> La lingua pu\u00f2 diventare una barriera e causa di fraintendimenti. Assicuratevi di trovare un partner con ottime competenze linguistiche e un canale che permetta di fare domande e chiarimenti.<\/p>\n\n\n\n<p><strong>Uso improprio dei dati riservati.<\/strong> In alcuni casi, c&#8217;\u00e8 il rischio di esporre dati riservati. Assicuratevi di trovare un partner affidabile e professionale.<\/p>\n\n\n\n<p><strong>Diminuzione della soddisfazione del cliente.<\/strong> Quando si esternalizzano call center o contact center in un altro Paese, pu\u00f2 capitare di notare un calo della soddisfazione dei clienti. Per questo motivo \u00e8 necessario scegliere sempre il partner o la destinazione di outsourcing giusta. Nel caso dei call center, le competenze linguistiche sono fondamentali.<\/p>\n\n\n\n<p>I call center sono cresciuti in India grazie alla conoscenza dell&#8217;inglese. Nel frattempo, paesi come l&#8217;Italia hanno esternalizzato i loro call center in Albania, dove le persone parlano italiano come se fossero madrelingua e sono note per le loro eccellenti competenze multilingue.<\/p>\n","protected":false},"excerpt":{"rendered":"<p>Da molti anni le aziende di tutto il mondo esternalizzano i propri processi aziendali. La tendenza all&#8217;outsourcing \u00e8 cresciuta in modo significativo e persino le aziende nordcoreane vengono ingaggiate da organizzazioni situate in diverse parti del mondo. La pratica consiste in aziende specializzate in una serie di processi tecnici che forniscono ai loro clienti servizi [&hellip;]<\/p>\n","protected":false},"author":2,"featured_media":0,"parent":0,"menu_order":23,"comment_status":"closed","ping_status":"closed","template":"","meta":{"_uag_custom_page_level_css":"","_genesis_hide_title":false,"_genesis_hide_breadcrumbs":false,"_genesis_hide_singular_image":false,"_genesis_hide_footer_widgets":false,"_genesis_custom_body_class":"","_genesis_custom_post_class":"","_genesis_layout":"","_themeisle_gutenberg_block_has_review":false,"footnotes":""},"featured_image_src":null,"featured_image_src_square":null,"uagb_featured_image_src":{"full":false,"thumbnail":false,"medium":false,"medium_large":false,"large":false,"1536x1536":false,"2048x2048":false,"single-featured-image":false,"blog-featured-image":false,"home-featured":false,"gb-block-post-grid-landscape":false,"gb-block-post-grid-square":false},"uagb_author_info":{"display_name":"Vjollca Shehu","author_link":"https:\/\/invest-in-albania.org\/it\/author\/iia\/"},"uagb_comment_info":0,"uagb_excerpt":"Da molti anni le aziende di tutto il mondo esternalizzano i propri processi aziendali. La tendenza all&#8217;outsourcing \u00e8 cresciuta in modo significativo e persino le aziende nordcoreane vengono ingaggiate da organizzazioni situate in diverse parti del mondo. La pratica consiste in aziende specializzate in una serie di processi tecnici che forniscono ai loro clienti servizi&hellip;","_links":{"self":[{"href":"https:\/\/invest-in-albania.org\/it\/wp-json\/wp\/v2\/pages\/60002"}],"collection":[{"href":"https:\/\/invest-in-albania.org\/it\/wp-json\/wp\/v2\/pages"}],"about":[{"href":"https:\/\/invest-in-albania.org\/it\/wp-json\/wp\/v2\/types\/page"}],"author":[{"embeddable":true,"href":"https:\/\/invest-in-albania.org\/it\/wp-json\/wp\/v2\/users\/2"}],"replies":[{"embeddable":true,"href":"https:\/\/invest-in-albania.org\/it\/wp-json\/wp\/v2\/comments?post=60002"}],"version-history":[{"count":1,"href":"https:\/\/invest-in-albania.org\/it\/wp-json\/wp\/v2\/pages\/60002\/revisions"}],"predecessor-version":[{"id":60003,"href":"https:\/\/invest-in-albania.org\/it\/wp-json\/wp\/v2\/pages\/60002\/revisions\/60003"}],"wp:attachment":[{"href":"https:\/\/invest-in-albania.org\/it\/wp-json\/wp\/v2\/media?parent=60002"}],"curies":[{"name":"wp","href":"https:\/\/api.w.org\/{rel}","templated":true}]}}