{"id":59997,"date":"2024-04-05T23:28:19","date_gmt":"2024-04-05T21:28:19","guid":{"rendered":"https:\/\/invest-in-albania.org\/?page_id=59997"},"modified":"2024-04-05T23:28:24","modified_gmt":"2024-04-05T21:28:24","slug":"qual-e-la-differenza-tra-outsourcing-e-offshoring","status":"publish","type":"page","link":"https:\/\/invest-in-albania.org\/it\/qual-e-la-differenza-tra-outsourcing-e-offshoring\/","title":{"rendered":"Qual \u00e8 la differenza tra outsourcing e offshoring?"},"content":{"rendered":"<p>Conoscere la differenza tra outsourcing e offshoring e saperla esprimere con parole semplici vi far\u00e0 apparire pi\u00f9 intelligenti e preparati sulle questioni aziendali.<\/p>\n<p>\u00c8 facile confondere questi due concetti tra loro. \u00c8 anche facile spiegare la differenza tra loro. Sebbene molte persone lo facciano, spesso usano termini complessi e alla fine di una lunga lettura vi ritrovate con la stessa domanda senza risposta.<\/p>\n<p>L&#8217;outsourcing avviene quando:<br \/>\nUn&#8217;azienda decide di delegare uno, due o pi\u00f9 processi aziendali interni a un&#8217;altra parte o societ\u00e0. L&#8217;altra azienda pu\u00f2 trovarsi nell&#8217;edificio di fronte o in un altro continente. Le tendenze generali mostrano che le aziende tendono a esternalizzare piccoli processi aziendali che richiedono tempo, sono costosi e piuttosto noiosi.<\/p>\n<p>Per evitare questi elementi, una startup o un&#8217;impresa decide di assumere un&#8217;altra azienda per svolgere il lavoro, esternalizzando il processo specifico. In questo modo, l&#8217;organizzazione ottiene che i processi transazionali siano svolti da esperti esterni, mentre il team interno concentra le proprie capacit\u00e0 sui processi fondamentali che realizzano gli obiettivi dell&#8217;organizzazione.<\/p>\n<p>Offshoring<br \/>\nD&#8217;altra parte, un&#8217;azienda che trasferisce uno o pi\u00f9 processi aziendali in una delle sue unit\u00e0 in un altro paese vicino o in un altro continente \u00e8 un&#8217;impresa di offshoring. Il concetto \u00e8 strettamente legato alla geografia. Le aziende delocalizzano le loro fabbriche o unit\u00e0 in un Paese dove la manodopera \u00e8 a basso costo. Allo stesso tempo, inviano all&#8217;estero i lavori che non richiedono competenze qualificate.<\/p>\n<p>La loro logica dice che se un prodotto \u00e8 pi\u00f9 economico da fabbricare in un altro Paese rispetto a quello nazionale, perch\u00e9 non farlo? In seguito, i beni e i servizi vengono importati e rivenduti nei Paesi di origine a prezzi pi\u00f9 alti. La delocalizzazione \u00e8 stata spesso criticata. Una delle principali critiche \u00e8 legata al fatto che il lavoro viene delocalizzato in Paesi in cui i diritti dei lavoratori non sono garantiti dalla legge.<\/p>\n","protected":false},"excerpt":{"rendered":"<p>Conoscere la differenza tra outsourcing e offshoring e saperla esprimere con parole semplici vi far\u00e0 apparire pi\u00f9 intelligenti e preparati sulle questioni aziendali. \u00c8 facile confondere questi due concetti tra loro. \u00c8 anche facile spiegare la differenza tra loro. Sebbene molte persone lo facciano, spesso usano termini complessi e alla fine di una lunga lettura [&hellip;]<\/p>\n","protected":false},"author":2,"featured_media":0,"parent":0,"menu_order":24,"comment_status":"closed","ping_status":"closed","template":"","meta":{"_uag_custom_page_level_css":"","_genesis_hide_title":false,"_genesis_hide_breadcrumbs":false,"_genesis_hide_singular_image":false,"_genesis_hide_footer_widgets":false,"_genesis_custom_body_class":"","_genesis_custom_post_class":"","_genesis_layout":"","_themeisle_gutenberg_block_has_review":false,"footnotes":""},"featured_image_src":null,"featured_image_src_square":null,"uagb_featured_image_src":{"full":false,"thumbnail":false,"medium":false,"medium_large":false,"large":false,"1536x1536":false,"2048x2048":false,"single-featured-image":false,"blog-featured-image":false,"home-featured":false,"gb-block-post-grid-landscape":false,"gb-block-post-grid-square":false},"uagb_author_info":{"display_name":"Vjollca Shehu","author_link":"https:\/\/invest-in-albania.org\/it\/author\/iia\/"},"uagb_comment_info":0,"uagb_excerpt":"Conoscere la differenza tra outsourcing e offshoring e saperla esprimere con parole semplici vi far\u00e0 apparire pi\u00f9 intelligenti e preparati sulle questioni aziendali. \u00c8 facile confondere questi due concetti tra loro. \u00c8 anche facile spiegare la differenza tra loro. Sebbene molte persone lo facciano, spesso usano termini complessi e alla fine di una lunga lettura&hellip;","_links":{"self":[{"href":"https:\/\/invest-in-albania.org\/it\/wp-json\/wp\/v2\/pages\/59997"}],"collection":[{"href":"https:\/\/invest-in-albania.org\/it\/wp-json\/wp\/v2\/pages"}],"about":[{"href":"https:\/\/invest-in-albania.org\/it\/wp-json\/wp\/v2\/types\/page"}],"author":[{"embeddable":true,"href":"https:\/\/invest-in-albania.org\/it\/wp-json\/wp\/v2\/users\/2"}],"replies":[{"embeddable":true,"href":"https:\/\/invest-in-albania.org\/it\/wp-json\/wp\/v2\/comments?post=59997"}],"version-history":[{"count":1,"href":"https:\/\/invest-in-albania.org\/it\/wp-json\/wp\/v2\/pages\/59997\/revisions"}],"predecessor-version":[{"id":59998,"href":"https:\/\/invest-in-albania.org\/it\/wp-json\/wp\/v2\/pages\/59997\/revisions\/59998"}],"wp:attachment":[{"href":"https:\/\/invest-in-albania.org\/it\/wp-json\/wp\/v2\/media?parent=59997"}],"curies":[{"name":"wp","href":"https:\/\/api.w.org\/{rel}","templated":true}]}}