{"id":59992,"date":"2024-04-05T23:25:40","date_gmt":"2024-04-05T21:25:40","guid":{"rendered":"https:\/\/invest-in-albania.org\/?page_id=59992"},"modified":"2024-04-05T23:25:45","modified_gmt":"2024-04-05T21:25:45","slug":"come-iniziare-con-loutsourcing","status":"publish","type":"page","link":"https:\/\/invest-in-albania.org\/it\/come-iniziare-con-loutsourcing\/","title":{"rendered":"Come iniziare con l&#8217;outsourcing?"},"content":{"rendered":"\n<p>Il maestro di tutti i mestieri, il maestro di nessuno<\/p>\n\n\n\n<p>Spesso due sole mani non sono sufficienti per portare a termine un lavoro importante, ma anche otto mani non sarebbero di grande aiuto perch\u00e9 la mente non pu\u00f2 concentrarsi su otto processi diversi allo stesso tempo. Quindi sarebbero inutili.<\/p>\n\n\n\n<p>Pensate a un&#8217;impresa come se fosse un essere umano a pi\u00f9 mani che fa crescere rami e dipartimenti costosi che con il tempo possono trasformarsi in scelte ad alto costo. Qualsiasi azienda pu\u00f2 trovarsi in una situazione di confusione, mentre ci\u00f2 di cui ha veramente bisogno \u00e8 solo una mano da parte di qualcun altro.<\/p>\n\n\n\n<p>Non importa che siate un solitario o il capo di un&#8217;organizzazione in crescita, se insistete a fare tutto da soli vi bloccherete e perderete persino la vostra forza imprenditoriale.<br>Ricordate che l&#8217;essere un &#8220;jack of all trades&#8221; pu\u00f2 davvero danneggiare la vostra organizzazione. Cercate qualcuno che deleghi i processi pi\u00f9 noiosi, mentre voi vi concentrate sul quadro generale.<\/p>\n\n\n\n<p>Se state leggendo questo articolo, significa che state considerando l&#8217;idea di esternalizzare alcuni processi. Sembra facile, tutti parlano di outsourcing come se fosse un gioco da ragazzi. Ma se vi sembra complicato, potreste aver bisogno di aiuto per iniziare.<\/p>\n\n\n\n<p>Vi chiedete cosa esternalizzare e vi confondete. Perch\u00e9 non chiedere il contrario? Cosa non esternalizzare.<\/p>\n\n\n\n<p>Fate un elenco dei processi aziendali che vorreste mantenere in azienda. \u00c8 interessante notare come le ragioni per cui esternalizzare e quelle per cui non farlo o non farlo siano quasi le stesse, come i costi e i tempi.<br>Definite quali sono i processi aziendali principali che volete gestire e sviluppare internamente. Il passo successivo \u00e8 scegliere un processo che si desidera delegare a un esperto che garantisca qualit\u00e0 ed efficienza.<\/p>\n\n\n\n<p>Cercate un partner che offra prospettive diverse per l&#8217;ottimizzazione del processo e che metta in discussione il vostro modo di lavorare. \u00c8 una buona cosa. \u00c8 quello che fanno sempre le societ\u00e0 di outsourcing, che hanno l&#8217;esperienza necessaria per offrire prospettive diverse che garantiscano la soluzione giusta. Quante volte uno dei vostri dipendenti ha detto: State sbagliando!<\/p>\n\n\n\n<p>Iniziate con un semplice processo aziendale che necessita di un esperto. I processi esternalizzati pi\u00f9 comuni sono quelli tecnici. Sceglietene uno, se siete soddisfatti delegate un altro processo. Ricordate di non esternalizzare tutto!<\/p>\n","protected":false},"excerpt":{"rendered":"<p>Il maestro di tutti i mestieri, il maestro di nessuno Spesso due sole mani non sono sufficienti per portare a termine un lavoro importante, ma anche otto mani non sarebbero di grande aiuto perch\u00e9 la mente non pu\u00f2 concentrarsi su otto processi diversi allo stesso tempo. Quindi sarebbero inutili. Pensate a un&#8217;impresa come se fosse [&hellip;]<\/p>\n","protected":false},"author":2,"featured_media":0,"parent":0,"menu_order":25,"comment_status":"closed","ping_status":"closed","template":"","meta":{"_uag_custom_page_level_css":"","_genesis_hide_title":false,"_genesis_hide_breadcrumbs":false,"_genesis_hide_singular_image":false,"_genesis_hide_footer_widgets":false,"_genesis_custom_body_class":"","_genesis_custom_post_class":"","_genesis_layout":"","_themeisle_gutenberg_block_has_review":false,"footnotes":""},"featured_image_src":null,"featured_image_src_square":null,"uagb_featured_image_src":{"full":false,"thumbnail":false,"medium":false,"medium_large":false,"large":false,"1536x1536":false,"2048x2048":false,"single-featured-image":false,"blog-featured-image":false,"home-featured":false,"gb-block-post-grid-landscape":false,"gb-block-post-grid-square":false},"uagb_author_info":{"display_name":"Vjollca Shehu","author_link":"https:\/\/invest-in-albania.org\/it\/author\/iia\/"},"uagb_comment_info":0,"uagb_excerpt":"Il maestro di tutti i mestieri, il maestro di nessuno Spesso due sole mani non sono sufficienti per portare a termine un lavoro importante, ma anche otto mani non sarebbero di grande aiuto perch\u00e9 la mente non pu\u00f2 concentrarsi su otto processi diversi allo stesso tempo. Quindi sarebbero inutili. Pensate a un&#8217;impresa come se fosse&hellip;","_links":{"self":[{"href":"https:\/\/invest-in-albania.org\/it\/wp-json\/wp\/v2\/pages\/59992"}],"collection":[{"href":"https:\/\/invest-in-albania.org\/it\/wp-json\/wp\/v2\/pages"}],"about":[{"href":"https:\/\/invest-in-albania.org\/it\/wp-json\/wp\/v2\/types\/page"}],"author":[{"embeddable":true,"href":"https:\/\/invest-in-albania.org\/it\/wp-json\/wp\/v2\/users\/2"}],"replies":[{"embeddable":true,"href":"https:\/\/invest-in-albania.org\/it\/wp-json\/wp\/v2\/comments?post=59992"}],"version-history":[{"count":1,"href":"https:\/\/invest-in-albania.org\/it\/wp-json\/wp\/v2\/pages\/59992\/revisions"}],"predecessor-version":[{"id":59993,"href":"https:\/\/invest-in-albania.org\/it\/wp-json\/wp\/v2\/pages\/59992\/revisions\/59993"}],"wp:attachment":[{"href":"https:\/\/invest-in-albania.org\/it\/wp-json\/wp\/v2\/media?parent=59992"}],"curies":[{"name":"wp","href":"https:\/\/api.w.org\/{rel}","templated":true}]}}