{"id":59986,"date":"2024-04-05T23:19:58","date_gmt":"2024-04-05T21:19:58","guid":{"rendered":"https:\/\/invest-in-albania.org\/?page_id=59986"},"modified":"2024-04-05T23:20:05","modified_gmt":"2024-04-05T21:20:05","slug":"quali-processi-aziendali-possono-essere-esternalizzati-dalla-vostra-azienda","status":"publish","type":"page","link":"https:\/\/invest-in-albania.org\/it\/quali-processi-aziendali-possono-essere-esternalizzati-dalla-vostra-azienda\/","title":{"rendered":"Quali processi aziendali possono essere esternalizzati dalla vostra azienda"},"content":{"rendered":"<div class=\"wp-block-image\">\n<figure class=\"alignright\"><img loading=\"lazy\" decoding=\"async\" width=\"1024\" height=\"682\" src=\"http:\/\/new.invest-in-albania.org\/wp-content\/uploads\/shopping-1024x682.jpg\" alt=\"\" class=\"wp-image-40882\" srcset=\"https:\/\/invest-in-albania.org\/wp-content\/uploads\/shopping-1024x682.jpg 1024w, https:\/\/invest-in-albania.org\/wp-content\/uploads\/shopping-300x200.jpg 300w, https:\/\/invest-in-albania.org\/wp-content\/uploads\/shopping-768x512.jpg 768w, https:\/\/invest-in-albania.org\/wp-content\/uploads\/shopping-580x387.jpg 580w, https:\/\/invest-in-albania.org\/wp-content\/uploads\/shopping-860x573.jpg 860w, https:\/\/invest-in-albania.org\/wp-content\/uploads\/shopping-1160x773.jpg 1160w, https:\/\/invest-in-albania.org\/wp-content\/uploads\/shopping.jpg 1280w\" sizes=\"(max-width: 1024px) 100vw, 1024px\" \/><\/figure><\/div>\n\n\n<p>Quando aziende come Uber e Airbnb hanno lanciato i loro servizi, non possedevano alcuna propriet\u00e0 o veicolo, eppure hanno fornito soluzioni di alloggio e trasporto a milioni di persone in tutto il mondo. Questi fondatori, oltre a fornire situazioni vantaggiose per tutti i soggetti coinvolti, hanno anche cambiato i modelli di business tradizionali, spesso obsoleti. Mentre loro esternalizzano servizi e manodopera allo stesso tempo, centinaia di migliaia di aziende innovative in tutto il mondo esternalizzano i loro processi aziendali.<\/p>\n\n\n\n<p>\u00c8 pi\u00f9 intelligente scalare e far crescere la propria azienda delegando i processi aziendali pi\u00f9 noiosi a societ\u00e0 esperte, piuttosto che cercare di costruire al proprio interno l&#8217;eccellenza per le varie competenze. L&#8217;outsourcing offre la possibilit\u00e0 di accedere ai talenti con un semplice clic. Riduce il tempo e gli sforzi spesi per il reclutamento continuo, la formazione e la perdita dei migliori talenti a causa della concorrenza. Questo danneggia le finanze e lo spirito di squadra di un&#8217;azienda.<br>Per risparmiare tutti questi costi e scalare la vostra azienda, dovete sapere quali processi aziendali possono essere esternalizzati.<\/p>\n\n\n\n<p><strong>Servizi di inserimento dati<br><\/strong>Questa categoria comprende tutti i dati seguenti e anche di pi\u00f9:<\/p>\n\n\n\n<p>Contabilit\u00e0<br>Commercio Prodotto<br>Immagine<br>Legale<br>Logistica<br>Assicurazioni<br>Fatturazione<br>Compilazione di siti web<br>Trascrizione di eBook<br>Estrazione di e-mail e creazione di elenchi personalizzati<br>Pagine gialle e pagine bianche<br>Contatti e prospettive di vendita<br>QuickBooks<br>Annotazione di immagini<br>Immobili<br>Transazione commerciale<br>Vendite<br>Buste paga<br>Inserimento di dati e contenuti di Microsoft Office (PowerPoint, Excel, Word, Visio e Pdf)<br>Software e applicazioni<br>Contenuto<br>Online e offline<\/p>\n\n\n\n<p><strong>Servizi IT<\/strong><\/p>\n\n\n\n<p>Sviluppo web, hosting<br>Design web<br>Applicazioni mobili\/soluzioni software<br>Telecomunicazioni<br>Marketing digitale\/SEO<br>Gestione di database\/help desk<\/p>\n\n\n\n<p><strong>Processi HR<\/strong><\/p>\n\n\n\n<p>Acquisizione dei talenti<br>Amministrazione dei benefit e retribuzione<br>Gestione dei talenti<br>Buste paga<br>Relazioni con i dipendenti<br>Coaching<br>Analisi<\/p>\n\n\n\n<p><strong>Processi legali<\/strong><\/p>\n\n\n\n<p>Ricerca legale<br>Gestione dei contratti<br>Redazione, produzione e revisione di documenti<br>Servizi di rischio e conformit\u00e0<br>Contabilit\u00e0 legale<br>Supporto al contenzioso<br>Servizi di propriet\u00e0 intellettuale<\/p>\n\n\n\n<p><strong>Funzioni finanziarie e contabili<\/strong><\/p>\n\n\n\n<p>Tenuta della contabilit\u00e0<br>Preparazione delle imposte<br>Rendicontazione finanziaria<br>Debiti\/ricevute contabili.<br>Elaborazione delle buste paga<br>Riconciliazione bancaria<\/p>\n","protected":false},"excerpt":{"rendered":"<p>Quando aziende come Uber e Airbnb hanno lanciato i loro servizi, non possedevano alcuna propriet\u00e0 o veicolo, eppure hanno fornito soluzioni di alloggio e trasporto a milioni di persone in tutto il mondo. Questi fondatori, oltre a fornire situazioni vantaggiose per tutti i soggetti coinvolti, hanno anche cambiato i modelli di business tradizionali, spesso obsoleti. [&hellip;]<\/p>\n","protected":false},"author":2,"featured_media":40885,"parent":0,"menu_order":26,"comment_status":"closed","ping_status":"closed","template":"","meta":{"_uag_custom_page_level_css":"","_genesis_hide_title":false,"_genesis_hide_breadcrumbs":false,"_genesis_hide_singular_image":false,"_genesis_hide_footer_widgets":false,"_genesis_custom_body_class":"","_genesis_custom_post_class":"","_genesis_layout":"","_themeisle_gutenberg_block_has_review":false,"footnotes":""},"featured_image_src":"https:\/\/invest-in-albania.org\/wp-content\/uploads\/shopping.jpg","featured_image_src_square":"https:\/\/invest-in-albania.org\/wp-content\/uploads\/shopping.jpg","uagb_featured_image_src":{"full":["https:\/\/invest-in-albania.org\/wp-content\/uploads\/shopping.jpg",1280,853,false],"thumbnail":["https:\/\/invest-in-albania.org\/wp-content\/uploads\/shopping-280x195.jpg",280,195,true],"medium":["https:\/\/invest-in-albania.org\/wp-content\/uploads\/shopping-300x200.jpg",300,200,true],"medium_large":["https:\/\/invest-in-albania.org\/wp-content\/uploads\/shopping-768x512.jpg",768,512,true],"large":["https:\/\/invest-in-albania.org\/wp-content\/uploads\/shopping-1024x682.jpg",1024,682,true],"1536x1536":["https:\/\/invest-in-albania.org\/wp-content\/uploads\/shopping.jpg",1280,853,false],"2048x2048":["https:\/\/invest-in-albania.org\/wp-content\/uploads\/shopping.jpg",1280,853,false],"single-featured-image":["https:\/\/invest-in-albania.org\/wp-content\/uploads\/shopping.jpg",578,385,false],"blog-featured-image":["https:\/\/invest-in-albania.org\/wp-content\/uploads\/shopping.jpg",435,290,false],"home-featured":["https:\/\/invest-in-albania.org\/wp-content\/uploads\/shopping.jpg",380,253,false],"gb-block-post-grid-landscape":["https:\/\/invest-in-albania.org\/wp-content\/uploads\/shopping.jpg",600,400,false],"gb-block-post-grid-square":["https:\/\/invest-in-albania.org\/wp-content\/uploads\/shopping.jpg",600,400,false]},"uagb_author_info":{"display_name":"Vjollca Shehu","author_link":"https:\/\/invest-in-albania.org\/it\/author\/iia\/"},"uagb_comment_info":0,"uagb_excerpt":"Quando aziende come Uber e Airbnb hanno lanciato i loro servizi, non possedevano alcuna propriet\u00e0 o veicolo, eppure hanno fornito soluzioni di alloggio e trasporto a milioni di persone in tutto il mondo. Questi fondatori, oltre a fornire situazioni vantaggiose per tutti i soggetti coinvolti, hanno anche cambiato i modelli di business tradizionali, spesso obsoleti.&hellip;","_links":{"self":[{"href":"https:\/\/invest-in-albania.org\/it\/wp-json\/wp\/v2\/pages\/59986"}],"collection":[{"href":"https:\/\/invest-in-albania.org\/it\/wp-json\/wp\/v2\/pages"}],"about":[{"href":"https:\/\/invest-in-albania.org\/it\/wp-json\/wp\/v2\/types\/page"}],"author":[{"embeddable":true,"href":"https:\/\/invest-in-albania.org\/it\/wp-json\/wp\/v2\/users\/2"}],"replies":[{"embeddable":true,"href":"https:\/\/invest-in-albania.org\/it\/wp-json\/wp\/v2\/comments?post=59986"}],"version-history":[{"count":1,"href":"https:\/\/invest-in-albania.org\/it\/wp-json\/wp\/v2\/pages\/59986\/revisions"}],"predecessor-version":[{"id":59987,"href":"https:\/\/invest-in-albania.org\/it\/wp-json\/wp\/v2\/pages\/59986\/revisions\/59987"}],"wp:featuredmedia":[{"embeddable":true,"href":"https:\/\/invest-in-albania.org\/it\/wp-json\/wp\/v2\/media\/40885"}],"wp:attachment":[{"href":"https:\/\/invest-in-albania.org\/it\/wp-json\/wp\/v2\/media?parent=59986"}],"curies":[{"name":"wp","href":"https:\/\/api.w.org\/{rel}","templated":true}]}}