{"id":59982,"date":"2024-04-05T21:39:03","date_gmt":"2024-04-05T19:39:03","guid":{"rendered":"https:\/\/invest-in-albania.org\/?page_id=59982"},"modified":"2024-04-05T21:39:10","modified_gmt":"2024-04-05T19:39:10","slug":"cosa-rende-un-paese-adatto-alloutsourcing","status":"publish","type":"page","link":"https:\/\/invest-in-albania.org\/it\/cosa-rende-un-paese-adatto-alloutsourcing\/","title":{"rendered":"Cosa rende un Paese adatto all&#8217;outsourcing?"},"content":{"rendered":"<p>Il mondo degli affari sta cambiando in modo pazzesco e l&#8217;outsourcing \u00e8 una delle strategie che aiutano le imprese e le organizzazioni di diverse dimensioni a rimanere in sintonia con l&#8217;agilit\u00e0 del mercato. Allo stesso tempo, la rapida digitalizzazione dei processi aziendali spinge le imprese a impegnarsi in complesse collaborazioni con persone e aziende esterne.<\/p>\n<p>Grazie all&#8217;outsourcing, queste aziende hanno accesso illimitato ai migliori talenti di tutto il mondo e alle nuove tecnologie, pur rimanendo concentrate su crescita, acquisizioni e fusioni.<\/p>\n<p>D&#8217;altra parte, esistono innumerevoli opzioni che aiutano le aziende agili a mantenere una risposta immediata ai cambiamenti. Sono disponibili sia inshore che offshore, il che significa che avete la possibilit\u00e0 di scegliere tra aziende situate nel vostro Paese e altre situate al di fuori dei confini e persino in un altro continente. Anche se ogni opzione ha i suoi vantaggi, le destinazioni offshore si stanno trasformando in centri di outsourcing.<\/p>\n<p>Il vantaggio maggiore \u00e8 legato a fattori di riduzione dei costi. Tuttavia, il divario retributivo per competenze specifiche come la programmazione si \u00e8 ridotto. Pertanto, la riduzione dei costi non \u00e8 pi\u00f9 importante dell&#8217;accesso ai talenti e della creazione di valore in entrambe le parti.<\/p>\n<p>Le domande da porsi in questi casi sono: Cosa rende un Paese una destinazione di outsourcing di prim&#8217;ordine?<br \/>\nPolonia, Brasile, India e Cina sono leader regionali quando si parla di outsourcing. Cosa li rende cos\u00ec validi agli occhi di numerose aziende?<br \/>\nLa conoscenza della lingua inglese. Il buon inglese \u00e8 stato il fattore chiave per cui l&#8217;India \u00e8 diventata una delle principali destinazioni di outsourcing. L&#8217;India \u00e8 il pi\u00f9 grande Paese anglofono del mondo e questo ha spianato la strada a molte aziende per accedere al suo bacino di talenti.<\/p>\n<p>Lingue straniere. L&#8217;inglese \u00e8 importante, ma pi\u00f9 lingue si parlano e meglio \u00e8 per attirare le aziende che desiderano esternalizzare. A seconda delle esigenze dell&#8217;azienda e del mercato, alcune delle lingue pi\u00f9 diffuse nel mondo degli affari sono il cinese, il tedesco, lo spagnolo, il portoghese, il russo, il francese e l&#8217;arabo.<\/p>\n<p>Popolazione giovane. Un Paese con una popolazione giovane pu\u00f2 facilmente attirare l&#8217;attenzione di molte aziende. I giovani portano prospettive nuove, entusiasmo ed energia. Possono comprendere la tecnologia in modo pi\u00f9 semplice.<\/p>\n<p>Una forza lavoro giovane \u00e8 desiderosa di imparare e di avere successo, mentre una maggiore concorrenza offre pi\u00f9 qualit\u00e0. Una forza lavoro giovane \u00e8 l&#8217;opzione migliore quando un&#8217;azienda ha bisogno di ottenere clienti giovani. Paesi come l&#8217;Albania hanno una forza lavoro relativamente giovane e altamente istruita.<\/p>\n<p>Vicinanza culturale ai valori e all&#8217;etica aziendale. Questo fattore \u00e8 definito da circostanze e contesti specifici. Tuttavia, la maggior parte delle aziende si concentra sulla cultura del lavoro di un Paese, ovvero su quanto le persone siano impegnate e lavorino sodo per soddisfare le aspettative e persino superarle.<\/p>\n<p>Posizione geografica. Fusi orari, ambiente sociale, prospettive future di sviluppo economico e politico.<\/p>\n<p>Altri fattori importanti da considerare quando si cerca l&#8217;outsourcing sono la valuta locale, la sicurezza, la privacy e la protezione dei dati, la riservatezza, la stabilit\u00e0 politica.<\/p>\n","protected":false},"excerpt":{"rendered":"<p>Il mondo degli affari sta cambiando in modo pazzesco e l&#8217;outsourcing \u00e8 una delle strategie che aiutano le imprese e le organizzazioni di diverse dimensioni a rimanere in sintonia con l&#8217;agilit\u00e0 del mercato. Allo stesso tempo, la rapida digitalizzazione dei processi aziendali spinge le imprese a impegnarsi in complesse collaborazioni con persone e aziende esterne. [&hellip;]<\/p>\n","protected":false},"author":2,"featured_media":0,"parent":0,"menu_order":27,"comment_status":"closed","ping_status":"closed","template":"","meta":{"_uag_custom_page_level_css":"","_genesis_hide_title":false,"_genesis_hide_breadcrumbs":false,"_genesis_hide_singular_image":false,"_genesis_hide_footer_widgets":false,"_genesis_custom_body_class":"","_genesis_custom_post_class":"","_genesis_layout":"","_themeisle_gutenberg_block_has_review":false,"footnotes":""},"featured_image_src":null,"featured_image_src_square":null,"uagb_featured_image_src":{"full":false,"thumbnail":false,"medium":false,"medium_large":false,"large":false,"1536x1536":false,"2048x2048":false,"single-featured-image":false,"blog-featured-image":false,"home-featured":false,"gb-block-post-grid-landscape":false,"gb-block-post-grid-square":false},"uagb_author_info":{"display_name":"Vjollca Shehu","author_link":"https:\/\/invest-in-albania.org\/it\/author\/iia\/"},"uagb_comment_info":0,"uagb_excerpt":"Il mondo degli affari sta cambiando in modo pazzesco e l&#8217;outsourcing \u00e8 una delle strategie che aiutano le imprese e le organizzazioni di diverse dimensioni a rimanere in sintonia con l&#8217;agilit\u00e0 del mercato. Allo stesso tempo, la rapida digitalizzazione dei processi aziendali spinge le imprese a impegnarsi in complesse collaborazioni con persone e aziende esterne.&hellip;","_links":{"self":[{"href":"https:\/\/invest-in-albania.org\/it\/wp-json\/wp\/v2\/pages\/59982"}],"collection":[{"href":"https:\/\/invest-in-albania.org\/it\/wp-json\/wp\/v2\/pages"}],"about":[{"href":"https:\/\/invest-in-albania.org\/it\/wp-json\/wp\/v2\/types\/page"}],"author":[{"embeddable":true,"href":"https:\/\/invest-in-albania.org\/it\/wp-json\/wp\/v2\/users\/2"}],"replies":[{"embeddable":true,"href":"https:\/\/invest-in-albania.org\/it\/wp-json\/wp\/v2\/comments?post=59982"}],"version-history":[{"count":1,"href":"https:\/\/invest-in-albania.org\/it\/wp-json\/wp\/v2\/pages\/59982\/revisions"}],"predecessor-version":[{"id":59983,"href":"https:\/\/invest-in-albania.org\/it\/wp-json\/wp\/v2\/pages\/59982\/revisions\/59983"}],"wp:attachment":[{"href":"https:\/\/invest-in-albania.org\/it\/wp-json\/wp\/v2\/media?parent=59982"}],"curies":[{"name":"wp","href":"https:\/\/api.w.org\/{rel}","templated":true}]}}