{"id":59978,"date":"2024-04-05T21:30:44","date_gmt":"2024-04-05T19:30:44","guid":{"rendered":"https:\/\/invest-in-albania.org\/?page_id=59978"},"modified":"2024-04-05T21:30:49","modified_gmt":"2024-04-05T19:30:49","slug":"vantaggi-delloutsourcing-dei-servizi-hr","status":"publish","type":"page","link":"https:\/\/invest-in-albania.org\/it\/vantaggi-delloutsourcing-dei-servizi-hr\/","title":{"rendered":"Vantaggi dell&#8217;outsourcing dei servizi HR?"},"content":{"rendered":"\n<p>Qual \u00e8 la risorsa pi\u00f9 preziosa per la vostra azienda? Chiamatela forza lavoro, staff, team, le persone che lavorano per voi sono il cuore e lo spirito della vostra azienda. Non importa se gestite una piccola-media impresa o una grande azienda, ci sono funzioni fondamentali legate al reparto Risorse Umane che possono essere un vero e proprio grattacapo se non gestite correttamente. Occuparsi di assunzioni, benefit e retribuzioni, conformit\u00e0 alle leggi sul lavoro, formazione e sviluppo richiede tempo e competenze che non avete o non potete permettervi all&#8217;interno dell&#8217;azienda.<\/p>\n\n\n\n<p>Numerose aziende decidono di esternalizzare le funzioni HR e questa opzione comporta molti vantaggi.<\/p>\n\n\n\n<h2 class=\"wp-block-heading\">Perch\u00e9 esternalizzare le funzioni HR<\/h2>\n\n\n\n<p>Sono troppo complesse da gestire internamente<br>Efficienza in termini di costi e di tempo<br>Il team interno si concentra sullo sviluppo dell&#8217;azienda<br>Non ci sono spese generali<\/p>\n\n\n\n<h2 class=\"wp-block-heading\">Vantaggi dell&#8217;outsourcing delle risorse umane<\/h2>\n\n\n\n<p>Risparmio sui costi<br>Il risparmio sui costi \u00e8 il vantaggio principale quando si parla di outsourcing. Il dipartimento HR \u00e8 associato a costi elevati. Ha bisogno di uffici, attrezzature e personale qualificato che comportano spese aggiuntive. Riducendo i rischi legati alle normative sul posto di lavoro e al diritto del lavoro. Gli specialisti delle risorse umane sono sempre aggiornati sugli aggiornamenti delle imposte o di altre normative ed evitano costose cause legali.<\/p>\n\n\n\n<p>Orientamento e sviluppo dei dipendenti in modo agile<br>Molte aziende non dispongono di strumenti, formatori o programmi di formazione interni che aiutino a sviluppare i dipendenti e a renderli pi\u00f9 rapidamente parte di una nuova cultura organizzativa. Spesso \u00e8 necessaria una formazione specifica per i nuovi dipendenti e per gli altri membri del team in cerca di opportunit\u00e0 di promozione.<\/p>\n\n\n\n<p>Accesso a nuovi talenti, competenze, tecnologie e software<\/p>\n\n\n\n<p>Le buste paga vengono eseguite correttamente e puntualmente<\/p>\n\n\n\n<p>Vantaggi in termini di bonus<br>I vostri specialisti HR non si licenziano<\/p>\n\n\n\n<h2 class=\"wp-block-heading\">Le principali funzioni HR in outsourcing<\/h2>\n\n\n\n<ul>\n<li>Assunzioni<\/li>\n\n\n\n<li>Buste paga<\/li>\n\n\n\n<li>Gestione del rischio<\/li>\n\n\n\n<li>Gestione delle relazioni con i dipendenti<\/li>\n\n\n\n<li>Benefici e retribuzioni<\/li>\n\n\n\n<li>Pianificazione pensionistica<\/li>\n\n\n\n<li>Formazione e sviluppo<\/li>\n\n\n\n<li>Conformit\u00e0 alla legge<\/li>\n<\/ul>\n","protected":false},"excerpt":{"rendered":"<p>Qual \u00e8 la risorsa pi\u00f9 preziosa per la vostra azienda? Chiamatela forza lavoro, staff, team, le persone che lavorano per voi sono il cuore e lo spirito della vostra azienda. Non importa se gestite una piccola-media impresa o una grande azienda, ci sono funzioni fondamentali legate al reparto Risorse Umane che possono essere un vero [&hellip;]<\/p>\n","protected":false},"author":2,"featured_media":0,"parent":0,"menu_order":28,"comment_status":"closed","ping_status":"closed","template":"","meta":{"_uag_custom_page_level_css":"","_genesis_hide_title":false,"_genesis_hide_breadcrumbs":false,"_genesis_hide_singular_image":false,"_genesis_hide_footer_widgets":false,"_genesis_custom_body_class":"","_genesis_custom_post_class":"","_genesis_layout":"","_themeisle_gutenberg_block_has_review":false,"footnotes":""},"featured_image_src":null,"featured_image_src_square":null,"uagb_featured_image_src":{"full":false,"thumbnail":false,"medium":false,"medium_large":false,"large":false,"1536x1536":false,"2048x2048":false,"single-featured-image":false,"blog-featured-image":false,"home-featured":false,"gb-block-post-grid-landscape":false,"gb-block-post-grid-square":false},"uagb_author_info":{"display_name":"Vjollca Shehu","author_link":"https:\/\/invest-in-albania.org\/it\/author\/iia\/"},"uagb_comment_info":0,"uagb_excerpt":"Qual \u00e8 la risorsa pi\u00f9 preziosa per la vostra azienda? Chiamatela forza lavoro, staff, team, le persone che lavorano per voi sono il cuore e lo spirito della vostra azienda. Non importa se gestite una piccola-media impresa o una grande azienda, ci sono funzioni fondamentali legate al reparto Risorse Umane che possono essere un vero&hellip;","_links":{"self":[{"href":"https:\/\/invest-in-albania.org\/it\/wp-json\/wp\/v2\/pages\/59978"}],"collection":[{"href":"https:\/\/invest-in-albania.org\/it\/wp-json\/wp\/v2\/pages"}],"about":[{"href":"https:\/\/invest-in-albania.org\/it\/wp-json\/wp\/v2\/types\/page"}],"author":[{"embeddable":true,"href":"https:\/\/invest-in-albania.org\/it\/wp-json\/wp\/v2\/users\/2"}],"replies":[{"embeddable":true,"href":"https:\/\/invest-in-albania.org\/it\/wp-json\/wp\/v2\/comments?post=59978"}],"version-history":[{"count":1,"href":"https:\/\/invest-in-albania.org\/it\/wp-json\/wp\/v2\/pages\/59978\/revisions"}],"predecessor-version":[{"id":59979,"href":"https:\/\/invest-in-albania.org\/it\/wp-json\/wp\/v2\/pages\/59978\/revisions\/59979"}],"wp:attachment":[{"href":"https:\/\/invest-in-albania.org\/it\/wp-json\/wp\/v2\/media?parent=59978"}],"curies":[{"name":"wp","href":"https:\/\/api.w.org\/{rel}","templated":true}]}}