{"id":59974,"date":"2024-04-05T20:59:24","date_gmt":"2024-04-05T18:59:24","guid":{"rendered":"https:\/\/invest-in-albania.org\/?page_id=59974"},"modified":"2024-04-05T20:59:30","modified_gmt":"2024-04-05T18:59:30","slug":"perche-e-necessario-esternalizzare","status":"publish","type":"page","link":"https:\/\/invest-in-albania.org\/it\/perche-e-necessario-esternalizzare\/","title":{"rendered":"Perch\u00e9 \u00e8 necessario esternalizzare"},"content":{"rendered":"<div class=\"wp-block-image\">\n<figure class=\"alignright\"><img loading=\"lazy\" decoding=\"async\" width=\"1024\" height=\"490\" src=\"http:\/\/new.invest-in-albania.org\/wp-content\/uploads\/why-outsource-1024x490.jpg\" alt=\"\" class=\"wp-image-40896\" srcset=\"https:\/\/invest-in-albania.org\/wp-content\/uploads\/why-outsource-1024x490.jpg 1024w, https:\/\/invest-in-albania.org\/wp-content\/uploads\/why-outsource-300x143.jpg 300w, https:\/\/invest-in-albania.org\/wp-content\/uploads\/why-outsource-768x367.jpg 768w, https:\/\/invest-in-albania.org\/wp-content\/uploads\/why-outsource-580x277.jpg 580w, https:\/\/invest-in-albania.org\/wp-content\/uploads\/why-outsource-860x411.jpg 860w, https:\/\/invest-in-albania.org\/wp-content\/uploads\/why-outsource-1160x555.jpg 1160w, https:\/\/invest-in-albania.org\/wp-content\/uploads\/why-outsource.jpg 1280w\" sizes=\"(max-width: 1024px) 100vw, 1024px\" \/><\/figure><\/div>\n\n\n<p>Ci sono centinaia di migliaia di persone che spiegano perch\u00e9 e come l&#8217;outsourcing sia vantaggioso per le aziende. Cercando di spiegarlo con parole semplici, si dice che nel momento in cui un&#8217;organizzazione, un&#8217;impresa o una startup trova una terza parte a cui delegare determinati compiti, ha pi\u00f9 tempo per concentrarsi su ci\u00f2 che \u00e8 veramente importante. Questo \u00e8 un bene, ma \u00e8 sufficiente per convincere qualcuno a esternalizzare?<\/p>\n\n\n\n<p>Quello che si dimentica di dire \u00e8 che i dirigenti, che sono responsabili di ogni decisione presa da loro o da qualsiasi membro del loro team, non hanno il tempo o le risposte giuste per tutto.<\/p>\n\n\n\n<p>\u00c8 possibile avere una conoscenza di diversi settori senza essere un esperto, ma \u00e8 difficile per un dirigente gestire tutto ed essere sicuro che tutte le decisioni porteranno a buoni risultati. Non importa se si tratta di una startup o di un&#8217;impresa matura. Quando siete il leader, i membri del vostro team si aspettano che siate voi a guidarli, mentre le persone ai livelli superiori aspetteranno i risultati, i risultati positivi.<\/p>\n\n\n\n<p>Una cosa da tenere a mente \u00e8 che ogni azienda condivide questo obiettivo: crescere ed espandersi.<br>Pensate alle piccole e medie imprese. Esse si concentrano su strategie di crescita che devono essere efficaci dal punto di vista dei costi e garantire che l&#8217;organizzazione stia al passo con gli sviluppi del mercato.<br>Se la crescita si traduce nella creazione di un grande team e di vari dipartimenti, \u00e8 probabile che in futuro possa danneggiare le finanze dell&#8217;azienda.<br>Pensate a questi casi:<\/p>\n\n\n\n<p><strong>A caccia di persone di talento<br><\/strong>Avete bisogno di persone di talento nel vostro team. Siete gli unici?<br>Quando cercate persone altamente qualificate per lavorare con voi, non siete gli unici a cercare di attirarle. Quando un dipendente altamente qualificato entra a far parte del vostro team, non significa che gli altri selezionatori interrompano la loro caccia al talento. D&#8217;altra parte, un dipendente che se ne va non \u00e8 n\u00e9 il primo n\u00e9 l&#8217;ultimo. Ogni dipendente che decide di dimettersi ha un costo per l&#8217;azienda, mentre un alto tasso di turnover danneggia la produttivit\u00e0, la gestione e gli obiettivi generali.<\/p>\n\n\n\n<p>L&#8217;outsourcing \u00e8 una soluzione all&#8217;elevato tasso di turnover, in quanto aiuta a trovare persone altamente qualificate quando ne avete bisogno e per tutto il tempo necessario. Si tratta di un&#8217;alternativa efficace dal punto di vista dei costi, in quanto consente di portare a termine le attivit\u00e0 senza perdere tempo nel reclutamento e nella formazione di nuovi membri del team. Soprattutto, non dovrete subire le conseguenze di un abbandono nel bel mezzo di un progetto importante.<br>La vostra organizzazione crescer\u00e0 verso una rete pi\u00f9 grande senza un team pi\u00f9 grande.<\/p>\n\n\n\n<p><strong>Operazioni fluide\u2026 operazioni fluide<br><\/strong>Molte aziende decidono di esternalizzare i processi e le operazioni aziendali considerati noiosi o poco entusiasmanti o che richiedono un nuovo reparto e la ricerca delle persone giuste per tali compiti. Invece, queste aziende o startup delegano processi come la contabilit\u00e0, le risorse umane, l&#8217;assistenza clienti o la preparazione delle tasse a terzi che li svolgono senza problemi.<\/p>\n\n\n\n<p><strong>Colmare il gap di comunicazione<br><\/strong>Una buona comunicazione \u00e8 essenziale per il posto di lavoro, in quanto pu\u00f2 influire sulle prestazioni complessive di un&#8217;azienda. Esistono diversi problemi legati alla comunicazione, che riguardano le relazioni tra il team e i manager o i dirigenti o tra questi ultimi e i membri del consiglio di amministrazione. I dipendenti, in generale, esitano a esprimere il proprio punto di vista su determinati problemi o situazioni. D&#8217;altra parte, un manager o un amministratore delegato guidato dall&#8217;ego che considera ogni decisione come la migliore e interrompe la comunicazione con i livelli superiori pu\u00f2 creare scompiglio.<\/p>\n\n\n\n<p>Il vantaggio dell&#8217;esternalizzazione \u00e8 che il team esternalizzato non esiter\u00e0 a segnalare una questione o un problema che ha notato. Inoltre, dato il profilo, ci si aspetta che l&#8217;azienda abbia molta esperienza e possa fornire una soluzione a un problema che nessuno del team interno potrebbe risolvere.<\/p>\n\n\n\n<p>In poche parole, si ottiene un team stabile, si riducono i costi, si costruiscono valori e si ottengono soluzioni concentrandosi su ci\u00f2 che \u00e8 importante. Dove cercare una societ\u00e0 di outsourcing? Dipende dai processi aziendali che si vogliono delegare e dalle competenze necessarie per eseguirli. \u00c8 possibile esplorare diverse opzioni, dai Paesi maturi a quelli emergenti, come l&#8217;Albania.<\/p>\n","protected":false},"excerpt":{"rendered":"<p>Ci sono centinaia di migliaia di persone che spiegano perch\u00e9 e come l&#8217;outsourcing sia vantaggioso per le aziende. Cercando di spiegarlo con parole semplici, si dice che nel momento in cui un&#8217;organizzazione, un&#8217;impresa o una startup trova una terza parte a cui delegare determinati compiti, ha pi\u00f9 tempo per concentrarsi su ci\u00f2 che \u00e8 veramente [&hellip;]<\/p>\n","protected":false},"author":2,"featured_media":40899,"parent":0,"menu_order":29,"comment_status":"closed","ping_status":"closed","template":"","meta":{"_uag_custom_page_level_css":"","_genesis_hide_title":false,"_genesis_hide_breadcrumbs":false,"_genesis_hide_singular_image":false,"_genesis_hide_footer_widgets":false,"_genesis_custom_body_class":"","_genesis_custom_post_class":"","_genesis_layout":"","_themeisle_gutenberg_block_has_review":false,"footnotes":""},"featured_image_src":"https:\/\/invest-in-albania.org\/wp-content\/uploads\/why-outsource.jpg","featured_image_src_square":"https:\/\/invest-in-albania.org\/wp-content\/uploads\/why-outsource.jpg","uagb_featured_image_src":{"full":["https:\/\/invest-in-albania.org\/wp-content\/uploads\/why-outsource.jpg",1280,612,false],"thumbnail":["https:\/\/invest-in-albania.org\/wp-content\/uploads\/why-outsource-280x195.jpg",280,195,true],"medium":["https:\/\/invest-in-albania.org\/wp-content\/uploads\/why-outsource-300x143.jpg",300,143,true],"medium_large":["https:\/\/invest-in-albania.org\/wp-content\/uploads\/why-outsource-768x367.jpg",768,367,true],"large":["https:\/\/invest-in-albania.org\/wp-content\/uploads\/why-outsource-1024x490.jpg",1024,490,true],"1536x1536":["https:\/\/invest-in-albania.org\/wp-content\/uploads\/why-outsource.jpg",1280,612,false],"2048x2048":["https:\/\/invest-in-albania.org\/wp-content\/uploads\/why-outsource.jpg",1280,612,false],"single-featured-image":["https:\/\/invest-in-albania.org\/wp-content\/uploads\/why-outsource.jpg",805,385,false],"blog-featured-image":["https:\/\/invest-in-albania.org\/wp-content\/uploads\/why-outsource.jpg",607,290,false],"home-featured":["https:\/\/invest-in-albania.org\/wp-content\/uploads\/why-outsource.jpg",380,182,false],"gb-block-post-grid-landscape":["https:\/\/invest-in-albania.org\/wp-content\/uploads\/why-outsource.jpg",600,287,false],"gb-block-post-grid-square":["https:\/\/invest-in-albania.org\/wp-content\/uploads\/why-outsource.jpg",600,287,false]},"uagb_author_info":{"display_name":"Vjollca Shehu","author_link":"https:\/\/invest-in-albania.org\/it\/author\/iia\/"},"uagb_comment_info":0,"uagb_excerpt":"Ci sono centinaia di migliaia di persone che spiegano perch\u00e9 e come l&#8217;outsourcing sia vantaggioso per le aziende. Cercando di spiegarlo con parole semplici, si dice che nel momento in cui un&#8217;organizzazione, un&#8217;impresa o una startup trova una terza parte a cui delegare determinati compiti, ha pi\u00f9 tempo per concentrarsi su ci\u00f2 che \u00e8 veramente&hellip;","_links":{"self":[{"href":"https:\/\/invest-in-albania.org\/it\/wp-json\/wp\/v2\/pages\/59974"}],"collection":[{"href":"https:\/\/invest-in-albania.org\/it\/wp-json\/wp\/v2\/pages"}],"about":[{"href":"https:\/\/invest-in-albania.org\/it\/wp-json\/wp\/v2\/types\/page"}],"author":[{"embeddable":true,"href":"https:\/\/invest-in-albania.org\/it\/wp-json\/wp\/v2\/users\/2"}],"replies":[{"embeddable":true,"href":"https:\/\/invest-in-albania.org\/it\/wp-json\/wp\/v2\/comments?post=59974"}],"version-history":[{"count":1,"href":"https:\/\/invest-in-albania.org\/it\/wp-json\/wp\/v2\/pages\/59974\/revisions"}],"predecessor-version":[{"id":59975,"href":"https:\/\/invest-in-albania.org\/it\/wp-json\/wp\/v2\/pages\/59974\/revisions\/59975"}],"wp:featuredmedia":[{"embeddable":true,"href":"https:\/\/invest-in-albania.org\/it\/wp-json\/wp\/v2\/media\/40899"}],"wp:attachment":[{"href":"https:\/\/invest-in-albania.org\/it\/wp-json\/wp\/v2\/media?parent=59974"}],"curies":[{"name":"wp","href":"https:\/\/api.w.org\/{rel}","templated":true}]}}