{"id":59962,"date":"2024-04-03T23:59:36","date_gmt":"2024-04-03T21:59:36","guid":{"rendered":"https:\/\/invest-in-albania.org\/?page_id=59962"},"modified":"2024-04-03T23:59:41","modified_gmt":"2024-04-03T21:59:41","slug":"dove-esternalizzare-in-europa-orientale","status":"publish","type":"page","link":"https:\/\/invest-in-albania.org\/it\/perche-esternalizzare-lo-sviluppo-software-nelleuropa-dellest\/dove-esternalizzare-in-europa-orientale\/","title":{"rendered":"Dove esternalizzare in Europa orientale?"},"content":{"rendered":"\n<figure class=\"wp-block-image\"><img loading=\"lazy\" decoding=\"async\" width=\"1024\" height=\"768\" src=\"http:\/\/new.invest-in-albania.org\/wp-content\/uploads\/sarnda-albania-1024x768.jpg\" alt=\"\" class=\"wp-image-41836\" srcset=\"https:\/\/invest-in-albania.org\/wp-content\/uploads\/sarnda-albania-1024x768.jpg 1024w, https:\/\/invest-in-albania.org\/wp-content\/uploads\/sarnda-albania-300x225.jpg 300w, https:\/\/invest-in-albania.org\/wp-content\/uploads\/sarnda-albania-768x576.jpg 768w, https:\/\/invest-in-albania.org\/wp-content\/uploads\/sarnda-albania-580x435.jpg 580w, https:\/\/invest-in-albania.org\/wp-content\/uploads\/sarnda-albania-860x645.jpg 860w, https:\/\/invest-in-albania.org\/wp-content\/uploads\/sarnda-albania-1160x870.jpg 1160w, https:\/\/invest-in-albania.org\/wp-content\/uploads\/sarnda-albania.jpg 1280w\" sizes=\"(max-width: 1024px) 100vw, 1024px\" \/><\/figure>\n\n\n\n<p>L&#8217;Europa sudorientale come destinazione di outsourcing offre grandi vantaggi alle aziende interessate al settore. Forse non conoscete molto l&#8217;Albania, la Bulgaria, l&#8217;Ungheria, la Polonia o la Romania, ma questi Paesi stanno emergendo come le principali destinazioni di outsourcing dell&#8217;Europa orientale. In termini generali, condividono alcuni vantaggi comuni, come la riduzione dei costi grazie alla manodopera a basso costo, la forza lavoro altamente qualificata, l&#8217;affinit\u00e0 culturale, il forte background educativo, la popolazione multilingue, l&#8217;assenza di cambi di fuso orario per i venditori europei e molto altro ancora.<br>Le aziende esternalizzano le loro funzioni e i loro servizi ad altre aziende e non ai Paesi. Tuttavia, sono molti i fattori che rendono un Paese un&#8217;opzione migliore per l&#8217;outsourcing rispetto ai suoi vicini.<br>Tuttavia, alcuni di questi Paesi offrono maggiori vantaggi per specifiche funzioni esternalizzate se confrontati tra loro. Molte aziende prestano attenzione all&#8217;A.T Kearney Global Services Location Index per maggiori dettagli sulla classifica dei Paesi. Tuttavia, non include l&#8217;Albania, anche se il Paese ha un&#8217;industria del BPO con esperienza e consolidata. Qui potete trovare il pezzo mancante del puzzle.<\/p>\n\n\n\n<p>Fattori da considerare per l&#8217;outsourcing nell&#8217;Europa dell&#8217;Est<br>La regione dell&#8217;Europa orientale e in particolare i Paesi balcanici condividono tratti comuni in termini di sviluppo storico, sociale ed economico, nonostante le dimensioni e la popolazione. Tuttavia, ognuno di essi presenta caratteristiche specifiche che fanno la differenza agli occhi delle aziende internazionali.<br>Popolazione<br>Le aziende che cercano un partner per l&#8217;outsourcing prestano particolare attenzione alle competenze delle persone e alla loro disponibilit\u00e0. In generale, le capitali sono quelle che attirano le persone pi\u00f9 talentuose e qualificate e, allo stesso tempo, gli investitori stranieri. Nella maggior parte dei casi, l&#8217;et\u00e0 mediana della popolazione \u00e8 pi\u00f9 importante del numero totale di persone che vivono in un Paese.<\/p>\n\n\n\n<p>L&#8217;et\u00e0 mediana nel 2018 in:<br>Bulgaria: 42,7<br>Ungheria: 42,3<br>Romania: 41,1<br>Polonia: 40.7<br>Ucraina: 40,6<br>Slovacchia: 40,5<br>Macedonia: 37,9<br>Albania: 32,9<\/p>\n\n\n\n<p>Le imprese e gli investitori prestano attenzione a queste caratteristiche quando cercano opzioni di espansione a costi inferiori. Considerano anche fattori quali:<br>la conoscenza delle lingue straniere, in particolare dell&#8217;inglese e di altre lingue parlate in Europa occidentale, il numero di studenti e di laureati annuali in informatica e tecnologia dell&#8217;informazione, il numero di specialisti certificati in informatica,<br>tasse<br>Salari e oneri netti<br>Costi immobiliari<br>Connettivit\u00e0<br>Posizione<br>Prospettive di espansione<br>Ad oggi, sulla base di tutti questi fattori, Bulgaria, Romania e Albania sono i primi tre Paesi dell&#8217;Europa orientale per l&#8217;outsourcing dei processi aziendali (BPO). I primi due sono membri del Paese europeo, mentre l&#8217;Albania, in quanto Paese candidato, sta sviluppando il proprio quadro giuridico in linea con la legislazione dell&#8217;UE.<\/p>\n","protected":false},"excerpt":{"rendered":"<p>L&#8217;Europa sudorientale come destinazione di outsourcing offre grandi vantaggi alle aziende interessate al settore. Forse non conoscete molto l&#8217;Albania, la Bulgaria, l&#8217;Ungheria, la Polonia o la Romania, ma questi Paesi stanno emergendo come le principali destinazioni di outsourcing dell&#8217;Europa orientale. In termini generali, condividono alcuni vantaggi comuni, come la riduzione dei costi grazie alla manodopera [&hellip;]<\/p>\n","protected":false},"author":2,"featured_media":41839,"parent":59958,"menu_order":0,"comment_status":"closed","ping_status":"closed","template":"","meta":{"_uag_custom_page_level_css":"","_genesis_hide_title":false,"_genesis_hide_breadcrumbs":false,"_genesis_hide_singular_image":false,"_genesis_hide_footer_widgets":false,"_genesis_custom_body_class":"","_genesis_custom_post_class":"","_genesis_layout":"","_themeisle_gutenberg_block_has_review":false,"footnotes":""},"featured_image_src":"https:\/\/invest-in-albania.org\/wp-content\/uploads\/sarnda-albania.jpg","featured_image_src_square":"https:\/\/invest-in-albania.org\/wp-content\/uploads\/sarnda-albania.jpg","uagb_featured_image_src":{"full":["https:\/\/invest-in-albania.org\/wp-content\/uploads\/sarnda-albania.jpg",1280,960,false],"thumbnail":["https:\/\/invest-in-albania.org\/wp-content\/uploads\/sarnda-albania-280x195.jpg",280,195,true],"medium":["https:\/\/invest-in-albania.org\/wp-content\/uploads\/sarnda-albania-300x225.jpg",300,225,true],"medium_large":["https:\/\/invest-in-albania.org\/wp-content\/uploads\/sarnda-albania-768x576.jpg",768,576,true],"large":["https:\/\/invest-in-albania.org\/wp-content\/uploads\/sarnda-albania-1024x768.jpg",1024,768,true],"1536x1536":["https:\/\/invest-in-albania.org\/wp-content\/uploads\/sarnda-albania.jpg",1280,960,false],"2048x2048":["https:\/\/invest-in-albania.org\/wp-content\/uploads\/sarnda-albania.jpg",1280,960,false],"single-featured-image":["https:\/\/invest-in-albania.org\/wp-content\/uploads\/sarnda-albania.jpg",513,385,false],"blog-featured-image":["https:\/\/invest-in-albania.org\/wp-content\/uploads\/sarnda-albania.jpg",387,290,false],"home-featured":["https:\/\/invest-in-albania.org\/wp-content\/uploads\/sarnda-albania.jpg",380,285,false],"gb-block-post-grid-landscape":["https:\/\/invest-in-albania.org\/wp-content\/uploads\/sarnda-albania.jpg",533,400,false],"gb-block-post-grid-square":["https:\/\/invest-in-albania.org\/wp-content\/uploads\/sarnda-albania.jpg",600,450,false]},"uagb_author_info":{"display_name":"Vjollca Shehu","author_link":"https:\/\/invest-in-albania.org\/it\/author\/iia\/"},"uagb_comment_info":0,"uagb_excerpt":"L&#8217;Europa sudorientale come destinazione di outsourcing offre grandi vantaggi alle aziende interessate al settore. Forse non conoscete molto l&#8217;Albania, la Bulgaria, l&#8217;Ungheria, la Polonia o la Romania, ma questi Paesi stanno emergendo come le principali destinazioni di outsourcing dell&#8217;Europa orientale. In termini generali, condividono alcuni vantaggi comuni, come la riduzione dei costi grazie alla manodopera&hellip;","_links":{"self":[{"href":"https:\/\/invest-in-albania.org\/it\/wp-json\/wp\/v2\/pages\/59962"}],"collection":[{"href":"https:\/\/invest-in-albania.org\/it\/wp-json\/wp\/v2\/pages"}],"about":[{"href":"https:\/\/invest-in-albania.org\/it\/wp-json\/wp\/v2\/types\/page"}],"author":[{"embeddable":true,"href":"https:\/\/invest-in-albania.org\/it\/wp-json\/wp\/v2\/users\/2"}],"replies":[{"embeddable":true,"href":"https:\/\/invest-in-albania.org\/it\/wp-json\/wp\/v2\/comments?post=59962"}],"version-history":[{"count":1,"href":"https:\/\/invest-in-albania.org\/it\/wp-json\/wp\/v2\/pages\/59962\/revisions"}],"predecessor-version":[{"id":59963,"href":"https:\/\/invest-in-albania.org\/it\/wp-json\/wp\/v2\/pages\/59962\/revisions\/59963"}],"up":[{"embeddable":true,"href":"https:\/\/invest-in-albania.org\/it\/wp-json\/wp\/v2\/pages\/59958"}],"wp:featuredmedia":[{"embeddable":true,"href":"https:\/\/invest-in-albania.org\/it\/wp-json\/wp\/v2\/media\/41839"}],"wp:attachment":[{"href":"https:\/\/invest-in-albania.org\/it\/wp-json\/wp\/v2\/media?parent=59962"}],"curies":[{"name":"wp","href":"https:\/\/api.w.org\/{rel}","templated":true}]}}