{"id":59958,"date":"2024-04-03T23:55:26","date_gmt":"2024-04-03T21:55:26","guid":{"rendered":"https:\/\/invest-in-albania.org\/?page_id=59958"},"modified":"2024-04-03T23:55:32","modified_gmt":"2024-04-03T21:55:32","slug":"perche-esternalizzare-lo-sviluppo-software-nelleuropa-dellest","status":"publish","type":"page","link":"https:\/\/invest-in-albania.org\/it\/perche-esternalizzare-lo-sviluppo-software-nelleuropa-dellest\/","title":{"rendered":"Perch\u00e9 esternalizzare lo sviluppo software nell&#8217;Europa dell&#8217;Est"},"content":{"rendered":"<div class=\"wp-block-image\">\n<figure class=\"alignright\"><img loading=\"lazy\" decoding=\"async\" width=\"1024\" height=\"435\" src=\"http:\/\/new.invest-in-albania.org\/wp-content\/uploads\/background-1024x435.jpg\" alt=\"\" class=\"wp-image-40868\" srcset=\"https:\/\/invest-in-albania.org\/wp-content\/uploads\/background-1024x435.jpg 1024w, https:\/\/invest-in-albania.org\/wp-content\/uploads\/background-300x128.jpg 300w, https:\/\/invest-in-albania.org\/wp-content\/uploads\/background-768x326.jpg 768w, https:\/\/invest-in-albania.org\/wp-content\/uploads\/background-580x247.jpg 580w, https:\/\/invest-in-albania.org\/wp-content\/uploads\/background-860x366.jpg 860w, https:\/\/invest-in-albania.org\/wp-content\/uploads\/background-1160x493.jpg 1160w, https:\/\/invest-in-albania.org\/wp-content\/uploads\/background.jpg 1280w\" sizes=\"(max-width: 1024px) 100vw, 1024px\" \/><\/figure><\/div>\n\n\n<p>Ci sono Paesi che sostengono l&#8217;idea di ridurre le ore o i giorni di lavoro settimanali per migliorare la qualit\u00e0 della vita dei propri dipendenti. Ci si pu\u00f2 chiedere come riescano a mantenere la stessa quantit\u00e0 di produzione con un input ridotto. L&#8217;outsourcing pu\u00f2 essere una risposta.<\/p>\n\n\n\n<p>Molte aziende di diverse dimensioni hanno bisogno di assumere pi\u00f9 persone quando crescono. Tuttavia, un&#8217;azienda in crescita non ha esattamente bisogno di una forza lavoro numerosa. Ci\u00f2 comporter\u00e0 costi elevati per le spese interne, come l&#8217;amministrazione dei benefit, gli spazi per gli uffici, le utenze, le attrezzature e molto altro ancora.<br>L&#8217;outsourcing \u00e8 una strategia intelligente che consente alle aziende di crescere tagliando alcuni costi interni e compiti che danneggerebbero il bilancio e la cultura dell&#8217;azienda.<\/p>\n\n\n\n<p>Per molti anni, grandi e piccole aziende hanno esternalizzato vari compiti in localit\u00e0 nearshore e offshore come India, Filippine, Cina e Messico, grazie al basso costo della manodopera.<\/p>\n\n\n\n<p>Per molti anni, la riduzione dei costi \u00e8 stata la ragione principale per cui le aziende hanno deciso di esternalizzare. Tuttavia, fattori come la carenza di talenti stanno spingendo le aziende di tutto il mondo verso nuovi mercati di outsourcing.<br>I Paesi sopra citati iniziano ad affrontare la concorrenza. L&#8217;Europa dell&#8217;Est sta crescendo come mercato alternativo, soprattutto per lo sviluppo di software. Ci sono diversi motivi per cui i Paesi dell&#8217;Europa orientale sono una buona destinazione per l&#8217;outsourcing dello sviluppo software e di altre operazioni.<\/p>\n\n\n\n<p><strong>I costi<br><\/strong>Dato che i costi pi\u00f9 bassi attraggono le aziende che sono alla ricerca di nuovi mercati dove delegare lo sviluppo del software, cominciamo dai costi. \u00c8 una tendenza comune che le aziende che decidono di esternalizzare il software o i servizi informatici non si affidino completamente all&#8217;IT. Per questo motivo cercano aziende che possano aiutarle a fornire servizi a costi accessibili. Le aziende di sviluppo software dei Paesi dell&#8217;Europa orientale hanno costi quasi uguali a quelli delle aziende indiane e tre volte inferiori rispetto agli Stati Uniti o al Regno Unito.<\/p>\n\n\n\n<p><strong>Costi pi\u00f9 bassi e qualit\u00e0 migliore<br><\/strong>I Paesi dell&#8217;Europa orientale sono tra i primi 20 Paesi al mondo per numero di sviluppatori. Oltre un milione di persone lavora nello sviluppo di software nella regione dell&#8217;Europa centro-orientale. Questo mercato attira le aziende situate soprattutto nel Regno Unito, nei Paesi Bassi, negli Stati Uniti, in Francia, in Austria e in molti altri Paesi.<\/p>\n\n\n\n<p><strong>Istruzione di alta qualit\u00e0<br><\/strong>L&#8217;Europa dell&#8217;Est ha un alto numero di studenti che seguono programmi di studio in informatica e scienze informatiche. Inoltre, c&#8217;\u00e8 un alto numero di giovani che studiano all&#8217;estero. Un altro vantaggio dei sistemi educativi dell&#8217;Europa orientale \u00e8 legato alle lingue straniere. In molte universit\u00e0 i corsi di informatica e scienze informatiche sono in lingua inglese. Il fatto che il Business Process Outsourcing (BPO) sia fiorito in questa parte d&#8217;Europa \u00e8 una prova della forza lavoro multilingue.<\/p>\n\n\n\n<p><strong>Stato di diritto e sicurezza<br><\/strong>La maggior parte dei Paesi CEE fa parte dell&#8217;Unione Europea (UE). Nel frattempo, Paesi come l&#8217;Albania hanno ottenuto lo status di candidato all&#8217;UE e da allora hanno armonizzato i loro quadri giuridici con l&#8217;UE. Pertanto, le aziende che operano in questi Paesi sono vincolate dalle leggi della BU o da altri standard di sicurezza e protezione dei dati.<br>Nel frattempo, l&#8217;Ucraina \u00e8 un&#8217;ottima destinazione per lo sviluppo di software, ma la mancanza di stabilit\u00e0 politica ha un impatto sulle decisioni di molte aziende di esternalizzare in quel Paese.<\/p>\n\n\n\n<p><strong>Affinit\u00e0 culturale, posizione e fuso orario<br><\/strong>Se c&#8217;\u00e8 un bug nel codice, pu\u00f2 essere un grosso problema se il venditore e il committente si trovano in fusi orari diversi. I Paesi della CEE si trovano a circa due ore di volo dalle principali capitali dell&#8217;UE. Pertanto, non \u00e8 necessario preoccuparsi di viaggi a lunga distanza in caso di riunioni importanti. La posizione \u00e8 importante anche per le aziende che intendono espandersi in nuovi mercati. Allo stesso tempo, \u00e8 fondamentale per un ottimo equilibrio vita-lavoro. Dipendenti felici sono la chiave per un&#8217;alta qualit\u00e0 dei risultati.<\/p>\n\n\n\n<p>I Paesi dei Balcani occidentali sono le migliori destinazioni grazie al loro clima mediterraneo e all&#8217;accesso ai mari Adriatico e Ionio. Inoltre, l&#8217;affinit\u00e0 culturale evita problemi di comunicazione e incomprensioni. Gli abitanti dell&#8217;Europa orientale hanno una mentalit\u00e0 aperta.<\/p>\n","protected":false},"excerpt":{"rendered":"<p>Ci sono Paesi che sostengono l&#8217;idea di ridurre le ore o i giorni di lavoro settimanali per migliorare la qualit\u00e0 della vita dei propri dipendenti. Ci si pu\u00f2 chiedere come riescano a mantenere la stessa quantit\u00e0 di produzione con un input ridotto. L&#8217;outsourcing pu\u00f2 essere una risposta. Molte aziende di diverse dimensioni hanno bisogno di [&hellip;]<\/p>\n","protected":false},"author":2,"featured_media":40871,"parent":0,"menu_order":1,"comment_status":"closed","ping_status":"closed","template":"","meta":{"_uag_custom_page_level_css":"","_genesis_hide_title":false,"_genesis_hide_breadcrumbs":false,"_genesis_hide_singular_image":false,"_genesis_hide_footer_widgets":false,"_genesis_custom_body_class":"","_genesis_custom_post_class":"","_genesis_layout":"","_themeisle_gutenberg_block_has_review":false,"footnotes":""},"featured_image_src":"https:\/\/invest-in-albania.org\/wp-content\/uploads\/background.jpg","featured_image_src_square":"https:\/\/invest-in-albania.org\/wp-content\/uploads\/background.jpg","uagb_featured_image_src":{"full":["https:\/\/invest-in-albania.org\/wp-content\/uploads\/background.jpg",1280,544,false],"thumbnail":["https:\/\/invest-in-albania.org\/wp-content\/uploads\/background-280x195.jpg",280,195,true],"medium":["https:\/\/invest-in-albania.org\/wp-content\/uploads\/background-300x128.jpg",300,128,true],"medium_large":["https:\/\/invest-in-albania.org\/wp-content\/uploads\/background-768x326.jpg",768,326,true],"large":["https:\/\/invest-in-albania.org\/wp-content\/uploads\/background-1024x435.jpg",1024,435,true],"1536x1536":["https:\/\/invest-in-albania.org\/wp-content\/uploads\/background.jpg",1280,544,false],"2048x2048":["https:\/\/invest-in-albania.org\/wp-content\/uploads\/background.jpg",1280,544,false],"single-featured-image":["https:\/\/invest-in-albania.org\/wp-content\/uploads\/background.jpg",906,385,false],"blog-featured-image":["https:\/\/invest-in-albania.org\/wp-content\/uploads\/background.jpg",680,290,false],"home-featured":["https:\/\/invest-in-albania.org\/wp-content\/uploads\/background.jpg",380,162,false],"gb-block-post-grid-landscape":["https:\/\/invest-in-albania.org\/wp-content\/uploads\/background.jpg",600,255,false],"gb-block-post-grid-square":["https:\/\/invest-in-albania.org\/wp-content\/uploads\/background.jpg",600,255,false]},"uagb_author_info":{"display_name":"Vjollca Shehu","author_link":"https:\/\/invest-in-albania.org\/it\/author\/iia\/"},"uagb_comment_info":0,"uagb_excerpt":"Ci sono Paesi che sostengono l&#8217;idea di ridurre le ore o i giorni di lavoro settimanali per migliorare la qualit\u00e0 della vita dei propri dipendenti. Ci si pu\u00f2 chiedere come riescano a mantenere la stessa quantit\u00e0 di produzione con un input ridotto. L&#8217;outsourcing pu\u00f2 essere una risposta. Molte aziende di diverse dimensioni hanno bisogno di&hellip;","_links":{"self":[{"href":"https:\/\/invest-in-albania.org\/it\/wp-json\/wp\/v2\/pages\/59958"}],"collection":[{"href":"https:\/\/invest-in-albania.org\/it\/wp-json\/wp\/v2\/pages"}],"about":[{"href":"https:\/\/invest-in-albania.org\/it\/wp-json\/wp\/v2\/types\/page"}],"author":[{"embeddable":true,"href":"https:\/\/invest-in-albania.org\/it\/wp-json\/wp\/v2\/users\/2"}],"replies":[{"embeddable":true,"href":"https:\/\/invest-in-albania.org\/it\/wp-json\/wp\/v2\/comments?post=59958"}],"version-history":[{"count":1,"href":"https:\/\/invest-in-albania.org\/it\/wp-json\/wp\/v2\/pages\/59958\/revisions"}],"predecessor-version":[{"id":59959,"href":"https:\/\/invest-in-albania.org\/it\/wp-json\/wp\/v2\/pages\/59958\/revisions\/59959"}],"wp:featuredmedia":[{"embeddable":true,"href":"https:\/\/invest-in-albania.org\/it\/wp-json\/wp\/v2\/media\/40871"}],"wp:attachment":[{"href":"https:\/\/invest-in-albania.org\/it\/wp-json\/wp\/v2\/media?parent=59958"}],"curies":[{"name":"wp","href":"https:\/\/api.w.org\/{rel}","templated":true}]}}