{"id":59952,"date":"2024-04-03T23:45:16","date_gmt":"2024-04-03T21:45:16","guid":{"rendered":"https:\/\/invest-in-albania.org\/?page_id=59952"},"modified":"2024-04-03T23:45:41","modified_gmt":"2024-04-03T21:45:41","slug":"59952-2","status":"publish","type":"page","link":"https:\/\/invest-in-albania.org\/it\/59952-2\/","title":{"rendered":"I compiti pi\u00f9 importanti da affidare a un assistente virtuale"},"content":{"rendered":"\n<figure class=\"wp-block-image\"><img loading=\"lazy\" decoding=\"async\" width=\"860\" height=\"541\" src=\"http:\/\/new.invest-in-albania.org\/wp-content\/uploads\/assistant-860x541.png\" alt=\"\" class=\"wp-image-40753\" srcset=\"https:\/\/invest-in-albania.org\/wp-content\/uploads\/assistant-860x541.png 860w, https:\/\/invest-in-albania.org\/wp-content\/uploads\/assistant-300x189.png 300w, https:\/\/invest-in-albania.org\/wp-content\/uploads\/assistant-1024x644.png 1024w, https:\/\/invest-in-albania.org\/wp-content\/uploads\/assistant-768x483.png 768w, https:\/\/invest-in-albania.org\/wp-content\/uploads\/assistant-580x365.png 580w, https:\/\/invest-in-albania.org\/wp-content\/uploads\/assistant-1160x730.png 1160w, https:\/\/invest-in-albania.org\/wp-content\/uploads\/assistant.png 1280w\" sizes=\"(max-width: 860px) 100vw, 860px\" \/><\/figure>\n\n\n\n<p>Il 2020 \u00e8 l&#8217;anno che ha cambiato l&#8217;ordine di tutto, in modo temporaneo o permanente. Le persone e le istituzioni si sono rese conto che le rigide burocrazie lavorative o educative, considerate obbligatorie, potevano essere ridefinite in pratiche flessibili ed essere comunque efficaci. Anche gli amministratori delegati, i dirigenti e gli insegnanti pi\u00f9 scettici hanno accettato che il lavoro a distanza o la formazione online possono essere opzioni valide. In poche parole, il COVID-19 ha evidenziato soluzioni che esistono da anni, ma che le persone si sono rifiutate di adottare per scetticismo o mancanza di volont\u00e0.<\/p>\n\n\n\n<p>Far fare e consegnare qualcosa a qualcuno che vive in un paese o con un fuso orario diverso \u00e8 ormai normale. Le persone non chiedono forse l&#8217;assistenza di Siri o Alexa per rendere la vita pi\u00f9 facile e allo stesso tempo pi\u00f9 produttiva?<br>Se queste app possono in qualche modo aiutare le persone con una lista di cose da fare, un assistente virtuale umano sarebbe ancora pi\u00f9 utile.<\/p>\n\n\n\n<p><a href=\"https:\/\/www.infognana.com\/why-virtual-assistant-services-are-getting-popular-amid-covid-19\/\" target=\"_blank\" rel=\"noopener noreferrer\">Gli assistenti virtuali sono cresciuti durante la pandemia<\/a> e sembra che continueranno a crescere anche nel mercato del lavoro post-pandemia.<\/p>\n\n\n\n<h3 class=\"wp-block-heading\">Perch\u00e9 assumere un assistente virtuale? Lezioni apprese dalla COVID-19<\/h3>\n\n\n\n<p>Anche prima dell&#8217;arrivo della pandemia, le strategie di VA sono state utilizzate per ottimizzare l&#8217;utilizzo delle risorse interne, soprattutto durante le prime fasi dell&#8217;attivit\u00e0. I compiti pi\u00f9 noiosi e lunghi venivano delegati ai VA o ai fornitori di servizi di VA. In questo modo, le startup e le piccole imprese hanno potuto concentrarsi sulla produttivit\u00e0 e sull&#8217;efficienza, risparmiando tempo e denaro. I servizi di VA si sono rivelati utili nel corso del 2020, quando molte aziende sono state costrette a licenziare il personale, pur continuando a operare in team pi\u00f9 piccoli.<\/p>\n\n\n\n<p>La flessibilit\u00e0 \u00e8 un altro vantaggio degli assistenti virtuali. Ci\u00f2 significa che le aziende possono aumentare o diminuire il personale in base a compiti o progetti specifici. In questo modo si riducono i costi per il reclutamento delle risorse umane, la formazione e l&#8217;inserimento dei dipendenti e il rischio di abbandono a met\u00e0 progetto.<br>Flessibilit\u00e0 significa anche accesso a un pool di talenti globale anzich\u00e9 locale.<br>I VA possono contribuire a ridurre il carico di lavoro in generale e, in particolare, nei momenti di crisi.<\/p>\n\n\n\n<h3 class=\"wp-block-heading\">I compiti principali da affidare a un assistente virtuale<\/h3>\n\n\n\n<p>La risposta dipende da chi \u00e8 il venditore e da quali sono le sue attivit\u00e0. I venditori variano da privati a startup e aziende pi\u00f9 grandi. Nel frattempo, i compiti hanno una cosa in comune. Sono noiosi o poco eccitanti, scegliete l&#8217;aggettivo che preferite.<br>Tuttavia, esiste un elenco delle principali attivit\u00e0 da delegare a un VA<\/p>\n\n\n\n<ol>\n<li>Gestione delle e-mail<\/li>\n\n\n\n<li>Creazione di rapporti di base<\/li>\n\n\n\n<li>Impostazione di autorisponditori<\/li>\n\n\n\n<li>Trascrizione di testi<\/li>\n\n\n\n<li>Servizi di traduzione<\/li>\n\n\n\n<li>Impostazione di account di social media<\/li>\n\n\n\n<li>Gestione dei social media<\/li>\n\n\n\n<li>Chiamate telefoniche<\/li>\n\n\n\n<li>Faccende personali<\/li>\n\n\n\n<li>Risposte tempestive alle richieste di clienti\/dipendenti<\/li>\n\n\n\n<li>Gestione della live chat<\/li>\n\n\n\n<li>Gestione degli orari<\/li>\n\n\n\n<li>Prenotazione di hotel e voli<\/li>\n\n\n\n<li>Gestione degli account di mercato<\/li>\n\n\n\n<li>Gestione dei dati<\/li>\n\n\n\n<li>Elaborazione di resi, rimborsi e cancellazioni<\/li>\n\n\n\n<li>Ricerca online e generazione di contatti<\/li>\n\n\n\n<li>Contabilit\u00e0<\/li>\n\n\n\n<li><a href=\"https:\/\/invest-in-albania.org\/outsourcing\/services\/data-entry\/\" target=\"_blank\" rel=\"noopener noreferrer\">Inserimento dati<\/a><\/li>\n\n\n\n<li>Generazione di contenuti<\/li>\n\n\n\n<li>Lavoro in Excel<\/li>\n\n\n\n<li>Stesura dei verbali delle riunioni<\/li>\n\n\n\n<li>Archiviazione delle tasse<\/li>\n\n\n\n<li>Attivit\u00e0 SEO<\/li>\n\n\n\n<li>Ottimizzare i contenuti per la SEO<\/li>\n<\/ol>\n\n\n\n<p>della Banca Mondiale ha confermato che, su base pro-capite, la penetrazione dei freelance albanesi su siti web come upworks.com supera gi\u00e0 quella di molte economie avanzate.<\/p>\n\n\n\n<p>Se avete una richiesta di informazioni sul mercato albanese del BPO, compilate il modulo seguente<\/p>\n","protected":false},"excerpt":{"rendered":"<p>Il 2020 \u00e8 l&#8217;anno che ha cambiato l&#8217;ordine di tutto, in modo temporaneo o permanente. Le persone e le istituzioni si sono rese conto che le rigide burocrazie lavorative o educative, considerate obbligatorie, potevano essere ridefinite in pratiche flessibili ed essere comunque efficaci. Anche gli amministratori delegati, i dirigenti e gli insegnanti pi\u00f9 scettici hanno [&hellip;]<\/p>\n","protected":false},"author":2,"featured_media":40756,"parent":0,"menu_order":2,"comment_status":"closed","ping_status":"closed","template":"","meta":{"_uag_custom_page_level_css":"","_genesis_hide_title":false,"_genesis_hide_breadcrumbs":false,"_genesis_hide_singular_image":false,"_genesis_hide_footer_widgets":false,"_genesis_custom_body_class":"","_genesis_custom_post_class":"","_genesis_layout":"","_themeisle_gutenberg_block_has_review":false,"footnotes":""},"featured_image_src":"https:\/\/invest-in-albania.org\/wp-content\/uploads\/assistant.png","featured_image_src_square":"https:\/\/invest-in-albania.org\/wp-content\/uploads\/assistant.png","uagb_featured_image_src":{"full":["https:\/\/invest-in-albania.org\/wp-content\/uploads\/assistant.png",1280,805,false],"thumbnail":["https:\/\/invest-in-albania.org\/wp-content\/uploads\/assistant-280x195.png",280,195,true],"medium":["https:\/\/invest-in-albania.org\/wp-content\/uploads\/assistant-300x189.png",300,189,true],"medium_large":["https:\/\/invest-in-albania.org\/wp-content\/uploads\/assistant-768x483.png",768,483,true],"large":["https:\/\/invest-in-albania.org\/wp-content\/uploads\/assistant-1024x644.png",1024,644,true],"1536x1536":["https:\/\/invest-in-albania.org\/wp-content\/uploads\/assistant.png",1280,805,false],"2048x2048":["https:\/\/invest-in-albania.org\/wp-content\/uploads\/assistant.png",1280,805,false],"single-featured-image":["https:\/\/invest-in-albania.org\/wp-content\/uploads\/assistant.png",612,385,false],"blog-featured-image":["https:\/\/invest-in-albania.org\/wp-content\/uploads\/assistant.png",461,290,false],"home-featured":["https:\/\/invest-in-albania.org\/wp-content\/uploads\/assistant.png",380,239,false],"gb-block-post-grid-landscape":["https:\/\/invest-in-albania.org\/wp-content\/uploads\/assistant.png",600,377,false],"gb-block-post-grid-square":["https:\/\/invest-in-albania.org\/wp-content\/uploads\/assistant.png",600,377,false]},"uagb_author_info":{"display_name":"Vjollca Shehu","author_link":"https:\/\/invest-in-albania.org\/it\/author\/iia\/"},"uagb_comment_info":0,"uagb_excerpt":"Il 2020 \u00e8 l&#8217;anno che ha cambiato l&#8217;ordine di tutto, in modo temporaneo o permanente. Le persone e le istituzioni si sono rese conto che le rigide burocrazie lavorative o educative, considerate obbligatorie, potevano essere ridefinite in pratiche flessibili ed essere comunque efficaci. Anche gli amministratori delegati, i dirigenti e gli insegnanti pi\u00f9 scettici hanno&hellip;","_links":{"self":[{"href":"https:\/\/invest-in-albania.org\/it\/wp-json\/wp\/v2\/pages\/59952"}],"collection":[{"href":"https:\/\/invest-in-albania.org\/it\/wp-json\/wp\/v2\/pages"}],"about":[{"href":"https:\/\/invest-in-albania.org\/it\/wp-json\/wp\/v2\/types\/page"}],"author":[{"embeddable":true,"href":"https:\/\/invest-in-albania.org\/it\/wp-json\/wp\/v2\/users\/2"}],"replies":[{"embeddable":true,"href":"https:\/\/invest-in-albania.org\/it\/wp-json\/wp\/v2\/comments?post=59952"}],"version-history":[{"count":2,"href":"https:\/\/invest-in-albania.org\/it\/wp-json\/wp\/v2\/pages\/59952\/revisions"}],"predecessor-version":[{"id":59954,"href":"https:\/\/invest-in-albania.org\/it\/wp-json\/wp\/v2\/pages\/59952\/revisions\/59954"}],"wp:featuredmedia":[{"embeddable":true,"href":"https:\/\/invest-in-albania.org\/it\/wp-json\/wp\/v2\/media\/40756"}],"wp:attachment":[{"href":"https:\/\/invest-in-albania.org\/it\/wp-json\/wp\/v2\/media?parent=59952"}],"curies":[{"name":"wp","href":"https:\/\/api.w.org\/{rel}","templated":true}]}}