{"id":59948,"date":"2024-04-03T23:12:03","date_gmt":"2024-04-03T21:12:03","guid":{"rendered":"https:\/\/invest-in-albania.org\/?page_id=59948"},"modified":"2024-04-03T23:12:09","modified_gmt":"2024-04-03T21:12:09","slug":"dove-esternalizzare-lo-sviluppo-software","status":"publish","type":"page","link":"https:\/\/invest-in-albania.org\/it\/dove-esternalizzare-lo-sviluppo-software\/","title":{"rendered":"Dove esternalizzare lo sviluppo software?"},"content":{"rendered":"<div class=\"wp-block-image\">\n<figure class=\"aligncenter\"><img loading=\"lazy\" decoding=\"async\" width=\"1024\" height=\"682\" src=\"http:\/\/new.invest-in-albania.org\/wp-content\/uploads\/programmer-1-1024x682.jpg\" alt=\"\" class=\"wp-image-41925\" srcset=\"https:\/\/invest-in-albania.org\/wp-content\/uploads\/programmer-1-1024x682.jpg 1024w, https:\/\/invest-in-albania.org\/wp-content\/uploads\/programmer-1-300x200.jpg 300w, https:\/\/invest-in-albania.org\/wp-content\/uploads\/programmer-1-768x512.jpg 768w, https:\/\/invest-in-albania.org\/wp-content\/uploads\/programmer-1-580x387.jpg 580w, https:\/\/invest-in-albania.org\/wp-content\/uploads\/programmer-1-860x573.jpg 860w, https:\/\/invest-in-albania.org\/wp-content\/uploads\/programmer-1-1160x773.jpg 1160w, https:\/\/invest-in-albania.org\/wp-content\/uploads\/programmer-1.jpg 1280w\" sizes=\"(max-width: 1024px) 100vw, 1024px\" \/><\/figure><\/div>\n\n\n<p>Gli imprenditori tengono sempre d&#8217;occhio le tendenze globali della tecnologia e dell&#8217;innovazione. Questi ultimi stanno confermando le aspettative dei fondatori, che hanno intravisto il potenziale della tecnologia pi\u00f9 di 50 anni fa. Avevano capito che nel tempo le tecnologie innovative avrebbero aiutato le piccole e grandi aziende a crescere pi\u00f9 velocemente a costi ridotti. L&#8217;efficienza dei costi \u00e8 stato il fattore che ha dato un grande impulso al settore dell&#8217;outsourcing. D&#8217;altra parte, l&#8217;outsourcing come metodo ha aiutato non solo in termini di riduzione dei costi finanziari, ma anche in termini di crescita organizzativa e di aggiunta di valore.<br>Pertanto, il budget non \u00e8 pi\u00f9 il fattore principale per cui esternalizzare i processi aziendali, soprattutto quelli che richiedono talenti tecnologici.<\/p>\n\n\n\n<p>L&#8217;industria dell&#8217;outsourcing non \u00e8 pi\u00f9 alla ricerca di una forza lavoro con conoscenze informatiche di base o fluidit\u00e0 linguistica. Funzioni aziendali pi\u00f9 complesse richiedono buoni talenti. Pertanto, le imprese cercano di diversificare i mercati di outsourcing. Molte aziende affermano che il pool di talenti all&#8217;interno dell&#8217;azienda o in destinazioni di outsourcing consolidate si sta riducendo o non soddisfa le loro esigenze quando si tratta di sviluppo software. Se avete cercato i migliori ingegneri del software nella vostra citt\u00e0 o nel vostro Paese, l&#8217;outsourcing vi permetter\u00e0 di cercare i migliori talenti a livello globale.<br>Le startup e le grandi aziende delegano i loro servizi IT sia a partner o fornitori nearshore che offshore. Come scelgono la societ\u00e0 di outsourcing? Dipende dalle esigenze specifiche di ogni azienda.<br>Diversi Paesi offrono vantaggi classici che aumentano il loro tasso di attrattivit\u00e0 per le aziende straniere. Tali vantaggi contribuiscono a distinguerle dagli altri concorrenti.<\/p>\n\n\n\n<p>Le aziende con sede negli Stati Uniti prestano attenzione ai seguenti fattori quando decidono dove esternalizzare i propri processi aziendali e in particolare lo sviluppo del software<br>Costo delle operazioni<br>pool di talenti<br>Vicinanza agli Stati Uniti<br>Fuso orario<br>Innovazioni<br>Facilit\u00e0 di regolamentazione<br>Tempi di realizzazione<\/p>\n\n\n\n<p>D&#8217;altro canto, le aziende europee cercano<br>Forza lavoro qualificata e disponibilit\u00e0<br>Incentivi fiscali<br>Conformit\u00e0 al quadro normativo dell&#8217;UE<br>Posizione geografica o nearshoring<br>Fusi orari<br>L&#8217;ambiente commerciale<br>Affinit\u00e0 culturale e identit\u00e0 europea<\/p>\n\n\n\n<p>Le destinazioni emergenti in Europa offrono diverse opzioni tra cui scegliere per le aziende con sede nell&#8217;UE che intendono effettuare il nearshoring di servizi generali e informatici. Paesi dell&#8217;UE come la Polonia, l&#8217;Ungheria, la Repubblica Ceca, la Romania e la Bulgaria sono localit\u00e0 molto richieste. Nel frattempo, l&#8217;Albania, paese candidato all&#8217;adesione all&#8217;UE, \u00e8 una localit\u00e0 nearshore ben consolidata per l&#8217;outsourcing dei processi aziendali e una destinazione emergente per lo sviluppo di software. Sono molti i fattori che rendono l&#8217;Albania una destinazione interessante per l&#8217;outsourcing. Il Paese ha un&#8217;economia stabile e offre incentivi fiscali alle aziende di sviluppo software, nonch\u00e9 affinit\u00e0 culturali con i Paesi dell&#8217;UE. Il quadro giuridico \u00e8 in fase di allineamento con le leggi e gli standard dell&#8217;UE. Il Paese gode di capitali stranieri investiti nell&#8217;industria del BPO. Il sistema educativo sta orientando i giovani verso l&#8217;istruzione professionale, l&#8217;ingegneria e le competenze informatiche. L&#8217;Albania \u00e8 una destinazione nearshore a basso costo con infrastrutture IT e una forza lavoro ben istruita e qualificata.<\/p>\n","protected":false},"excerpt":{"rendered":"<p>Gli imprenditori tengono sempre d&#8217;occhio le tendenze globali della tecnologia e dell&#8217;innovazione. Questi ultimi stanno confermando le aspettative dei fondatori, che hanno intravisto il potenziale della tecnologia pi\u00f9 di 50 anni fa. Avevano capito che nel tempo le tecnologie innovative avrebbero aiutato le piccole e grandi aziende a crescere pi\u00f9 velocemente a costi ridotti. L&#8217;efficienza [&hellip;]<\/p>\n","protected":false},"author":2,"featured_media":41923,"parent":0,"menu_order":3,"comment_status":"closed","ping_status":"closed","template":"","meta":{"_uag_custom_page_level_css":"","_genesis_hide_title":false,"_genesis_hide_breadcrumbs":false,"_genesis_hide_singular_image":false,"_genesis_hide_footer_widgets":false,"_genesis_custom_body_class":"","_genesis_custom_post_class":"","_genesis_layout":"","_themeisle_gutenberg_block_has_review":false,"footnotes":""},"featured_image_src":"https:\/\/invest-in-albania.org\/wp-content\/uploads\/programmer.jpg","featured_image_src_square":"https:\/\/invest-in-albania.org\/wp-content\/uploads\/programmer.jpg","uagb_featured_image_src":{"full":["https:\/\/invest-in-albania.org\/wp-content\/uploads\/programmer.jpg",1280,853,false],"thumbnail":["https:\/\/invest-in-albania.org\/wp-content\/uploads\/programmer-280x195.jpg",280,195,true],"medium":["https:\/\/invest-in-albania.org\/wp-content\/uploads\/programmer-300x200.jpg",300,200,true],"medium_large":["https:\/\/invest-in-albania.org\/wp-content\/uploads\/programmer-768x512.jpg",768,512,true],"large":["https:\/\/invest-in-albania.org\/wp-content\/uploads\/programmer-1024x682.jpg",1024,682,true],"1536x1536":["https:\/\/invest-in-albania.org\/wp-content\/uploads\/programmer.jpg",1280,853,false],"2048x2048":["https:\/\/invest-in-albania.org\/wp-content\/uploads\/programmer.jpg",1280,853,false],"single-featured-image":["https:\/\/invest-in-albania.org\/wp-content\/uploads\/programmer.jpg",578,385,false],"blog-featured-image":["https:\/\/invest-in-albania.org\/wp-content\/uploads\/programmer.jpg",435,290,false],"home-featured":["https:\/\/invest-in-albania.org\/wp-content\/uploads\/programmer.jpg",380,253,false],"gb-block-post-grid-landscape":["https:\/\/invest-in-albania.org\/wp-content\/uploads\/programmer.jpg",600,400,false],"gb-block-post-grid-square":["https:\/\/invest-in-albania.org\/wp-content\/uploads\/programmer.jpg",600,400,false]},"uagb_author_info":{"display_name":"Vjollca Shehu","author_link":"https:\/\/invest-in-albania.org\/it\/author\/iia\/"},"uagb_comment_info":0,"uagb_excerpt":"Gli imprenditori tengono sempre d&#8217;occhio le tendenze globali della tecnologia e dell&#8217;innovazione. Questi ultimi stanno confermando le aspettative dei fondatori, che hanno intravisto il potenziale della tecnologia pi\u00f9 di 50 anni fa. Avevano capito che nel tempo le tecnologie innovative avrebbero aiutato le piccole e grandi aziende a crescere pi\u00f9 velocemente a costi ridotti. L&#8217;efficienza&hellip;","_links":{"self":[{"href":"https:\/\/invest-in-albania.org\/it\/wp-json\/wp\/v2\/pages\/59948"}],"collection":[{"href":"https:\/\/invest-in-albania.org\/it\/wp-json\/wp\/v2\/pages"}],"about":[{"href":"https:\/\/invest-in-albania.org\/it\/wp-json\/wp\/v2\/types\/page"}],"author":[{"embeddable":true,"href":"https:\/\/invest-in-albania.org\/it\/wp-json\/wp\/v2\/users\/2"}],"replies":[{"embeddable":true,"href":"https:\/\/invest-in-albania.org\/it\/wp-json\/wp\/v2\/comments?post=59948"}],"version-history":[{"count":1,"href":"https:\/\/invest-in-albania.org\/it\/wp-json\/wp\/v2\/pages\/59948\/revisions"}],"predecessor-version":[{"id":59949,"href":"https:\/\/invest-in-albania.org\/it\/wp-json\/wp\/v2\/pages\/59948\/revisions\/59949"}],"wp:featuredmedia":[{"embeddable":true,"href":"https:\/\/invest-in-albania.org\/it\/wp-json\/wp\/v2\/media\/41923"}],"wp:attachment":[{"href":"https:\/\/invest-in-albania.org\/it\/wp-json\/wp\/v2\/media?parent=59948"}],"curies":[{"name":"wp","href":"https:\/\/api.w.org\/{rel}","templated":true}]}}