{"id":59944,"date":"2024-04-03T00:13:08","date_gmt":"2024-04-02T22:13:08","guid":{"rendered":"https:\/\/invest-in-albania.org\/?page_id=59944"},"modified":"2024-04-03T00:13:15","modified_gmt":"2024-04-02T22:13:15","slug":"il-motivo-delloutsourcing-dello-sviluppo-web-e-software-e-del-marketing-digitale-in-albania","status":"publish","type":"page","link":"https:\/\/invest-in-albania.org\/it\/il-motivo-delloutsourcing-dello-sviluppo-web-e-software-e-del-marketing-digitale-in-albania\/","title":{"rendered":"Il motivo dell&#8217;outsourcing dello sviluppo web e software e del marketing digitale in Albania"},"content":{"rendered":"<div class=\"wp-block-image\">\n<figure class=\"aligncenter\"><img loading=\"lazy\" decoding=\"async\" width=\"1024\" height=\"683\" src=\"http:\/\/new.invest-in-albania.org\/wp-content\/uploads\/developer-1024x683.jpg\" alt=\"\" class=\"wp-image-43243\" srcset=\"https:\/\/invest-in-albania.org\/wp-content\/uploads\/developer-1024x683.jpg 1024w, https:\/\/invest-in-albania.org\/wp-content\/uploads\/developer-300x200.jpg 300w, https:\/\/invest-in-albania.org\/wp-content\/uploads\/developer-768x512.jpg 768w, https:\/\/invest-in-albania.org\/wp-content\/uploads\/developer-1536x1024.jpg 1536w, https:\/\/invest-in-albania.org\/wp-content\/uploads\/developer-580x387.jpg 580w, https:\/\/invest-in-albania.org\/wp-content\/uploads\/developer-860x573.jpg 860w, https:\/\/invest-in-albania.org\/wp-content\/uploads\/developer-1160x773.jpg 1160w, https:\/\/invest-in-albania.org\/wp-content\/uploads\/developer.jpg 1920w\" sizes=\"(max-width: 1024px) 100vw, 1024px\" \/><\/figure><\/div>\n\n\n<p><a href=\"https:\/\/webin.al\/\" target=\"_blank\" rel=\"noopener\">web:in development house<\/a> \u2013 Google Partner<br><\/p>\n\n\n\n<p>Perch\u00e9 \u00e8 una buona idea scegliere di esternalizzare il noleggio di carrozzerie in Albania?<br>web:in, con il suo team di professionisti, fornisce servizi di noleggio carrozzerie in modo molto efficiente, garantendo progresso e stabilit\u00e0 in tutti i servizi offerti.<br>I nostri clienti sono affidati a personale tecnico specializzato ed esperto nello sviluppo di Web e Software.<\/p>\n\n\n\n<h3 class=\"wp-block-heading\">1. Cosa significa Body Rental?<\/h3>\n\n\n\n<p>Il Body Rental \u00e8 un metodo di outsourcing per l&#8217;assunzione di professionisti, in particolare nel campo dell&#8217;IT. Fondamentalmente, si occupa dello sviluppo di progetti Web e Software e dello sviluppo di sistemi IT.<br>Il nostro team di Body Rental garantisce che il personale tecnico professionale offra servizi che sono fissati per un determinato momento o anche servizi continuativi. Forniamo diversi servizi e ci impegniamo in diverse imprese e progetti utilizzando il Body Rental in Albania.<\/p>\n\n\n\n<h3 class=\"wp-block-heading\">2. Quando \u00e8 importante rivolgersi alla formula del noleggio carrozzerie?<\/h3>\n\n\n\n<p>I casi possono essere molti, ma proviamo a dare un&#8217;occhiata ai pi\u00f9 comuni:<br>Le situazioni in cui \u00e8 necessario ricorrere a questa formula sono varie, ma di seguito ne elenchiamo alcune tra le pi\u00f9 comuni:<\/p>\n\n\n\n<p><strong>Instabilit\u00e0 della domanda<\/strong><br>Nel settore dell&#8217;ICT ci sono diverse situazioni in cui c&#8217;\u00e8 una costante mancanza di continuit\u00e0 nella domanda e ci sono un gran numero di difficolt\u00e0 per le aziende che fanno parte di questo settore.<\/p>\n\n\n\n<p><strong>Difficolt\u00e0 di reclutamento<\/strong><br>\u00c8 un problema comune per i nostri clienti quello di riuscire a trovare e scegliere un personale tecnico specializzato, e il pi\u00f9 delle volte, tenendo conto della tecnologia richiesta, c&#8217;\u00e8 la possibilit\u00e0 di una carenza di risorse umane in un determinato settore.<\/p>\n\n\n\n<p><strong>Gestione dei picchi di lavoro<\/strong><br>Ci sono situazioni in cui il flusso di lavoro \u00e8 superiore alla media. Il Body Rental pu\u00f2 offrire una soluzione a queste situazioni intense, dando ai clienti la possibilit\u00e0 di svolgere il proprio lavoro con un costo di gestione notevolmente ridotto. In questo modo, i clienti vedono rapidamente i risultati senza costi elevati.<\/p>\n\n\n\n<p><strong>Sviluppo di applicazioni web e mobile in outsourcing<\/strong><br>Il processo di creazione di un team di sviluppo comporta molte complicazioni e molte spese.<br>Non c&#8217;\u00e8 motivo di dormire sulla decisione di digitalizzare la propria attivit\u00e0, poich\u00e9 si tratta di un metodo proficuo e quindi il nostro team sviluppa applicazioni web e mobile di elevate prestazioni.<br>Realizziamo applicazioni software basate sul web che mirano a gestire le vendite in &#8220;white label&#8221;, in modo da permettervi di avere la propriet\u00e0 del codice.<\/p>\n\n\n\n<h3 class=\"wp-block-heading\">3. I vantaggi del noleggio di carrozzerie<\/h3>\n\n\n\n<p>Quando si parla di team remoto nel noleggio di carrozzerie, si ha in un certo senso un&#8217;aggiunta al proprio team. La disponibilit\u00e0 delle risorse \u00e8 di otto ore al giorno, cinque giorni alla settimana, dal luned\u00ec al venerd\u00ec, quindi in pratica \u00e8 come se fossero in ufficio.<br>Il prezzo \u00e8 fisso, infatti per ogni risorsa vengono modificati 160 giorni di lavoro al mese. E comunque \u00e8 possibile usufruire di diversi sconti.<br>I membri dello staff sono assunti presso la nostra struttura e possono entrare a far parte del team del Cliente in pochissimo tempo. La formula offre certezza nella prosecuzione del lavoro e garantisce seriet\u00e0 e professionalit\u00e0.<\/p>\n\n\n\n<h3 class=\"wp-block-heading\">4. Perch\u00e9 il nostro Body Rental \u00e8 innovativo?<\/h3>\n\n\n\n<p>Siamo esperti nello sviluppo di applicazioni web e mobile. Costruiamo un team di sviluppo professionale in outsourcing, anche se lavoriamo a distanza disponiamo di strumenti di comunicazione molto avanzati e di una tecnologia di sviluppo Agile.<\/p>\n\n\n\n<h3 class=\"wp-block-heading\">5. Quali figure tecniche copriamo?<\/h3>\n\n\n\n<p>Offriamo personale IT Body Rental come:<\/p>\n\n\n\n<ol>\n<li>PROGETTISTA WEB<\/li>\n\n\n\n<li>SVILUPPATORE WEB BACK END<\/li>\n\n\n\n<li>SVILUPPATORE CMS WORDPRESS<\/li>\n\n\n\n<li>SVILUPPATORE MAGENTO ECOMMERCE<\/li>\n\n\n\n<li>SVILUPPATORE PRESTASHOP ECOMMERCE<\/li>\n\n\n\n<li>SVILUPPATORE MOBILE<\/li>\n\n\n\n<li>DESIGNER GRAFICO<\/li>\n\n\n\n<li>SPECIALISTA DI MARKETING ONLINE<\/li>\n<\/ol>\n\n\n\n<h3 class=\"wp-block-heading\">6. Tecnologie<\/h3>\n\n\n\n<p><strong>Sviluppo web front-end<br><\/strong>Forniamo sviluppo front-end utilizzando le pi\u00f9 recenti tecnologie come: React, Angular, HTML, Blade di Laravel, Twig di Symfony, Ionic e Flutter per le app mobili e le librerie pi\u00f9 comuni come Bootstrap, Tailwind, Ant Design e altre ancora.<br>Il front-end delle app e dei siti web da noi realizzati si \u00e8 dimostrato di alta qualit\u00e0. Siamo in grado di convertire la grafica in codice dinamico, con un&#8217;organizzazione perfetta e sempre in accordo con le migliori pratiche di UI e UX.<br>Creiamo app con esperienza con vari tipi di API.<\/p>\n\n\n\n<p><strong>Sviluppo web back-end<br><\/strong>Forniamo sviluppo front-end utilizzando le pi\u00f9 recenti tecnologie come Core PHP, Laravel, Symfony, Code Igniter, NodeJS, Typescript, Express JS, .NET, Django Python&#8217;s framework e altre ancora.<br>Abbiamo esperienza in applicazioni web in diversi tipi di progetti e settori, database avanzati e relazioni con altre piattaforme. Incontri di successo con lo sviluppo di backend che supportano le applicazioni mobili.<\/p>\n\n\n\n<p><strong>Sviluppo CMS WordPress<br><\/strong>Ci occupiamo di siti Word Press e di grafica di vario tipo. Siamo in grado di convertire la grafica in codice front-end pixel-perfect che possiamo personalizzare in temi WordPress dinamici. La nostra codifica basata su Word-Press soddisfa standard elevati.<\/p>\n\n\n\n<p><strong>Sviluppo Ecommerce Magento<br><\/strong>Il nostro team \u00e8 in grado di creare siti e-commerce su Magento 1 e 2, front-end e back-end.<br>Sviluppo di moduli, funzionalit\u00e0 e temi personalizzati. API e webhook personalizzati.<\/p>\n\n\n\n<p><strong>Sviluppo Ecommerce in Shopify<br><\/strong>Il nostro team \u00e8 in grado di creare siti e-commerce senza alcun lavoro o assistenza precedente su Shopify, front-end e back-end. Moduli personalizzati, funzionalit\u00e0 e sviluppo di temi.<\/p>\n\n\n\n<p><strong>Sviluppo mobile<br><\/strong>Tecnologie utilizzate: Sviluppo nativo (Android e IOS) in Kotlin, Java, Swift, Sviluppo ibrido in Flutter, React, Ionic e NodeJS typescript. Possiamo realizzare applicazioni mobili native e ibride. Possiamo creare tutto, a partire dalla progettazione, dalla grafica e dalle API.<\/p>\n\n\n\n<p><strong>Marketing digitale<br><\/strong>Quando si tratta di marketing online, siamo nel campo delle nostre competenze. Possiamo realizzare un sito perfetto ottimizzato per il SEO, occupandoci di copywriting, SEO on-page e off-page, Social Media Management, Pay per Click e Lead Generation.<\/p>\n\n\n\n<h3 class=\"wp-block-heading\">7. Per saperne di pi\u00f9 sulla nostra formula &#8220;Body Rental&#8221;?<\/h3>\n\n\n\n<p>Il gruppo di lavoro che creiamo per fornire tutti i servizi di cui abbiamo parlato \u00e8 al servizio del cliente. Il gruppo di lavoro \u00e8 composto da due sviluppatori che lavorano 8 ore al giorno, 5 giorni alla settimana, durante i quali si occupano dei progetti del cliente. Lo standard mensile minimo di lavoro raggiunge le 320 ore totali.<br>Ci assumiamo la responsabilit\u00e0 di assumere come dipendenti le risorse che sono dedicate al Team del Cliente. I pagamenti delle tasse, i contributi, l&#8217;assicurazione sociale e sanitaria sono coperti dalla web:in development house, cos\u00ec come le tasse previste dalla legge albanese.<br>L&#8217;orario di lavoro \u00e8 di 40 ore settimanali. Ogni giorno sono previste 8 ore di lavoro. Il personale dedicato ha diritto a un&#8217;ora di pausa dalle 13.00 alle 14.00.<br>In base alle esigenze della situazione, il cliente pu\u00f2 richiedere di lavorare oltre l&#8217;orario stabilito. Questo processo deve essere richiesto ufficialmente dal cliente attraverso una comunicazione ufficiale da parte dei responsabili del progetto, che devono confermare in anticipo gli effetti che ci\u00f2 avr\u00e0 sulla retribuzione.<br>Al termine delle ore extra, verr\u00e0 comunicato il numero di ore concluse.<\/p>\n\n\n\n<h3 class=\"wp-block-heading\">8. Ricerca e criteri del personale tecnico specializzato<\/h3>\n\n\n\n<p>Stiamo lavorando costantemente alla ricerca e ai criteri del personale tecnico specializzato che entrer\u00e0 a far parte del team: i curriculum dei candidati vengono condivisi in forma anonima con il cliente ed \u00e8 prevista la possibilit\u00e0 di colloqui in videoconferenza.<\/p>\n\n\n\n<h3 class=\"wp-block-heading\">Conclusioni:<\/h3>\n\n\n\n<p>Se state cercando un modo per assumere uno sviluppatore web in Albania, la vostra ricerca \u00e8 giunta al termine.<br>Contattateci subito per darvi la spinta di cui la vostra azienda ha bisogno.<\/p>\n\n\n\n<p>Photo by <a href=\"https:\/\/unsplash.com\/@lukepeters?utm_source=unsplash&amp;utm_medium=referral&amp;utm_content=creditCopyText\" rel=\"noopener\">Luke Peters<\/a> on <a href=\"https:\/\/unsplash.com\/s\/photos\/web-development?utm_source=unsplash&amp;utm_medium=referral&amp;utm_content=creditCopyText\" rel=\"noopener\">Unsplash<\/a><\/p>\n","protected":false},"excerpt":{"rendered":"<p>web:in development house \u2013 Google Partner Perch\u00e9 \u00e8 una buona idea scegliere di esternalizzare il noleggio di carrozzerie in Albania?web:in, con il suo team di professionisti, fornisce servizi di noleggio carrozzerie in modo molto efficiente, garantendo progresso e stabilit\u00e0 in tutti i servizi offerti.I nostri clienti sono affidati a personale tecnico specializzato ed esperto nello [&hellip;]<\/p>\n","protected":false},"author":2,"featured_media":43246,"parent":0,"menu_order":4,"comment_status":"closed","ping_status":"closed","template":"","meta":{"_uag_custom_page_level_css":"","_genesis_hide_title":false,"_genesis_hide_breadcrumbs":false,"_genesis_hide_singular_image":false,"_genesis_hide_footer_widgets":false,"_genesis_custom_body_class":"","_genesis_custom_post_class":"","_genesis_layout":"","_themeisle_gutenberg_block_has_review":false,"footnotes":""},"featured_image_src":"https:\/\/invest-in-albania.org\/wp-content\/uploads\/developer.jpg","featured_image_src_square":"https:\/\/invest-in-albania.org\/wp-content\/uploads\/developer.jpg","uagb_featured_image_src":{"full":["https:\/\/invest-in-albania.org\/wp-content\/uploads\/developer.jpg",1920,1280,false],"thumbnail":["https:\/\/invest-in-albania.org\/wp-content\/uploads\/developer-280x195.jpg",280,195,true],"medium":["https:\/\/invest-in-albania.org\/wp-content\/uploads\/developer-300x200.jpg",300,200,true],"medium_large":["https:\/\/invest-in-albania.org\/wp-content\/uploads\/developer-768x512.jpg",768,512,true],"large":["https:\/\/invest-in-albania.org\/wp-content\/uploads\/developer-1024x683.jpg",1024,683,true],"1536x1536":["https:\/\/invest-in-albania.org\/wp-content\/uploads\/developer-1536x1024.jpg",1536,1024,true],"2048x2048":["https:\/\/invest-in-albania.org\/wp-content\/uploads\/developer.jpg",1920,1280,false],"single-featured-image":["https:\/\/invest-in-albania.org\/wp-content\/uploads\/developer.jpg",578,385,false],"blog-featured-image":["https:\/\/invest-in-albania.org\/wp-content\/uploads\/developer.jpg",435,290,false],"home-featured":["https:\/\/invest-in-albania.org\/wp-content\/uploads\/developer.jpg",380,253,false],"gb-block-post-grid-landscape":["https:\/\/invest-in-albania.org\/wp-content\/uploads\/developer.jpg",600,400,false],"gb-block-post-grid-square":["https:\/\/invest-in-albania.org\/wp-content\/uploads\/developer.jpg",600,400,false]},"uagb_author_info":{"display_name":"Vjollca Shehu","author_link":"https:\/\/invest-in-albania.org\/it\/author\/iia\/"},"uagb_comment_info":0,"uagb_excerpt":"web:in development house \u2013 Google Partner Perch\u00e9 \u00e8 una buona idea scegliere di esternalizzare il noleggio di carrozzerie in Albania?web:in, con il suo team di professionisti, fornisce servizi di noleggio carrozzerie in modo molto efficiente, garantendo progresso e stabilit\u00e0 in tutti i servizi offerti.I nostri clienti sono affidati a personale tecnico specializzato ed esperto nello&hellip;","_links":{"self":[{"href":"https:\/\/invest-in-albania.org\/it\/wp-json\/wp\/v2\/pages\/59944"}],"collection":[{"href":"https:\/\/invest-in-albania.org\/it\/wp-json\/wp\/v2\/pages"}],"about":[{"href":"https:\/\/invest-in-albania.org\/it\/wp-json\/wp\/v2\/types\/page"}],"author":[{"embeddable":true,"href":"https:\/\/invest-in-albania.org\/it\/wp-json\/wp\/v2\/users\/2"}],"replies":[{"embeddable":true,"href":"https:\/\/invest-in-albania.org\/it\/wp-json\/wp\/v2\/comments?post=59944"}],"version-history":[{"count":1,"href":"https:\/\/invest-in-albania.org\/it\/wp-json\/wp\/v2\/pages\/59944\/revisions"}],"predecessor-version":[{"id":59945,"href":"https:\/\/invest-in-albania.org\/it\/wp-json\/wp\/v2\/pages\/59944\/revisions\/59945"}],"wp:featuredmedia":[{"embeddable":true,"href":"https:\/\/invest-in-albania.org\/it\/wp-json\/wp\/v2\/media\/43246"}],"wp:attachment":[{"href":"https:\/\/invest-in-albania.org\/it\/wp-json\/wp\/v2\/media?parent=59944"}],"curies":[{"name":"wp","href":"https:\/\/api.w.org\/{rel}","templated":true}]}}