{"id":59931,"date":"2024-04-02T23:18:14","date_gmt":"2024-04-02T21:18:14","guid":{"rendered":"https:\/\/invest-in-albania.org\/?page_id=59931"},"modified":"2024-04-02T23:18:21","modified_gmt":"2024-04-02T21:18:21","slug":"quali-competenze-sono-necessarie-per-lavorare-nelle-bpo-kpo","status":"publish","type":"page","link":"https:\/\/invest-in-albania.org\/it\/quali-competenze-sono-necessarie-per-lavorare-nelle-bpo-kpo\/","title":{"rendered":"Quali competenze sono necessarie per lavorare nelle BPO\/KPO?"},"content":{"rendered":"<div class=\"wp-block-image\">\n<figure class=\"aligncenter\"><img loading=\"lazy\" decoding=\"async\" width=\"860\" height=\"655\" src=\"http:\/\/new.invest-in-albania.org\/wp-content\/uploads\/BPO-skills-860x655.jpg\" alt=\"\" class=\"wp-image-39659\"\/><\/figure><\/div>\n\n\n<p>L&#8217;outsourcing dei processi aziendali (BPO) e l&#8217;outsourcing dei processi di conoscenza (KPO) sono entrambi sottoinsiemi dell&#8217;industria dell&#8217;outsourcing che apportano benefici a entrambe le parti coinvolte nel processo di contrattazione.<br>Sia i BPO che i KPO sono fioriti in Paesi con una popolazione giovane, istruita e multilingue. Anche se il livello di competenza richiesto da ciascuno di essi varia dalle conoscenze informatiche di base alle competenze tecniche e analitiche avanzate. I servizi di KPO consentono a ogni azienda di rendere la tecnologia avanzata parte delle proprie pratiche. Pertanto, le aziende optano per il KPO nei casi in cui non hanno o non riescono a trovare gli esperti interni. Lo fanno anche quando questi esperti portano con s\u00e9 costi ridotti. Conoscere \u00e8 possedere, quindi optiamo per il KPO.<\/p>\n\n\n\n<p><strong>Servizi KPO<\/strong><br>Analisi dei dati<br>Ricerche di mercato<br>Ricerca sanitaria<br>Finanza e contabilit\u00e0<br>Tecnologia dell&#8217;informazione<br>Supporto alla revisione contabile<br>Risorse umane<br>Personale IT<br>Marketing digitale<\/p>\n\n\n\n<p><strong>Competenze necessarie<\/strong><br>Per poter svolgere in modo soddisfacente i compiti relativi ai servizi sopra citati, le persone che lavorano in KPO devono possedere una serie di competenze specifiche.<br>Metriche e strumenti di qualit\u00e0<br>Buona comunicazione<br>Gestione del progetto<br>Esperienza di consulenza sui processi<br>Esperienza di amministrazione<br>Esperienza di formazione o laurea in risorse umane<br>Competenza statistica<br>Analisi ed elaborazione di dati grezzi<\/p>\n\n\n\n<p><strong>Qualifiche<\/strong><br>Insegnanti<br>Specialisti della sanit\u00e0 e dell&#8217;amministrazione sanitaria<br>Economisti<br>Avvocati<br>Statistici<br>Persone con una formazione in marketing, informatica, finanza, risorse umane, ingegneria, comunicazione, ecc.<\/p>\n\n\n\n<p><strong>Ruoli KPO<\/strong><br>Consulente Lean<br>Addetto alla promozione di Kaizen<br>Responsabile della qualit\u00e0<br>Esperto di Six Sigma e di reingegnerizzazione dei processi<br>Esperto di amministrazione<br>Specialisti del miglioramento continuo<br>Sviluppatore di macro VBA in Excel<br>Reclutatore tecnico<br>Redattore di copie<br>Controllore finanziario<br>Responsabile delle prestazioni di spesa<br>Esperto\/responsabile QA\/QC<br>Fatturazione medica<br>Marketing dei farmaci<\/p>\n\n\n\n<p>Il KPO \u00e8 una tendenza globale che sta colmando il divario esistente tra il BPO tradizionale e le eccezionali opportunit\u00e0 di impiego per gli esperti. Come l&#8217;assistenza ai clienti, il KPO diventer\u00e0 presto un elemento essenziale per la crescita e la scalabilit\u00e0 delle aziende. Unisce tecnologia e competenze avanzate per un&#8217;attivit\u00e0 in rapida crescita in mercati competitivi. D&#8217;altra parte, genera opportunit\u00e0 di lavoro soddisfacenti e grandi reti di fornitura di talenti, nearshore o offshore. Se siete alla ricerca di un partner o di una destinazione KPO nel mercato europeo, date un&#8217;occhiata all&#8217;Albania. Forse avete gi\u00e0 visitato questo piccolo Paese del Mediterraneo con belle spiagge, o forse \u00e8 la prima volta che ne sentite parlare. L&#8217;Albania \u00e8 una destinazione BPO ben consolidata, per aziende italiane, francesi e tedesche. I KPO locali sono specializzati in servizi legali, finanziari e contabili, HR e IT.<\/p>\n","protected":false},"excerpt":{"rendered":"<p>L&#8217;outsourcing dei processi aziendali (BPO) e l&#8217;outsourcing dei processi di conoscenza (KPO) sono entrambi sottoinsiemi dell&#8217;industria dell&#8217;outsourcing che apportano benefici a entrambe le parti coinvolte nel processo di contrattazione.Sia i BPO che i KPO sono fioriti in Paesi con una popolazione giovane, istruita e multilingue. Anche se il livello di competenza richiesto da ciascuno di [&hellip;]<\/p>\n","protected":false},"author":2,"featured_media":39662,"parent":0,"menu_order":7,"comment_status":"closed","ping_status":"closed","template":"","meta":{"_uag_custom_page_level_css":"","_genesis_hide_title":false,"_genesis_hide_breadcrumbs":false,"_genesis_hide_singular_image":false,"_genesis_hide_footer_widgets":false,"_genesis_custom_body_class":"","_genesis_custom_post_class":"","_genesis_layout":"","_themeisle_gutenberg_block_has_review":false,"footnotes":""},"featured_image_src":"https:\/\/invest-in-albania.org\/wp-content\/uploads\/BPO-skills.jpg","featured_image_src_square":"https:\/\/invest-in-albania.org\/wp-content\/uploads\/BPO-skills.jpg","uagb_featured_image_src":{"full":["https:\/\/invest-in-albania.org\/wp-content\/uploads\/BPO-skills.jpg",1920,1391,false],"thumbnail":["https:\/\/invest-in-albania.org\/wp-content\/uploads\/BPO-skills-280x195.jpg",280,195,true],"medium":["https:\/\/invest-in-albania.org\/wp-content\/uploads\/BPO-skills-300x217.jpg",300,217,true],"medium_large":["https:\/\/invest-in-albania.org\/wp-content\/uploads\/BPO-skills-768x556.jpg",768,556,true],"large":["https:\/\/invest-in-albania.org\/wp-content\/uploads\/BPO-skills-1024x742.jpg",1024,742,true],"1536x1536":["https:\/\/invest-in-albania.org\/wp-content\/uploads\/BPO-skills-1536x1113.jpg",1536,1113,true],"2048x2048":["https:\/\/invest-in-albania.org\/wp-content\/uploads\/BPO-skills.jpg",1920,1391,false],"single-featured-image":["https:\/\/invest-in-albania.org\/wp-content\/uploads\/BPO-skills.jpg",531,385,false],"blog-featured-image":["https:\/\/invest-in-albania.org\/wp-content\/uploads\/BPO-skills.jpg",400,290,false],"home-featured":["https:\/\/invest-in-albania.org\/wp-content\/uploads\/BPO-skills.jpg",380,275,false],"gb-block-post-grid-landscape":["https:\/\/invest-in-albania.org\/wp-content\/uploads\/BPO-skills.jpg",552,400,false],"gb-block-post-grid-square":["https:\/\/invest-in-albania.org\/wp-content\/uploads\/BPO-skills.jpg",600,435,false]},"uagb_author_info":{"display_name":"Vjollca Shehu","author_link":"https:\/\/invest-in-albania.org\/it\/author\/iia\/"},"uagb_comment_info":0,"uagb_excerpt":"L&#8217;outsourcing dei processi aziendali (BPO) e l&#8217;outsourcing dei processi di conoscenza (KPO) sono entrambi sottoinsiemi dell&#8217;industria dell&#8217;outsourcing che apportano benefici a entrambe le parti coinvolte nel processo di contrattazione.Sia i BPO che i KPO sono fioriti in Paesi con una popolazione giovane, istruita e multilingue. Anche se il livello di competenza richiesto da ciascuno di&hellip;","_links":{"self":[{"href":"https:\/\/invest-in-albania.org\/it\/wp-json\/wp\/v2\/pages\/59931"}],"collection":[{"href":"https:\/\/invest-in-albania.org\/it\/wp-json\/wp\/v2\/pages"}],"about":[{"href":"https:\/\/invest-in-albania.org\/it\/wp-json\/wp\/v2\/types\/page"}],"author":[{"embeddable":true,"href":"https:\/\/invest-in-albania.org\/it\/wp-json\/wp\/v2\/users\/2"}],"replies":[{"embeddable":true,"href":"https:\/\/invest-in-albania.org\/it\/wp-json\/wp\/v2\/comments?post=59931"}],"version-history":[{"count":1,"href":"https:\/\/invest-in-albania.org\/it\/wp-json\/wp\/v2\/pages\/59931\/revisions"}],"predecessor-version":[{"id":59932,"href":"https:\/\/invest-in-albania.org\/it\/wp-json\/wp\/v2\/pages\/59931\/revisions\/59932"}],"wp:featuredmedia":[{"embeddable":true,"href":"https:\/\/invest-in-albania.org\/it\/wp-json\/wp\/v2\/media\/39662"}],"wp:attachment":[{"href":"https:\/\/invest-in-albania.org\/it\/wp-json\/wp\/v2\/media?parent=59931"}],"curies":[{"name":"wp","href":"https:\/\/api.w.org\/{rel}","templated":true}]}}