{"id":59922,"date":"2024-04-02T22:35:34","date_gmt":"2024-04-02T20:35:34","guid":{"rendered":"https:\/\/invest-in-albania.org\/?page_id=59922"},"modified":"2024-04-02T22:35:39","modified_gmt":"2024-04-02T20:35:39","slug":"quali-sono-i-vantaggi-delloutsourcing","status":"publish","type":"page","link":"https:\/\/invest-in-albania.org\/it\/quali-sono-i-vantaggi-delloutsourcing\/","title":{"rendered":"Quali sono i vantaggi dell&#8217;outsourcing?"},"content":{"rendered":"\n<p>Sembra che Peter Drucker abbia un detto per ogni cosa, ma questo trasmette davvero il significato dell&#8217;outsourcing come strategia di crescita aziendale. In generale, significa risparmiare sui costi e liberare il personale da compiti che richiedono tempo. Anche se molti pensano che si tratti di vantaggi in termini di costi, gli imprenditori affermano che si tratta anche di creare valore e crescita di base. Se volete iniziare con l&#8217;esternalizzazione dei processi aziendali, dovrete capire quali sono i vantaggi e i vantaggi di questa strategia. Tuttavia, tenete presente che nessun punto \u00e8 una regola generale. Tutto cambia a seconda degli obiettivi e delle circostanze aziendali.<\/p>\n\n\n\n<p>Quali sono i punti di forza dell&#8217;outsourcing che hanno aiutato le piccole imprese e le startup di tutto il mondo ad aumentare l&#8217;efficienza e a sostenere i profitti dell&#8217;organizzazione? D&#8217;altro canto, quali sono i punti deboli di questa strategia che potrebbero avere un effetto contrario sulla vostra azienda? Sta a voi fare i passi giusti per renderla un&#8217;esperienza di successo.<\/p>\n\n\n\n<p><strong>Punti di forza dell&#8217;outsourcing<\/strong><\/p>\n\n\n\n<p>Vantaggi legati ai costi. L&#8217;outsourcing \u00e8 sempre pi\u00f9 economico che farlo da soli. Risparmierete tempo e denaro spesi per il reclutamento, la formazione e la gestione del personale, soprattutto quando sapete che il mercato del lavoro non offre gli esperti di cui avete bisogno. Avrete un esperto che lavorer\u00e0 per voi per il tempo necessario fino al completamento di un progetto o alla consegna di un prodotto. Altri costi che l&#8217;outsourcing evita sono l&#8217;amministrazione dei benefit, l&#8217;affitto, gli uffici e le attrezzature.<\/p>\n\n\n\n<p><strong>Vi aiuta a concentrarvi su ci\u00f2 che \u00e8 veramente importante.<\/strong> I processi aziendali che richiedono tempo e spesso sono noiosi vi fanno sentire come se non riusciste a &#8220;domare queste attivit\u00e0&#8221; e a concentrarvi su ci\u00f2 che \u00e8 veramente importante. Sbarazzatevi di questi processi in modo intelligente e aiutate voi stessi e i vostri collaboratori a darsi da fare con il lavoro che li ispira davvero. Nel frattempo, potete sviluppare il vostro personale interno e offrire loro le prospettive di carriera a cui aspirano.<\/p>\n\n\n\n<p><strong>Vantaggi del fuso orario<br><\/strong>Per molte aziende, le differenze di fuso orario sono considerate un vantaggio perch\u00e9 il lavoro non \u00e8 limitato dagli orari di lavoro o dalle festivit\u00e0 nazionali.<\/p>\n\n\n\n<p><strong>Pi\u00f9 talenti.<\/strong> Questo \u00e8 uno dei principali vantaggi dell&#8217;outsourcing. Avrete la possibilit\u00e0 di scegliere tra un&#8217;ampia gamma di esperti a un costo inferiore rispetto al vostro mercato del lavoro. L&#8217;altro vantaggio \u00e8 che questi esperti sono partner turistici e possono facilmente mettere in discussione le vostre strategie aziendali. Quando chiedete al vostro personale se ha un suggerimento, la maggior parte delle volte riceverete come risposta il silenzio.<\/p>\n\n\n\n<p>In conclusione, se attuato correttamente, l&#8217;outsourcing vi fornir\u00e0 i vantaggi sopra menzionati e molti altri. Tutto dipende da ci\u00f2 che cercate in un partner, dal vostro tipo di attivit\u00e0 e da altri fattori come la sua posizione e le sue competenze.<\/p>\n","protected":false},"excerpt":{"rendered":"<p>Sembra che Peter Drucker abbia un detto per ogni cosa, ma questo trasmette davvero il significato dell&#8217;outsourcing come strategia di crescita aziendale. In generale, significa risparmiare sui costi e liberare il personale da compiti che richiedono tempo. Anche se molti pensano che si tratti di vantaggi in termini di costi, gli imprenditori affermano che si [&hellip;]<\/p>\n","protected":false},"author":2,"featured_media":0,"parent":0,"menu_order":9,"comment_status":"closed","ping_status":"closed","template":"","meta":{"_uag_custom_page_level_css":"","_genesis_hide_title":false,"_genesis_hide_breadcrumbs":false,"_genesis_hide_singular_image":false,"_genesis_hide_footer_widgets":false,"_genesis_custom_body_class":"","_genesis_custom_post_class":"","_genesis_layout":"","_themeisle_gutenberg_block_has_review":false,"footnotes":""},"featured_image_src":null,"featured_image_src_square":null,"uagb_featured_image_src":{"full":false,"thumbnail":false,"medium":false,"medium_large":false,"large":false,"1536x1536":false,"2048x2048":false,"single-featured-image":false,"blog-featured-image":false,"home-featured":false,"gb-block-post-grid-landscape":false,"gb-block-post-grid-square":false},"uagb_author_info":{"display_name":"Vjollca Shehu","author_link":"https:\/\/invest-in-albania.org\/it\/author\/iia\/"},"uagb_comment_info":0,"uagb_excerpt":"Sembra che Peter Drucker abbia un detto per ogni cosa, ma questo trasmette davvero il significato dell&#8217;outsourcing come strategia di crescita aziendale. In generale, significa risparmiare sui costi e liberare il personale da compiti che richiedono tempo. Anche se molti pensano che si tratti di vantaggi in termini di costi, gli imprenditori affermano che si&hellip;","_links":{"self":[{"href":"https:\/\/invest-in-albania.org\/it\/wp-json\/wp\/v2\/pages\/59922"}],"collection":[{"href":"https:\/\/invest-in-albania.org\/it\/wp-json\/wp\/v2\/pages"}],"about":[{"href":"https:\/\/invest-in-albania.org\/it\/wp-json\/wp\/v2\/types\/page"}],"author":[{"embeddable":true,"href":"https:\/\/invest-in-albania.org\/it\/wp-json\/wp\/v2\/users\/2"}],"replies":[{"embeddable":true,"href":"https:\/\/invest-in-albania.org\/it\/wp-json\/wp\/v2\/comments?post=59922"}],"version-history":[{"count":1,"href":"https:\/\/invest-in-albania.org\/it\/wp-json\/wp\/v2\/pages\/59922\/revisions"}],"predecessor-version":[{"id":59923,"href":"https:\/\/invest-in-albania.org\/it\/wp-json\/wp\/v2\/pages\/59922\/revisions\/59923"}],"wp:attachment":[{"href":"https:\/\/invest-in-albania.org\/it\/wp-json\/wp\/v2\/media?parent=59922"}],"curies":[{"name":"wp","href":"https:\/\/api.w.org\/{rel}","templated":true}]}}