{"id":59918,"date":"2024-04-02T22:19:16","date_gmt":"2024-04-02T20:19:16","guid":{"rendered":"https:\/\/invest-in-albania.org\/?page_id=59918"},"modified":"2024-04-02T22:19:22","modified_gmt":"2024-04-02T20:19:22","slug":"fattori-chiave-per-il-successo-delloutsourcing","status":"publish","type":"page","link":"https:\/\/invest-in-albania.org\/it\/fattori-chiave-per-il-successo-delloutsourcing\/","title":{"rendered":"Fattori chiave per il successo dell&#8217;outsourcing"},"content":{"rendered":"\n<p>Nel 2017 il mercato dell&#8217;outsourcing ha superato gli 88,9 miliardi di dollari. I dati ufficiali forniti da statista.com confermano che la quota maggiore di ricavi di questo settore proviene dall&#8217;Europa. Gli stessi dati dimostrano che il business process outsourcing BPO e l&#8217;Information Technology Outsourcing ITO hanno generato il maggior numero di entrate.<\/p>\n\n\n\n<p>I dati aiutano a comprendere l&#8217;importanza di questo settore nel mercato globale. Attualmente, sono numerose le aziende che decidono di appaltare i propri servizi a partner o fornitori. Allo stesso tempo, ci sono paesi specifici che sono noti come destinazioni di outsourcing di lunga data. Con la continua crescita del settore, anche le tendenze globali legate all&#8217;industria cambieranno, ma non tutte le aziende che esternalizzano hanno successo.<\/p>\n\n\n\n<p>Tuttavia, ci sono alcuni elementi che rimangono forti e che contribuiscono a definire ci\u00f2 che rende l&#8217;outsourcing un successo, indipendentemente dalle dimensioni dell&#8217;azienda o dal settore in cui opera.<\/p>\n\n\n\n<p>Le diverse aziende scelgono i loro partner o fornitori in base alle esigenze specifiche delle loro imprese. Tuttavia, quando si parla di fattori che determinano il successo, si classificano i seguenti.<\/p>\n\n\n\n<p><strong>La comunicazione<br><\/strong>Quando si stipula un contratto con un fornitore per l&#8217;esternalizzazione di processi specifici, si crea una relazione come qualsiasi altro rapporto commerciale. Pertanto, conoscete l&#8217;importanza di una comunicazione efficace e il ruolo che essa svolge nel garantire il successo. Dovete comunicare i vostri obiettivi e le vostre finalit\u00e0 e assicurarvi che nessuno venga frainteso. Si stabiliscono le aspettative per ciascuna delle parti e si scelgono i canali di comunicazione giusti per tenere traccia e assicurarsi che le aspettative corrispondano ai risultati.<\/p>\n\n\n\n<p>Inoltre, una buona comunicazione \u00e8 fondamentale per l&#8217;integrazione di entrambi i team. Potete discutere delle prestazioni e delle opportunit\u00e0 di miglioramento. Potete anche prestare attenzione al fuso orario. Se il vostro progetto richiede una comunicazione continua, cercate un&#8217;azienda che abbia gli stessi orari di lavoro. L&#8217;opzione migliore \u00e8 che il team dell&#8217;altra azienda parli la vostra lingua. In caso contrario, potete parlare un&#8217;altra lingua comune, che di solito \u00e8 l&#8217;inglese. Il multilinguismo \u00e8 un&#8217;abilit\u00e0 molto preziosa. Se siete nel settore dei call center, l&#8217;Albania \u00e8 un paese con una popolazione multilingue e un modello culturale occidentale.<br>Ricordate che una buona comunicazione \u00e8 alla base di ogni azienda di successo.<\/p>\n\n\n\n<p><strong>L&#8217;esperienza del fornitore<\/strong><\/p>\n\n\n\n<p>La scelta del fornitore giusto pu\u00f2 essere un&#8217;impresa ardua. Quando si vuole esternalizzare un processo, \u00e8 necessario conoscere il risultato finale che si vuole ottenere dal fornitore e i vantaggi che si ottengono dalla scelta. Trovate un&#8217;azienda o un partner che vi fornisca i compiti in base alla sua esperienza. Come si pu\u00f2 misurare? Iniziate con informazioni generali come il numero di progetti realizzati dal fornitore e i clienti che hanno ricevuto servizi simili a quelli che dovete esternalizzare. Potete anche chiedere la qualifica e l&#8217;esperienza delle persone che saranno responsabili dei compiti che intendete delegare.<br>D&#8217;altra parte, potete chiedere l&#8217;opinione dei loro clienti se non sono soggetti a riservatezza.<\/p>\n\n\n\n<p><strong>La riservatezza<br><\/strong>A prescindere dall&#8217;affidabilit\u00e0 di un fornitore, \u00e8 necessario firmare accordi di riservatezza nel caso in cui vengano divulgati al partner dati relativi al personale, ai clienti o persino alle idee commerciali. Esistono diversi tipi di accordi di riservatezza a seconda del numero di parti coinvolte. Quando si tratta di informazioni delicate, \u00e8 necessario scegliere persone di cui ci si possa fidare.<\/p>\n","protected":false},"excerpt":{"rendered":"<p>Nel 2017 il mercato dell&#8217;outsourcing ha superato gli 88,9 miliardi di dollari. I dati ufficiali forniti da statista.com confermano che la quota maggiore di ricavi di questo settore proviene dall&#8217;Europa. Gli stessi dati dimostrano che il business process outsourcing BPO e l&#8217;Information Technology Outsourcing ITO hanno generato il maggior numero di entrate. I dati aiutano [&hellip;]<\/p>\n","protected":false},"author":2,"featured_media":0,"parent":0,"menu_order":10,"comment_status":"closed","ping_status":"closed","template":"","meta":{"_uag_custom_page_level_css":"","_genesis_hide_title":false,"_genesis_hide_breadcrumbs":false,"_genesis_hide_singular_image":false,"_genesis_hide_footer_widgets":false,"_genesis_custom_body_class":"","_genesis_custom_post_class":"","_genesis_layout":"","_themeisle_gutenberg_block_has_review":false,"footnotes":""},"featured_image_src":null,"featured_image_src_square":null,"uagb_featured_image_src":{"full":false,"thumbnail":false,"medium":false,"medium_large":false,"large":false,"1536x1536":false,"2048x2048":false,"single-featured-image":false,"blog-featured-image":false,"home-featured":false,"gb-block-post-grid-landscape":false,"gb-block-post-grid-square":false},"uagb_author_info":{"display_name":"Vjollca Shehu","author_link":"https:\/\/invest-in-albania.org\/it\/author\/iia\/"},"uagb_comment_info":0,"uagb_excerpt":"Nel 2017 il mercato dell&#8217;outsourcing ha superato gli 88,9 miliardi di dollari. I dati ufficiali forniti da statista.com confermano che la quota maggiore di ricavi di questo settore proviene dall&#8217;Europa. Gli stessi dati dimostrano che il business process outsourcing BPO e l&#8217;Information Technology Outsourcing ITO hanno generato il maggior numero di entrate. I dati aiutano&hellip;","_links":{"self":[{"href":"https:\/\/invest-in-albania.org\/it\/wp-json\/wp\/v2\/pages\/59918"}],"collection":[{"href":"https:\/\/invest-in-albania.org\/it\/wp-json\/wp\/v2\/pages"}],"about":[{"href":"https:\/\/invest-in-albania.org\/it\/wp-json\/wp\/v2\/types\/page"}],"author":[{"embeddable":true,"href":"https:\/\/invest-in-albania.org\/it\/wp-json\/wp\/v2\/users\/2"}],"replies":[{"embeddable":true,"href":"https:\/\/invest-in-albania.org\/it\/wp-json\/wp\/v2\/comments?post=59918"}],"version-history":[{"count":1,"href":"https:\/\/invest-in-albania.org\/it\/wp-json\/wp\/v2\/pages\/59918\/revisions"}],"predecessor-version":[{"id":59919,"href":"https:\/\/invest-in-albania.org\/it\/wp-json\/wp\/v2\/pages\/59918\/revisions\/59919"}],"wp:attachment":[{"href":"https:\/\/invest-in-albania.org\/it\/wp-json\/wp\/v2\/media?parent=59918"}],"curies":[{"name":"wp","href":"https:\/\/api.w.org\/{rel}","templated":true}]}}