{"id":59912,"date":"2024-04-02T22:12:33","date_gmt":"2024-04-02T20:12:33","guid":{"rendered":"https:\/\/invest-in-albania.org\/?page_id=59912"},"modified":"2024-04-02T22:14:46","modified_gmt":"2024-04-02T20:14:46","slug":"how-outsourcing-benefits-your-company","status":"publish","type":"page","link":"https:\/\/invest-in-albania.org\/it\/how-outsourcing-benefits-your-company\/","title":{"rendered":"In che modo l&#8217;outsourcing \u00e8 vantaggioso per l&#8217;azienda"},"content":{"rendered":"\n<p>Al giorno d&#8217;oggi, l&#8217;outsourcing \u00e8 uno dei pilastri principali di una strategia di crescita non solo per le startup, ma anche per le aziende, che variano da piccole e medie a grandi. Per questo motivo, ogni fondatore con una visione orientata allo scopo deve considerare l&#8217;outsourcing come la strategia che lo aiuterebbe a realizzare le proprie aspettative e a rimanere dinamico nel mondo degli affari in rapida evoluzione.<\/p>\n\n\n\n<p>\u00c8 probabile che ne abbiate sentito parlare e che sappiate cosa significa. Tuttavia, se non gli avete ancora dato una possibilit\u00e0, significa che non siete consapevoli dei numerosi vantaggi che offre alla vostra azienda per crescere in modo efficiente dal punto di vista dei costi. Questo \u00e8 ci\u00f2 che ogni fondatore di un&#8217;azienda o proprietario di un&#8217;impresa sta cercando.<br>Iniziate a conoscere i vantaggi dell&#8217;esternalizzazione e pensate ai processi che vi porterebbero maggiori benefici se affidati a un partner o a un fornitore.<\/p>\n\n\n\n<p><strong>Creare valore<br><\/strong>Non \u00e8 questa una delle vostre principali priorit\u00e0? \u00c8 legato al vostro prodotto o servizio, ai vostri clienti e soprattutto al vostro personale. All&#8217;inizio l&#8217;outsourcing veniva lodato per i suoi vantaggi in termini di riduzione dei costi, ma con il passare degli anni si \u00e8 dedicata maggiore attenzione alla creazione di valore.<\/p>\n\n\n\n<p>Attualmente esistono numerose destinazioni di outsourcing in tutto il mondo. Tuttavia, il fatto che una sia pi\u00f9 economica delle altre non significa che sar\u00e0 la prima scelta di tutti. Per capire meglio questo settore \u00e8 necessario ricordare questa regola. Se potete esternalizzare una prova, significa che vi coster\u00e0 meno che se fosse fatta dal vostro personale.<\/p>\n\n\n\n<p>Pertanto, potreste essere alla ricerca di un modo economico per farvi fare del lavoro, ma non di un prodotto o servizio di bassa qualit\u00e0. Quando trovate il partner giusto per un processo specifico, sapete con certezza che contribuir\u00e0 a creare valore per il vostro marchio, i vostri clienti saranno soddisfatti quando le scadenze saranno rispettate e il risultato sar\u00e0 un servizio di alta qualit\u00e0. D&#8217;altro canto, il vostro personale si concentrer\u00e0 su compiti che lo aiuteranno a crescere e ad acquisire nuove competenze.<\/p>\n\n\n\n<p><strong>Riduzione dei costi<br><\/strong>Ricordate la regola di cui sopra. Qualunque sia il processo aziendale che esternalizzate, vi coster\u00e0 meno. L&#8217;outsourcing aiuta a ridurre i costi in diversi modi. Supponiamo che stiate iniziando un nuovo progetto, ma che al vostro team manchi un membro con una competenza specifica. Se decidete di assumere qualcuno, investirete in: tempo per il reclutamento e la formazione, pi\u00f9 spazio e attrezzature per l&#8217;ufficio, amministrazione dei benefit, ecc.<\/p>\n\n\n\n<p><strong>Flessibilit\u00e0<br><\/strong>Non sar\u00e0 necessario passare a un ufficio pi\u00f9 piccolo o pi\u00f9 grande a causa di cambiamenti nel numero di dipendenti.<br>Quando iniziate un nuovo progetto e nessuno del vostro team ha le competenze necessarie, avrete bisogno di qualcuno di nuovo.<br>In ogni caso, \u00e8 necessario avere due piani.<br>Primo, il vostro collaboratore di talento si licenzia nel bel mezzo del progetto.<br>Secondo, il progetto \u00e8 concluso e le competenze specifiche non sono pi\u00f9 necessarie.<br>Ogni nuovo membro del team avr\u00e0 bisogno di tempo per abituarsi al nuovo ambiente di lavoro, alle persone e ai requisiti del progetto.<br>Nel frattempo, l&#8217;outsourcing evita tutti questi problemi.<\/p>\n\n\n\n<p><strong>Accesso a tecnologie migliori e a pi\u00f9 talenti<br><\/strong>Quando si assume qualcuno, si cerca di attirare i migliori talenti della propria citt\u00e0 o area. Quando si esternalizza, si pu\u00f2 avere accesso a migliori opportunit\u00e0 rispetto a quelle disponibili a livello locale.<br>Allo stesso tempo, avete la possibilit\u00e0 di cercare la tecnologia giusta che meglio si adatta alle vostre esigenze.<\/p>\n","protected":false},"excerpt":{"rendered":"<p>Al giorno d&#8217;oggi, l&#8217;outsourcing \u00e8 uno dei pilastri principali di una strategia di crescita non solo per le startup, ma anche per le aziende, che variano da piccole e medie a grandi. Per questo motivo, ogni fondatore con una visione orientata allo scopo deve considerare l&#8217;outsourcing come la strategia che lo aiuterebbe a realizzare le [&hellip;]<\/p>\n","protected":false},"author":2,"featured_media":0,"parent":0,"menu_order":11,"comment_status":"closed","ping_status":"closed","template":"","meta":{"_uag_custom_page_level_css":"","_genesis_hide_title":false,"_genesis_hide_breadcrumbs":false,"_genesis_hide_singular_image":false,"_genesis_hide_footer_widgets":false,"_genesis_custom_body_class":"","_genesis_custom_post_class":"","_genesis_layout":"","_themeisle_gutenberg_block_has_review":false,"footnotes":""},"featured_image_src":null,"featured_image_src_square":null,"uagb_featured_image_src":{"full":false,"thumbnail":false,"medium":false,"medium_large":false,"large":false,"1536x1536":false,"2048x2048":false,"single-featured-image":false,"blog-featured-image":false,"home-featured":false,"gb-block-post-grid-landscape":false,"gb-block-post-grid-square":false},"uagb_author_info":{"display_name":"Vjollca Shehu","author_link":"https:\/\/invest-in-albania.org\/it\/author\/iia\/"},"uagb_comment_info":0,"uagb_excerpt":"Al giorno d&#8217;oggi, l&#8217;outsourcing \u00e8 uno dei pilastri principali di una strategia di crescita non solo per le startup, ma anche per le aziende, che variano da piccole e medie a grandi. Per questo motivo, ogni fondatore con una visione orientata allo scopo deve considerare l&#8217;outsourcing come la strategia che lo aiuterebbe a realizzare le&hellip;","_links":{"self":[{"href":"https:\/\/invest-in-albania.org\/it\/wp-json\/wp\/v2\/pages\/59912"}],"collection":[{"href":"https:\/\/invest-in-albania.org\/it\/wp-json\/wp\/v2\/pages"}],"about":[{"href":"https:\/\/invest-in-albania.org\/it\/wp-json\/wp\/v2\/types\/page"}],"author":[{"embeddable":true,"href":"https:\/\/invest-in-albania.org\/it\/wp-json\/wp\/v2\/users\/2"}],"replies":[{"embeddable":true,"href":"https:\/\/invest-in-albania.org\/it\/wp-json\/wp\/v2\/comments?post=59912"}],"version-history":[{"count":2,"href":"https:\/\/invest-in-albania.org\/it\/wp-json\/wp\/v2\/pages\/59912\/revisions"}],"predecessor-version":[{"id":59914,"href":"https:\/\/invest-in-albania.org\/it\/wp-json\/wp\/v2\/pages\/59912\/revisions\/59914"}],"wp:attachment":[{"href":"https:\/\/invest-in-albania.org\/it\/wp-json\/wp\/v2\/media?parent=59912"}],"curies":[{"name":"wp","href":"https:\/\/api.w.org\/{rel}","templated":true}]}}