{"id":59908,"date":"2024-04-02T22:08:08","date_gmt":"2024-04-02T20:08:08","guid":{"rendered":"https:\/\/invest-in-albania.org\/?page_id=59908"},"modified":"2024-04-02T22:08:16","modified_gmt":"2024-04-02T20:08:16","slug":"qual-e-la-storia-delloutsourcing","status":"publish","type":"page","link":"https:\/\/invest-in-albania.org\/it\/qual-e-la-storia-delloutsourcing\/","title":{"rendered":"Qual \u00e8 la storia dell&#8217;outsourcing?"},"content":{"rendered":"<div class=\"wp-block-image\">\n<figure class=\"alignleft\"><img loading=\"lazy\" decoding=\"async\" width=\"580\" height=\"420\" src=\"http:\/\/new.invest-in-albania.org\/wp-content\/uploads\/recruitment-580x420.jpg\" alt=\"\" class=\"wp-image-40809\"\/><\/figure><\/div>\n\n\n<p>Ci sono Paesi come l&#8217;Albania dove l&#8217;outsourcing \u00e8 stato introdotto dai call center negli ultimi decenni. Ci sono Paesi che hanno iniziato a delegare processi importanti ad altri Paesi fin dall&#8217;antichit\u00e0. All&#8217;inizio, i Romani decisero di utilizzare i terreni intorno a Roma per lo sviluppo urbano e le opere pubbliche, invece di utilizzarli per l&#8217;agricoltura e soprattutto per le coltivazioni di cereali.<\/p>\n\n\n\n<p>Tuttavia, era necessaria una soluzione per fornire la quantit\u00e0 di grano necessaria, considerata un fattore cruciale per il mantenimento della pace. Ogni adulto di Roma aveva diritto a una quantit\u00e0 specifica di grano, che veniva fornita dalla Sardegna, dalla Sicilia e soprattutto dall&#8217;Africa settentrionale.<br>I governanti romani si concentrarono su ci\u00f2 che potevano fare meglio, coltivare e mantenere la pace, delegando il compito di fornire il grano ad altre parti dell&#8217;impero dove era pi\u00f9 facile e meno costoso.<br>Questo pu\u00f2 essere annoverato tra i primi esempi di esternalizzazione.<\/p>\n\n\n\n<p>Con il passare dei secoli, l&#8217;et\u00e0 delle scoperte e la colonizzazione delle Americhe e di altre regioni del mondo incrementarono il commercio e gli affari tra i continenti. Durante questo periodo, vi erano Paesi che eccellevano nella produzione di prodotti molto richiesti in diverse parti del mondo.<\/p>\n\n\n\n<p>La Scozia produceva navi clipper per le colonie. Allo stesso tempo, l&#8217;India, come molti altri Paesi che facevano parte delle vie del commercio della seta, era il principale fornitore di tessuti, tinture, lana e numerosi prodotti.<\/p>\n\n\n\n<p>Lo sviluppo economico e industriale caus\u00f2 l&#8217;aumento di posti di lavoro legali e contabili in outsourcing, soprattutto in Gran Bretagna. William Deloitte apr\u00ec il suo ufficio a Londra nel 1845 e fu il primo individuo a essere nominato revisore dei conti di una societ\u00e0 privata. Negli anni successivi apr\u00ec uffici a New York e in molte altre localit\u00e0.<\/p>\n\n\n\n<p>Molte altre societ\u00e0 fecero lo stesso. Coopers and Lybrand (Pricewaterhouse Cooper pwc), Harding &amp; Pullein (Ernst &amp; Young), Klynveld Peat Marwick Goerdeler (KPMG), fondata inizialmente nel 1818, insieme a Deloitte sono state tra le prime societ\u00e0 private a fornire servizi di contabilit\u00e0, revisione finanziaria, imposte e consulenza. Sono anche note come le Big Four.<\/p>\n\n\n\n<p>Questa era la storia dell&#8217;outsourcing prima di Internet. Quest&#8217;ultimo ha un ruolo fondamentale nel settore dell&#8217;outsourcing. Tuttavia, nelle prime fasi dell&#8217;outsourcing IT, Kodak ed Electronic Data Systems sono stati i primi pionieri che hanno firmato contratti con IBM e hanno iniziato a esternalizzare le loro attivit\u00e0.<br>L&#8217;outsourcing informatico ha iniziato a crescere negli anni &#8217;90, quando i computer sono diventati pi\u00f9 sofisticati e pi\u00f9 disponibili.<\/p>\n\n\n\n<p>Lo sviluppo della tecnologia ha reso possibile per diverse aziende l&#8217;esternalizzazione di vari tipi di processi, come lo sviluppo di software, l&#8217;archiviazione dei dati, la manutenzione delle infrastrutture, ecc.<\/p>\n","protected":false},"excerpt":{"rendered":"<p>Ci sono Paesi come l&#8217;Albania dove l&#8217;outsourcing \u00e8 stato introdotto dai call center negli ultimi decenni. Ci sono Paesi che hanno iniziato a delegare processi importanti ad altri Paesi fin dall&#8217;antichit\u00e0. All&#8217;inizio, i Romani decisero di utilizzare i terreni intorno a Roma per lo sviluppo urbano e le opere pubbliche, invece di utilizzarli per l&#8217;agricoltura [&hellip;]<\/p>\n","protected":false},"author":2,"featured_media":40812,"parent":0,"menu_order":12,"comment_status":"closed","ping_status":"closed","template":"","meta":{"_uag_custom_page_level_css":"","_genesis_hide_title":false,"_genesis_hide_breadcrumbs":false,"_genesis_hide_singular_image":false,"_genesis_hide_footer_widgets":false,"_genesis_custom_body_class":"","_genesis_custom_post_class":"","_genesis_layout":"","_themeisle_gutenberg_block_has_review":false,"footnotes":""},"featured_image_src":"https:\/\/invest-in-albania.org\/wp-content\/uploads\/recruitment.jpg","featured_image_src_square":"https:\/\/invest-in-albania.org\/wp-content\/uploads\/recruitment.jpg","uagb_featured_image_src":{"full":["https:\/\/invest-in-albania.org\/wp-content\/uploads\/recruitment.jpg",1280,972,false],"thumbnail":["https:\/\/invest-in-albania.org\/wp-content\/uploads\/recruitment-280x195.jpg",280,195,true],"medium":["https:\/\/invest-in-albania.org\/wp-content\/uploads\/recruitment-300x228.jpg",300,228,true],"medium_large":["https:\/\/invest-in-albania.org\/wp-content\/uploads\/recruitment-768x583.jpg",768,583,true],"large":["https:\/\/invest-in-albania.org\/wp-content\/uploads\/recruitment-1024x778.jpg",1024,778,true],"1536x1536":["https:\/\/invest-in-albania.org\/wp-content\/uploads\/recruitment.jpg",1280,972,false],"2048x2048":["https:\/\/invest-in-albania.org\/wp-content\/uploads\/recruitment.jpg",1280,972,false],"single-featured-image":["https:\/\/invest-in-albania.org\/wp-content\/uploads\/recruitment.jpg",507,385,false],"blog-featured-image":["https:\/\/invest-in-albania.org\/wp-content\/uploads\/recruitment.jpg",382,290,false],"home-featured":["https:\/\/invest-in-albania.org\/wp-content\/uploads\/recruitment.jpg",380,289,false],"gb-block-post-grid-landscape":["https:\/\/invest-in-albania.org\/wp-content\/uploads\/recruitment.jpg",527,400,false],"gb-block-post-grid-square":["https:\/\/invest-in-albania.org\/wp-content\/uploads\/recruitment.jpg",600,456,false]},"uagb_author_info":{"display_name":"Vjollca Shehu","author_link":"https:\/\/invest-in-albania.org\/it\/author\/iia\/"},"uagb_comment_info":0,"uagb_excerpt":"Ci sono Paesi come l&#8217;Albania dove l&#8217;outsourcing \u00e8 stato introdotto dai call center negli ultimi decenni. Ci sono Paesi che hanno iniziato a delegare processi importanti ad altri Paesi fin dall&#8217;antichit\u00e0. All&#8217;inizio, i Romani decisero di utilizzare i terreni intorno a Roma per lo sviluppo urbano e le opere pubbliche, invece di utilizzarli per l&#8217;agricoltura&hellip;","_links":{"self":[{"href":"https:\/\/invest-in-albania.org\/it\/wp-json\/wp\/v2\/pages\/59908"}],"collection":[{"href":"https:\/\/invest-in-albania.org\/it\/wp-json\/wp\/v2\/pages"}],"about":[{"href":"https:\/\/invest-in-albania.org\/it\/wp-json\/wp\/v2\/types\/page"}],"author":[{"embeddable":true,"href":"https:\/\/invest-in-albania.org\/it\/wp-json\/wp\/v2\/users\/2"}],"replies":[{"embeddable":true,"href":"https:\/\/invest-in-albania.org\/it\/wp-json\/wp\/v2\/comments?post=59908"}],"version-history":[{"count":1,"href":"https:\/\/invest-in-albania.org\/it\/wp-json\/wp\/v2\/pages\/59908\/revisions"}],"predecessor-version":[{"id":59909,"href":"https:\/\/invest-in-albania.org\/it\/wp-json\/wp\/v2\/pages\/59908\/revisions\/59909"}],"wp:featuredmedia":[{"embeddable":true,"href":"https:\/\/invest-in-albania.org\/it\/wp-json\/wp\/v2\/media\/40812"}],"wp:attachment":[{"href":"https:\/\/invest-in-albania.org\/it\/wp-json\/wp\/v2\/media?parent=59908"}],"curies":[{"name":"wp","href":"https:\/\/api.w.org\/{rel}","templated":true}]}}